{"id":869,"date":"2021-03-11T20:40:14","date_gmt":"2021-03-11T12:40:14","guid":{"rendered":"https:\/\/www.chocolatesmachine.com\/?post_type=product&#038;p=869"},"modified":"2025-12-02T21:34:24","modified_gmt":"2025-12-02T13:34:24","slug":"chocolate-chips-production-line","status":"publish","type":"product","link":"https:\/\/www.chocolatesmachine.com\/es\/chocolate-chips-production-line\/","title":{"rendered":"L\u00ednea de producci\u00f3n autom\u00e1tica de chispas de chocolate"},"content":{"rendered":"<h3><strong>Introducci\u00f3n de la l\u00ednea de producci\u00f3n de chispas de chocolate<\/strong><\/h3>\n<p>Esta l\u00ednea de producci\u00f3n se compone principalmente de un crisol de fusi\u00f3n, un refinador, un cartucho de filtro magn\u00e9tico, un tanque de almacenamiento, un molino de bolas, una m\u00e1quina de templado, una m\u00e1quina de dep\u00f3sito de virutas y un t\u00fanel de enfriamiento.<\/p>\n<p>Se trata de una moderna l\u00ednea de producci\u00f3n de chips de chocolate totalmente autom\u00e1tica.<\/p>\n<figure id=\"attachment_873\" aria-describedby=\"caption-attachment-873\" style=\"width: 600px\" class=\"wp-caption alignnone\"><img loading=\"lazy\" decoding=\"async\" class=\"size-full wp-image-873\" src=\"https:\/\/www.chocolatesmachine.com\/wp-content\/uploads\/2021\/03\/line-5.jpg\" alt=\"L\u00ednea de producci\u00f3n de chips de chocolate\" width=\"600\" height=\"600\" srcset=\"https:\/\/www.chocolatesmachine.com\/wp-content\/uploads\/2021\/03\/line-5.jpg 600w, https:\/\/www.chocolatesmachine.com\/wp-content\/uploads\/2021\/03\/line-5-300x300.jpg 300w, https:\/\/www.chocolatesmachine.com\/wp-content\/uploads\/2021\/03\/line-5-150x150.jpg 150w, https:\/\/www.chocolatesmachine.com\/wp-content\/uploads\/2021\/03\/line-5-100x100.jpg 100w\" sizes=\"auto, (max-width: 600px) 100vw, 600px\" \/><figcaption id=\"caption-attachment-873\" class=\"wp-caption-text\">L\u00ednea de producci\u00f3n de chips de chocolate<\/figcaption><\/figure>\n<h3><strong>\u00bfC\u00f3mo hacer chips de chocolate?<\/strong><\/h3>\n<p><strong>1. El crisol:<\/strong> se utiliza para fundir manteca de cacao s\u00f3lida y convertirla en l\u00edquida.<br \/>\n<strong>2. Refinador de chocolate:<\/strong> moler finamente la pasta de chocolate, la finura media puede alcanzar 20\u03bcm, y el tiempo de molienda fina es generalmente 16-22h.<br \/>\n<strong>3. Tanque de almacenamiento de chocolate:<\/strong> conservar la pasta de chocolate refinado a la temperatura nominal.<br \/>\n<strong>4. Molino de bolas de chocolate:<\/strong> Equipo ideal para la molienda fina de alta eficacia de lechada de chocolate y lechadas similares con bajo contenido en grasa. Suele combinarse con la refinadora como sistema de procesamiento \u00fanico o integral.<br \/>\n<strong>5. Atemperadora de chocolate:<\/strong> Tras la regulaci\u00f3n continua de la temperatura, la curva de temperatura de la pasta de chocolate cumple los requisitos tecnol\u00f3gicos, lo que garantiza que el producto de chocolate tenga una excelente cristalizaci\u00f3n, un sabor suave, brillante y no liso, y un buen rendimiento de almacenamiento.<br \/>\n<strong>6. M\u00e1quina depositadora de virutas de chocolate:<\/strong> equipo especial para producir peque\u00f1as part\u00edculas de chocolate en forma de gota, como part\u00edculas en forma de gota, part\u00edculas en forma de bot\u00f3n y otros tipos de part\u00edculas.<br \/>\n<strong>7. T\u00fanel de refrigeraci\u00f3n:<\/strong> Sistema de salida de refrigeraci\u00f3n de circulaci\u00f3n continua para mantener una temperatura constante. Alta eficiencia de refrigeraci\u00f3n.<\/p>\n<figure id=\"attachment_871\" aria-describedby=\"caption-attachment-871\" style=\"width: 600px\" class=\"wp-caption alignnone\"><img loading=\"lazy\" decoding=\"async\" class=\"size-full wp-image-871\" src=\"https:\/\/www.chocolatesmachine.com\/wp-content\/uploads\/2021\/03\/line-6.jpg\" alt=\"Venta de m\u00e1quinas para fabricar chips de chocolate\" width=\"600\" height=\"600\" srcset=\"https:\/\/www.chocolatesmachine.com\/wp-content\/uploads\/2021\/03\/line-6.jpg 600w, https:\/\/www.chocolatesmachine.com\/wp-content\/uploads\/2021\/03\/line-6-300x300.jpg 300w, https:\/\/www.chocolatesmachine.com\/wp-content\/uploads\/2021\/03\/line-6-150x150.jpg 150w, https:\/\/www.chocolatesmachine.com\/wp-content\/uploads\/2021\/03\/line-6-100x100.jpg 100w\" sizes=\"auto, (max-width: 600px) 100vw, 600px\" \/><figcaption id=\"caption-attachment-871\" class=\"wp-caption-text\">Venta de m\u00e1quinas para fabricar chips de chocolate<\/figcaption><\/figure>\n<p><strong>Podemos personalizar diferentes soluciones seg\u00fan los requisitos del cliente para adaptarnos a sus diferentes requisitos de producto y producci\u00f3n.<\/strong><\/p>\n<div role=\"form\" class=\"wpcf7\" id=\"wpcf7-f575-o1\" lang=\"zh-CN\" dir=\"ltr\">\n<div class=\"screen-reader-response\"><p role=\"status\" aria-live=\"polite\" aria-atomic=\"true\"><\/p> <ul><\/ul><\/div>\n<form action=\"\/es\/wp-json\/wp\/v2\/product\/869#wpcf7-f575-o1\" method=\"post\" class=\"wpcf7-form init\" novalidate=\"novalidate\" data-status=\"init\" data-trp-original-action=\"\/es\/wp-json\/wp\/v2\/product\/869#wpcf7-f575-o1\">\n<div style=\"display: none;\">\n<input type=\"hidden\" name=\"_wpcf7\" value=\"575\" \/>\n<input type=\"hidden\" name=\"_wpcf7_version\" value=\"5.5.2\" \/>\n<input type=\"hidden\" name=\"_wpcf7_locale\" value=\"zh_CN\" \/>\n<input type=\"hidden\" name=\"_wpcf7_unit_tag\" value=\"wpcf7-f575-o1\" \/>\n<input type=\"hidden\" name=\"_wpcf7_container_post\" value=\"0\" \/>\n<input type=\"hidden\" name=\"_wpcf7_posted_data_hash\" value=\"\" \/>\n<\/div>\n<div style='display:block;text-align:center;font-size:20px;font-weight:bold;margin-bottom:20px'>Enviar solicitud <span style='display:block;width:30px;height:2px;background:#99502c;margin:10px auto;'><\/span><\/div>\n<p><label> Nombre<br \/>\n    <span class=\"wpcf7-form-control-wrap your-name\"><input type=\"text\" name=\"your-name\" value=\"\" size=\"40\" class=\"wpcf7-form-control wpcf7-text wpcf7-validates-as-required\" aria-required=\"true\" aria-invalid=\"false\" \/><\/span> <\/label><\/p>\n<p><label> Correo electr\u00f3nico<br \/>\n    <span class=\"wpcf7-form-control-wrap your-email\"><input type=\"email\" name=\"your-email\" value=\"\" size=\"40\" class=\"wpcf7-form-control wpcf7-text wpcf7-email wpcf7-validates-as-required wpcf7-validates-as-email\" aria-required=\"true\" aria-invalid=\"false\" \/><\/span> <\/label><\/p>\n<p><label> Pa\u00eds<br \/>\n    <span class=\"wpcf7-form-control-wrap your-country\"><input type=\"text\" name=\"your-country\" value=\"\" size=\"40\" class=\"wpcf7-form-control wpcf7-text\" aria-invalid=\"false\" \/><\/span> <\/label><\/p>\n<p><label> Tel\u00e9fono<br \/>\n    <span class=\"wpcf7-form-control-wrap tel-901\"><input type=\"tel\" name=\"tel-901\" value=\"\" size=\"40\" class=\"wpcf7-form-control wpcf7-text wpcf7-tel wpcf7-validates-as-tel\" aria-invalid=\"false\" \/><\/span> <\/label><\/p>\n<p><label> Nombre de la empresa<br \/>\n    <span class=\"wpcf7-form-control-wrap company-name\"><input type=\"text\" name=\"company-name\" value=\"\" size=\"40\" class=\"wpcf7-form-control wpcf7-text\" aria-invalid=\"false\" \/><\/span> <\/label><\/p>\n<p><label> Sitio web de la empresa<br \/>\n    <span class=\"wpcf7-form-control-wrap company-website\"><input type=\"text\" name=\"company-website\" value=\"\" size=\"40\" class=\"wpcf7-form-control wpcf7-text\" aria-invalid=\"false\" \/><\/span> <\/label><\/p>\n<p><label> Mensaje<br \/>\n    <span class=\"wpcf7-form-control-wrap your-message\"><textarea name=\"your-message\" cols=\"40\" rows=\"10\" class=\"wpcf7-form-control wpcf7-textarea wpcf7-validates-as-required\" aria-required=\"true\" aria-invalid=\"false\"><\/textarea><\/span> <\/label><\/p>\n<p><input type=\"submit\" value=\"Enviar\" class=\"wpcf7-form-control has-spinner wpcf7-submit\" \/><\/p>\n<p style=\"display: none !important;\"><label>&#916;<textarea name=\"_wpcf7_ak_hp_textarea\" cols=\"45\" rows=\"8\" maxlength=\"100\"><\/textarea><\/label><input type=\"hidden\" id=\"ak_js\" name=\"_wpcf7_ak_js\" value=\"16\"\/><script>document.getElementById( \"ak_js\" ).setAttribute( \"value\", ( new Date() ).getTime() );<\/script><\/p><div class=\"wpcf7-response-output\" aria-hidden=\"true\"><\/div><input type=\"hidden\" name=\"trp-form-language\" value=\"es\"\/><\/form><\/div>","protected":false},"excerpt":{"rendered":"<p>La l\u00ednea de producci\u00f3n de trozos de chocolate se utiliza para producir todo tipo de productos de chocolate de part\u00edculas peque\u00f1as con un gran rendimiento. Material de acero inoxidable, sistema de control PLC, alta precisi\u00f3n.<\/p>","protected":false},"featured_media":870,"comment_status":"open","ping_status":"closed","template":"","meta":[],"product_cat":[29],"product_tag":[],"class_list":["post-869","product","type-product","status-publish","has-post-thumbnail","hentry","product_cat-solution"],"yoast_head":"<!-- This site is optimized with the Yoast SEO plugin v25.6 - https:\/\/yoast.com\/wordpress\/plugins\/seo\/ -->\n<title>Automatic Chocolate Chips Production Line - Chocolate Making Machine<\/title>\n<meta name=\"description\" content=\"The chocolate chips production line is used to produce various drip products. PLC control, simple operation, precise control and large production volume.\" \/>\n<meta name=\"robots\" content=\"index, follow, max-snippet:-1, max-image-preview:large, max-video-preview:-1\" \/>\n<link rel=\"canonical\" href=\"https:\/\/www.chocolatesmachine.com\/es\/chocolate-chips-production-line\/\" \/>\n<meta property=\"og:locale\" content=\"es_ES\" \/>\n<meta property=\"og:type\" content=\"article\" \/>\n<meta property=\"og:title\" content=\"Automatic Chocolate Chips Production Line - Chocolate Making Machine\" \/>\n<meta property=\"og:description\" content=\"The chocolate chips production line is used to produce various drip products. PLC control, simple operation, precise control and large production volume.\" \/>\n<meta property=\"og:url\" content=\"https:\/\/www.chocolatesmachine.com\/es\/chocolate-chips-production-line\/\" \/>\n<meta property=\"og:site_name\" content=\"Chocolate Making Machine\" \/>\n<meta property=\"article:publisher\" content=\"https:\/\/www.facebook.com\/longernutsmachinery\/\" \/>\n<meta property=\"article:modified_time\" content=\"2025-12-02T13:34:24+00:00\" \/>\n<meta property=\"og:image\" content=\"https:\/\/www.chocolatesmachine.com\/wp-content\/uploads\/2021\/03\/line-4.jpg\" \/>\n\t<meta property=\"og:image:width\" content=\"600\" \/>\n\t<meta property=\"og:image:height\" content=\"600\" \/>\n\t<meta property=\"og:image:type\" content=\"image\/jpeg\" \/>\n<meta name=\"twitter:card\" content=\"summary_large_image\" \/>\n<meta name=\"twitter:site\" content=\"@nutsmachinery\" \/>\n<meta name=\"twitter:label1\" content=\"Tiempo de lectura\" \/>\n\t<meta name=\"twitter:data1\" content=\"1 minuto\" \/>\n<script type=\"application\/ld+json\" class=\"yoast-schema-graph\">{\"@context\":\"https:\/\/schema.org\",\"@graph\":[{\"@type\":\"WebPage\",\"@id\":\"https:\/\/www.chocolatesmachine.com\/es\/chocolate-chips-production-line\/\",\"url\":\"https:\/\/www.chocolatesmachine.com\/es\/chocolate-chips-production-line\/\",\"name\":\"Automatic Chocolate Chips Production Line - Chocolate Making Machine\",\"isPartOf\":{\"@id\":\"https:\/\/www.chocolatesmachine.com\/ar\/#website\"},\"primaryImageOfPage\":{\"@id\":\"https:\/\/www.chocolatesmachine.com\/es\/chocolate-chips-production-line\/#primaryimage\"},\"image\":{\"@id\":\"https:\/\/www.chocolatesmachine.com\/es\/chocolate-chips-production-line\/#primaryimage\"},\"thumbnailUrl\":\"https:\/\/www.chocolatesmachine.com\/wp-content\/uploads\/2021\/03\/line-4.jpg\",\"datePublished\":\"2021-03-11T12:40:14+00:00\",\"dateModified\":\"2025-12-02T13:34:24+00:00\",\"description\":\"The chocolate chips production line is used to produce various drip products. PLC control, simple operation, precise control and large production volume.\",\"breadcrumb\":{\"@id\":\"https:\/\/www.chocolatesmachine.com\/es\/chocolate-chips-production-line\/#breadcrumb\"},\"inLanguage\":\"es\",\"potentialAction\":[{\"@type\":\"ReadAction\",\"target\":[\"https:\/\/www.chocolatesmachine.com\/es\/chocolate-chips-production-line\/\"]}]},{\"@type\":\"ImageObject\",\"inLanguage\":\"es\",\"@id\":\"https:\/\/www.chocolatesmachine.com\/es\/chocolate-chips-production-line\/#primaryimage\",\"url\":\"https:\/\/www.chocolatesmachine.com\/wp-content\/uploads\/2021\/03\/line-4.jpg\",\"contentUrl\":\"https:\/\/www.chocolatesmachine.com\/wp-content\/uploads\/2021\/03\/line-4.jpg\",\"width\":600,\"height\":600,\"caption\":\"Automatic Chocolate Chips Production Line\"},{\"@type\":\"BreadcrumbList\",\"@id\":\"https:\/\/www.chocolatesmachine.com\/es\/chocolate-chips-production-line\/#breadcrumb\",\"itemListElement\":[{\"@type\":\"ListItem\",\"position\":1,\"name\":\"\u9996\u9875\",\"item\":\"https:\/\/www.chocolatesmachine.com\/\"},{\"@type\":\"ListItem\",\"position\":2,\"name\":\"Chocolate Machine\",\"item\":\"https:\/\/www.chocolatesmachine.com\/es\/producto\/\"},{\"@type\":\"ListItem\",\"position\":3,\"name\":\"Automatic Chocolate Chips Production Line\"}]},{\"@type\":\"WebSite\",\"@id\":\"https:\/\/www.chocolatesmachine.com\/ar\/#website\",\"url\":\"https:\/\/www.chocolatesmachine.com\/ar\/\",\"name\":\"Chocolate Making Machine\",\"description\":\"Solution Provider\",\"publisher\":{\"@id\":\"https:\/\/www.chocolatesmachine.com\/ar\/#organization\"},\"potentialAction\":[{\"@type\":\"SearchAction\",\"target\":{\"@type\":\"EntryPoint\",\"urlTemplate\":\"https:\/\/www.chocolatesmachine.com\/ar\/?s={search_term_string}\"},\"query-input\":{\"@type\":\"PropertyValueSpecification\",\"valueRequired\":true,\"valueName\":\"search_term_string\"}}],\"inLanguage\":\"es\"},{\"@type\":\"Organization\",\"@id\":\"https:\/\/www.chocolatesmachine.com\/ar\/#organization\",\"name\":\"Longer Food Machinery\",\"url\":\"https:\/\/www.chocolatesmachine.com\/ar\/\",\"logo\":{\"@type\":\"ImageObject\",\"inLanguage\":\"es\",\"@id\":\"https:\/\/www.chocolatesmachine.com\/ar\/#\/schema\/logo\/image\/\",\"url\":\"https:\/\/www.chocolatesmachine.com\/wp-content\/uploads\/2024\/03\/300-60.png\",\"contentUrl\":\"https:\/\/www.chocolatesmachine.com\/wp-content\/uploads\/2024\/03\/300-60.png\",\"width\":300,\"height\":60,\"caption\":\"Longer Food Machinery\"},\"image\":{\"@id\":\"https:\/\/www.chocolatesmachine.com\/ar\/#\/schema\/logo\/image\/\"},\"sameAs\":[\"https:\/\/www.facebook.com\/longernutsmachinery\/\",\"https:\/\/x.com\/nutsmachinery\",\"https:\/\/www.pinterest.com\/nutsmachinery\/\",\"https:\/\/www.linkedin.com\/company\/longer-nuts-machinery\/\",\"https:\/\/www.youtube.com\/c\/NutsMachinery\"]}]}<\/script>\n<!-- \/ Yoast SEO plugin. -->","yoast_head_json":{"title":"Automatic Chocolate Chips Production Line - Chocolate Making Machine","description":"The chocolate chips production line is used to produce various drip products. PLC control, simple operation, precise control and large production volume.","robots":{"index":"index","follow":"follow","max-snippet":"max-snippet:-1","max-image-preview":"max-image-preview:large","max-video-preview":"max-video-preview:-1"},"canonical":"https:\/\/www.chocolatesmachine.com\/es\/chocolate-chips-production-line\/","og_locale":"es_ES","og_type":"article","og_title":"Automatic Chocolate Chips Production Line - Chocolate Making Machine","og_description":"The chocolate chips production line is used to produce various drip products. PLC control, simple operation, precise control and large production volume.","og_url":"https:\/\/www.chocolatesmachine.com\/es\/chocolate-chips-production-line\/","og_site_name":"Chocolate Making Machine","article_publisher":"https:\/\/www.facebook.com\/longernutsmachinery\/","article_modified_time":"2025-12-02T13:34:24+00:00","og_image":[{"width":600,"height":600,"url":"https:\/\/www.chocolatesmachine.com\/wp-content\/uploads\/2021\/03\/line-4.jpg","type":"image\/jpeg"}],"twitter_card":"summary_large_image","twitter_site":"@nutsmachinery","twitter_misc":{"Tiempo de lectura":"1 minuto"},"schema":{"@context":"https:\/\/schema.org","@graph":[{"@type":"WebPage","@id":"https:\/\/www.chocolatesmachine.com\/es\/chocolate-chips-production-line\/","url":"https:\/\/www.chocolatesmachine.com\/es\/chocolate-chips-production-line\/","name":"Automatic Chocolate Chips Production Line - Chocolate Making Machine","isPartOf":{"@id":"https:\/\/www.chocolatesmachine.com\/ar\/#website"},"primaryImageOfPage":{"@id":"https:\/\/www.chocolatesmachine.com\/es\/chocolate-chips-production-line\/#primaryimage"},"image":{"@id":"https:\/\/www.chocolatesmachine.com\/es\/chocolate-chips-production-line\/#primaryimage"},"thumbnailUrl":"https:\/\/www.chocolatesmachine.com\/wp-content\/uploads\/2021\/03\/line-4.jpg","datePublished":"2021-03-11T12:40:14+00:00","dateModified":"2025-12-02T13:34:24+00:00","description":"The chocolate chips production line is used to produce various drip products. PLC control, simple operation, precise control and large production volume.","breadcrumb":{"@id":"https:\/\/www.chocolatesmachine.com\/es\/chocolate-chips-production-line\/#breadcrumb"},"inLanguage":"es","potentialAction":[{"@type":"ReadAction","target":["https:\/\/www.chocolatesmachine.com\/es\/chocolate-chips-production-line\/"]}]},{"@type":"ImageObject","inLanguage":"es","@id":"https:\/\/www.chocolatesmachine.com\/es\/chocolate-chips-production-line\/#primaryimage","url":"https:\/\/www.chocolatesmachine.com\/wp-content\/uploads\/2021\/03\/line-4.jpg","contentUrl":"https:\/\/www.chocolatesmachine.com\/wp-content\/uploads\/2021\/03\/line-4.jpg","width":600,"height":600,"caption":"Automatic Chocolate Chips Production Line"},{"@type":"BreadcrumbList","@id":"https:\/\/www.chocolatesmachine.com\/es\/chocolate-chips-production-line\/#breadcrumb","itemListElement":[{"@type":"ListItem","position":1,"name":"\u9996\u9875","item":"https:\/\/www.chocolatesmachine.com\/"},{"@type":"ListItem","position":2,"name":"Chocolate Machine","item":"https:\/\/www.chocolatesmachine.com\/es\/producto\/"},{"@type":"ListItem","position":3,"name":"Automatic Chocolate Chips Production Line"}]},{"@type":"WebSite","@id":"https:\/\/www.chocolatesmachine.com\/ar\/#website","url":"https:\/\/www.chocolatesmachine.com\/ar\/","name":"Chocolate Making Machine","description":"Solution Provider","publisher":{"@id":"https:\/\/www.chocolatesmachine.com\/ar\/#organization"},"potentialAction":[{"@type":"SearchAction","target":{"@type":"EntryPoint","urlTemplate":"https:\/\/www.chocolatesmachine.com\/ar\/?s={search_term_string}"},"query-input":{"@type":"PropertyValueSpecification","valueRequired":true,"valueName":"search_term_string"}}],"inLanguage":"es"},{"@type":"Organization","@id":"https:\/\/www.chocolatesmachine.com\/ar\/#organization","name":"Longer Food Machinery","url":"https:\/\/www.chocolatesmachine.com\/ar\/","logo":{"@type":"ImageObject","inLanguage":"es","@id":"https:\/\/www.chocolatesmachine.com\/ar\/#\/schema\/logo\/image\/","url":"https:\/\/www.chocolatesmachine.com\/wp-content\/uploads\/2024\/03\/300-60.png","contentUrl":"https:\/\/www.chocolatesmachine.com\/wp-content\/uploads\/2024\/03\/300-60.png","width":300,"height":60,"caption":"Longer Food Machinery"},"image":{"@id":"https:\/\/www.chocolatesmachine.com\/ar\/#\/schema\/logo\/image\/"},"sameAs":["https:\/\/www.facebook.com\/longernutsmachinery\/","https:\/\/x.com\/nutsmachinery","https:\/\/www.pinterest.com\/nutsmachinery\/","https:\/\/www.linkedin.com\/company\/longer-nuts-machinery\/","https:\/\/www.youtube.com\/c\/NutsMachinery"]}]}},"_links":{"self":[{"href":"https:\/\/www.chocolatesmachine.com\/es\/wp-json\/wp\/v2\/product\/869","targetHints":{"allow":["GET"]}}],"collection":[{"href":"https:\/\/www.chocolatesmachine.com\/es\/wp-json\/wp\/v2\/product"}],"about":[{"href":"https:\/\/www.chocolatesmachine.com\/es\/wp-json\/wp\/v2\/types\/product"}],"replies":[{"embeddable":true,"href":"https:\/\/www.chocolatesmachine.com\/es\/wp-json\/wp\/v2\/comments?post=869"}],"wp:featuredmedia":[{"embeddable":true,"href":"https:\/\/www.chocolatesmachine.com\/es\/wp-json\/wp\/v2\/media\/870"}],"wp:attachment":[{"href":"https:\/\/www.chocolatesmachine.com\/es\/wp-json\/wp\/v2\/media?parent=869"}],"wp:term":[{"taxonomy":"product_cat","embeddable":true,"href":"https:\/\/www.chocolatesmachine.com\/es\/wp-json\/wp\/v2\/product_cat?post=869"},{"taxonomy":"product_tag","embeddable":true,"href":"https:\/\/www.chocolatesmachine.com\/es\/wp-json\/wp\/v2\/product_tag?post=869"}],"curies":[{"name":"wp","href":"https:\/\/api.w.org\/{rel}","templated":true}]}}