{"id":855,"date":"2021-02-24T11:56:56","date_gmt":"2021-02-24T03:56:56","guid":{"rendered":"https:\/\/www.chocolatesmachine.com\/?post_type=product&#038;p=855"},"modified":"2026-01-13T18:36:02","modified_gmt":"2026-01-13T10:36:02","slug":"chocolate-panning-polising-machine","status":"publish","type":"product","link":"https:\/\/www.chocolatesmachine.com\/es\/chocolate-panning-polising-machine\/","title":{"rendered":"M\u00e1quina pulidora de chocolate en venta"},"content":{"rendered":"<h3><strong>Introducci\u00f3n de la m\u00e1quina de cribado de chocolate en venta<\/strong><\/h3>\n<p>En la industria del chocolate y la confiter\u00eda, esta bandeja pulidora es una pieza clave del equipo. Puede recubrir y pulir uniformemente la superficie de diversos dulces y frutos secos con chocolate. Adem\u00e1s, puede pulir bombones de distintas formas para conseguir el brillo y el color deseados, como bombones esf\u00e9ricos, ovalados, en forma de estrella o de coraz\u00f3n.<\/p>\n<figure id=\"attachment_858\" aria-describedby=\"caption-attachment-858\" style=\"width: 600px\" class=\"wp-caption alignnone\"><img loading=\"lazy\" decoding=\"async\" class=\"size-full wp-image-858\" src=\"https:\/\/www.chocolatesmachine.com\/wp-content\/uploads\/2021\/02\/polishing-6.jpg\" alt=\"Pulidora de chocolate\" width=\"600\" height=\"600\" srcset=\"https:\/\/www.chocolatesmachine.com\/wp-content\/uploads\/2021\/02\/polishing-6.jpg 600w, https:\/\/www.chocolatesmachine.com\/wp-content\/uploads\/2021\/02\/polishing-6-300x300.jpg 300w, https:\/\/www.chocolatesmachine.com\/wp-content\/uploads\/2021\/02\/polishing-6-150x150.jpg 150w, https:\/\/www.chocolatesmachine.com\/wp-content\/uploads\/2021\/02\/polishing-6-100x100.jpg 100w\" sizes=\"auto, (max-width: 600px) 100vw, 600px\" \/><figcaption id=\"caption-attachment-858\" class=\"wp-caption-text\">Pulidora de chocolate<\/figcaption><\/figure>\n<h3><strong>Caracter\u00edsticas funcionales de la m\u00e1quina pulidora de chocolate:<\/strong><\/h3>\n<ul>\n<li>Sistema de pulverizaci\u00f3n de chocolate: Equipado con un cabezal pulverizador, permite una aplicaci\u00f3n m\u00e1s uniforme de la pasta de chocolate sobre la superficie del producto.<\/li>\n<li>Velocidad de rotaci\u00f3n de la bandeja de pulido ajustable: Ajustable para satisfacer los diferentes requisitos del producto acabado; la velocidad se puede ajustar sustituyendo la polea.<\/li>\n<li>Sistema de soplado de aire fr\u00edo\/caliente seleccionable: Permite alternar r\u00e1pidamente entre aire fr\u00edo y caliente, acelerando el proceso de secado y curado del bomb\u00f3n.<\/li>\n<li>Sistema de control preciso de la temperatura: Garantiza que la cobertura de chocolate se cure y endurezca a la temperatura \u00f3ptima.<\/li>\n<li>Las m\u00e1quinas est\u00e1n fabricadas en acero inoxidable de grado 304 o 316, lo que garantiza la seguridad en contacto con los alimentos.<\/li>\n<li>M\u00faltiples modelos de pulidoras disponibles: Dependiendo del modelo (diferentes di\u00e1metros de bandeja) y de los materiales procesados, la capacidad de procesamiento oscila entre 8 kg y 200 kg por lote.<\/li>\n<\/ul>\n<h3><strong>Gama de aplicaciones de la m\u00e1quina de bombear chocolate<\/strong><\/h3>\n<ol>\n<li><strong>Industria del chocolate<\/strong>: Se utiliza para pulir chocolates de diversas formas, como redondos, planos, ovalados, en forma de semilla y cil\u00edndricos, as\u00ed como en la producci\u00f3n de M&amp;M's y otras pepitas de chocolate.<\/li>\n<li><strong>Confiter\u00eda<\/strong>: La m\u00e1quina de barnizado es adecuada para recubrir productos como cacahuetes con piel de pescado, caramelos duros, caramelos blandos y chicles.<\/li>\n<\/ol>\n<figure id=\"attachment_859\" aria-describedby=\"caption-attachment-859\" style=\"width: 600px\" class=\"wp-caption alignnone\"><img loading=\"lazy\" decoding=\"async\" class=\"wp-image-859 size-full\" src=\"https:\/\/www.chocolatesmachine.com\/wp-content\/uploads\/2021\/02\/polishing-7.jpg\" alt=\"2021 Precio de la caceroladora de chocolate\" width=\"600\" height=\"600\" srcset=\"https:\/\/www.chocolatesmachine.com\/wp-content\/uploads\/2021\/02\/polishing-7.jpg 600w, https:\/\/www.chocolatesmachine.com\/wp-content\/uploads\/2021\/02\/polishing-7-300x300.jpg 300w, https:\/\/www.chocolatesmachine.com\/wp-content\/uploads\/2021\/02\/polishing-7-150x150.jpg 150w, https:\/\/www.chocolatesmachine.com\/wp-content\/uploads\/2021\/02\/polishing-7-100x100.jpg 100w\" sizes=\"auto, (max-width: 600px) 100vw, 600px\" \/><figcaption id=\"caption-attachment-859\" class=\"wp-caption-text\">2021 Precio de la caceroladora de chocolate<\/figcaption><\/figure>\n<h3><strong>Par\u00e1metro de <\/strong><strong>Panificadora de chocolate<\/strong><\/h3>\n<table>\n<tbody>\n<tr>\n<td width=\"72\">Modelo<\/td>\n<td width=\"72\">LG-CPG400<\/td>\n<td width=\"72\">LG-CPG1000<\/td>\n<td width=\"72\">LG-CPG1200<\/td>\n<td width=\"72\">LG-CPG1500<\/td>\n<\/tr>\n<tr>\n<td>Di\u00e1metro de la maceta (mm)<\/td>\n<td>400<\/td>\n<td>1000<\/td>\n<td>1200<\/td>\n<td>1500<\/td>\n<\/tr>\n<tr>\n<td>Potencia del motor (kw)<\/td>\n<td>0.37<\/td>\n<td>1.1<\/td>\n<td>3<\/td>\n<td>5.5<\/td>\n<\/tr>\n<tr>\n<td>Potencia de calefacci\u00f3n (kw)<\/td>\n<td>0.5<\/td>\n<td>1.5<\/td>\n<td>2<\/td>\n<td>3<\/td>\n<\/tr>\n<tr>\n<td>Peso (kg)<\/td>\n<td>100<\/td>\n<td>350<\/td>\n<td>500<\/td>\n<td>750<\/td>\n<\/tr>\n<tr>\n<td>Dimensiones (mm)<\/td>\n<td>500*400*800<\/td>\n<td>1000*1000*1600<\/td>\n<td>1200*1200*1750<\/td>\n<td>1500*1500*1900<\/td>\n<\/tr>\n<\/tbody>\n<\/table>\n<h3><strong>\u00bfC\u00f3mo utilizar la m\u00e1quina de paneo?<\/strong><\/h3>\n<div>\n<ul>\n<li>Primero se a\u00f1ade el producto semiacabado, se pone en marcha la fuente de alimentaci\u00f3n y el motor acciona la olla de pulido para que gire. Cuando la calidad cumple los requisitos, se detiene y se descarga.<\/li>\n<li>Durante el funcionamiento, se puede a\u00f1adir lechada, abrillantador o pulidor seg\u00fan sea necesario para mejorar el brillo y garantizar la calidad.<\/li>\n<\/ul>\n<p>Esta pulidora puede utilizarse junto con <a href=\"https:\/\/www.chocolatesmachine.com\/es\/chocolate-tempering-machine\/\"><span style=\"text-decoration: underline;\">atemperadora de chocolate<\/span><\/a>, <a href=\"https:\/\/www.chocolatesmachine.com\/es\/storage-tank\/\"><span style=\"text-decoration: underline;\">almacenamiento tan<\/span>k<\/a>etc.<\/p>\n<div role=\"form\" class=\"wpcf7\" id=\"wpcf7-f575-o1\" lang=\"zh-CN\" dir=\"ltr\">\n<div class=\"screen-reader-response\"><p role=\"status\" aria-live=\"polite\" aria-atomic=\"true\"><\/p> <ul><\/ul><\/div>\n<form action=\"\/es\/wp-json\/wp\/v2\/product\/855#wpcf7-f575-o1\" method=\"post\" class=\"wpcf7-form init\" novalidate=\"novalidate\" data-status=\"init\" data-trp-original-action=\"\/es\/wp-json\/wp\/v2\/product\/855#wpcf7-f575-o1\">\n<div style=\"display: none;\">\n<input type=\"hidden\" name=\"_wpcf7\" value=\"575\" \/>\n<input type=\"hidden\" name=\"_wpcf7_version\" value=\"5.5.2\" \/>\n<input type=\"hidden\" name=\"_wpcf7_locale\" value=\"zh_CN\" \/>\n<input type=\"hidden\" name=\"_wpcf7_unit_tag\" value=\"wpcf7-f575-o1\" \/>\n<input type=\"hidden\" name=\"_wpcf7_container_post\" value=\"0\" \/>\n<input type=\"hidden\" name=\"_wpcf7_posted_data_hash\" value=\"\" \/>\n<\/div>\n<div style='display:block;text-align:center;font-size:20px;font-weight:bold;margin-bottom:20px'>Enviar solicitud <span style='display:block;width:30px;height:2px;background:#99502c;margin:10px auto;'><\/span><\/div>\n<p><label> Nombre<br \/>\n    <span class=\"wpcf7-form-control-wrap your-name\"><input type=\"text\" name=\"your-name\" value=\"\" size=\"40\" class=\"wpcf7-form-control wpcf7-text wpcf7-validates-as-required\" aria-required=\"true\" aria-invalid=\"false\" \/><\/span> <\/label><\/p>\n<p><label> Correo electr\u00f3nico<br \/>\n    <span class=\"wpcf7-form-control-wrap your-email\"><input type=\"email\" name=\"your-email\" value=\"\" size=\"40\" class=\"wpcf7-form-control wpcf7-text wpcf7-email wpcf7-validates-as-required wpcf7-validates-as-email\" aria-required=\"true\" aria-invalid=\"false\" \/><\/span> <\/label><\/p>\n<p><label> Pa\u00eds<br \/>\n    <span class=\"wpcf7-form-control-wrap your-country\"><input type=\"text\" name=\"your-country\" value=\"\" size=\"40\" class=\"wpcf7-form-control wpcf7-text\" aria-invalid=\"false\" \/><\/span> <\/label><\/p>\n<p><label> Tel\u00e9fono<br \/>\n    <span class=\"wpcf7-form-control-wrap tel-901\"><input type=\"tel\" name=\"tel-901\" value=\"\" size=\"40\" class=\"wpcf7-form-control wpcf7-text wpcf7-tel wpcf7-validates-as-tel\" aria-invalid=\"false\" \/><\/span> <\/label><\/p>\n<p><label> Nombre de la empresa<br \/>\n    <span class=\"wpcf7-form-control-wrap company-name\"><input type=\"text\" name=\"company-name\" value=\"\" size=\"40\" class=\"wpcf7-form-control wpcf7-text\" aria-invalid=\"false\" \/><\/span> <\/label><\/p>\n<p><label> Sitio web de la empresa<br \/>\n    <span class=\"wpcf7-form-control-wrap company-website\"><input type=\"text\" name=\"company-website\" value=\"\" size=\"40\" class=\"wpcf7-form-control wpcf7-text\" aria-invalid=\"false\" \/><\/span> <\/label><\/p>\n<p><label> Mensaje<br \/>\n    <span class=\"wpcf7-form-control-wrap your-message\"><textarea name=\"your-message\" cols=\"40\" rows=\"10\" class=\"wpcf7-form-control wpcf7-textarea wpcf7-validates-as-required\" aria-required=\"true\" aria-invalid=\"false\"><\/textarea><\/span> <\/label><\/p>\n<p><input type=\"submit\" value=\"Enviar\" class=\"wpcf7-form-control has-spinner wpcf7-submit\" \/><\/p>\n<p style=\"display: none !important;\"><label>&#916;<textarea name=\"_wpcf7_ak_hp_textarea\" cols=\"45\" rows=\"8\" maxlength=\"100\"><\/textarea><\/label><input type=\"hidden\" id=\"ak_js\" name=\"_wpcf7_ak_js\" value=\"239\"\/><script>document.getElementById( \"ak_js\" ).setAttribute( \"value\", ( new Date() ).getTime() );<\/script><\/p><div class=\"wpcf7-response-output\" aria-hidden=\"true\"><\/div><input type=\"hidden\" name=\"trp-form-language\" value=\"es\"\/><\/form><\/div>\n<\/div>","protected":false},"excerpt":{"rendered":"<p>Esta m\u00e1quina de paneo de chocolate puede recubrir y pulir las superficies de caramelos, frutos secos, etc., d\u00e1ndoles un buen brillo y color.<\/p>","protected":false},"featured_media":857,"comment_status":"open","ping_status":"closed","template":"","meta":[],"product_cat":[26,27],"product_tag":[],"class_list":["post-855","product","type-product","status-publish","has-post-thumbnail","hentry","product_cat-single-machine","product_cat-product"],"yoast_head":"<!-- This site is optimized with the Yoast SEO plugin v25.6 - https:\/\/yoast.com\/wordpress\/plugins\/seo\/ -->\n<title>Chocolate Panning Polishing Machine for Sale - Chocolate Making Machine<\/title>\n<meta name=\"description\" content=\"This chocolate panning machine can coat and polish the surfaces of candies, nuts, etc., giving them a good shine and color.\" \/>\n<meta name=\"robots\" content=\"index, follow, max-snippet:-1, max-image-preview:large, max-video-preview:-1\" \/>\n<link rel=\"canonical\" href=\"https:\/\/www.chocolatesmachine.com\/es\/chocolate-panning-polising-machine\/\" \/>\n<meta property=\"og:locale\" content=\"es_ES\" \/>\n<meta property=\"og:type\" content=\"article\" \/>\n<meta property=\"og:title\" content=\"Chocolate Panning Polishing Machine for Sale - Chocolate Making Machine\" \/>\n<meta property=\"og:description\" content=\"This chocolate panning machine can coat and polish the surfaces of candies, nuts, etc., giving them a good shine and color.\" \/>\n<meta property=\"og:url\" content=\"https:\/\/www.chocolatesmachine.com\/es\/chocolate-panning-polising-machine\/\" \/>\n<meta property=\"og:site_name\" content=\"Chocolate Making Machine\" \/>\n<meta property=\"article:publisher\" content=\"https:\/\/www.facebook.com\/longernutsmachinery\/\" \/>\n<meta property=\"article:modified_time\" content=\"2026-01-13T10:36:02+00:00\" \/>\n<meta property=\"og:image\" content=\"https:\/\/www.chocolatesmachine.com\/wp-content\/uploads\/2021\/02\/polishing-5.jpg\" \/>\n\t<meta property=\"og:image:width\" content=\"600\" \/>\n\t<meta property=\"og:image:height\" content=\"600\" \/>\n\t<meta property=\"og:image:type\" content=\"image\/jpeg\" \/>\n<meta name=\"twitter:card\" content=\"summary_large_image\" \/>\n<meta name=\"twitter:site\" content=\"@nutsmachinery\" \/>\n<meta name=\"twitter:label1\" content=\"Tiempo de lectura\" \/>\n\t<meta name=\"twitter:data1\" content=\"3 minutos\" \/>\n<script type=\"application\/ld+json\" class=\"yoast-schema-graph\">{\"@context\":\"https:\/\/schema.org\",\"@graph\":[{\"@type\":\"WebPage\",\"@id\":\"https:\/\/www.chocolatesmachine.com\/chocolate-panning-polising-machine\/\",\"url\":\"https:\/\/www.chocolatesmachine.com\/chocolate-panning-polising-machine\/\",\"name\":\"Chocolate Panning Polishing Machine for Sale - Chocolate Making Machine\",\"isPartOf\":{\"@id\":\"https:\/\/www.chocolatesmachine.com\/ar\/#website\"},\"primaryImageOfPage\":{\"@id\":\"https:\/\/www.chocolatesmachine.com\/chocolate-panning-polising-machine\/#primaryimage\"},\"image\":{\"@id\":\"https:\/\/www.chocolatesmachine.com\/chocolate-panning-polising-machine\/#primaryimage\"},\"thumbnailUrl\":\"https:\/\/www.chocolatesmachine.com\/wp-content\/uploads\/2021\/02\/polishing-5.jpg\",\"datePublished\":\"2021-02-24T03:56:56+00:00\",\"dateModified\":\"2026-01-13T10:36:02+00:00\",\"description\":\"This chocolate panning machine can coat and polish the surfaces of candies, nuts, etc., giving them a good shine and color.\",\"breadcrumb\":{\"@id\":\"https:\/\/www.chocolatesmachine.com\/chocolate-panning-polising-machine\/#breadcrumb\"},\"inLanguage\":\"es\",\"potentialAction\":[{\"@type\":\"ReadAction\",\"target\":[\"https:\/\/www.chocolatesmachine.com\/chocolate-panning-polising-machine\/\"]}]},{\"@type\":\"ImageObject\",\"inLanguage\":\"es\",\"@id\":\"https:\/\/www.chocolatesmachine.com\/chocolate-panning-polising-machine\/#primaryimage\",\"url\":\"https:\/\/www.chocolatesmachine.com\/wp-content\/uploads\/2021\/02\/polishing-5.jpg\",\"contentUrl\":\"https:\/\/www.chocolatesmachine.com\/wp-content\/uploads\/2021\/02\/polishing-5.jpg\",\"width\":600,\"height\":600,\"caption\":\"Chocolate Panning Machine for Sale\"},{\"@type\":\"BreadcrumbList\",\"@id\":\"https:\/\/www.chocolatesmachine.com\/chocolate-panning-polising-machine\/#breadcrumb\",\"itemListElement\":[{\"@type\":\"ListItem\",\"position\":1,\"name\":\"\u9996\u9875\",\"item\":\"https:\/\/www.chocolatesmachine.com\/\"},{\"@type\":\"ListItem\",\"position\":2,\"name\":\"Chocolate Machine\",\"item\":\"https:\/\/www.chocolatesmachine.com\/es\/producto\/\"},{\"@type\":\"ListItem\",\"position\":3,\"name\":\"Chocolate Panning Polishing Machine for Sale\"}]},{\"@type\":\"WebSite\",\"@id\":\"https:\/\/www.chocolatesmachine.com\/ar\/#website\",\"url\":\"https:\/\/www.chocolatesmachine.com\/ar\/\",\"name\":\"Chocolate Making Machine\",\"description\":\"Solution Provider\",\"publisher\":{\"@id\":\"https:\/\/www.chocolatesmachine.com\/ar\/#organization\"},\"potentialAction\":[{\"@type\":\"SearchAction\",\"target\":{\"@type\":\"EntryPoint\",\"urlTemplate\":\"https:\/\/www.chocolatesmachine.com\/ar\/?s={search_term_string}\"},\"query-input\":{\"@type\":\"PropertyValueSpecification\",\"valueRequired\":true,\"valueName\":\"search_term_string\"}}],\"inLanguage\":\"es\"},{\"@type\":\"Organization\",\"@id\":\"https:\/\/www.chocolatesmachine.com\/ar\/#organization\",\"name\":\"Longer Food Machinery\",\"url\":\"https:\/\/www.chocolatesmachine.com\/ar\/\",\"logo\":{\"@type\":\"ImageObject\",\"inLanguage\":\"es\",\"@id\":\"https:\/\/www.chocolatesmachine.com\/ar\/#\/schema\/logo\/image\/\",\"url\":\"https:\/\/www.chocolatesmachine.com\/wp-content\/uploads\/2024\/03\/300-60.png\",\"contentUrl\":\"https:\/\/www.chocolatesmachine.com\/wp-content\/uploads\/2024\/03\/300-60.png\",\"width\":300,\"height\":60,\"caption\":\"Longer Food Machinery\"},\"image\":{\"@id\":\"https:\/\/www.chocolatesmachine.com\/ar\/#\/schema\/logo\/image\/\"},\"sameAs\":[\"https:\/\/www.facebook.com\/longernutsmachinery\/\",\"https:\/\/x.com\/nutsmachinery\",\"https:\/\/www.pinterest.com\/nutsmachinery\/\",\"https:\/\/www.linkedin.com\/company\/longer-nuts-machinery\/\",\"https:\/\/www.youtube.com\/c\/NutsMachinery\"]}]}<\/script>\n<!-- \/ Yoast SEO plugin. -->","yoast_head_json":{"title":"Chocolate Panning Polishing Machine for Sale - Chocolate Making Machine","description":"This chocolate panning machine can coat and polish the surfaces of candies, nuts, etc., giving them a good shine and color.","robots":{"index":"index","follow":"follow","max-snippet":"max-snippet:-1","max-image-preview":"max-image-preview:large","max-video-preview":"max-video-preview:-1"},"canonical":"https:\/\/www.chocolatesmachine.com\/es\/chocolate-panning-polising-machine\/","og_locale":"es_ES","og_type":"article","og_title":"Chocolate Panning Polishing Machine for Sale - Chocolate Making Machine","og_description":"This chocolate panning machine can coat and polish the surfaces of candies, nuts, etc., giving them a good shine and color.","og_url":"https:\/\/www.chocolatesmachine.com\/es\/chocolate-panning-polising-machine\/","og_site_name":"Chocolate Making Machine","article_publisher":"https:\/\/www.facebook.com\/longernutsmachinery\/","article_modified_time":"2026-01-13T10:36:02+00:00","og_image":[{"width":600,"height":600,"url":"https:\/\/www.chocolatesmachine.com\/wp-content\/uploads\/2021\/02\/polishing-5.jpg","type":"image\/jpeg"}],"twitter_card":"summary_large_image","twitter_site":"@nutsmachinery","twitter_misc":{"Tiempo de lectura":"3 minutos"},"schema":{"@context":"https:\/\/schema.org","@graph":[{"@type":"WebPage","@id":"https:\/\/www.chocolatesmachine.com\/chocolate-panning-polising-machine\/","url":"https:\/\/www.chocolatesmachine.com\/chocolate-panning-polising-machine\/","name":"Chocolate Panning Polishing Machine for Sale - Chocolate Making Machine","isPartOf":{"@id":"https:\/\/www.chocolatesmachine.com\/ar\/#website"},"primaryImageOfPage":{"@id":"https:\/\/www.chocolatesmachine.com\/chocolate-panning-polising-machine\/#primaryimage"},"image":{"@id":"https:\/\/www.chocolatesmachine.com\/chocolate-panning-polising-machine\/#primaryimage"},"thumbnailUrl":"https:\/\/www.chocolatesmachine.com\/wp-content\/uploads\/2021\/02\/polishing-5.jpg","datePublished":"2021-02-24T03:56:56+00:00","dateModified":"2026-01-13T10:36:02+00:00","description":"This chocolate panning machine can coat and polish the surfaces of candies, nuts, etc., giving them a good shine and color.","breadcrumb":{"@id":"https:\/\/www.chocolatesmachine.com\/chocolate-panning-polising-machine\/#breadcrumb"},"inLanguage":"es","potentialAction":[{"@type":"ReadAction","target":["https:\/\/www.chocolatesmachine.com\/chocolate-panning-polising-machine\/"]}]},{"@type":"ImageObject","inLanguage":"es","@id":"https:\/\/www.chocolatesmachine.com\/chocolate-panning-polising-machine\/#primaryimage","url":"https:\/\/www.chocolatesmachine.com\/wp-content\/uploads\/2021\/02\/polishing-5.jpg","contentUrl":"https:\/\/www.chocolatesmachine.com\/wp-content\/uploads\/2021\/02\/polishing-5.jpg","width":600,"height":600,"caption":"Chocolate Panning Machine for Sale"},{"@type":"BreadcrumbList","@id":"https:\/\/www.chocolatesmachine.com\/chocolate-panning-polising-machine\/#breadcrumb","itemListElement":[{"@type":"ListItem","position":1,"name":"\u9996\u9875","item":"https:\/\/www.chocolatesmachine.com\/"},{"@type":"ListItem","position":2,"name":"Chocolate Machine","item":"https:\/\/www.chocolatesmachine.com\/es\/producto\/"},{"@type":"ListItem","position":3,"name":"Chocolate Panning Polishing Machine for Sale"}]},{"@type":"WebSite","@id":"https:\/\/www.chocolatesmachine.com\/ar\/#website","url":"https:\/\/www.chocolatesmachine.com\/ar\/","name":"Chocolate Making Machine","description":"Solution Provider","publisher":{"@id":"https:\/\/www.chocolatesmachine.com\/ar\/#organization"},"potentialAction":[{"@type":"SearchAction","target":{"@type":"EntryPoint","urlTemplate":"https:\/\/www.chocolatesmachine.com\/ar\/?s={search_term_string}"},"query-input":{"@type":"PropertyValueSpecification","valueRequired":true,"valueName":"search_term_string"}}],"inLanguage":"es"},{"@type":"Organization","@id":"https:\/\/www.chocolatesmachine.com\/ar\/#organization","name":"Longer Food Machinery","url":"https:\/\/www.chocolatesmachine.com\/ar\/","logo":{"@type":"ImageObject","inLanguage":"es","@id":"https:\/\/www.chocolatesmachine.com\/ar\/#\/schema\/logo\/image\/","url":"https:\/\/www.chocolatesmachine.com\/wp-content\/uploads\/2024\/03\/300-60.png","contentUrl":"https:\/\/www.chocolatesmachine.com\/wp-content\/uploads\/2024\/03\/300-60.png","width":300,"height":60,"caption":"Longer Food Machinery"},"image":{"@id":"https:\/\/www.chocolatesmachine.com\/ar\/#\/schema\/logo\/image\/"},"sameAs":["https:\/\/www.facebook.com\/longernutsmachinery\/","https:\/\/x.com\/nutsmachinery","https:\/\/www.pinterest.com\/nutsmachinery\/","https:\/\/www.linkedin.com\/company\/longer-nuts-machinery\/","https:\/\/www.youtube.com\/c\/NutsMachinery"]}]}},"_links":{"self":[{"href":"https:\/\/www.chocolatesmachine.com\/es\/wp-json\/wp\/v2\/product\/855","targetHints":{"allow":["GET"]}}],"collection":[{"href":"https:\/\/www.chocolatesmachine.com\/es\/wp-json\/wp\/v2\/product"}],"about":[{"href":"https:\/\/www.chocolatesmachine.com\/es\/wp-json\/wp\/v2\/types\/product"}],"replies":[{"embeddable":true,"href":"https:\/\/www.chocolatesmachine.com\/es\/wp-json\/wp\/v2\/comments?post=855"}],"wp:featuredmedia":[{"embeddable":true,"href":"https:\/\/www.chocolatesmachine.com\/es\/wp-json\/wp\/v2\/media\/857"}],"wp:attachment":[{"href":"https:\/\/www.chocolatesmachine.com\/es\/wp-json\/wp\/v2\/media?parent=855"}],"wp:term":[{"taxonomy":"product_cat","embeddable":true,"href":"https:\/\/www.chocolatesmachine.com\/es\/wp-json\/wp\/v2\/product_cat?post=855"},{"taxonomy":"product_tag","embeddable":true,"href":"https:\/\/www.chocolatesmachine.com\/es\/wp-json\/wp\/v2\/product_tag?post=855"}],"curies":[{"name":"wp","href":"https:\/\/api.w.org\/{rel}","templated":true}]}}