{"id":699,"date":"2020-08-05T22:21:18","date_gmt":"2020-08-05T14:21:18","guid":{"rendered":"https:\/\/www.chocolatesmachine.com\/?post_type=product&#038;p=699"},"modified":"2026-01-13T18:35:16","modified_gmt":"2026-01-13T10:35:16","slug":"chocolate-enrober-machine","status":"publish","type":"product","link":"https:\/\/www.chocolatesmachine.com\/es\/chocolate-enrober-machine\/","title":{"rendered":"Precio de la recubridora de chocolate comercial LG-CT"},"content":{"rendered":"<h3><strong>Introducci\u00f3n de la m\u00e1quina recubridora de chocolate Precio<\/strong><\/h3>\n<p>La recubridora de chocolate es un equipo especial para fabricar productos de chocolate de colores. Puede recubrir de chocolate la superficie de pasteles, galletas, barquillos, caramelos y otros productos. Esta m\u00e1quina puede realizar el recubrimiento completo, recubrimiento inferior, recubrimiento parcial, y tiene una funci\u00f3n de refrigeraci\u00f3n.<\/p>\n<p><img loading=\"lazy\" decoding=\"async\" class=\"alignnone size-full wp-image-701\" src=\"https:\/\/www.chocolatesmachine.com\/wp-content\/uploads\/2020\/08\/enrober-2.jpg\" alt=\"Comercial Chocolate Enober en venta\" width=\"600\" height=\"600\" srcset=\"https:\/\/www.chocolatesmachine.com\/wp-content\/uploads\/2020\/08\/enrober-2.jpg 600w, https:\/\/www.chocolatesmachine.com\/wp-content\/uploads\/2020\/08\/enrober-2-300x300.jpg 300w, https:\/\/www.chocolatesmachine.com\/wp-content\/uploads\/2020\/08\/enrober-2-150x150.jpg 150w, https:\/\/www.chocolatesmachine.com\/wp-content\/uploads\/2020\/08\/enrober-2-100x100.jpg 100w\" sizes=\"auto, (max-width: 600px) 100vw, 600px\" \/><\/p>\n<h3><strong>Estructura de la envasadora de chocolate en venta<\/strong><\/h3>\n<p>La m\u00e1quina de recubrimiento consta de una m\u00e1quina de vertido y un t\u00fanel de enfriamiento. La m\u00e1quina de vertido est\u00e1 compuesta por un mecanismo de vertido, un mecanismo de alimentaci\u00f3n de material de n\u00facleo, un cilindro de lodo, una bomba de lodo, un tubo de lodo, un motor de transmisi\u00f3n y un bastidor.<\/p>\n<h3><strong>Principio de funcionamiento de la m\u00e1quina envasadora de chocolate comercial:<\/strong><\/h3>\n<p>Los productos se env\u00edan desde el mecanismo de disposici\u00f3n, y los productos se recubren uniformemente con l\u00edquido de chocolate en el transportador a trav\u00e9s del alambre de acero, y luego se env\u00edan al t\u00fanel de enfriamiento despu\u00e9s del tratamiento con aire caliente, para que el chocolate se enfr\u00ede y el chocolate se solidifique y se le d\u00e9 forma.<\/p>\n<p><iframe loading=\"lazy\" src=\"https:\/\/www.youtube.com\/embed\/VeGlpXe8ApE\" width=\"560\" height=\"315\" frameborder=\"0\" allowfullscreen=\"allowfullscreen\"><\/iframe><\/p>\n<h3><strong>Ventajas estructurales de la m\u00e1quina recubridora de chocolate<\/strong><\/h3>\n<ul>\n<li>Funcionamiento suave y cobertura de chocolate uniforme.<\/li>\n<li>La cinta de malla es de acero inoxidable, que cumple los requisitos de seguridad alimentaria e higiene.<\/li>\n<li>La refrigeraci\u00f3n por circulaci\u00f3n reduce la p\u00e9rdida de capacidad de refrigeraci\u00f3n y mejora la eficiencia de trabajo de la unidad de refrigeraci\u00f3n.<\/li>\n<li>El t\u00fanel de refrigeraci\u00f3n est\u00e1 conectado por siete secciones de bastidores, y la capa exterior es toda de placas de aislamiento t\u00e9rmico, que pueden abrirse completamente.<\/li>\n<\/ul>\n<p><img loading=\"lazy\" decoding=\"async\" class=\"alignnone size-full wp-image-702\" src=\"https:\/\/www.chocolatesmachine.com\/wp-content\/uploads\/2020\/08\/enrober-3.jpg\" alt=\"Precio de la envasadora de chocolate en China\" width=\"600\" height=\"600\" srcset=\"https:\/\/www.chocolatesmachine.com\/wp-content\/uploads\/2020\/08\/enrober-3.jpg 600w, https:\/\/www.chocolatesmachine.com\/wp-content\/uploads\/2020\/08\/enrober-3-300x300.jpg 300w, https:\/\/www.chocolatesmachine.com\/wp-content\/uploads\/2020\/08\/enrober-3-150x150.jpg 150w, https:\/\/www.chocolatesmachine.com\/wp-content\/uploads\/2020\/08\/enrober-3-100x100.jpg 100w\" sizes=\"auto, (max-width: 600px) 100vw, 600px\" \/><\/p>\n<h3><strong>Par\u00e1metros del precio de Chocolate Enrober<\/strong><\/h3>\n<table>\n<tbody>\n<tr>\n<td width=\"149\">Modelo<\/td>\n<td width=\"69\">LG-CT400<\/td>\n<td width=\"67\">LG-CT600<\/td>\n<td width=\"67\">LG-T800<\/td>\n<td width=\"67\">LG-CT1000<\/td>\n<td width=\"67\">LG-CT1200<\/td>\n<td width=\"67\">LG-CT1500<\/td>\n<\/tr>\n<tr>\n<td width=\"149\">Anchura de la cinta transportadora (mm)<\/td>\n<td width=\"69\">400<\/td>\n<td width=\"67\">600<\/td>\n<td width=\"67\">800<\/td>\n<td width=\"67\">1000<\/td>\n<td width=\"67\">1200<\/td>\n<td width=\"67\">1500<\/td>\n<\/tr>\n<tr>\n<td width=\"149\">Velocidad de marcha (M\/Min)<\/td>\n<td width=\"69\">0-10<\/td>\n<td width=\"67\">0-10<\/td>\n<td width=\"67\">0-10<\/td>\n<td width=\"67\">0-10<\/td>\n<td width=\"67\">0-10<\/td>\n<td width=\"67\">0-10<\/td>\n<\/tr>\n<tr>\n<td width=\"149\">Temperatura del t\u00fanel de enfriamiento(\u2103)<\/td>\n<td width=\"69\">0-8<\/td>\n<td width=\"67\">0-8<\/td>\n<td width=\"67\">0-8<\/td>\n<td width=\"67\">0-8<\/td>\n<td width=\"67\">0-8<\/td>\n<td width=\"67\">0-8<\/td>\n<\/tr>\n<tr>\n<td width=\"149\">Longitud del t\u00fanel de enfriamiento (m)<\/td>\n<td width=\"69\">Personalizado<\/td>\n<td width=\"67\">Personalizado<\/td>\n<td width=\"67\">Personalizado<\/td>\n<td width=\"67\">\u00a0Personalizado<\/td>\n<td width=\"67\">Personalizado<\/td>\n<td width=\"67\">Personalizado<\/td>\n<\/tr>\n<tr>\n<td width=\"149\">Dimensiones (mm)<\/td>\n<td width=\"69\">L*800*1860<\/td>\n<td width=\"67\">L*1000*1860<\/td>\n<td width=\"67\">L*1200*1860<\/td>\n<td width=\"67\">L*1400*1860<\/td>\n<td width=\"67\">L*1600*1860<\/td>\n<td width=\"67\">L*1900*1860<\/td>\n<\/tr>\n<\/tbody>\n<\/table>\n<h3><strong>Equipamiento opcional para este equipo de enrobado:<\/strong><\/h3>\n<p>* Alimentador: Coloca autom\u00e1ticamente materiales como galletas en una malla met\u00e1lica, garantizando una disposici\u00f3n ordenada de los ingredientes y aumentando la eficiencia de la producci\u00f3n en al menos un tercio.<br \/>\n* <span style=\"text-decoration: underline;\"><a href=\"https:\/\/www.chocolatesmachine.com\/es\/nuts-sprinkler-machine\/\">Aspersor<\/a><\/span>: Espolvorea cacahuetes y otras part\u00edculas de frutos secos sobre la superficie de los productos de chocolate recubiertos.<br \/>\n* <a href=\"https:\/\/www.chocolatesmachine.com\/es\/chocolate-decorating-machine\/\"><span style=\"text-decoration: underline;\">Decorador<\/span><\/a>: Pulveriza diversos colores y tipos de motivos decorativos sobre la superficie de los productos de chocolate recubiertos.<\/p>\n<div role=\"form\" class=\"wpcf7\" id=\"wpcf7-f575-o1\" lang=\"zh-CN\" dir=\"ltr\">\n<div class=\"screen-reader-response\"><p role=\"status\" aria-live=\"polite\" aria-atomic=\"true\"><\/p> <ul><\/ul><\/div>\n<form action=\"\/es\/wp-json\/wp\/v2\/product\/699#wpcf7-f575-o1\" method=\"post\" class=\"wpcf7-form init\" novalidate=\"novalidate\" data-status=\"init\" data-trp-original-action=\"\/es\/wp-json\/wp\/v2\/product\/699#wpcf7-f575-o1\">\n<div style=\"display: none;\">\n<input type=\"hidden\" name=\"_wpcf7\" value=\"575\" \/>\n<input type=\"hidden\" name=\"_wpcf7_version\" value=\"5.5.2\" \/>\n<input type=\"hidden\" name=\"_wpcf7_locale\" value=\"zh_CN\" \/>\n<input type=\"hidden\" name=\"_wpcf7_unit_tag\" value=\"wpcf7-f575-o1\" \/>\n<input type=\"hidden\" name=\"_wpcf7_container_post\" value=\"0\" \/>\n<input type=\"hidden\" name=\"_wpcf7_posted_data_hash\" value=\"\" \/>\n<\/div>\n<div style='display:block;text-align:center;font-size:20px;font-weight:bold;margin-bottom:20px'>Enviar solicitud <span style='display:block;width:30px;height:2px;background:#99502c;margin:10px auto;'><\/span><\/div>\n<p><label> Nombre<br \/>\n    <span class=\"wpcf7-form-control-wrap your-name\"><input type=\"text\" name=\"your-name\" value=\"\" size=\"40\" class=\"wpcf7-form-control wpcf7-text wpcf7-validates-as-required\" aria-required=\"true\" aria-invalid=\"false\" \/><\/span> <\/label><\/p>\n<p><label> Correo electr\u00f3nico<br \/>\n    <span class=\"wpcf7-form-control-wrap your-email\"><input type=\"email\" name=\"your-email\" value=\"\" size=\"40\" class=\"wpcf7-form-control wpcf7-text wpcf7-email wpcf7-validates-as-required wpcf7-validates-as-email\" aria-required=\"true\" aria-invalid=\"false\" \/><\/span> <\/label><\/p>\n<p><label> Pa\u00eds<br \/>\n    <span class=\"wpcf7-form-control-wrap your-country\"><input type=\"text\" name=\"your-country\" value=\"\" size=\"40\" class=\"wpcf7-form-control wpcf7-text\" aria-invalid=\"false\" \/><\/span> <\/label><\/p>\n<p><label> Tel\u00e9fono<br \/>\n    <span class=\"wpcf7-form-control-wrap tel-901\"><input type=\"tel\" name=\"tel-901\" value=\"\" size=\"40\" class=\"wpcf7-form-control wpcf7-text wpcf7-tel wpcf7-validates-as-tel\" aria-invalid=\"false\" \/><\/span> <\/label><\/p>\n<p><label> Nombre de la empresa<br \/>\n    <span class=\"wpcf7-form-control-wrap company-name\"><input type=\"text\" name=\"company-name\" value=\"\" size=\"40\" class=\"wpcf7-form-control wpcf7-text\" aria-invalid=\"false\" \/><\/span> <\/label><\/p>\n<p><label> Sitio web de la empresa<br \/>\n    <span class=\"wpcf7-form-control-wrap company-website\"><input type=\"text\" name=\"company-website\" value=\"\" size=\"40\" class=\"wpcf7-form-control wpcf7-text\" aria-invalid=\"false\" \/><\/span> <\/label><\/p>\n<p><label> Mensaje<br \/>\n    <span class=\"wpcf7-form-control-wrap your-message\"><textarea name=\"your-message\" cols=\"40\" rows=\"10\" class=\"wpcf7-form-control wpcf7-textarea wpcf7-validates-as-required\" aria-required=\"true\" aria-invalid=\"false\"><\/textarea><\/span> <\/label><\/p>\n<p><input type=\"submit\" value=\"Enviar\" class=\"wpcf7-form-control has-spinner wpcf7-submit\" \/><\/p>\n<p style=\"display: none !important;\"><label>&#916;<textarea name=\"_wpcf7_ak_hp_textarea\" cols=\"45\" rows=\"8\" maxlength=\"100\"><\/textarea><\/label><input type=\"hidden\" id=\"ak_js\" name=\"_wpcf7_ak_js\" value=\"210\"\/><script>document.getElementById( \"ak_js\" ).setAttribute( \"value\", ( new Date() ).getTime() );<\/script><\/p><div class=\"wpcf7-response-output\" aria-hidden=\"true\"><\/div><input type=\"hidden\" name=\"trp-form-language\" value=\"es\"\/><\/form><\/div>","protected":false},"excerpt":{"rendered":"<p>La m\u00e1quina ba\u00f1adora de chocolate puede rociar chocolate sobre la superficie de pasteles, galletas, barquillos, caramelos, etc. El equipo contiene un t\u00fanel de enfriamiento, y el cuerpo principal est\u00e1 hecho de acero inoxidable 304.<\/p>","protected":false},"featured_media":700,"comment_status":"open","ping_status":"closed","template":"","meta":[],"product_cat":[26,27],"product_tag":[],"class_list":["post-699","product","type-product","status-publish","has-post-thumbnail","hentry","product_cat-single-machine","product_cat-product"],"yoast_head":"<!-- This site is optimized with the Yoast SEO plugin v25.6 - https:\/\/yoast.com\/wordpress\/plugins\/seo\/ -->\n<title>Commercial Chocolate Enrobing Machine Price LG-CT<\/title>\n<meta name=\"description\" content=\"The chocolate enrobing machine can spray chocolate on the surface of cakes, biscuits, wafers, candies, etc. The main body is made of 304 stainless steel.\" \/>\n<meta name=\"robots\" content=\"index, follow, max-snippet:-1, max-image-preview:large, max-video-preview:-1\" \/>\n<link rel=\"canonical\" href=\"https:\/\/www.chocolatesmachine.com\/es\/chocolate-enrober-machine\/\" \/>\n<meta property=\"og:locale\" content=\"es_ES\" \/>\n<meta property=\"og:type\" content=\"article\" \/>\n<meta property=\"og:title\" content=\"Commercial Chocolate Enrobing Machine Price LG-CT\" \/>\n<meta property=\"og:description\" content=\"The chocolate enrobing machine can spray chocolate on the surface of cakes, biscuits, wafers, candies, etc. The main body is made of 304 stainless steel.\" \/>\n<meta property=\"og:url\" content=\"https:\/\/www.chocolatesmachine.com\/es\/chocolate-enrober-machine\/\" \/>\n<meta property=\"og:site_name\" content=\"Chocolate Making Machine\" \/>\n<meta property=\"article:publisher\" content=\"https:\/\/www.facebook.com\/longernutsmachinery\/\" \/>\n<meta property=\"article:modified_time\" content=\"2026-01-13T10:35:16+00:00\" \/>\n<meta property=\"og:image\" content=\"https:\/\/www.chocolatesmachine.com\/wp-content\/uploads\/2020\/08\/enrober-1.jpg\" \/>\n\t<meta property=\"og:image:width\" content=\"600\" \/>\n\t<meta property=\"og:image:height\" content=\"600\" \/>\n\t<meta property=\"og:image:type\" content=\"image\/jpeg\" \/>\n<meta name=\"twitter:card\" content=\"summary_large_image\" \/>\n<meta name=\"twitter:site\" content=\"@nutsmachinery\" \/>\n<meta name=\"twitter:label1\" content=\"Tiempo de lectura\" \/>\n\t<meta name=\"twitter:data1\" content=\"3 minutos\" \/>\n<script type=\"application\/ld+json\" class=\"yoast-schema-graph\">{\"@context\":\"https:\/\/schema.org\",\"@graph\":[{\"@type\":\"WebPage\",\"@id\":\"https:\/\/www.chocolatesmachine.com\/chocolate-enrober-machine\/\",\"url\":\"https:\/\/www.chocolatesmachine.com\/chocolate-enrober-machine\/\",\"name\":\"Commercial Chocolate Enrobing Machine Price LG-CT\",\"isPartOf\":{\"@id\":\"https:\/\/www.chocolatesmachine.com\/ar\/#website\"},\"primaryImageOfPage\":{\"@id\":\"https:\/\/www.chocolatesmachine.com\/chocolate-enrober-machine\/#primaryimage\"},\"image\":{\"@id\":\"https:\/\/www.chocolatesmachine.com\/chocolate-enrober-machine\/#primaryimage\"},\"thumbnailUrl\":\"https:\/\/www.chocolatesmachine.com\/wp-content\/uploads\/2020\/08\/enrober-1.jpg\",\"datePublished\":\"2020-08-05T14:21:18+00:00\",\"dateModified\":\"2026-01-13T10:35:16+00:00\",\"description\":\"The chocolate enrobing machine can spray chocolate on the surface of cakes, biscuits, wafers, candies, etc. The main body is made of 304 stainless steel.\",\"breadcrumb\":{\"@id\":\"https:\/\/www.chocolatesmachine.com\/chocolate-enrober-machine\/#breadcrumb\"},\"inLanguage\":\"es\",\"potentialAction\":[{\"@type\":\"ReadAction\",\"target\":[\"https:\/\/www.chocolatesmachine.com\/chocolate-enrober-machine\/\"]}]},{\"@type\":\"ImageObject\",\"inLanguage\":\"es\",\"@id\":\"https:\/\/www.chocolatesmachine.com\/chocolate-enrober-machine\/#primaryimage\",\"url\":\"https:\/\/www.chocolatesmachine.com\/wp-content\/uploads\/2020\/08\/enrober-1.jpg\",\"contentUrl\":\"https:\/\/www.chocolatesmachine.com\/wp-content\/uploads\/2020\/08\/enrober-1.jpg\",\"width\":600,\"height\":600,\"caption\":\"Commercial Chocolate Enrobing Machine Price\"},{\"@type\":\"BreadcrumbList\",\"@id\":\"https:\/\/www.chocolatesmachine.com\/chocolate-enrober-machine\/#breadcrumb\",\"itemListElement\":[{\"@type\":\"ListItem\",\"position\":1,\"name\":\"\u9996\u9875\",\"item\":\"https:\/\/www.chocolatesmachine.com\/\"},{\"@type\":\"ListItem\",\"position\":2,\"name\":\"Chocolate Machine\",\"item\":\"https:\/\/www.chocolatesmachine.com\/es\/producto\/\"},{\"@type\":\"ListItem\",\"position\":3,\"name\":\"Commercial Chocolate Enrobing Machine Price LG-CT\"}]},{\"@type\":\"WebSite\",\"@id\":\"https:\/\/www.chocolatesmachine.com\/ar\/#website\",\"url\":\"https:\/\/www.chocolatesmachine.com\/ar\/\",\"name\":\"Chocolate Making Machine\",\"description\":\"Solution Provider\",\"publisher\":{\"@id\":\"https:\/\/www.chocolatesmachine.com\/ar\/#organization\"},\"potentialAction\":[{\"@type\":\"SearchAction\",\"target\":{\"@type\":\"EntryPoint\",\"urlTemplate\":\"https:\/\/www.chocolatesmachine.com\/ar\/?s={search_term_string}\"},\"query-input\":{\"@type\":\"PropertyValueSpecification\",\"valueRequired\":true,\"valueName\":\"search_term_string\"}}],\"inLanguage\":\"es\"},{\"@type\":\"Organization\",\"@id\":\"https:\/\/www.chocolatesmachine.com\/ar\/#organization\",\"name\":\"Longer Food Machinery\",\"url\":\"https:\/\/www.chocolatesmachine.com\/ar\/\",\"logo\":{\"@type\":\"ImageObject\",\"inLanguage\":\"es\",\"@id\":\"https:\/\/www.chocolatesmachine.com\/ar\/#\/schema\/logo\/image\/\",\"url\":\"https:\/\/www.chocolatesmachine.com\/wp-content\/uploads\/2024\/03\/300-60.png\",\"contentUrl\":\"https:\/\/www.chocolatesmachine.com\/wp-content\/uploads\/2024\/03\/300-60.png\",\"width\":300,\"height\":60,\"caption\":\"Longer Food Machinery\"},\"image\":{\"@id\":\"https:\/\/www.chocolatesmachine.com\/ar\/#\/schema\/logo\/image\/\"},\"sameAs\":[\"https:\/\/www.facebook.com\/longernutsmachinery\/\",\"https:\/\/x.com\/nutsmachinery\",\"https:\/\/www.pinterest.com\/nutsmachinery\/\",\"https:\/\/www.linkedin.com\/company\/longer-nuts-machinery\/\",\"https:\/\/www.youtube.com\/c\/NutsMachinery\"]}]}<\/script>\n<!-- \/ Yoast SEO plugin. -->","yoast_head_json":{"title":"Commercial Chocolate Enrobing Machine Price LG-CT","description":"The chocolate enrobing machine can spray chocolate on the surface of cakes, biscuits, wafers, candies, etc. The main body is made of 304 stainless steel.","robots":{"index":"index","follow":"follow","max-snippet":"max-snippet:-1","max-image-preview":"max-image-preview:large","max-video-preview":"max-video-preview:-1"},"canonical":"https:\/\/www.chocolatesmachine.com\/es\/chocolate-enrober-machine\/","og_locale":"es_ES","og_type":"article","og_title":"Commercial Chocolate Enrobing Machine Price LG-CT","og_description":"The chocolate enrobing machine can spray chocolate on the surface of cakes, biscuits, wafers, candies, etc. The main body is made of 304 stainless steel.","og_url":"https:\/\/www.chocolatesmachine.com\/es\/chocolate-enrober-machine\/","og_site_name":"Chocolate Making Machine","article_publisher":"https:\/\/www.facebook.com\/longernutsmachinery\/","article_modified_time":"2026-01-13T10:35:16+00:00","og_image":[{"width":600,"height":600,"url":"https:\/\/www.chocolatesmachine.com\/wp-content\/uploads\/2020\/08\/enrober-1.jpg","type":"image\/jpeg"}],"twitter_card":"summary_large_image","twitter_site":"@nutsmachinery","twitter_misc":{"Tiempo de lectura":"3 minutos"},"schema":{"@context":"https:\/\/schema.org","@graph":[{"@type":"WebPage","@id":"https:\/\/www.chocolatesmachine.com\/chocolate-enrober-machine\/","url":"https:\/\/www.chocolatesmachine.com\/chocolate-enrober-machine\/","name":"Commercial Chocolate Enrobing Machine Price LG-CT","isPartOf":{"@id":"https:\/\/www.chocolatesmachine.com\/ar\/#website"},"primaryImageOfPage":{"@id":"https:\/\/www.chocolatesmachine.com\/chocolate-enrober-machine\/#primaryimage"},"image":{"@id":"https:\/\/www.chocolatesmachine.com\/chocolate-enrober-machine\/#primaryimage"},"thumbnailUrl":"https:\/\/www.chocolatesmachine.com\/wp-content\/uploads\/2020\/08\/enrober-1.jpg","datePublished":"2020-08-05T14:21:18+00:00","dateModified":"2026-01-13T10:35:16+00:00","description":"The chocolate enrobing machine can spray chocolate on the surface of cakes, biscuits, wafers, candies, etc. The main body is made of 304 stainless steel.","breadcrumb":{"@id":"https:\/\/www.chocolatesmachine.com\/chocolate-enrober-machine\/#breadcrumb"},"inLanguage":"es","potentialAction":[{"@type":"ReadAction","target":["https:\/\/www.chocolatesmachine.com\/chocolate-enrober-machine\/"]}]},{"@type":"ImageObject","inLanguage":"es","@id":"https:\/\/www.chocolatesmachine.com\/chocolate-enrober-machine\/#primaryimage","url":"https:\/\/www.chocolatesmachine.com\/wp-content\/uploads\/2020\/08\/enrober-1.jpg","contentUrl":"https:\/\/www.chocolatesmachine.com\/wp-content\/uploads\/2020\/08\/enrober-1.jpg","width":600,"height":600,"caption":"Commercial Chocolate Enrobing Machine Price"},{"@type":"BreadcrumbList","@id":"https:\/\/www.chocolatesmachine.com\/chocolate-enrober-machine\/#breadcrumb","itemListElement":[{"@type":"ListItem","position":1,"name":"\u9996\u9875","item":"https:\/\/www.chocolatesmachine.com\/"},{"@type":"ListItem","position":2,"name":"Chocolate Machine","item":"https:\/\/www.chocolatesmachine.com\/es\/producto\/"},{"@type":"ListItem","position":3,"name":"Commercial Chocolate Enrobing Machine Price LG-CT"}]},{"@type":"WebSite","@id":"https:\/\/www.chocolatesmachine.com\/ar\/#website","url":"https:\/\/www.chocolatesmachine.com\/ar\/","name":"Chocolate Making Machine","description":"Solution Provider","publisher":{"@id":"https:\/\/www.chocolatesmachine.com\/ar\/#organization"},"potentialAction":[{"@type":"SearchAction","target":{"@type":"EntryPoint","urlTemplate":"https:\/\/www.chocolatesmachine.com\/ar\/?s={search_term_string}"},"query-input":{"@type":"PropertyValueSpecification","valueRequired":true,"valueName":"search_term_string"}}],"inLanguage":"es"},{"@type":"Organization","@id":"https:\/\/www.chocolatesmachine.com\/ar\/#organization","name":"Longer Food Machinery","url":"https:\/\/www.chocolatesmachine.com\/ar\/","logo":{"@type":"ImageObject","inLanguage":"es","@id":"https:\/\/www.chocolatesmachine.com\/ar\/#\/schema\/logo\/image\/","url":"https:\/\/www.chocolatesmachine.com\/wp-content\/uploads\/2024\/03\/300-60.png","contentUrl":"https:\/\/www.chocolatesmachine.com\/wp-content\/uploads\/2024\/03\/300-60.png","width":300,"height":60,"caption":"Longer Food Machinery"},"image":{"@id":"https:\/\/www.chocolatesmachine.com\/ar\/#\/schema\/logo\/image\/"},"sameAs":["https:\/\/www.facebook.com\/longernutsmachinery\/","https:\/\/x.com\/nutsmachinery","https:\/\/www.pinterest.com\/nutsmachinery\/","https:\/\/www.linkedin.com\/company\/longer-nuts-machinery\/","https:\/\/www.youtube.com\/c\/NutsMachinery"]}]}},"_links":{"self":[{"href":"https:\/\/www.chocolatesmachine.com\/es\/wp-json\/wp\/v2\/product\/699","targetHints":{"allow":["GET"]}}],"collection":[{"href":"https:\/\/www.chocolatesmachine.com\/es\/wp-json\/wp\/v2\/product"}],"about":[{"href":"https:\/\/www.chocolatesmachine.com\/es\/wp-json\/wp\/v2\/types\/product"}],"replies":[{"embeddable":true,"href":"https:\/\/www.chocolatesmachine.com\/es\/wp-json\/wp\/v2\/comments?post=699"}],"wp:featuredmedia":[{"embeddable":true,"href":"https:\/\/www.chocolatesmachine.com\/es\/wp-json\/wp\/v2\/media\/700"}],"wp:attachment":[{"href":"https:\/\/www.chocolatesmachine.com\/es\/wp-json\/wp\/v2\/media?parent=699"}],"wp:term":[{"taxonomy":"product_cat","embeddable":true,"href":"https:\/\/www.chocolatesmachine.com\/es\/wp-json\/wp\/v2\/product_cat?post=699"},{"taxonomy":"product_tag","embeddable":true,"href":"https:\/\/www.chocolatesmachine.com\/es\/wp-json\/wp\/v2\/product_tag?post=699"}],"curies":[{"name":"wp","href":"https:\/\/api.w.org\/{rel}","templated":true}]}}