{"id":686,"date":"2020-08-03T21:06:49","date_gmt":"2020-08-03T13:06:49","guid":{"rendered":"https:\/\/www.chocolatesmachine.com\/?post_type=product&#038;p=686"},"modified":"2025-12-02T21:36:19","modified_gmt":"2025-12-02T13:36:19","slug":"chocolate-melting-machine","status":"publish","type":"product","link":"https:\/\/www.chocolatesmachine.com\/es\/chocolate-melting-machine\/","title":{"rendered":"M\u00e1quina fundidora de chocolate industrial 200-2000L"},"content":{"rendered":"<h4><strong>Introducci\u00f3n de la m\u00e1quina fundidora de chocolate industrial<\/strong><\/h4>\n<p>El crisol de chocolate funde materiales s\u00f3lidos en l\u00edquido mediante calentamiento, principalmente para fundir licor de cacao o manteca de cacao. Puede equiparse con una bomba de lodo y un caudal\u00edmetro para introducir directamente el lodo en la refinadora.<\/p>\n<h4><strong>Caracter\u00edsticas de la m\u00e1quina fundidora de chocolate en venta<\/strong><\/h4>\n<ul>\n<li>Varios m\u00e9todos de calentamiento, calentando el agua de la capa intermedia mediante vapor o calentando el tubo de calefacci\u00f3n el\u00e9ctrica.<\/li>\n<li>Control autom\u00e1tico de la temperatura. En la calefacci\u00f3n el\u00e9ctrica, se suele utilizar un regulador de temperatura para el control autom\u00e1tico.<\/li>\n<li>Material de alta calidad. El interior es de acero inoxidable 304, el exterior es de acero inoxidable 201 (todos se pueden cambiar a acero inoxidable 304).<\/li>\n<\/ul>\n<p><img loading=\"lazy\" decoding=\"async\" class=\"alignnone size-full wp-image-687\" src=\"https:\/\/www.chocolatesmachine.com\/wp-content\/uploads\/2020\/08\/melt-2.jpg\" alt=\"Fundidor industrial de chocolate\" width=\"600\" height=\"600\" srcset=\"https:\/\/www.chocolatesmachine.com\/wp-content\/uploads\/2020\/08\/melt-2.jpg 600w, https:\/\/www.chocolatesmachine.com\/wp-content\/uploads\/2020\/08\/melt-2-300x300.jpg 300w, https:\/\/www.chocolatesmachine.com\/wp-content\/uploads\/2020\/08\/melt-2-150x150.jpg 150w, https:\/\/www.chocolatesmachine.com\/wp-content\/uploads\/2020\/08\/melt-2-100x100.jpg 100w\" sizes=\"auto, (max-width: 600px) 100vw, 600px\" \/><\/p>\n<h4><strong>Par\u00e1metros de la m\u00e1quina fundidora de chocolate<\/strong><\/h4>\n<table style=\"border-collapse: collapse; width: 324.02pt;\" border=\"0\" width=\"432\" cellspacing=\"0\" cellpadding=\"0\">\n<colgroup>\n<col style=\"width: 54.00pt;\" span=\"6\" width=\"72\" \/> <\/colgroup>\n<tbody>\n<tr style=\"height: 13.50pt;\">\n<td class=\"et2\" style=\"height: 13.50pt; width: 54.00pt;\" width=\"72\" height=\"18\">Modelo<\/td>\n<td class=\"et2\" style=\"width: 54.00pt;\" width=\"72\">LG-CR200<\/td>\n<td class=\"et2\" style=\"width: 54.00pt;\" width=\"72\">LG-CR300<\/td>\n<td class=\"et2\" style=\"width: 54.00pt;\" width=\"72\">LG-CR500<\/td>\n<td class=\"et2\" style=\"width: 54.00pt;\" width=\"72\">LG-CR1000<\/td>\n<td class=\"et2\" style=\"width: 54.00pt;\" width=\"72\">LG-CR2000<\/td>\n<\/tr>\n<tr style=\"height: 13.50pt;\">\n<td class=\"et2\" style=\"height: 13.50pt;\" height=\"18\">Capacidad (L)<\/td>\n<td class=\"et2\" align=\"right\">200<\/td>\n<td class=\"et2\" align=\"right\">300<\/td>\n<td class=\"et2\" align=\"right\">500<\/td>\n<td class=\"et2\" align=\"right\">1000<\/td>\n<td class=\"et2\" align=\"right\">2000<\/td>\n<\/tr>\n<tr style=\"height: 13.50pt;\">\n<td class=\"et2\" style=\"height: 13.50pt;\" height=\"18\">Potencia (KW)<\/td>\n<td class=\"et2\" align=\"right\">4<\/td>\n<td class=\"et2\" align=\"right\">4<\/td>\n<td class=\"et2\" align=\"right\">6<\/td>\n<td class=\"et2\" align=\"right\">9<\/td>\n<td class=\"et2\" align=\"right\">12<\/td>\n<\/tr>\n<tr style=\"height: 13.50pt;\">\n<td class=\"et2\" style=\"height: 13.50pt;\" height=\"18\">Peso (KG)<\/td>\n<td class=\"et2\" align=\"right\">150<\/td>\n<td class=\"et2\" align=\"right\">180<\/td>\n<td class=\"et2\" align=\"right\">380<\/td>\n<td class=\"et2\" align=\"right\">700<\/td>\n<td class=\"et2\" align=\"right\">1250<\/td>\n<\/tr>\n<tr style=\"height: 13.50pt;\">\n<td class=\"et2\" style=\"height: 13.50pt;\" height=\"18\">Dimensiones (mm)<\/td>\n<td class=\"et2\">\u00d8800*1000<\/td>\n<td class=\"et2\">\u00d8900*1000<\/td>\n<td class=\"et2\">\u00d81000*1200<\/td>\n<td class=\"et2\">\u00d81200*1300<\/td>\n<td class=\"et2\">\u00d81900*1500<\/td>\n<\/tr>\n<\/tbody>\n<\/table>\n<h4><strong>Puntos de funcionamiento del crisol de chocolate<\/strong><\/h4>\n<ul>\n<li>Tenga cuidado al verter el l\u00edquido de manteca de cacao derretido: evite quemaduras.<\/li>\n<li>El tiempo de almacenamiento de la manteca de cacao en el crisol tras la fusi\u00f3n no debe ser demasiado largo, para que no afecte a la calidad de la manteca de cacao, afectando as\u00ed a la calidad de los productos de chocolate elaborados.<\/li>\n<li>Est\u00e1 terminantemente prohibido encender la calefacci\u00f3n el\u00e9ctrica cuando no hay agua en la capa de agua de la camisa para evitar que se queme la calefacci\u00f3n el\u00e9ctrica.<\/li>\n<\/ul>\n<div role=\"form\" class=\"wpcf7\" id=\"wpcf7-f575-o1\" lang=\"zh-CN\" dir=\"ltr\">\n<div class=\"screen-reader-response\"><p role=\"status\" aria-live=\"polite\" aria-atomic=\"true\"><\/p> <ul><\/ul><\/div>\n<form action=\"\/es\/wp-json\/wp\/v2\/product\/686#wpcf7-f575-o1\" method=\"post\" class=\"wpcf7-form init\" novalidate=\"novalidate\" data-status=\"init\" data-trp-original-action=\"\/es\/wp-json\/wp\/v2\/product\/686#wpcf7-f575-o1\">\n<div style=\"display: none;\">\n<input type=\"hidden\" name=\"_wpcf7\" value=\"575\" \/>\n<input type=\"hidden\" name=\"_wpcf7_version\" value=\"5.5.2\" \/>\n<input type=\"hidden\" name=\"_wpcf7_locale\" value=\"zh_CN\" \/>\n<input type=\"hidden\" name=\"_wpcf7_unit_tag\" value=\"wpcf7-f575-o1\" \/>\n<input type=\"hidden\" name=\"_wpcf7_container_post\" value=\"0\" \/>\n<input type=\"hidden\" name=\"_wpcf7_posted_data_hash\" value=\"\" \/>\n<\/div>\n<div style='display:block;text-align:center;font-size:20px;font-weight:bold;margin-bottom:20px'>Enviar solicitud <span style='display:block;width:30px;height:2px;background:#99502c;margin:10px auto;'><\/span><\/div>\n<p><label> Nombre<br \/>\n    <span class=\"wpcf7-form-control-wrap your-name\"><input type=\"text\" name=\"your-name\" value=\"\" size=\"40\" class=\"wpcf7-form-control wpcf7-text wpcf7-validates-as-required\" aria-required=\"true\" aria-invalid=\"false\" \/><\/span> <\/label><\/p>\n<p><label> Correo electr\u00f3nico<br \/>\n    <span class=\"wpcf7-form-control-wrap your-email\"><input type=\"email\" name=\"your-email\" value=\"\" size=\"40\" class=\"wpcf7-form-control wpcf7-text wpcf7-email wpcf7-validates-as-required wpcf7-validates-as-email\" aria-required=\"true\" aria-invalid=\"false\" \/><\/span> <\/label><\/p>\n<p><label> Pa\u00eds<br \/>\n    <span class=\"wpcf7-form-control-wrap your-country\"><input type=\"text\" name=\"your-country\" value=\"\" size=\"40\" class=\"wpcf7-form-control wpcf7-text\" aria-invalid=\"false\" \/><\/span> <\/label><\/p>\n<p><label> Tel\u00e9fono<br \/>\n    <span class=\"wpcf7-form-control-wrap tel-901\"><input type=\"tel\" name=\"tel-901\" value=\"\" size=\"40\" class=\"wpcf7-form-control wpcf7-text wpcf7-tel wpcf7-validates-as-tel\" aria-invalid=\"false\" \/><\/span> <\/label><\/p>\n<p><label> Nombre de la empresa<br \/>\n    <span class=\"wpcf7-form-control-wrap company-name\"><input type=\"text\" name=\"company-name\" value=\"\" size=\"40\" class=\"wpcf7-form-control wpcf7-text\" aria-invalid=\"false\" \/><\/span> <\/label><\/p>\n<p><label> Sitio web de la empresa<br \/>\n    <span class=\"wpcf7-form-control-wrap company-website\"><input type=\"text\" name=\"company-website\" value=\"\" size=\"40\" class=\"wpcf7-form-control wpcf7-text\" aria-invalid=\"false\" \/><\/span> <\/label><\/p>\n<p><label> Mensaje<br \/>\n    <span class=\"wpcf7-form-control-wrap your-message\"><textarea name=\"your-message\" cols=\"40\" rows=\"10\" class=\"wpcf7-form-control wpcf7-textarea wpcf7-validates-as-required\" aria-required=\"true\" aria-invalid=\"false\"><\/textarea><\/span> <\/label><\/p>\n<p><input type=\"submit\" value=\"Enviar\" class=\"wpcf7-form-control has-spinner wpcf7-submit\" \/><\/p>\n<p style=\"display: none !important;\"><label>&#916;<textarea name=\"_wpcf7_ak_hp_textarea\" cols=\"45\" rows=\"8\" maxlength=\"100\"><\/textarea><\/label><input type=\"hidden\" id=\"ak_js\" name=\"_wpcf7_ak_js\" value=\"73\"\/><script>document.getElementById( \"ak_js\" ).setAttribute( \"value\", ( new Date() ).getTime() );<\/script><\/p><div class=\"wpcf7-response-output\" aria-hidden=\"true\"><\/div><input type=\"hidden\" name=\"trp-form-language\" value=\"es\"\/><\/form><\/div>","protected":false},"excerpt":{"rendered":"<p>La m\u00e1quina fundidora de chocolate se utiliza principalmente para fundir licor de cacao o manteca de cacao, y se utiliza en conexi\u00f3n con una refinadora. Control autom\u00e1tico de temperatura, material de acero inoxidable.<\/p>","protected":false},"featured_media":688,"comment_status":"open","ping_status":"closed","template":"","meta":[],"product_cat":[26,27],"product_tag":[],"class_list":["post-686","product","type-product","status-publish","has-post-thumbnail","hentry","product_cat-single-machine","product_cat-product"],"yoast_head":"<!-- This site is optimized with the Yoast SEO plugin v25.6 - https:\/\/yoast.com\/wordpress\/plugins\/seo\/ -->\n<title>Industrial Chocolate Melting Machine Pot 200-2000L<\/title>\n<meta name=\"description\" content=\"The chocolate melting machine is mainly used to melt cocoa liquor or cocoa butter, and is used in connection with a refiner. Automatic temperature control.\" \/>\n<meta name=\"robots\" content=\"index, follow, max-snippet:-1, max-image-preview:large, max-video-preview:-1\" \/>\n<link rel=\"canonical\" href=\"https:\/\/www.chocolatesmachine.com\/es\/chocolate-melting-machine\/\" \/>\n<meta property=\"og:locale\" content=\"es_ES\" \/>\n<meta property=\"og:type\" content=\"article\" \/>\n<meta property=\"og:title\" content=\"Industrial Chocolate Melting Machine Pot 200-2000L\" \/>\n<meta property=\"og:description\" content=\"The chocolate melting machine is mainly used to melt cocoa liquor or cocoa butter, and is used in connection with a refiner. Automatic temperature control.\" \/>\n<meta property=\"og:url\" content=\"https:\/\/www.chocolatesmachine.com\/es\/chocolate-melting-machine\/\" \/>\n<meta property=\"og:site_name\" content=\"Chocolate Making Machine\" \/>\n<meta property=\"article:publisher\" content=\"https:\/\/www.facebook.com\/longernutsmachinery\/\" \/>\n<meta property=\"article:modified_time\" content=\"2025-12-02T13:36:19+00:00\" \/>\n<meta property=\"og:image\" content=\"https:\/\/www.chocolatesmachine.com\/wp-content\/uploads\/2020\/08\/melt-1.jpg\" \/>\n\t<meta property=\"og:image:width\" content=\"600\" \/>\n\t<meta property=\"og:image:height\" content=\"600\" \/>\n\t<meta property=\"og:image:type\" content=\"image\/jpeg\" \/>\n<meta name=\"twitter:card\" content=\"summary_large_image\" \/>\n<meta name=\"twitter:site\" content=\"@nutsmachinery\" \/>\n<meta name=\"twitter:label1\" content=\"Tiempo de lectura\" \/>\n\t<meta name=\"twitter:data1\" content=\"1 minuto\" \/>\n<script type=\"application\/ld+json\" class=\"yoast-schema-graph\">{\"@context\":\"https:\/\/schema.org\",\"@graph\":[{\"@type\":\"WebPage\",\"@id\":\"https:\/\/www.chocolatesmachine.com\/ar\/chocolate-melting-machine\/\",\"url\":\"https:\/\/www.chocolatesmachine.com\/ar\/chocolate-melting-machine\/\",\"name\":\"Industrial Chocolate Melting Machine Pot 200-2000L\",\"isPartOf\":{\"@id\":\"https:\/\/www.chocolatesmachine.com\/ar\/#website\"},\"primaryImageOfPage\":{\"@id\":\"https:\/\/www.chocolatesmachine.com\/ar\/chocolate-melting-machine\/#primaryimage\"},\"image\":{\"@id\":\"https:\/\/www.chocolatesmachine.com\/ar\/chocolate-melting-machine\/#primaryimage\"},\"thumbnailUrl\":\"https:\/\/www.chocolatesmachine.com\/wp-content\/uploads\/2020\/08\/melt-1.jpg\",\"datePublished\":\"2020-08-03T13:06:49+00:00\",\"dateModified\":\"2025-12-02T13:36:19+00:00\",\"description\":\"The chocolate melting machine is mainly used to melt cocoa liquor or cocoa butter, and is used in connection with a refiner. Automatic temperature control.\",\"breadcrumb\":{\"@id\":\"https:\/\/www.chocolatesmachine.com\/ar\/chocolate-melting-machine\/#breadcrumb\"},\"inLanguage\":\"es\",\"potentialAction\":[{\"@type\":\"ReadAction\",\"target\":[\"https:\/\/www.chocolatesmachine.com\/ar\/chocolate-melting-machine\/\"]}]},{\"@type\":\"ImageObject\",\"inLanguage\":\"es\",\"@id\":\"https:\/\/www.chocolatesmachine.com\/ar\/chocolate-melting-machine\/#primaryimage\",\"url\":\"https:\/\/www.chocolatesmachine.com\/wp-content\/uploads\/2020\/08\/melt-1.jpg\",\"contentUrl\":\"https:\/\/www.chocolatesmachine.com\/wp-content\/uploads\/2020\/08\/melt-1.jpg\",\"width\":600,\"height\":600,\"caption\":\"Industrial Choclate Melting Machine\"},{\"@type\":\"BreadcrumbList\",\"@id\":\"https:\/\/www.chocolatesmachine.com\/ar\/chocolate-melting-machine\/#breadcrumb\",\"itemListElement\":[{\"@type\":\"ListItem\",\"position\":1,\"name\":\"\u9996\u9875\",\"item\":\"https:\/\/www.chocolatesmachine.com\/\"},{\"@type\":\"ListItem\",\"position\":2,\"name\":\"Chocolate Machine\",\"item\":\"https:\/\/www.chocolatesmachine.com\/es\/producto\/\"},{\"@type\":\"ListItem\",\"position\":3,\"name\":\"Industrial Chocolate Melting Machine Pot 200-2000L\"}]},{\"@type\":\"WebSite\",\"@id\":\"https:\/\/www.chocolatesmachine.com\/ar\/#website\",\"url\":\"https:\/\/www.chocolatesmachine.com\/ar\/\",\"name\":\"Chocolate Making Machine\",\"description\":\"Solution Provider\",\"publisher\":{\"@id\":\"https:\/\/www.chocolatesmachine.com\/ar\/#organization\"},\"potentialAction\":[{\"@type\":\"SearchAction\",\"target\":{\"@type\":\"EntryPoint\",\"urlTemplate\":\"https:\/\/www.chocolatesmachine.com\/ar\/?s={search_term_string}\"},\"query-input\":{\"@type\":\"PropertyValueSpecification\",\"valueRequired\":true,\"valueName\":\"search_term_string\"}}],\"inLanguage\":\"es\"},{\"@type\":\"Organization\",\"@id\":\"https:\/\/www.chocolatesmachine.com\/ar\/#organization\",\"name\":\"Longer Food Machinery\",\"url\":\"https:\/\/www.chocolatesmachine.com\/ar\/\",\"logo\":{\"@type\":\"ImageObject\",\"inLanguage\":\"es\",\"@id\":\"https:\/\/www.chocolatesmachine.com\/ar\/#\/schema\/logo\/image\/\",\"url\":\"https:\/\/www.chocolatesmachine.com\/wp-content\/uploads\/2024\/03\/300-60.png\",\"contentUrl\":\"https:\/\/www.chocolatesmachine.com\/wp-content\/uploads\/2024\/03\/300-60.png\",\"width\":300,\"height\":60,\"caption\":\"Longer Food Machinery\"},\"image\":{\"@id\":\"https:\/\/www.chocolatesmachine.com\/ar\/#\/schema\/logo\/image\/\"},\"sameAs\":[\"https:\/\/www.facebook.com\/longernutsmachinery\/\",\"https:\/\/x.com\/nutsmachinery\",\"https:\/\/www.pinterest.com\/nutsmachinery\/\",\"https:\/\/www.linkedin.com\/company\/longer-nuts-machinery\/\",\"https:\/\/www.youtube.com\/c\/NutsMachinery\"]}]}<\/script>\n<!-- \/ Yoast SEO plugin. -->","yoast_head_json":{"title":"Industrial Chocolate Melting Machine Pot 200-2000L","description":"The chocolate melting machine is mainly used to melt cocoa liquor or cocoa butter, and is used in connection with a refiner. Automatic temperature control.","robots":{"index":"index","follow":"follow","max-snippet":"max-snippet:-1","max-image-preview":"max-image-preview:large","max-video-preview":"max-video-preview:-1"},"canonical":"https:\/\/www.chocolatesmachine.com\/es\/chocolate-melting-machine\/","og_locale":"es_ES","og_type":"article","og_title":"Industrial Chocolate Melting Machine Pot 200-2000L","og_description":"The chocolate melting machine is mainly used to melt cocoa liquor or cocoa butter, and is used in connection with a refiner. Automatic temperature control.","og_url":"https:\/\/www.chocolatesmachine.com\/es\/chocolate-melting-machine\/","og_site_name":"Chocolate Making Machine","article_publisher":"https:\/\/www.facebook.com\/longernutsmachinery\/","article_modified_time":"2025-12-02T13:36:19+00:00","og_image":[{"width":600,"height":600,"url":"https:\/\/www.chocolatesmachine.com\/wp-content\/uploads\/2020\/08\/melt-1.jpg","type":"image\/jpeg"}],"twitter_card":"summary_large_image","twitter_site":"@nutsmachinery","twitter_misc":{"Tiempo de lectura":"1 minuto"},"schema":{"@context":"https:\/\/schema.org","@graph":[{"@type":"WebPage","@id":"https:\/\/www.chocolatesmachine.com\/ar\/chocolate-melting-machine\/","url":"https:\/\/www.chocolatesmachine.com\/ar\/chocolate-melting-machine\/","name":"Industrial Chocolate Melting Machine Pot 200-2000L","isPartOf":{"@id":"https:\/\/www.chocolatesmachine.com\/ar\/#website"},"primaryImageOfPage":{"@id":"https:\/\/www.chocolatesmachine.com\/ar\/chocolate-melting-machine\/#primaryimage"},"image":{"@id":"https:\/\/www.chocolatesmachine.com\/ar\/chocolate-melting-machine\/#primaryimage"},"thumbnailUrl":"https:\/\/www.chocolatesmachine.com\/wp-content\/uploads\/2020\/08\/melt-1.jpg","datePublished":"2020-08-03T13:06:49+00:00","dateModified":"2025-12-02T13:36:19+00:00","description":"The chocolate melting machine is mainly used to melt cocoa liquor or cocoa butter, and is used in connection with a refiner. Automatic temperature control.","breadcrumb":{"@id":"https:\/\/www.chocolatesmachine.com\/ar\/chocolate-melting-machine\/#breadcrumb"},"inLanguage":"es","potentialAction":[{"@type":"ReadAction","target":["https:\/\/www.chocolatesmachine.com\/ar\/chocolate-melting-machine\/"]}]},{"@type":"ImageObject","inLanguage":"es","@id":"https:\/\/www.chocolatesmachine.com\/ar\/chocolate-melting-machine\/#primaryimage","url":"https:\/\/www.chocolatesmachine.com\/wp-content\/uploads\/2020\/08\/melt-1.jpg","contentUrl":"https:\/\/www.chocolatesmachine.com\/wp-content\/uploads\/2020\/08\/melt-1.jpg","width":600,"height":600,"caption":"Industrial Choclate Melting Machine"},{"@type":"BreadcrumbList","@id":"https:\/\/www.chocolatesmachine.com\/ar\/chocolate-melting-machine\/#breadcrumb","itemListElement":[{"@type":"ListItem","position":1,"name":"\u9996\u9875","item":"https:\/\/www.chocolatesmachine.com\/"},{"@type":"ListItem","position":2,"name":"Chocolate Machine","item":"https:\/\/www.chocolatesmachine.com\/es\/producto\/"},{"@type":"ListItem","position":3,"name":"Industrial Chocolate Melting Machine Pot 200-2000L"}]},{"@type":"WebSite","@id":"https:\/\/www.chocolatesmachine.com\/ar\/#website","url":"https:\/\/www.chocolatesmachine.com\/ar\/","name":"Chocolate Making Machine","description":"Solution Provider","publisher":{"@id":"https:\/\/www.chocolatesmachine.com\/ar\/#organization"},"potentialAction":[{"@type":"SearchAction","target":{"@type":"EntryPoint","urlTemplate":"https:\/\/www.chocolatesmachine.com\/ar\/?s={search_term_string}"},"query-input":{"@type":"PropertyValueSpecification","valueRequired":true,"valueName":"search_term_string"}}],"inLanguage":"es"},{"@type":"Organization","@id":"https:\/\/www.chocolatesmachine.com\/ar\/#organization","name":"Longer Food Machinery","url":"https:\/\/www.chocolatesmachine.com\/ar\/","logo":{"@type":"ImageObject","inLanguage":"es","@id":"https:\/\/www.chocolatesmachine.com\/ar\/#\/schema\/logo\/image\/","url":"https:\/\/www.chocolatesmachine.com\/wp-content\/uploads\/2024\/03\/300-60.png","contentUrl":"https:\/\/www.chocolatesmachine.com\/wp-content\/uploads\/2024\/03\/300-60.png","width":300,"height":60,"caption":"Longer Food Machinery"},"image":{"@id":"https:\/\/www.chocolatesmachine.com\/ar\/#\/schema\/logo\/image\/"},"sameAs":["https:\/\/www.facebook.com\/longernutsmachinery\/","https:\/\/x.com\/nutsmachinery","https:\/\/www.pinterest.com\/nutsmachinery\/","https:\/\/www.linkedin.com\/company\/longer-nuts-machinery\/","https:\/\/www.youtube.com\/c\/NutsMachinery"]}]}},"_links":{"self":[{"href":"https:\/\/www.chocolatesmachine.com\/es\/wp-json\/wp\/v2\/product\/686","targetHints":{"allow":["GET"]}}],"collection":[{"href":"https:\/\/www.chocolatesmachine.com\/es\/wp-json\/wp\/v2\/product"}],"about":[{"href":"https:\/\/www.chocolatesmachine.com\/es\/wp-json\/wp\/v2\/types\/product"}],"replies":[{"embeddable":true,"href":"https:\/\/www.chocolatesmachine.com\/es\/wp-json\/wp\/v2\/comments?post=686"}],"wp:featuredmedia":[{"embeddable":true,"href":"https:\/\/www.chocolatesmachine.com\/es\/wp-json\/wp\/v2\/media\/688"}],"wp:attachment":[{"href":"https:\/\/www.chocolatesmachine.com\/es\/wp-json\/wp\/v2\/media?parent=686"}],"wp:term":[{"taxonomy":"product_cat","embeddable":true,"href":"https:\/\/www.chocolatesmachine.com\/es\/wp-json\/wp\/v2\/product_cat?post=686"},{"taxonomy":"product_tag","embeddable":true,"href":"https:\/\/www.chocolatesmachine.com\/es\/wp-json\/wp\/v2\/product_tag?post=686"}],"curies":[{"name":"wp","href":"https:\/\/api.w.org\/{rel}","templated":true}]}}