{"id":671,"date":"2020-08-03T18:20:30","date_gmt":"2020-08-03T10:20:30","guid":{"rendered":"https:\/\/www.chocolatesmachine.com\/?post_type=product&#038;p=671"},"modified":"2025-12-02T21:35:42","modified_gmt":"2025-12-02T13:35:42","slug":"chocolate-depositor-machine","status":"publish","type":"product","link":"https:\/\/www.chocolatesmachine.com\/es\/chocolate-depositor-machine\/","title":{"rendered":"F\u00e1brica Depositadora De Chocolate Fabricante"},"content":{"rendered":"<h3><strong>Introducci\u00f3n de la m\u00e1quina depositadora de chocolate<\/strong><\/h3>\n<p>Este equipo es un equipo especial para el vertido cuantitativo de chocolate. Tiene las funciones de secado autom\u00e1tico del molde, vertido autom\u00e1tico y vibraci\u00f3n suficiente. Se utiliza para producir chocolate monocolor, bicolor y relleno.<\/p>\n<p>Tiene las ventajas de estructura simple, cantidad precisa de vertido, posicionamiento preciso de la plantilla, amplia plantilla de aplicaci\u00f3n y baja intensidad de mano de obra.<\/p>\n<p><img loading=\"lazy\" decoding=\"async\" class=\"alignnone size-full wp-image-685\" src=\"https:\/\/www.chocolatesmachine.com\/wp-content\/uploads\/2020\/08\/depositor-2.jpg\" alt=\"Depositadora de chocolate china Fabricantes\" width=\"600\" height=\"600\" srcset=\"https:\/\/www.chocolatesmachine.com\/wp-content\/uploads\/2020\/08\/depositor-2.jpg 600w, https:\/\/www.chocolatesmachine.com\/wp-content\/uploads\/2020\/08\/depositor-2-300x300.jpg 300w, https:\/\/www.chocolatesmachine.com\/wp-content\/uploads\/2020\/08\/depositor-2-150x150.jpg 150w, https:\/\/www.chocolatesmachine.com\/wp-content\/uploads\/2020\/08\/depositor-2-100x100.jpg 100w\" sizes=\"auto, (max-width: 600px) 100vw, 600px\" \/><\/p>\n<p><strong>M\u00e1quina de chocolate One Shot Depositor<\/strong> puede producir chocolate de un solo color, bicolor izquierdo y derecho y s\u00e1ndwich de pulpa. Es una m\u00e1quina de vertido totalmente autom\u00e1tica que integra secado, vertido, vibraci\u00f3n, enfriamiento, desmoldeo y transporte;<\/p>\n<p><strong>M\u00e1quina depositadora de chocolate de doble disparo<\/strong> puede producir chocolate monocolor, bicolor izquierda y derecha, bicolor arriba y abajo y chocolate en pasta tipo s\u00e1ndwich. Es una m\u00e1quina de colada totalmente autom\u00e1tica que integra molde de secado, colada secundaria, molde vibratorio secundario, enfriamiento secundario, desmoldeo y transporte.<\/p>\n<p><img loading=\"lazy\" decoding=\"async\" class=\"alignnone size-full wp-image-683\" src=\"https:\/\/www.chocolatesmachine.com\/wp-content\/uploads\/2020\/08\/depositor-3.jpg\" alt=\"M\u00e1quina depositadora de chocolate de alta calidad para la venta\" width=\"600\" height=\"600\" srcset=\"https:\/\/www.chocolatesmachine.com\/wp-content\/uploads\/2020\/08\/depositor-3.jpg 600w, https:\/\/www.chocolatesmachine.com\/wp-content\/uploads\/2020\/08\/depositor-3-300x300.jpg 300w, https:\/\/www.chocolatesmachine.com\/wp-content\/uploads\/2020\/08\/depositor-3-150x150.jpg 150w, https:\/\/www.chocolatesmachine.com\/wp-content\/uploads\/2020\/08\/depositor-3-100x100.jpg 100w\" sizes=\"auto, (max-width: 600px) 100vw, 600px\" \/><\/p>\n<h3><strong>Ventajas del dep\u00f3sito de chocolate en venta<\/strong><\/h3>\n<ul>\n<li>Cantidad de vertido precisa: La carrera del motor de conversi\u00f3n de frecuencia (servo) se utiliza para controlar con precisi\u00f3n la cantidad de vertido, y el error no supera los 2g.<\/li>\n<li>Posicionamiento preciso de la plantilla: sin plantilla, sin vertido, control preciso.<\/li>\n<li>Control inteligente PLC, pantalla t\u00e1ctil de gran tama\u00f1o, f\u00e1cil manejo y diagn\u00f3stico inteligente de aver\u00edas.<\/li>\n<li>El cuerpo principal es de acero inoxidable 304, seguro e higi\u00e9nico.<\/li>\n<li>M\u00faltiples funciones: se utiliza principalmente para verter chocolate monocolor, bicolor y relleno.<\/li>\n<\/ul>\n<p><iframe loading=\"lazy\" title=\"CE Chocolate Depositor Machine\/Chocolate Casting Machine\/Chocolate Making Machine\" width=\"800\" height=\"450\" src=\"https:\/\/www.youtube.com\/embed\/2lvNqwJgA0o?feature=oembed\" frameborder=\"0\" allow=\"accelerometer; autoplay; clipboard-write; encrypted-media; gyroscope; picture-in-picture; web-share\" allowfullscreen><\/iframe><\/p>\n<h3><strong>Par\u00e1metros de la m\u00e1quina depositadora de chocolate<\/strong><\/h3>\n<table>\n<tbody>\n<tr>\n<td width=\"89\">Modelo<\/td>\n<td width=\"83\">LG-CJZ150<\/td>\n<td width=\"95\">LG-CJZ175<\/td>\n<td width=\"95\">LG-CJZ175 (Dos disparos)<\/td>\n<td width=\"95\">LG-CJZ510<\/td>\n<td width=\"95\">LG-CJZ510 (Dos disparos)<\/td>\n<\/tr>\n<tr>\n<td width=\"89\">Capacidad (moldes\/min)<\/td>\n<td width=\"83\">6-15<\/td>\n<td width=\"95\">6-15<\/td>\n<td width=\"95\">6-15<\/td>\n<td width=\"95\">6-15<\/td>\n<td width=\"95\">6-15<\/td>\n<\/tr>\n<tr>\n<td width=\"89\">Potencia (KW)<\/td>\n<td width=\"83\">6<\/td>\n<td width=\"95\">19<\/td>\n<td width=\"95\">23<\/td>\n<td width=\"95\">21<\/td>\n<td width=\"95\">25<\/td>\n<\/tr>\n<tr>\n<td width=\"89\">Cantidad de moldes (piezas)<\/td>\n<td width=\"83\">200<\/td>\n<td width=\"95\">280<\/td>\n<td width=\"95\">330<\/td>\n<td width=\"95\">280<\/td>\n<td width=\"95\">330<\/td>\n<\/tr>\n<tr>\n<td width=\"89\">Tama\u00f1o del molde (mm)<\/td>\n<td width=\"83\">275*175*30<\/td>\n<td width=\"95\">330*200*30<\/td>\n<td width=\"95\">330*200*30<\/td>\n<td width=\"95\">510*200*30<\/td>\n<td width=\"95\">510*200*30<\/td>\n<\/tr>\n<tr>\n<td width=\"89\">Peso (KG)<\/td>\n<td width=\"83\">500<\/td>\n<td width=\"95\">3500<\/td>\n<td width=\"95\">4500<\/td>\n<td width=\"95\">4000<\/td>\n<td width=\"95\">5000<\/td>\n<\/tr>\n<tr>\n<td width=\"89\">Tama\u00f1o de la m\u00e1quina (mm)<\/td>\n<td width=\"83\">4000*520*1500<\/td>\n<td width=\"95\">16000*1000*1600<\/td>\n<td width=\"95\">16000*1000*1800<\/td>\n<td width=\"95\">16000*2000*1600<\/td>\n<td width=\"95\">16000*2000*1800<\/td>\n<\/tr>\n<\/tbody>\n<\/table>\n<div role=\"form\" class=\"wpcf7\" id=\"wpcf7-f575-o1\" lang=\"zh-CN\" dir=\"ltr\">\n<div class=\"screen-reader-response\"><p role=\"status\" aria-live=\"polite\" aria-atomic=\"true\"><\/p> <ul><\/ul><\/div>\n<form action=\"\/es\/wp-json\/wp\/v2\/product\/671#wpcf7-f575-o1\" method=\"post\" class=\"wpcf7-form init\" novalidate=\"novalidate\" data-status=\"init\" data-trp-original-action=\"\/es\/wp-json\/wp\/v2\/product\/671#wpcf7-f575-o1\">\n<div style=\"display: none;\">\n<input type=\"hidden\" name=\"_wpcf7\" value=\"575\" \/>\n<input type=\"hidden\" name=\"_wpcf7_version\" value=\"5.5.2\" \/>\n<input type=\"hidden\" name=\"_wpcf7_locale\" value=\"zh_CN\" \/>\n<input type=\"hidden\" name=\"_wpcf7_unit_tag\" value=\"wpcf7-f575-o1\" \/>\n<input type=\"hidden\" name=\"_wpcf7_container_post\" value=\"0\" \/>\n<input type=\"hidden\" name=\"_wpcf7_posted_data_hash\" value=\"\" \/>\n<\/div>\n<div style='display:block;text-align:center;font-size:20px;font-weight:bold;margin-bottom:20px'>Enviar solicitud <span style='display:block;width:30px;height:2px;background:#99502c;margin:10px auto;'><\/span><\/div>\n<p><label> Nombre<br \/>\n    <span class=\"wpcf7-form-control-wrap your-name\"><input type=\"text\" name=\"your-name\" value=\"\" size=\"40\" class=\"wpcf7-form-control wpcf7-text wpcf7-validates-as-required\" aria-required=\"true\" aria-invalid=\"false\" \/><\/span> <\/label><\/p>\n<p><label> Correo electr\u00f3nico<br \/>\n    <span class=\"wpcf7-form-control-wrap your-email\"><input type=\"email\" name=\"your-email\" value=\"\" size=\"40\" class=\"wpcf7-form-control wpcf7-text wpcf7-email wpcf7-validates-as-required wpcf7-validates-as-email\" aria-required=\"true\" aria-invalid=\"false\" \/><\/span> <\/label><\/p>\n<p><label> Pa\u00eds<br \/>\n    <span class=\"wpcf7-form-control-wrap your-country\"><input type=\"text\" name=\"your-country\" value=\"\" size=\"40\" class=\"wpcf7-form-control wpcf7-text\" aria-invalid=\"false\" \/><\/span> <\/label><\/p>\n<p><label> Tel\u00e9fono<br \/>\n    <span class=\"wpcf7-form-control-wrap tel-901\"><input type=\"tel\" name=\"tel-901\" value=\"\" size=\"40\" class=\"wpcf7-form-control wpcf7-text wpcf7-tel wpcf7-validates-as-tel\" aria-invalid=\"false\" \/><\/span> <\/label><\/p>\n<p><label> Nombre de la empresa<br \/>\n    <span class=\"wpcf7-form-control-wrap company-name\"><input type=\"text\" name=\"company-name\" value=\"\" size=\"40\" class=\"wpcf7-form-control wpcf7-text\" aria-invalid=\"false\" \/><\/span> <\/label><\/p>\n<p><label> Sitio web de la empresa<br \/>\n    <span class=\"wpcf7-form-control-wrap company-website\"><input type=\"text\" name=\"company-website\" value=\"\" size=\"40\" class=\"wpcf7-form-control wpcf7-text\" aria-invalid=\"false\" \/><\/span> <\/label><\/p>\n<p><label> Mensaje<br \/>\n    <span class=\"wpcf7-form-control-wrap your-message\"><textarea name=\"your-message\" cols=\"40\" rows=\"10\" class=\"wpcf7-form-control wpcf7-textarea wpcf7-validates-as-required\" aria-required=\"true\" aria-invalid=\"false\"><\/textarea><\/span> <\/label><\/p>\n<p><input type=\"submit\" value=\"Enviar\" class=\"wpcf7-form-control has-spinner wpcf7-submit\" \/><\/p>\n<p style=\"display: none !important;\"><label>&#916;<textarea name=\"_wpcf7_ak_hp_textarea\" cols=\"45\" rows=\"8\" maxlength=\"100\"><\/textarea><\/label><input type=\"hidden\" id=\"ak_js\" name=\"_wpcf7_ak_js\" value=\"142\"\/><script>document.getElementById( \"ak_js\" ).setAttribute( \"value\", ( new Date() ).getTime() );<\/script><\/p><div class=\"wpcf7-response-output\" aria-hidden=\"true\"><\/div><input type=\"hidden\" name=\"trp-form-language\" value=\"es\"\/><\/form><\/div>","protected":false},"excerpt":{"rendered":"<p>La m\u00e1quina depositadora de chocolate se puede utilizar para producir chocolates de un solo color, de dos colores y rellenos centrales. Plantilla de alta precisi\u00f3n cuantitativa de vertido y posicionamiento, equipo especial para f\u00e1brica de chocolate.<\/p>","protected":false},"featured_media":684,"comment_status":"open","ping_status":"closed","template":"","meta":[],"product_cat":[26,27],"product_tag":[],"class_list":["post-671","product","type-product","status-publish","has-post-thumbnail","hentry","product_cat-single-machine","product_cat-product"],"yoast_head":"<!-- This site is optimized with the Yoast SEO plugin v25.6 - https:\/\/yoast.com\/wordpress\/plugins\/seo\/ -->\n<title>Factory Chocolate Depositor Machine Manufacturer<\/title>\n<meta name=\"description\" content=\"The chocolate depositor machine can produce single-color, two-color, and center-filled chocolates. High-precision pouring and positioning, special equipment for chocolate factory.\" \/>\n<meta name=\"robots\" content=\"index, follow, max-snippet:-1, max-image-preview:large, max-video-preview:-1\" \/>\n<link rel=\"canonical\" href=\"https:\/\/www.chocolatesmachine.com\/es\/chocolate-depositor-machine\/\" \/>\n<meta property=\"og:locale\" content=\"es_ES\" \/>\n<meta property=\"og:type\" content=\"article\" \/>\n<meta property=\"og:title\" content=\"Factory Chocolate Depositor Machine Manufacturer\" \/>\n<meta property=\"og:description\" content=\"The chocolate depositor machine can produce single-color, two-color, and center-filled chocolates. High-precision pouring and positioning, special equipment for chocolate factory.\" \/>\n<meta property=\"og:url\" content=\"https:\/\/www.chocolatesmachine.com\/es\/chocolate-depositor-machine\/\" \/>\n<meta property=\"og:site_name\" content=\"Chocolate Making Machine\" \/>\n<meta property=\"article:publisher\" content=\"https:\/\/www.facebook.com\/longernutsmachinery\/\" \/>\n<meta property=\"article:modified_time\" content=\"2025-12-02T13:35:42+00:00\" \/>\n<meta property=\"og:image\" content=\"https:\/\/www.chocolatesmachine.com\/wp-content\/uploads\/2020\/08\/depositor-1.jpg\" \/>\n\t<meta property=\"og:image:width\" content=\"600\" \/>\n\t<meta property=\"og:image:height\" content=\"600\" \/>\n\t<meta property=\"og:image:type\" content=\"image\/jpeg\" \/>\n<meta name=\"twitter:card\" content=\"summary_large_image\" \/>\n<meta name=\"twitter:site\" content=\"@nutsmachinery\" \/>\n<meta name=\"twitter:label1\" content=\"Tiempo de lectura\" \/>\n\t<meta name=\"twitter:data1\" content=\"2 minutos\" \/>\n<script type=\"application\/ld+json\" class=\"yoast-schema-graph\">{\"@context\":\"https:\/\/schema.org\",\"@graph\":[{\"@type\":\"WebPage\",\"@id\":\"https:\/\/www.chocolatesmachine.com\/ar\/chocolate-depositor-machine\/\",\"url\":\"https:\/\/www.chocolatesmachine.com\/ar\/chocolate-depositor-machine\/\",\"name\":\"Factory Chocolate Depositor Machine Manufacturer\",\"isPartOf\":{\"@id\":\"https:\/\/www.chocolatesmachine.com\/ar\/#website\"},\"primaryImageOfPage\":{\"@id\":\"https:\/\/www.chocolatesmachine.com\/ar\/chocolate-depositor-machine\/#primaryimage\"},\"image\":{\"@id\":\"https:\/\/www.chocolatesmachine.com\/ar\/chocolate-depositor-machine\/#primaryimage\"},\"thumbnailUrl\":\"https:\/\/www.chocolatesmachine.com\/wp-content\/uploads\/2020\/08\/depositor-1.jpg\",\"datePublished\":\"2020-08-03T10:20:30+00:00\",\"dateModified\":\"2025-12-02T13:35:42+00:00\",\"description\":\"The chocolate depositor machine can produce single-color, two-color, and center-filled chocolates. High-precision pouring and positioning, special equipment for chocolate factory.\",\"breadcrumb\":{\"@id\":\"https:\/\/www.chocolatesmachine.com\/ar\/chocolate-depositor-machine\/#breadcrumb\"},\"inLanguage\":\"es\",\"potentialAction\":[{\"@type\":\"ReadAction\",\"target\":[\"https:\/\/www.chocolatesmachine.com\/ar\/chocolate-depositor-machine\/\"]}]},{\"@type\":\"ImageObject\",\"inLanguage\":\"es\",\"@id\":\"https:\/\/www.chocolatesmachine.com\/ar\/chocolate-depositor-machine\/#primaryimage\",\"url\":\"https:\/\/www.chocolatesmachine.com\/wp-content\/uploads\/2020\/08\/depositor-1.jpg\",\"contentUrl\":\"https:\/\/www.chocolatesmachine.com\/wp-content\/uploads\/2020\/08\/depositor-1.jpg\",\"width\":600,\"height\":600,\"caption\":\"Factory Chocolate Depositor Machine\"},{\"@type\":\"BreadcrumbList\",\"@id\":\"https:\/\/www.chocolatesmachine.com\/ar\/chocolate-depositor-machine\/#breadcrumb\",\"itemListElement\":[{\"@type\":\"ListItem\",\"position\":1,\"name\":\"\u9996\u9875\",\"item\":\"https:\/\/www.chocolatesmachine.com\/\"},{\"@type\":\"ListItem\",\"position\":2,\"name\":\"Chocolate Machine\",\"item\":\"https:\/\/www.chocolatesmachine.com\/es\/producto\/\"},{\"@type\":\"ListItem\",\"position\":3,\"name\":\"Factory Chocolate Depositor Machine Manufacturer\"}]},{\"@type\":\"WebSite\",\"@id\":\"https:\/\/www.chocolatesmachine.com\/ar\/#website\",\"url\":\"https:\/\/www.chocolatesmachine.com\/ar\/\",\"name\":\"Chocolate Making Machine\",\"description\":\"Solution Provider\",\"publisher\":{\"@id\":\"https:\/\/www.chocolatesmachine.com\/ar\/#organization\"},\"potentialAction\":[{\"@type\":\"SearchAction\",\"target\":{\"@type\":\"EntryPoint\",\"urlTemplate\":\"https:\/\/www.chocolatesmachine.com\/ar\/?s={search_term_string}\"},\"query-input\":{\"@type\":\"PropertyValueSpecification\",\"valueRequired\":true,\"valueName\":\"search_term_string\"}}],\"inLanguage\":\"es\"},{\"@type\":\"Organization\",\"@id\":\"https:\/\/www.chocolatesmachine.com\/ar\/#organization\",\"name\":\"Longer Food Machinery\",\"url\":\"https:\/\/www.chocolatesmachine.com\/ar\/\",\"logo\":{\"@type\":\"ImageObject\",\"inLanguage\":\"es\",\"@id\":\"https:\/\/www.chocolatesmachine.com\/ar\/#\/schema\/logo\/image\/\",\"url\":\"https:\/\/www.chocolatesmachine.com\/wp-content\/uploads\/2024\/03\/300-60.png\",\"contentUrl\":\"https:\/\/www.chocolatesmachine.com\/wp-content\/uploads\/2024\/03\/300-60.png\",\"width\":300,\"height\":60,\"caption\":\"Longer Food Machinery\"},\"image\":{\"@id\":\"https:\/\/www.chocolatesmachine.com\/ar\/#\/schema\/logo\/image\/\"},\"sameAs\":[\"https:\/\/www.facebook.com\/longernutsmachinery\/\",\"https:\/\/x.com\/nutsmachinery\",\"https:\/\/www.pinterest.com\/nutsmachinery\/\",\"https:\/\/www.linkedin.com\/company\/longer-nuts-machinery\/\",\"https:\/\/www.youtube.com\/c\/NutsMachinery\"]}]}<\/script>\n<!-- \/ Yoast SEO plugin. -->","yoast_head_json":{"title":"Factory Chocolate Depositor Machine Manufacturer","description":"The chocolate depositor machine can produce single-color, two-color, and center-filled chocolates. High-precision pouring and positioning, special equipment for chocolate factory.","robots":{"index":"index","follow":"follow","max-snippet":"max-snippet:-1","max-image-preview":"max-image-preview:large","max-video-preview":"max-video-preview:-1"},"canonical":"https:\/\/www.chocolatesmachine.com\/es\/chocolate-depositor-machine\/","og_locale":"es_ES","og_type":"article","og_title":"Factory Chocolate Depositor Machine Manufacturer","og_description":"The chocolate depositor machine can produce single-color, two-color, and center-filled chocolates. High-precision pouring and positioning, special equipment for chocolate factory.","og_url":"https:\/\/www.chocolatesmachine.com\/es\/chocolate-depositor-machine\/","og_site_name":"Chocolate Making Machine","article_publisher":"https:\/\/www.facebook.com\/longernutsmachinery\/","article_modified_time":"2025-12-02T13:35:42+00:00","og_image":[{"width":600,"height":600,"url":"https:\/\/www.chocolatesmachine.com\/wp-content\/uploads\/2020\/08\/depositor-1.jpg","type":"image\/jpeg"}],"twitter_card":"summary_large_image","twitter_site":"@nutsmachinery","twitter_misc":{"Tiempo de lectura":"2 minutos"},"schema":{"@context":"https:\/\/schema.org","@graph":[{"@type":"WebPage","@id":"https:\/\/www.chocolatesmachine.com\/ar\/chocolate-depositor-machine\/","url":"https:\/\/www.chocolatesmachine.com\/ar\/chocolate-depositor-machine\/","name":"Factory Chocolate Depositor Machine Manufacturer","isPartOf":{"@id":"https:\/\/www.chocolatesmachine.com\/ar\/#website"},"primaryImageOfPage":{"@id":"https:\/\/www.chocolatesmachine.com\/ar\/chocolate-depositor-machine\/#primaryimage"},"image":{"@id":"https:\/\/www.chocolatesmachine.com\/ar\/chocolate-depositor-machine\/#primaryimage"},"thumbnailUrl":"https:\/\/www.chocolatesmachine.com\/wp-content\/uploads\/2020\/08\/depositor-1.jpg","datePublished":"2020-08-03T10:20:30+00:00","dateModified":"2025-12-02T13:35:42+00:00","description":"The chocolate depositor machine can produce single-color, two-color, and center-filled chocolates. High-precision pouring and positioning, special equipment for chocolate factory.","breadcrumb":{"@id":"https:\/\/www.chocolatesmachine.com\/ar\/chocolate-depositor-machine\/#breadcrumb"},"inLanguage":"es","potentialAction":[{"@type":"ReadAction","target":["https:\/\/www.chocolatesmachine.com\/ar\/chocolate-depositor-machine\/"]}]},{"@type":"ImageObject","inLanguage":"es","@id":"https:\/\/www.chocolatesmachine.com\/ar\/chocolate-depositor-machine\/#primaryimage","url":"https:\/\/www.chocolatesmachine.com\/wp-content\/uploads\/2020\/08\/depositor-1.jpg","contentUrl":"https:\/\/www.chocolatesmachine.com\/wp-content\/uploads\/2020\/08\/depositor-1.jpg","width":600,"height":600,"caption":"Factory Chocolate Depositor Machine"},{"@type":"BreadcrumbList","@id":"https:\/\/www.chocolatesmachine.com\/ar\/chocolate-depositor-machine\/#breadcrumb","itemListElement":[{"@type":"ListItem","position":1,"name":"\u9996\u9875","item":"https:\/\/www.chocolatesmachine.com\/"},{"@type":"ListItem","position":2,"name":"Chocolate Machine","item":"https:\/\/www.chocolatesmachine.com\/es\/producto\/"},{"@type":"ListItem","position":3,"name":"Factory Chocolate Depositor Machine Manufacturer"}]},{"@type":"WebSite","@id":"https:\/\/www.chocolatesmachine.com\/ar\/#website","url":"https:\/\/www.chocolatesmachine.com\/ar\/","name":"Chocolate Making Machine","description":"Solution Provider","publisher":{"@id":"https:\/\/www.chocolatesmachine.com\/ar\/#organization"},"potentialAction":[{"@type":"SearchAction","target":{"@type":"EntryPoint","urlTemplate":"https:\/\/www.chocolatesmachine.com\/ar\/?s={search_term_string}"},"query-input":{"@type":"PropertyValueSpecification","valueRequired":true,"valueName":"search_term_string"}}],"inLanguage":"es"},{"@type":"Organization","@id":"https:\/\/www.chocolatesmachine.com\/ar\/#organization","name":"Longer Food Machinery","url":"https:\/\/www.chocolatesmachine.com\/ar\/","logo":{"@type":"ImageObject","inLanguage":"es","@id":"https:\/\/www.chocolatesmachine.com\/ar\/#\/schema\/logo\/image\/","url":"https:\/\/www.chocolatesmachine.com\/wp-content\/uploads\/2024\/03\/300-60.png","contentUrl":"https:\/\/www.chocolatesmachine.com\/wp-content\/uploads\/2024\/03\/300-60.png","width":300,"height":60,"caption":"Longer Food Machinery"},"image":{"@id":"https:\/\/www.chocolatesmachine.com\/ar\/#\/schema\/logo\/image\/"},"sameAs":["https:\/\/www.facebook.com\/longernutsmachinery\/","https:\/\/x.com\/nutsmachinery","https:\/\/www.pinterest.com\/nutsmachinery\/","https:\/\/www.linkedin.com\/company\/longer-nuts-machinery\/","https:\/\/www.youtube.com\/c\/NutsMachinery"]}]}},"_links":{"self":[{"href":"https:\/\/www.chocolatesmachine.com\/es\/wp-json\/wp\/v2\/product\/671","targetHints":{"allow":["GET"]}}],"collection":[{"href":"https:\/\/www.chocolatesmachine.com\/es\/wp-json\/wp\/v2\/product"}],"about":[{"href":"https:\/\/www.chocolatesmachine.com\/es\/wp-json\/wp\/v2\/types\/product"}],"replies":[{"embeddable":true,"href":"https:\/\/www.chocolatesmachine.com\/es\/wp-json\/wp\/v2\/comments?post=671"}],"wp:featuredmedia":[{"embeddable":true,"href":"https:\/\/www.chocolatesmachine.com\/es\/wp-json\/wp\/v2\/media\/684"}],"wp:attachment":[{"href":"https:\/\/www.chocolatesmachine.com\/es\/wp-json\/wp\/v2\/media?parent=671"}],"wp:term":[{"taxonomy":"product_cat","embeddable":true,"href":"https:\/\/www.chocolatesmachine.com\/es\/wp-json\/wp\/v2\/product_cat?post=671"},{"taxonomy":"product_tag","embeddable":true,"href":"https:\/\/www.chocolatesmachine.com\/es\/wp-json\/wp\/v2\/product_tag?post=671"}],"curies":[{"name":"wp","href":"https:\/\/api.w.org\/{rel}","templated":true}]}}