{"id":666,"date":"2020-07-28T22:33:44","date_gmt":"2020-07-28T14:33:44","guid":{"rendered":"https:\/\/www.chocolatesmachine.com\/?post_type=product&#038;p=666"},"modified":"2025-12-02T21:32:47","modified_gmt":"2025-12-02T13:32:47","slug":"chocolate-ball-mill-machine","status":"publish","type":"product","link":"https:\/\/www.chocolatesmachine.com\/es\/chocolate-ball-mill-machine\/","title":{"rendered":"M\u00e1quina continua del molino de bola del chocolate para la venta SUS304"},"content":{"rendered":"<h3><strong>Introducci\u00f3n de la m\u00e1quina de molino de bolas para chocolate<\/strong><\/h3>\n<p>El molino de bolas es un equipo ideal para la molienda fina de alta eficiencia de lechada de chocolate y lechada similar de bajo contenido graso. Esta m\u00e1quina tiene las ventajas de alta capacidad, bajo consumo de energ\u00eda, finura uniforme, etc., y es ampliamente utilizada en plantas de procesamiento de cacao y chocolate de tama\u00f1o grande y mediano.<\/p>\n<p>Material de la m\u00e1quina: subcontrataci\u00f3n SUS304; sistema de mezcla de acero especial; bola de molienda de acero con cojinetes.<\/p>\n<p><img loading=\"lazy\" decoding=\"async\" class=\"alignnone size-full wp-image-669\" src=\"https:\/\/www.chocolatesmachine.com\/wp-content\/uploads\/2020\/07\/ball-2.jpg\" alt=\"Venta de molino de bolas para chocolate de 1000 KG\" width=\"600\" height=\"600\" srcset=\"https:\/\/www.chocolatesmachine.com\/wp-content\/uploads\/2020\/07\/ball-2.jpg 600w, https:\/\/www.chocolatesmachine.com\/wp-content\/uploads\/2020\/07\/ball-2-300x300.jpg 300w, https:\/\/www.chocolatesmachine.com\/wp-content\/uploads\/2020\/07\/ball-2-150x150.jpg 150w, https:\/\/www.chocolatesmachine.com\/wp-content\/uploads\/2020\/07\/ball-2-100x100.jpg 100w\" sizes=\"auto, (max-width: 600px) 100vw, 600px\" \/><\/p>\n<h3><strong>Proceso continuo de molienda de bolas de chocolate:<\/strong><\/h3>\n<p>Dos ejes principales con discos hacen girar las bolas de acero aleado. Mediante la colisi\u00f3n y la fricci\u00f3n entre las bolas de acero de la m\u00e1quina y el material, se reduce continuamente la finura de las part\u00edculas de la pasta de chocolate (20-25\u03bcm), a fin de satisfacer la demanda de productos de chocolate.<\/p>\n<h3><strong>Sistema de molienda de bolas de chocolate<\/strong><\/h3>\n<p>El molino de bolas puede utilizarse solo (despu\u00e9s de mezclar el lodo) o puede equiparse con un refinador, un cilindro de preservaci\u00f3n del calor y una bomba de lodo para formar un sistema de procesamiento que permita lograr una producci\u00f3n continua y eficiente, reducir la intensidad de mano de obra y mejorar la eficiencia de la producci\u00f3n.<\/p>\n<p><img loading=\"lazy\" decoding=\"async\" class=\"alignnone size-full wp-image-667\" src=\"https:\/\/www.chocolatesmachine.com\/wp-content\/uploads\/2020\/07\/ball-3.jpg\" alt=\"Fabricante de molinos de bolas para chocolate en China\" width=\"600\" height=\"600\" srcset=\"https:\/\/www.chocolatesmachine.com\/wp-content\/uploads\/2020\/07\/ball-3.jpg 600w, https:\/\/www.chocolatesmachine.com\/wp-content\/uploads\/2020\/07\/ball-3-300x300.jpg 300w, https:\/\/www.chocolatesmachine.com\/wp-content\/uploads\/2020\/07\/ball-3-150x150.jpg 150w, https:\/\/www.chocolatesmachine.com\/wp-content\/uploads\/2020\/07\/ball-3-100x100.jpg 100w\" sizes=\"auto, (max-width: 600px) 100vw, 600px\" \/><\/p>\n<h3><strong>Ventajas del molino de bolas para chocolate<\/strong><\/h3>\n<ul>\n<li>Alta eficacia, menor tiempo de refinado que los conches de chocolate tradicionales y gran capacidad de producci\u00f3n.<\/li>\n<li>Controlador autom\u00e1tico PLC, operaci\u00f3n simple.<\/li>\n<li>Salsa de chocolate de alta finura, 20-25\u03bcm.<\/li>\n<li>El sistema de calentamiento el\u00e9ctrico puede mantener la temperatura de la salsa de chocolate para que no se congele.<\/li>\n<li>Con intercambiador de agua fr\u00eda y caliente.<\/li>\n<\/ul>\n<h3><strong>Par\u00e1metros del molino de bolas para chocolate<\/strong><\/h3>\n<table>\n<tbody>\n<tr>\n<td width=\"93\">Modelo<\/td>\n<td width=\"72\">Potencia (kw)<\/td>\n<td width=\"125\">Dimensi\u00f3n(kw)<\/td>\n<td width=\"75\">Peso (kg)<\/td>\n<td width=\"90\">Capacidad (kg)<\/td>\n<\/tr>\n<tr>\n<td width=\"93\">LG-CQM250<\/td>\n<td width=\"72\">15<\/td>\n<td width=\"125\">1100*1250*2150<\/td>\n<td width=\"75\">2000<\/td>\n<td width=\"90\">250<\/td>\n<\/tr>\n<tr>\n<td width=\"93\">LG-CQM500<\/td>\n<td width=\"72\">38<\/td>\n<td width=\"125\">2320 *1070*2385<\/td>\n<td width=\"75\">4000<\/td>\n<td width=\"90\">500<\/td>\n<\/tr>\n<tr>\n<td width=\"93\">LG-CQM1000<\/td>\n<td width=\"72\">55<\/td>\n<td width=\"125\">2400*1500*2600<\/td>\n<td width=\"75\">5000<\/td>\n<td width=\"90\">1000<\/td>\n<\/tr>\n<\/tbody>\n<\/table>\n<div role=\"form\" class=\"wpcf7\" id=\"wpcf7-f575-o1\" lang=\"zh-CN\" dir=\"ltr\">\n<div class=\"screen-reader-response\"><p role=\"status\" aria-live=\"polite\" aria-atomic=\"true\"><\/p> <ul><\/ul><\/div>\n<form action=\"\/es\/wp-json\/wp\/v2\/product\/666#wpcf7-f575-o1\" method=\"post\" class=\"wpcf7-form init\" novalidate=\"novalidate\" data-status=\"init\" data-trp-original-action=\"\/es\/wp-json\/wp\/v2\/product\/666#wpcf7-f575-o1\">\n<div style=\"display: none;\">\n<input type=\"hidden\" name=\"_wpcf7\" value=\"575\" \/>\n<input type=\"hidden\" name=\"_wpcf7_version\" value=\"5.5.2\" \/>\n<input type=\"hidden\" name=\"_wpcf7_locale\" value=\"zh_CN\" \/>\n<input type=\"hidden\" name=\"_wpcf7_unit_tag\" value=\"wpcf7-f575-o1\" \/>\n<input type=\"hidden\" name=\"_wpcf7_container_post\" value=\"0\" \/>\n<input type=\"hidden\" name=\"_wpcf7_posted_data_hash\" value=\"\" \/>\n<\/div>\n<div style='display:block;text-align:center;font-size:20px;font-weight:bold;margin-bottom:20px'>Enviar solicitud <span style='display:block;width:30px;height:2px;background:#99502c;margin:10px auto;'><\/span><\/div>\n<p><label> Nombre<br \/>\n    <span class=\"wpcf7-form-control-wrap your-name\"><input type=\"text\" name=\"your-name\" value=\"\" size=\"40\" class=\"wpcf7-form-control wpcf7-text wpcf7-validates-as-required\" aria-required=\"true\" aria-invalid=\"false\" \/><\/span> <\/label><\/p>\n<p><label> Correo electr\u00f3nico<br \/>\n    <span class=\"wpcf7-form-control-wrap your-email\"><input type=\"email\" name=\"your-email\" value=\"\" size=\"40\" class=\"wpcf7-form-control wpcf7-text wpcf7-email wpcf7-validates-as-required wpcf7-validates-as-email\" aria-required=\"true\" aria-invalid=\"false\" \/><\/span> <\/label><\/p>\n<p><label> Pa\u00eds<br \/>\n    <span class=\"wpcf7-form-control-wrap your-country\"><input type=\"text\" name=\"your-country\" value=\"\" size=\"40\" class=\"wpcf7-form-control wpcf7-text\" aria-invalid=\"false\" \/><\/span> <\/label><\/p>\n<p><label> Tel\u00e9fono<br \/>\n    <span class=\"wpcf7-form-control-wrap tel-901\"><input type=\"tel\" name=\"tel-901\" value=\"\" size=\"40\" class=\"wpcf7-form-control wpcf7-text wpcf7-tel wpcf7-validates-as-tel\" aria-invalid=\"false\" \/><\/span> <\/label><\/p>\n<p><label> Nombre de la empresa<br \/>\n    <span class=\"wpcf7-form-control-wrap company-name\"><input type=\"text\" name=\"company-name\" value=\"\" size=\"40\" class=\"wpcf7-form-control wpcf7-text\" aria-invalid=\"false\" \/><\/span> <\/label><\/p>\n<p><label> Sitio web de la empresa<br \/>\n    <span class=\"wpcf7-form-control-wrap company-website\"><input type=\"text\" name=\"company-website\" value=\"\" size=\"40\" class=\"wpcf7-form-control wpcf7-text\" aria-invalid=\"false\" \/><\/span> <\/label><\/p>\n<p><label> Mensaje<br \/>\n    <span class=\"wpcf7-form-control-wrap your-message\"><textarea name=\"your-message\" cols=\"40\" rows=\"10\" class=\"wpcf7-form-control wpcf7-textarea wpcf7-validates-as-required\" aria-required=\"true\" aria-invalid=\"false\"><\/textarea><\/span> <\/label><\/p>\n<p><input type=\"submit\" value=\"Enviar\" class=\"wpcf7-form-control has-spinner wpcf7-submit\" \/><\/p>\n<p style=\"display: none !important;\"><label>&#916;<textarea name=\"_wpcf7_ak_hp_textarea\" cols=\"45\" rows=\"8\" maxlength=\"100\"><\/textarea><\/label><input type=\"hidden\" id=\"ak_js\" name=\"_wpcf7_ak_js\" value=\"193\"\/><script>document.getElementById( \"ak_js\" ).setAttribute( \"value\", ( new Date() ).getTime() );<\/script><\/p><div class=\"wpcf7-response-output\" aria-hidden=\"true\"><\/div><input type=\"hidden\" name=\"trp-form-language\" value=\"es\"\/><\/form><\/div>","protected":false},"excerpt":{"rendered":"<p>El molino de bolas de chocolate puede moler finamente la pasta de chocolate, y puede lograr una producci\u00f3n continua con un refinador, un cilindro de preservaci\u00f3n del calor, y una bomba de lodo, lo que mejora en gran medida la eficiencia de la producci\u00f3n.<\/p>","protected":false},"featured_media":668,"comment_status":"open","ping_status":"closed","template":"","meta":[],"product_cat":[26,27],"product_tag":[],"class_list":["post-666","product","type-product","status-publish","has-post-thumbnail","hentry","product_cat-single-machine","product_cat-product"],"yoast_head":"<!-- This site is optimized with the Yoast SEO plugin v25.6 - https:\/\/yoast.com\/wordpress\/plugins\/seo\/ -->\n<title>Continuous Chocolate Ball Mill Machine for Sale SUS304<\/title>\n<meta name=\"description\" content=\"The chocolate ball mill machine can finely grind chocolate slurry, with high production efficiency, low energy consumption and uniform slurry fineness.\" \/>\n<meta name=\"robots\" content=\"index, follow, max-snippet:-1, max-image-preview:large, max-video-preview:-1\" \/>\n<link rel=\"canonical\" href=\"https:\/\/www.chocolatesmachine.com\/es\/chocolate-ball-mill-machine\/\" \/>\n<meta property=\"og:locale\" content=\"es_ES\" \/>\n<meta property=\"og:type\" content=\"article\" \/>\n<meta property=\"og:title\" content=\"Continuous Chocolate Ball Mill Machine for Sale SUS304\" \/>\n<meta property=\"og:description\" content=\"The chocolate ball mill machine can finely grind chocolate slurry, with high production efficiency, low energy consumption and uniform slurry fineness.\" \/>\n<meta property=\"og:url\" content=\"https:\/\/www.chocolatesmachine.com\/es\/chocolate-ball-mill-machine\/\" \/>\n<meta property=\"og:site_name\" content=\"Chocolate Making Machine\" \/>\n<meta property=\"article:publisher\" content=\"https:\/\/www.facebook.com\/longernutsmachinery\/\" \/>\n<meta property=\"article:modified_time\" content=\"2025-12-02T13:32:47+00:00\" \/>\n<meta property=\"og:image\" content=\"https:\/\/www.chocolatesmachine.com\/wp-content\/uploads\/2020\/07\/ball-1.jpg\" \/>\n\t<meta property=\"og:image:width\" content=\"600\" \/>\n\t<meta property=\"og:image:height\" content=\"600\" \/>\n\t<meta property=\"og:image:type\" content=\"image\/jpeg\" \/>\n<meta name=\"twitter:card\" content=\"summary_large_image\" \/>\n<meta name=\"twitter:site\" content=\"@nutsmachinery\" \/>\n<meta name=\"twitter:label1\" content=\"Tiempo de lectura\" \/>\n\t<meta name=\"twitter:data1\" content=\"1 minuto\" \/>\n<script type=\"application\/ld+json\" class=\"yoast-schema-graph\">{\"@context\":\"https:\/\/schema.org\",\"@graph\":[{\"@type\":\"WebPage\",\"@id\":\"https:\/\/www.chocolatesmachine.com\/ar\/chocolate-ball-mill-machine\/\",\"url\":\"https:\/\/www.chocolatesmachine.com\/ar\/chocolate-ball-mill-machine\/\",\"name\":\"Continuous Chocolate Ball Mill Machine for Sale SUS304\",\"isPartOf\":{\"@id\":\"https:\/\/www.chocolatesmachine.com\/ar\/#website\"},\"primaryImageOfPage\":{\"@id\":\"https:\/\/www.chocolatesmachine.com\/ar\/chocolate-ball-mill-machine\/#primaryimage\"},\"image\":{\"@id\":\"https:\/\/www.chocolatesmachine.com\/ar\/chocolate-ball-mill-machine\/#primaryimage\"},\"thumbnailUrl\":\"https:\/\/www.chocolatesmachine.com\/wp-content\/uploads\/2020\/07\/ball-1.jpg\",\"datePublished\":\"2020-07-28T14:33:44+00:00\",\"dateModified\":\"2025-12-02T13:32:47+00:00\",\"description\":\"The chocolate ball mill machine can finely grind chocolate slurry, with high production efficiency, low energy consumption and uniform slurry fineness.\",\"breadcrumb\":{\"@id\":\"https:\/\/www.chocolatesmachine.com\/ar\/chocolate-ball-mill-machine\/#breadcrumb\"},\"inLanguage\":\"es\",\"potentialAction\":[{\"@type\":\"ReadAction\",\"target\":[\"https:\/\/www.chocolatesmachine.com\/ar\/chocolate-ball-mill-machine\/\"]}]},{\"@type\":\"ImageObject\",\"inLanguage\":\"es\",\"@id\":\"https:\/\/www.chocolatesmachine.com\/ar\/chocolate-ball-mill-machine\/#primaryimage\",\"url\":\"https:\/\/www.chocolatesmachine.com\/wp-content\/uploads\/2020\/07\/ball-1.jpg\",\"contentUrl\":\"https:\/\/www.chocolatesmachine.com\/wp-content\/uploads\/2020\/07\/ball-1.jpg\",\"width\":600,\"height\":600,\"caption\":\"Continuous Chocolate Ball Mill Machine Price\"},{\"@type\":\"BreadcrumbList\",\"@id\":\"https:\/\/www.chocolatesmachine.com\/ar\/chocolate-ball-mill-machine\/#breadcrumb\",\"itemListElement\":[{\"@type\":\"ListItem\",\"position\":1,\"name\":\"\u9996\u9875\",\"item\":\"https:\/\/www.chocolatesmachine.com\/\"},{\"@type\":\"ListItem\",\"position\":2,\"name\":\"Chocolate Machine\",\"item\":\"https:\/\/www.chocolatesmachine.com\/es\/producto\/\"},{\"@type\":\"ListItem\",\"position\":3,\"name\":\"Continuous Chocolate Ball Mill Machine for Sale SUS304\"}]},{\"@type\":\"WebSite\",\"@id\":\"https:\/\/www.chocolatesmachine.com\/ar\/#website\",\"url\":\"https:\/\/www.chocolatesmachine.com\/ar\/\",\"name\":\"Chocolate Making Machine\",\"description\":\"Solution Provider\",\"publisher\":{\"@id\":\"https:\/\/www.chocolatesmachine.com\/ar\/#organization\"},\"potentialAction\":[{\"@type\":\"SearchAction\",\"target\":{\"@type\":\"EntryPoint\",\"urlTemplate\":\"https:\/\/www.chocolatesmachine.com\/ar\/?s={search_term_string}\"},\"query-input\":{\"@type\":\"PropertyValueSpecification\",\"valueRequired\":true,\"valueName\":\"search_term_string\"}}],\"inLanguage\":\"es\"},{\"@type\":\"Organization\",\"@id\":\"https:\/\/www.chocolatesmachine.com\/ar\/#organization\",\"name\":\"Longer Food Machinery\",\"url\":\"https:\/\/www.chocolatesmachine.com\/ar\/\",\"logo\":{\"@type\":\"ImageObject\",\"inLanguage\":\"es\",\"@id\":\"https:\/\/www.chocolatesmachine.com\/ar\/#\/schema\/logo\/image\/\",\"url\":\"https:\/\/www.chocolatesmachine.com\/wp-content\/uploads\/2024\/03\/300-60.png\",\"contentUrl\":\"https:\/\/www.chocolatesmachine.com\/wp-content\/uploads\/2024\/03\/300-60.png\",\"width\":300,\"height\":60,\"caption\":\"Longer Food Machinery\"},\"image\":{\"@id\":\"https:\/\/www.chocolatesmachine.com\/ar\/#\/schema\/logo\/image\/\"},\"sameAs\":[\"https:\/\/www.facebook.com\/longernutsmachinery\/\",\"https:\/\/x.com\/nutsmachinery\",\"https:\/\/www.pinterest.com\/nutsmachinery\/\",\"https:\/\/www.linkedin.com\/company\/longer-nuts-machinery\/\",\"https:\/\/www.youtube.com\/c\/NutsMachinery\"]}]}<\/script>\n<!-- \/ Yoast SEO plugin. -->","yoast_head_json":{"title":"Continuous Chocolate Ball Mill Machine for Sale SUS304","description":"The chocolate ball mill machine can finely grind chocolate slurry, with high production efficiency, low energy consumption and uniform slurry fineness.","robots":{"index":"index","follow":"follow","max-snippet":"max-snippet:-1","max-image-preview":"max-image-preview:large","max-video-preview":"max-video-preview:-1"},"canonical":"https:\/\/www.chocolatesmachine.com\/es\/chocolate-ball-mill-machine\/","og_locale":"es_ES","og_type":"article","og_title":"Continuous Chocolate Ball Mill Machine for Sale SUS304","og_description":"The chocolate ball mill machine can finely grind chocolate slurry, with high production efficiency, low energy consumption and uniform slurry fineness.","og_url":"https:\/\/www.chocolatesmachine.com\/es\/chocolate-ball-mill-machine\/","og_site_name":"Chocolate Making Machine","article_publisher":"https:\/\/www.facebook.com\/longernutsmachinery\/","article_modified_time":"2025-12-02T13:32:47+00:00","og_image":[{"width":600,"height":600,"url":"https:\/\/www.chocolatesmachine.com\/wp-content\/uploads\/2020\/07\/ball-1.jpg","type":"image\/jpeg"}],"twitter_card":"summary_large_image","twitter_site":"@nutsmachinery","twitter_misc":{"Tiempo de lectura":"1 minuto"},"schema":{"@context":"https:\/\/schema.org","@graph":[{"@type":"WebPage","@id":"https:\/\/www.chocolatesmachine.com\/ar\/chocolate-ball-mill-machine\/","url":"https:\/\/www.chocolatesmachine.com\/ar\/chocolate-ball-mill-machine\/","name":"Continuous Chocolate Ball Mill Machine for Sale SUS304","isPartOf":{"@id":"https:\/\/www.chocolatesmachine.com\/ar\/#website"},"primaryImageOfPage":{"@id":"https:\/\/www.chocolatesmachine.com\/ar\/chocolate-ball-mill-machine\/#primaryimage"},"image":{"@id":"https:\/\/www.chocolatesmachine.com\/ar\/chocolate-ball-mill-machine\/#primaryimage"},"thumbnailUrl":"https:\/\/www.chocolatesmachine.com\/wp-content\/uploads\/2020\/07\/ball-1.jpg","datePublished":"2020-07-28T14:33:44+00:00","dateModified":"2025-12-02T13:32:47+00:00","description":"The chocolate ball mill machine can finely grind chocolate slurry, with high production efficiency, low energy consumption and uniform slurry fineness.","breadcrumb":{"@id":"https:\/\/www.chocolatesmachine.com\/ar\/chocolate-ball-mill-machine\/#breadcrumb"},"inLanguage":"es","potentialAction":[{"@type":"ReadAction","target":["https:\/\/www.chocolatesmachine.com\/ar\/chocolate-ball-mill-machine\/"]}]},{"@type":"ImageObject","inLanguage":"es","@id":"https:\/\/www.chocolatesmachine.com\/ar\/chocolate-ball-mill-machine\/#primaryimage","url":"https:\/\/www.chocolatesmachine.com\/wp-content\/uploads\/2020\/07\/ball-1.jpg","contentUrl":"https:\/\/www.chocolatesmachine.com\/wp-content\/uploads\/2020\/07\/ball-1.jpg","width":600,"height":600,"caption":"Continuous Chocolate Ball Mill Machine Price"},{"@type":"BreadcrumbList","@id":"https:\/\/www.chocolatesmachine.com\/ar\/chocolate-ball-mill-machine\/#breadcrumb","itemListElement":[{"@type":"ListItem","position":1,"name":"\u9996\u9875","item":"https:\/\/www.chocolatesmachine.com\/"},{"@type":"ListItem","position":2,"name":"Chocolate Machine","item":"https:\/\/www.chocolatesmachine.com\/es\/producto\/"},{"@type":"ListItem","position":3,"name":"Continuous Chocolate Ball Mill Machine for Sale SUS304"}]},{"@type":"WebSite","@id":"https:\/\/www.chocolatesmachine.com\/ar\/#website","url":"https:\/\/www.chocolatesmachine.com\/ar\/","name":"Chocolate Making Machine","description":"Solution Provider","publisher":{"@id":"https:\/\/www.chocolatesmachine.com\/ar\/#organization"},"potentialAction":[{"@type":"SearchAction","target":{"@type":"EntryPoint","urlTemplate":"https:\/\/www.chocolatesmachine.com\/ar\/?s={search_term_string}"},"query-input":{"@type":"PropertyValueSpecification","valueRequired":true,"valueName":"search_term_string"}}],"inLanguage":"es"},{"@type":"Organization","@id":"https:\/\/www.chocolatesmachine.com\/ar\/#organization","name":"Longer Food Machinery","url":"https:\/\/www.chocolatesmachine.com\/ar\/","logo":{"@type":"ImageObject","inLanguage":"es","@id":"https:\/\/www.chocolatesmachine.com\/ar\/#\/schema\/logo\/image\/","url":"https:\/\/www.chocolatesmachine.com\/wp-content\/uploads\/2024\/03\/300-60.png","contentUrl":"https:\/\/www.chocolatesmachine.com\/wp-content\/uploads\/2024\/03\/300-60.png","width":300,"height":60,"caption":"Longer Food Machinery"},"image":{"@id":"https:\/\/www.chocolatesmachine.com\/ar\/#\/schema\/logo\/image\/"},"sameAs":["https:\/\/www.facebook.com\/longernutsmachinery\/","https:\/\/x.com\/nutsmachinery","https:\/\/www.pinterest.com\/nutsmachinery\/","https:\/\/www.linkedin.com\/company\/longer-nuts-machinery\/","https:\/\/www.youtube.com\/c\/NutsMachinery"]}]}},"_links":{"self":[{"href":"https:\/\/www.chocolatesmachine.com\/es\/wp-json\/wp\/v2\/product\/666","targetHints":{"allow":["GET"]}}],"collection":[{"href":"https:\/\/www.chocolatesmachine.com\/es\/wp-json\/wp\/v2\/product"}],"about":[{"href":"https:\/\/www.chocolatesmachine.com\/es\/wp-json\/wp\/v2\/types\/product"}],"replies":[{"embeddable":true,"href":"https:\/\/www.chocolatesmachine.com\/es\/wp-json\/wp\/v2\/comments?post=666"}],"wp:featuredmedia":[{"embeddable":true,"href":"https:\/\/www.chocolatesmachine.com\/es\/wp-json\/wp\/v2\/media\/668"}],"wp:attachment":[{"href":"https:\/\/www.chocolatesmachine.com\/es\/wp-json\/wp\/v2\/media?parent=666"}],"wp:term":[{"taxonomy":"product_cat","embeddable":true,"href":"https:\/\/www.chocolatesmachine.com\/es\/wp-json\/wp\/v2\/product_cat?post=666"},{"taxonomy":"product_tag","embeddable":true,"href":"https:\/\/www.chocolatesmachine.com\/es\/wp-json\/wp\/v2\/product_tag?post=666"}],"curies":[{"name":"wp","href":"https:\/\/api.w.org\/{rel}","templated":true}]}}