{"id":656,"date":"2020-07-27T22:35:23","date_gmt":"2020-07-27T14:35:23","guid":{"rendered":"https:\/\/www.chocolatesmachine.com\/?post_type=product&#038;p=656"},"modified":"2026-01-11T03:35:08","modified_gmt":"2026-01-10T19:35:08","slug":"chocolate-tempering-machine","status":"publish","type":"product","link":"https:\/\/www.chocolatesmachine.com\/es\/chocolate-tempering-machine\/","title":{"rendered":"Temperadora de chocolate industrial Precio China"},"content":{"rendered":"<h3><strong>Estructura de la m\u00e1quina industrial de templado de chocolate<\/strong><\/h3>\n<p>Se compone principalmente de un centro de control de la temperatura, un sistema de tuber\u00edas de circulaci\u00f3n de agua fr\u00eda y caliente, un sistema de circuitos que incluye un sensor de temperatura, una v\u00e1lvula solenoide, y calefacci\u00f3n, refrigeraci\u00f3n y armarios.<\/p>\n<h3><strong>Principio de funcionamiento de la m\u00e1quina autom\u00e1tica para templar chocolate<\/strong><\/h3>\n<p>El centro de ajuste de temperatura est\u00e1 dividido en m\u00faltiples capas, divididas en cuatro zonas de temperatura de acuerdo con los requisitos de ajuste de temperatura. Despu\u00e9s de ajustar la temperatura, la temperatura se cambia continuamente a trav\u00e9s de la estructura de leva de cinco segmentos para lograr el prop\u00f3sito de ajuste de la temperatura.<\/p>\n<p><img loading=\"lazy\" decoding=\"async\" class=\"alignnone size-full wp-image-659\" src=\"https:\/\/www.chocolatesmachine.com\/wp-content\/uploads\/2020\/07\/tempering-3.jpg\" alt=\"Temperadora de chocolate comercial Precio\" width=\"600\" height=\"600\" srcset=\"https:\/\/www.chocolatesmachine.com\/wp-content\/uploads\/2020\/07\/tempering-3.jpg 600w, https:\/\/www.chocolatesmachine.com\/wp-content\/uploads\/2020\/07\/tempering-3-300x300.jpg 300w, https:\/\/www.chocolatesmachine.com\/wp-content\/uploads\/2020\/07\/tempering-3-150x150.jpg 150w, https:\/\/www.chocolatesmachine.com\/wp-content\/uploads\/2020\/07\/tempering-3-100x100.jpg 100w\" sizes=\"auto, (max-width: 600px) 100vw, 600px\" \/><\/p>\n<h3><strong>Ventajas de las m\u00e1quinas comerciales para templar chocolate<\/strong><\/h3>\n<ul>\n<li>La temperatura se ajusta accionando el regulador de temperatura del panel de control, y las cuatro zonas de temperatura diferentes est\u00e1n controladas por cuatro reguladores de temperatura diferentes.<\/li>\n<li>Utilizando un sensor de temperatura, la precisi\u00f3n del control de temperatura de la pasta de chocolate puede alcanzar \u00b11\u2103.<\/li>\n<li>Cada capa de lechada tiene una lechada de agitaci\u00f3n para que la temperatura de la lechada de chocolate sea uniforme.<\/li>\n<li>La pasta de chocolate presenta un excelente estado cristalino tras la formaci\u00f3n, una sensaci\u00f3n suave en boca, un brillo excepcional y un buen comportamiento de almacenamiento.<\/li>\n<\/ul>\n<p><img loading=\"lazy\" decoding=\"async\" class=\"alignnone size-full wp-image-658\" src=\"https:\/\/www.chocolatesmachine.com\/wp-content\/uploads\/2020\/07\/tempering-2.jpg\" alt=\"Atemperado autom\u00e1tico de chocolate Precio\" width=\"600\" height=\"600\" srcset=\"https:\/\/www.chocolatesmachine.com\/wp-content\/uploads\/2020\/07\/tempering-2.jpg 600w, https:\/\/www.chocolatesmachine.com\/wp-content\/uploads\/2020\/07\/tempering-2-300x300.jpg 300w, https:\/\/www.chocolatesmachine.com\/wp-content\/uploads\/2020\/07\/tempering-2-150x150.jpg 150w, https:\/\/www.chocolatesmachine.com\/wp-content\/uploads\/2020\/07\/tempering-2-100x100.jpg 100w\" sizes=\"auto, (max-width: 600px) 100vw, 600px\" \/><\/p>\n<h3><strong>Par\u00e1metros de la m\u00e1quina templadora de chocolate en venta<\/strong><\/h3>\n<table style=\"border-collapse: collapse; width: 270.02pt;\" border=\"0\" width=\"360\" cellspacing=\"0\" cellpadding=\"0\">\n<colgroup>\n<col style=\"width: 54.00pt;\" span=\"5\" width=\"72\" \/> <\/colgroup>\n<tbody>\n<tr style=\"height: 14.25pt;\">\n<td class=\"et2\" style=\"height: 14.25pt; width: 54.00pt;\" width=\"72\" height=\"19\">Modelo<\/td>\n<td class=\"et2\" style=\"width: 54.00pt;\" width=\"72\">LG-CT250<\/td>\n<td class=\"et2\" style=\"width: 54.00pt;\" width=\"72\">LG-CT500<\/td>\n<td class=\"et2\" style=\"width: 54.00pt;\" width=\"72\">LG-CT1000<\/td>\n<td class=\"et2\" style=\"width: 54.00pt;\" width=\"72\">LG-CT2000<\/td>\n<\/tr>\n<tr style=\"height: 14.25pt;\">\n<td class=\"et2\" style=\"height: 14.25pt;\" height=\"19\">Capacidad (kg\/h)<\/td>\n<td class=\"et2\" align=\"right\">250<\/td>\n<td class=\"et2\" align=\"right\">500<\/td>\n<td class=\"et2\" align=\"right\">1000<\/td>\n<td class=\"et2\" align=\"right\">2000<\/td>\n<\/tr>\n<tr style=\"height: 14.25pt;\">\n<td class=\"et2\" style=\"height: 14.25pt;\" height=\"19\">Potencia (kw)<\/td>\n<td class=\"et2\" align=\"right\">8.3<\/td>\n<td class=\"et2\" align=\"right\">10.57<\/td>\n<td class=\"et2\" align=\"right\">15<\/td>\n<td class=\"et2\" align=\"right\">18.5<\/td>\n<\/tr>\n<tr style=\"height: 14.25pt;\">\n<td class=\"et2\" style=\"height: 14.25pt;\" height=\"19\">Peso (kg)<\/td>\n<td class=\"et2\" align=\"right\">580<\/td>\n<td class=\"et2\" align=\"right\">880<\/td>\n<td class=\"et2\" align=\"right\">1200<\/td>\n<td class=\"et2\" align=\"right\">1500<\/td>\n<\/tr>\n<tr style=\"height: 14.25pt;\">\n<td class=\"et2\" style=\"height: 14.25pt;\" height=\"19\">Dimensiones (mm)<\/td>\n<td class=\"et2\">1100*800*1900<\/td>\n<td class=\"et2\">1200*1000*1900<\/td>\n<td class=\"et2\">1400*1200*1900<\/td>\n<td class=\"et2\">1700*1300*2500<\/td>\n<\/tr>\n<\/tbody>\n<\/table>\n<h3><strong>Puntos clave del uso del atemperador de chocolate:<\/strong><\/h3>\n<ul>\n<li>Durante el funcionamiento normal, la unidad de refrigeraci\u00f3n debe encenderse primero para reducir su temperatura al rango establecido y, a continuaci\u00f3n, deben encenderse el motor principal y la bomba de lodo.<\/li>\n<li>Podemos establecer la temperatura normal de atemperado del chocolate, y los usuarios pueden ajustarla seg\u00fan su propia receta artesanal de chocolate.<\/li>\n<li>El calentamiento del agua y la temperatura del agua caliente tambi\u00e9n se controlan autom\u00e1ticamente mediante el regulador de temperatura.<\/li>\n<li>Ajuste del caudal: La salida de la m\u00e1quina viene determinada por la bomba de lodo (el volumen m\u00e1ximo no es superior a la salida nominal).<\/li>\n<\/ul>\n<p><iframe loading=\"lazy\" title=\"Temperadora industrial de chocolate\" width=\"800\" height=\"450\" src=\"https:\/\/www.youtube.com\/embed\/YOZ8Jm7IMVM?feature=oembed\" frameborder=\"0\" allow=\"accelerometer; autoplay; clipboard-write; encrypted-media; gyroscope; picture-in-picture; web-share\" allowfullscreen><\/iframe><\/p>\n<hr \/>\n<p>Env\u00edenos su solicitud y le proporcionaremos una soluci\u00f3n de chocolate completa y un presupuesto.<\/p>\n<p><strong>Correo electr\u00f3nico: serena@machinehall.com WhatsApp\/M\u00f3vil: +8615515597212<\/strong><\/p>\n<div role=\"form\" class=\"wpcf7\" id=\"wpcf7-f575-o1\" lang=\"zh-CN\" dir=\"ltr\">\n<div class=\"screen-reader-response\"><p role=\"status\" aria-live=\"polite\" aria-atomic=\"true\"><\/p> <ul><\/ul><\/div>\n<form action=\"\/es\/wp-json\/wp\/v2\/product\/656#wpcf7-f575-o1\" method=\"post\" class=\"wpcf7-form init\" novalidate=\"novalidate\" data-status=\"init\" data-trp-original-action=\"\/es\/wp-json\/wp\/v2\/product\/656#wpcf7-f575-o1\">\n<div style=\"display: none;\">\n<input type=\"hidden\" name=\"_wpcf7\" value=\"575\" \/>\n<input type=\"hidden\" name=\"_wpcf7_version\" value=\"5.5.2\" \/>\n<input type=\"hidden\" name=\"_wpcf7_locale\" value=\"zh_CN\" \/>\n<input type=\"hidden\" name=\"_wpcf7_unit_tag\" value=\"wpcf7-f575-o1\" \/>\n<input type=\"hidden\" name=\"_wpcf7_container_post\" value=\"0\" \/>\n<input type=\"hidden\" name=\"_wpcf7_posted_data_hash\" value=\"\" \/>\n<\/div>\n<div style='display:block;text-align:center;font-size:20px;font-weight:bold;margin-bottom:20px'>Enviar solicitud <span style='display:block;width:30px;height:2px;background:#99502c;margin:10px auto;'><\/span><\/div>\n<p><label> Nombre<br \/>\n    <span class=\"wpcf7-form-control-wrap your-name\"><input type=\"text\" name=\"your-name\" value=\"\" size=\"40\" class=\"wpcf7-form-control wpcf7-text wpcf7-validates-as-required\" aria-required=\"true\" aria-invalid=\"false\" \/><\/span> <\/label><\/p>\n<p><label> Correo electr\u00f3nico<br \/>\n    <span class=\"wpcf7-form-control-wrap your-email\"><input type=\"email\" name=\"your-email\" value=\"\" size=\"40\" class=\"wpcf7-form-control wpcf7-text wpcf7-email wpcf7-validates-as-required wpcf7-validates-as-email\" aria-required=\"true\" aria-invalid=\"false\" \/><\/span> <\/label><\/p>\n<p><label> Pa\u00eds<br \/>\n    <span class=\"wpcf7-form-control-wrap your-country\"><input type=\"text\" name=\"your-country\" value=\"\" size=\"40\" class=\"wpcf7-form-control wpcf7-text\" aria-invalid=\"false\" \/><\/span> <\/label><\/p>\n<p><label> Tel\u00e9fono<br \/>\n    <span class=\"wpcf7-form-control-wrap tel-901\"><input type=\"tel\" name=\"tel-901\" value=\"\" size=\"40\" class=\"wpcf7-form-control wpcf7-text wpcf7-tel wpcf7-validates-as-tel\" aria-invalid=\"false\" \/><\/span> <\/label><\/p>\n<p><label> Nombre de la empresa<br \/>\n    <span class=\"wpcf7-form-control-wrap company-name\"><input type=\"text\" name=\"company-name\" value=\"\" size=\"40\" class=\"wpcf7-form-control wpcf7-text\" aria-invalid=\"false\" \/><\/span> <\/label><\/p>\n<p><label> Sitio web de la empresa<br \/>\n    <span class=\"wpcf7-form-control-wrap company-website\"><input type=\"text\" name=\"company-website\" value=\"\" size=\"40\" class=\"wpcf7-form-control wpcf7-text\" aria-invalid=\"false\" \/><\/span> <\/label><\/p>\n<p><label> Mensaje<br \/>\n    <span class=\"wpcf7-form-control-wrap your-message\"><textarea name=\"your-message\" cols=\"40\" rows=\"10\" class=\"wpcf7-form-control wpcf7-textarea wpcf7-validates-as-required\" aria-required=\"true\" aria-invalid=\"false\"><\/textarea><\/span> <\/label><\/p>\n<p><input type=\"submit\" value=\"Enviar\" class=\"wpcf7-form-control has-spinner wpcf7-submit\" \/><\/p>\n<p style=\"display: none !important;\"><label>&#916;<textarea name=\"_wpcf7_ak_hp_textarea\" cols=\"45\" rows=\"8\" maxlength=\"100\"><\/textarea><\/label><input type=\"hidden\" id=\"ak_js\" name=\"_wpcf7_ak_js\" value=\"40\"\/><script>document.getElementById( \"ak_js\" ).setAttribute( \"value\", ( new Date() ).getTime() );<\/script><\/p><div class=\"wpcf7-response-output\" aria-hidden=\"true\"><\/div><input type=\"hidden\" name=\"trp-form-language\" value=\"es\"\/><\/form><\/div>","protected":false},"excerpt":{"rendered":"<p>La m\u00e1quina de templado de chocolate puede controlar estrictamente la temperatura, para que la pasta de chocolate tenga un excelente estado cristalino despu\u00e9s de la formaci\u00f3n, tenga un buen sabor y mejore la calidad de los productos de chocolate.<\/p>","protected":false},"featured_media":663,"comment_status":"open","ping_status":"closed","template":"","meta":[],"product_cat":[26,27],"product_tag":[],"class_list":["post-656","product","type-product","status-publish","has-post-thumbnail","hentry","product_cat-single-machine","product_cat-product"],"yoast_head":"<!-- This site is optimized with the Yoast SEO plugin v25.6 - https:\/\/yoast.com\/wordpress\/plugins\/seo\/ -->\n<title>Industrial Chocolate Tempering Machine Price China<\/title>\n<meta name=\"description\" content=\"The chocolate tempering machine can precisely regulate the temperature required in each stage and improve the quality of chocolate products.\" \/>\n<meta name=\"robots\" content=\"index, follow, max-snippet:-1, max-image-preview:large, max-video-preview:-1\" \/>\n<link rel=\"canonical\" href=\"https:\/\/www.chocolatesmachine.com\/es\/chocolate-tempering-machine\/\" \/>\n<meta property=\"og:locale\" content=\"es_ES\" \/>\n<meta property=\"og:type\" content=\"article\" \/>\n<meta property=\"og:title\" content=\"Industrial Chocolate Tempering Machine Price China\" \/>\n<meta property=\"og:description\" content=\"The chocolate tempering machine can precisely regulate the temperature required in each stage and improve the quality of chocolate products.\" \/>\n<meta property=\"og:url\" content=\"https:\/\/www.chocolatesmachine.com\/es\/chocolate-tempering-machine\/\" \/>\n<meta property=\"og:site_name\" content=\"Chocolate Making Machine\" \/>\n<meta property=\"article:publisher\" content=\"https:\/\/www.facebook.com\/longernutsmachinery\/\" \/>\n<meta property=\"article:modified_time\" content=\"2026-01-10T19:35:08+00:00\" \/>\n<meta property=\"og:image\" content=\"https:\/\/www.chocolatesmachine.com\/wp-content\/uploads\/2020\/07\/tempering-1-2.jpg\" \/>\n\t<meta property=\"og:image:width\" content=\"600\" \/>\n\t<meta property=\"og:image:height\" content=\"600\" \/>\n\t<meta property=\"og:image:type\" content=\"image\/jpeg\" \/>\n<meta name=\"twitter:card\" content=\"summary_large_image\" \/>\n<meta name=\"twitter:site\" content=\"@nutsmachinery\" \/>\n<meta name=\"twitter:label1\" content=\"Tiempo de lectura\" \/>\n\t<meta name=\"twitter:data1\" content=\"2 minutos\" \/>\n<script type=\"application\/ld+json\" class=\"yoast-schema-graph\">{\"@context\":\"https:\/\/schema.org\",\"@graph\":[{\"@type\":\"WebPage\",\"@id\":\"https:\/\/www.chocolatesmachine.com\/ar\/chocolate-tempering-machine\/\",\"url\":\"https:\/\/www.chocolatesmachine.com\/ar\/chocolate-tempering-machine\/\",\"name\":\"Industrial Chocolate Tempering Machine Price China\",\"isPartOf\":{\"@id\":\"https:\/\/www.chocolatesmachine.com\/ar\/#website\"},\"primaryImageOfPage\":{\"@id\":\"https:\/\/www.chocolatesmachine.com\/ar\/chocolate-tempering-machine\/#primaryimage\"},\"image\":{\"@id\":\"https:\/\/www.chocolatesmachine.com\/ar\/chocolate-tempering-machine\/#primaryimage\"},\"thumbnailUrl\":\"https:\/\/www.chocolatesmachine.com\/wp-content\/uploads\/2020\/07\/tempering-1-2.jpg\",\"datePublished\":\"2020-07-27T14:35:23+00:00\",\"dateModified\":\"2026-01-10T19:35:08+00:00\",\"description\":\"The chocolate tempering machine can precisely regulate the temperature required in each stage and improve the quality of chocolate products.\",\"breadcrumb\":{\"@id\":\"https:\/\/www.chocolatesmachine.com\/ar\/chocolate-tempering-machine\/#breadcrumb\"},\"inLanguage\":\"es\",\"potentialAction\":[{\"@type\":\"ReadAction\",\"target\":[\"https:\/\/www.chocolatesmachine.com\/ar\/chocolate-tempering-machine\/\"]}]},{\"@type\":\"ImageObject\",\"inLanguage\":\"es\",\"@id\":\"https:\/\/www.chocolatesmachine.com\/ar\/chocolate-tempering-machine\/#primaryimage\",\"url\":\"https:\/\/www.chocolatesmachine.com\/wp-content\/uploads\/2020\/07\/tempering-1-2.jpg\",\"contentUrl\":\"https:\/\/www.chocolatesmachine.com\/wp-content\/uploads\/2020\/07\/tempering-1-2.jpg\",\"width\":600,\"height\":600,\"caption\":\"Industrial Chocolate Tempering Machine\"},{\"@type\":\"BreadcrumbList\",\"@id\":\"https:\/\/www.chocolatesmachine.com\/ar\/chocolate-tempering-machine\/#breadcrumb\",\"itemListElement\":[{\"@type\":\"ListItem\",\"position\":1,\"name\":\"\u9996\u9875\",\"item\":\"https:\/\/www.chocolatesmachine.com\/\"},{\"@type\":\"ListItem\",\"position\":2,\"name\":\"Chocolate Machine\",\"item\":\"https:\/\/www.chocolatesmachine.com\/es\/producto\/\"},{\"@type\":\"ListItem\",\"position\":3,\"name\":\"Industrial Chocolate Tempering Machine Price China\"}]},{\"@type\":\"WebSite\",\"@id\":\"https:\/\/www.chocolatesmachine.com\/ar\/#website\",\"url\":\"https:\/\/www.chocolatesmachine.com\/ar\/\",\"name\":\"Chocolate Making Machine\",\"description\":\"Solution Provider\",\"publisher\":{\"@id\":\"https:\/\/www.chocolatesmachine.com\/ar\/#organization\"},\"potentialAction\":[{\"@type\":\"SearchAction\",\"target\":{\"@type\":\"EntryPoint\",\"urlTemplate\":\"https:\/\/www.chocolatesmachine.com\/ar\/?s={search_term_string}\"},\"query-input\":{\"@type\":\"PropertyValueSpecification\",\"valueRequired\":true,\"valueName\":\"search_term_string\"}}],\"inLanguage\":\"es\"},{\"@type\":\"Organization\",\"@id\":\"https:\/\/www.chocolatesmachine.com\/ar\/#organization\",\"name\":\"Longer Food Machinery\",\"url\":\"https:\/\/www.chocolatesmachine.com\/ar\/\",\"logo\":{\"@type\":\"ImageObject\",\"inLanguage\":\"es\",\"@id\":\"https:\/\/www.chocolatesmachine.com\/ar\/#\/schema\/logo\/image\/\",\"url\":\"https:\/\/www.chocolatesmachine.com\/wp-content\/uploads\/2024\/03\/300-60.png\",\"contentUrl\":\"https:\/\/www.chocolatesmachine.com\/wp-content\/uploads\/2024\/03\/300-60.png\",\"width\":300,\"height\":60,\"caption\":\"Longer Food Machinery\"},\"image\":{\"@id\":\"https:\/\/www.chocolatesmachine.com\/ar\/#\/schema\/logo\/image\/\"},\"sameAs\":[\"https:\/\/www.facebook.com\/longernutsmachinery\/\",\"https:\/\/x.com\/nutsmachinery\",\"https:\/\/www.pinterest.com\/nutsmachinery\/\",\"https:\/\/www.linkedin.com\/company\/longer-nuts-machinery\/\",\"https:\/\/www.youtube.com\/c\/NutsMachinery\"]}]}<\/script>\n<!-- \/ Yoast SEO plugin. -->","yoast_head_json":{"title":"Industrial Chocolate Tempering Machine Price China","description":"The chocolate tempering machine can precisely regulate the temperature required in each stage and improve the quality of chocolate products.","robots":{"index":"index","follow":"follow","max-snippet":"max-snippet:-1","max-image-preview":"max-image-preview:large","max-video-preview":"max-video-preview:-1"},"canonical":"https:\/\/www.chocolatesmachine.com\/es\/chocolate-tempering-machine\/","og_locale":"es_ES","og_type":"article","og_title":"Industrial Chocolate Tempering Machine Price China","og_description":"The chocolate tempering machine can precisely regulate the temperature required in each stage and improve the quality of chocolate products.","og_url":"https:\/\/www.chocolatesmachine.com\/es\/chocolate-tempering-machine\/","og_site_name":"Chocolate Making Machine","article_publisher":"https:\/\/www.facebook.com\/longernutsmachinery\/","article_modified_time":"2026-01-10T19:35:08+00:00","og_image":[{"width":600,"height":600,"url":"https:\/\/www.chocolatesmachine.com\/wp-content\/uploads\/2020\/07\/tempering-1-2.jpg","type":"image\/jpeg"}],"twitter_card":"summary_large_image","twitter_site":"@nutsmachinery","twitter_misc":{"Tiempo de lectura":"2 minutos"},"schema":{"@context":"https:\/\/schema.org","@graph":[{"@type":"WebPage","@id":"https:\/\/www.chocolatesmachine.com\/ar\/chocolate-tempering-machine\/","url":"https:\/\/www.chocolatesmachine.com\/ar\/chocolate-tempering-machine\/","name":"Industrial Chocolate Tempering Machine Price China","isPartOf":{"@id":"https:\/\/www.chocolatesmachine.com\/ar\/#website"},"primaryImageOfPage":{"@id":"https:\/\/www.chocolatesmachine.com\/ar\/chocolate-tempering-machine\/#primaryimage"},"image":{"@id":"https:\/\/www.chocolatesmachine.com\/ar\/chocolate-tempering-machine\/#primaryimage"},"thumbnailUrl":"https:\/\/www.chocolatesmachine.com\/wp-content\/uploads\/2020\/07\/tempering-1-2.jpg","datePublished":"2020-07-27T14:35:23+00:00","dateModified":"2026-01-10T19:35:08+00:00","description":"The chocolate tempering machine can precisely regulate the temperature required in each stage and improve the quality of chocolate products.","breadcrumb":{"@id":"https:\/\/www.chocolatesmachine.com\/ar\/chocolate-tempering-machine\/#breadcrumb"},"inLanguage":"es","potentialAction":[{"@type":"ReadAction","target":["https:\/\/www.chocolatesmachine.com\/ar\/chocolate-tempering-machine\/"]}]},{"@type":"ImageObject","inLanguage":"es","@id":"https:\/\/www.chocolatesmachine.com\/ar\/chocolate-tempering-machine\/#primaryimage","url":"https:\/\/www.chocolatesmachine.com\/wp-content\/uploads\/2020\/07\/tempering-1-2.jpg","contentUrl":"https:\/\/www.chocolatesmachine.com\/wp-content\/uploads\/2020\/07\/tempering-1-2.jpg","width":600,"height":600,"caption":"Industrial Chocolate Tempering Machine"},{"@type":"BreadcrumbList","@id":"https:\/\/www.chocolatesmachine.com\/ar\/chocolate-tempering-machine\/#breadcrumb","itemListElement":[{"@type":"ListItem","position":1,"name":"\u9996\u9875","item":"https:\/\/www.chocolatesmachine.com\/"},{"@type":"ListItem","position":2,"name":"Chocolate Machine","item":"https:\/\/www.chocolatesmachine.com\/es\/producto\/"},{"@type":"ListItem","position":3,"name":"Industrial Chocolate Tempering Machine Price China"}]},{"@type":"WebSite","@id":"https:\/\/www.chocolatesmachine.com\/ar\/#website","url":"https:\/\/www.chocolatesmachine.com\/ar\/","name":"Chocolate Making Machine","description":"Solution Provider","publisher":{"@id":"https:\/\/www.chocolatesmachine.com\/ar\/#organization"},"potentialAction":[{"@type":"SearchAction","target":{"@type":"EntryPoint","urlTemplate":"https:\/\/www.chocolatesmachine.com\/ar\/?s={search_term_string}"},"query-input":{"@type":"PropertyValueSpecification","valueRequired":true,"valueName":"search_term_string"}}],"inLanguage":"es"},{"@type":"Organization","@id":"https:\/\/www.chocolatesmachine.com\/ar\/#organization","name":"Longer Food Machinery","url":"https:\/\/www.chocolatesmachine.com\/ar\/","logo":{"@type":"ImageObject","inLanguage":"es","@id":"https:\/\/www.chocolatesmachine.com\/ar\/#\/schema\/logo\/image\/","url":"https:\/\/www.chocolatesmachine.com\/wp-content\/uploads\/2024\/03\/300-60.png","contentUrl":"https:\/\/www.chocolatesmachine.com\/wp-content\/uploads\/2024\/03\/300-60.png","width":300,"height":60,"caption":"Longer Food Machinery"},"image":{"@id":"https:\/\/www.chocolatesmachine.com\/ar\/#\/schema\/logo\/image\/"},"sameAs":["https:\/\/www.facebook.com\/longernutsmachinery\/","https:\/\/x.com\/nutsmachinery","https:\/\/www.pinterest.com\/nutsmachinery\/","https:\/\/www.linkedin.com\/company\/longer-nuts-machinery\/","https:\/\/www.youtube.com\/c\/NutsMachinery"]}]}},"_links":{"self":[{"href":"https:\/\/www.chocolatesmachine.com\/es\/wp-json\/wp\/v2\/product\/656","targetHints":{"allow":["GET"]}}],"collection":[{"href":"https:\/\/www.chocolatesmachine.com\/es\/wp-json\/wp\/v2\/product"}],"about":[{"href":"https:\/\/www.chocolatesmachine.com\/es\/wp-json\/wp\/v2\/types\/product"}],"replies":[{"embeddable":true,"href":"https:\/\/www.chocolatesmachine.com\/es\/wp-json\/wp\/v2\/comments?post=656"}],"wp:featuredmedia":[{"embeddable":true,"href":"https:\/\/www.chocolatesmachine.com\/es\/wp-json\/wp\/v2\/media\/663"}],"wp:attachment":[{"href":"https:\/\/www.chocolatesmachine.com\/es\/wp-json\/wp\/v2\/media?parent=656"}],"wp:term":[{"taxonomy":"product_cat","embeddable":true,"href":"https:\/\/www.chocolatesmachine.com\/es\/wp-json\/wp\/v2\/product_cat?post=656"},{"taxonomy":"product_tag","embeddable":true,"href":"https:\/\/www.chocolatesmachine.com\/es\/wp-json\/wp\/v2\/product_tag?post=656"}],"curies":[{"name":"wp","href":"https:\/\/api.w.org\/{rel}","templated":true}]}}