{"id":1653,"date":"2025-10-28T19:34:38","date_gmt":"2025-10-28T11:34:38","guid":{"rendered":"https:\/\/www.chocolatesmachine.com\/?post_type=product&#038;p=1653"},"modified":"2025-10-28T19:37:39","modified_gmt":"2025-10-28T11:37:39","slug":"chocolate-belt-coating-machine","status":"publish","type":"product","link":"https:\/\/www.chocolatesmachine.com\/es\/chocolate-belt-coating-machine\/","title":{"rendered":"Panel de control PLC de la m\u00e1quina recubridora de cinta grande de chocolate"},"content":{"rendered":"<p>Este <strong>recubridora de chocolate de cinta a gran escala<\/strong>\u00a0se utiliza ampliamente para pulverizar y recubrir pasta de chocolate sobre nueces, almendras, avellanas, frutos secos y caramelos. Una precisa v\u00e1lvula dosificadora de pasta de chocolate garantiza un recubrimiento uniforme y una calidad constante. La m\u00e1quina de recubrimiento est\u00e1 equipada con un sistema de control inteligente PLC que puede almacenar recetas para diversos productos de chocolate.<\/p>\n<ul>\n<li>Anchura de la cinta transportadora: 1550 mm<\/li>\n<li>Velocidad de movimiento: 30-84 veces\/minuto (ajustable)<\/li>\n<li>Temperatura ambiente: 20-25\u00b0C<\/li>\n<li>Capacidad de producci\u00f3n: Aproximadamente 100-400 kg\/h<\/li>\n<li>La capacidad de producci\u00f3n espec\u00edfica depende del material que se procese, as\u00ed como de la temperatura y la humedad del aire.<\/li>\n<\/ul>\n<h2>Caracter\u00edsticas de la m\u00e1quina recubridora de chocolate con cinta<\/h2>\n<ul>\n<li>Alta capacidad de producci\u00f3n: En comparaci\u00f3n con las cubetas de revestimiento tradicionales de funcionamiento manual y baja capacidad de producci\u00f3n, esta m\u00e1quina de revestimiento de cinta puede completar el trabajo de varios sistemas de cubetas en muy poco tiempo. La capacidad de producci\u00f3n puede alcanzar los 400 kg\/h.<\/li>\n<li>Totalmente autom\u00e1tica: Sistema PLC, almacena diferentes procesos de recetas, y puede producir y rociar autom\u00e1ticamente diferentes tipos de productos de chocolate.<\/li>\n<li>Espacio cerrado, sin contaminaci\u00f3n, y permite controlar mejor la temperatura y la humedad del aire.<\/li>\n<li>Garantiza la consistencia del producto: La v\u00e1lvula de flujo controla con precisi\u00f3n la cantidad de pasta de chocolate pulverizada, y el tiempo de recubrimiento tambi\u00e9n se puede ajustar en funci\u00f3n de los distintos materiales.<\/li>\n<li>La m\u00e1quina est\u00e1 equipada con un sistema de aire caliente y fr\u00edo, que consigue un control autom\u00e1tico de la temperatura mediante la conmutaci\u00f3n de aire caliente y fr\u00edo.<\/li>\n<li>Tambi\u00e9n hay disponible un sistema de pulverizaci\u00f3n de polvo para producir m\u00e1s tipos de productos de chocolate.<\/li>\n<li>Toda la m\u00e1quina de revestimiento est\u00e1 fabricada en acero inoxidable 304 de calidad alimentaria, es f\u00e1cil de limpiar y cuenta con los certificados CE e ISO.<\/li>\n<li>El PLC es un sistema de control DELTA.<\/li>\n<\/ul>\n<p><iframe loading=\"lazy\" title=\"M\u00e1quina recubridora continua de chocolate\/ M\u00e1quina pulidora de chocolate\" width=\"800\" height=\"450\" src=\"https:\/\/www.youtube.com\/embed\/MLzHj5fSH2U?feature=oembed\" frameborder=\"0\" allow=\"accelerometer; autoplay; clipboard-write; encrypted-media; gyroscope; picture-in-picture; web-share\" referrerpolicy=\"strict-origin-when-cross-origin\" allowfullscreen><\/iframe><\/p>\n<h2>Par\u00e1metros de la gran ba\u00f1adora de banda de chocolate<\/h2>\n<table>\n<tbody>\n<tr>\n<td width=\"284\">Modelo<\/td>\n<td width=\"284\">LG-CTP1500<\/td>\n<\/tr>\n<tr>\n<td width=\"284\">Anchura de la cinta<\/td>\n<td width=\"284\">1550 mm<\/td>\n<\/tr>\n<tr>\n<td width=\"284\">Potencia bruta<\/td>\n<td width=\"284\">12 kw<\/td>\n<\/tr>\n<tr>\n<td width=\"284\">Alimentaci\u00f3n principal<\/td>\n<td width=\"284\">4kw<\/td>\n<\/tr>\n<tr>\n<td width=\"284\">Velocidad de desplazamiento<\/td>\n<td width=\"284\">30-84 veces\/minutos<\/td>\n<\/tr>\n<tr>\n<td width=\"284\">Peso<\/td>\n<td width=\"284\">1550 kg<\/td>\n<\/tr>\n<tr>\n<td width=\"284\">Dimensi\u00f3n<\/td>\n<td width=\"284\">2380*1600*2800mm<\/td>\n<\/tr>\n<tr>\n<td width=\"284\">Temperatura ambiente<\/td>\n<td width=\"284\">20-25 \u2103<\/td>\n<\/tr>\n<tr>\n<td width=\"284\">Controlar<\/td>\n<td width=\"284\">Panel de control PLC, marca DELTA<\/td>\n<\/tr>\n<\/tbody>\n<\/table>\n<h2>Materiales aplicables:<\/h2>\n<ol>\n<li>Frutos de c\u00e1scara: almendras, anacardos, avellanas, pistachos, nueces de macadamia, pipas de girasol, etc.<\/li>\n<li>Frutos secos: pasas, fresas deshidratadas, etc.<\/li>\n<li>Granos: arroz inflado y cereales, etc.<\/li>\n<li>Caramelos: caramelos de gelatina, caramelos duros, habas de chocolate, etc.<\/li>\n<\/ol>\n<figure id=\"attachment_1655\" aria-describedby=\"caption-attachment-1655\" style=\"width: 600px\" class=\"wp-caption alignnone\"><img loading=\"lazy\" decoding=\"async\" class=\"size-full wp-image-1655\" src=\"https:\/\/www.chocolatesmachine.com\/wp-content\/uploads\/2025\/10\/belt.jpg\" alt=\"Productos fabricados por m\u00e1quinas de revestimiento de bandas\" width=\"600\" height=\"600\" srcset=\"https:\/\/www.chocolatesmachine.com\/wp-content\/uploads\/2025\/10\/belt.jpg 600w, https:\/\/www.chocolatesmachine.com\/wp-content\/uploads\/2025\/10\/belt-300x300.jpg 300w, https:\/\/www.chocolatesmachine.com\/wp-content\/uploads\/2025\/10\/belt-150x150.jpg 150w, https:\/\/www.chocolatesmachine.com\/wp-content\/uploads\/2025\/10\/belt-12x12.jpg 12w, https:\/\/www.chocolatesmachine.com\/wp-content\/uploads\/2025\/10\/belt-100x100.jpg 100w\" sizes=\"auto, (max-width: 600px) 100vw, 600px\" \/><figcaption id=\"caption-attachment-1655\" class=\"wp-caption-text\">Productos fabricados por m\u00e1quinas de revestimiento de bandas<\/figcaption><\/figure>","protected":false},"excerpt":{"rendered":"<ul>\n<li><strong>Funci\u00f3n<\/strong>: Recubrimiento y pulido de pasta de chocolate sobre nueces, almendras, avellanas, frutos secos y caramelos.<\/li>\n<li><strong>Anchura de la cinta transportadora<\/strong>: 1550mm<\/li>\n<li><strong>Capacidad<\/strong>: Aproximadamente 100-400 kg\/h<\/li>\n<li><strong>V\u00eda de control<\/strong>: Sistema de control PLC marca DELTA<\/li>\n<\/ul>","protected":false},"featured_media":1654,"comment_status":"open","ping_status":"closed","template":"","meta":[],"product_cat":[26,27],"product_tag":[],"class_list":["post-1653","product","type-product","status-publish","has-post-thumbnail","hentry","product_cat-single-machine","product_cat-product"],"yoast_head":"<!-- This site is optimized with the Yoast SEO plugin v25.6 - https:\/\/yoast.com\/wordpress\/plugins\/seo\/ -->\n<title>Large Chocolate Belt Coating Machine PLC Control Panel<\/title>\n<meta name=\"description\" content=\"This chocolate belt coating machine uses PLC automatic control and has a large capacity. It is suitable for coating nuts, dried fruits, candies, etc.\" \/>\n<meta name=\"robots\" content=\"index, follow, max-snippet:-1, max-image-preview:large, max-video-preview:-1\" \/>\n<link rel=\"canonical\" href=\"https:\/\/www.chocolatesmachine.com\/es\/chocolate-belt-coating-machine\/\" \/>\n<meta property=\"og:locale\" content=\"es_ES\" \/>\n<meta property=\"og:type\" content=\"article\" \/>\n<meta property=\"og:title\" content=\"Large Chocolate Belt Coating Machine PLC Control Panel\" \/>\n<meta property=\"og:description\" content=\"This chocolate belt coating machine uses PLC automatic control and has a large capacity. It is suitable for coating nuts, dried fruits, candies, etc.\" \/>\n<meta property=\"og:url\" content=\"https:\/\/www.chocolatesmachine.com\/es\/chocolate-belt-coating-machine\/\" \/>\n<meta property=\"og:site_name\" content=\"Chocolate Making Machine\" \/>\n<meta property=\"article:publisher\" content=\"https:\/\/www.facebook.com\/longernutsmachinery\/\" \/>\n<meta property=\"article:modified_time\" content=\"2025-10-28T11:37:39+00:00\" \/>\n<meta property=\"og:image\" content=\"https:\/\/www.chocolatesmachine.com\/wp-content\/uploads\/2025\/10\/bet-coating.jpg\" \/>\n\t<meta property=\"og:image:width\" content=\"600\" \/>\n\t<meta property=\"og:image:height\" content=\"600\" \/>\n\t<meta property=\"og:image:type\" content=\"image\/jpeg\" \/>\n<meta name=\"twitter:card\" content=\"summary_large_image\" \/>\n<meta name=\"twitter:site\" content=\"@nutsmachinery\" \/>\n<meta name=\"twitter:label1\" content=\"Tiempo de lectura\" \/>\n\t<meta name=\"twitter:data1\" content=\"2 minutos\" \/>\n<script type=\"application\/ld+json\" class=\"yoast-schema-graph\">{\"@context\":\"https:\/\/schema.org\",\"@graph\":[{\"@type\":\"WebPage\",\"@id\":\"https:\/\/www.chocolatesmachine.com\/chocolate-belt-coating-machine\/\",\"url\":\"https:\/\/www.chocolatesmachine.com\/chocolate-belt-coating-machine\/\",\"name\":\"Large Chocolate Belt Coating Machine PLC Control Panel\",\"isPartOf\":{\"@id\":\"https:\/\/www.chocolatesmachine.com\/ar\/#website\"},\"primaryImageOfPage\":{\"@id\":\"https:\/\/www.chocolatesmachine.com\/chocolate-belt-coating-machine\/#primaryimage\"},\"image\":{\"@id\":\"https:\/\/www.chocolatesmachine.com\/chocolate-belt-coating-machine\/#primaryimage\"},\"thumbnailUrl\":\"https:\/\/www.chocolatesmachine.com\/wp-content\/uploads\/2025\/10\/bet-coating.jpg\",\"datePublished\":\"2025-10-28T11:34:38+00:00\",\"dateModified\":\"2025-10-28T11:37:39+00:00\",\"description\":\"This chocolate belt coating machine uses PLC automatic control and has a large capacity. It is suitable for coating nuts, dried fruits, candies, etc.\",\"breadcrumb\":{\"@id\":\"https:\/\/www.chocolatesmachine.com\/chocolate-belt-coating-machine\/#breadcrumb\"},\"inLanguage\":\"es\",\"potentialAction\":[{\"@type\":\"ReadAction\",\"target\":[\"https:\/\/www.chocolatesmachine.com\/chocolate-belt-coating-machine\/\"]}]},{\"@type\":\"ImageObject\",\"inLanguage\":\"es\",\"@id\":\"https:\/\/www.chocolatesmachine.com\/chocolate-belt-coating-machine\/#primaryimage\",\"url\":\"https:\/\/www.chocolatesmachine.com\/wp-content\/uploads\/2025\/10\/bet-coating.jpg\",\"contentUrl\":\"https:\/\/www.chocolatesmachine.com\/wp-content\/uploads\/2025\/10\/bet-coating.jpg\",\"width\":600,\"height\":600,\"caption\":\"PLC Chocolate Belt Coating Machine\"},{\"@type\":\"BreadcrumbList\",\"@id\":\"https:\/\/www.chocolatesmachine.com\/chocolate-belt-coating-machine\/#breadcrumb\",\"itemListElement\":[{\"@type\":\"ListItem\",\"position\":1,\"name\":\"\u9996\u9875\",\"item\":\"https:\/\/www.chocolatesmachine.com\/\"},{\"@type\":\"ListItem\",\"position\":2,\"name\":\"Chocolate Machine\",\"item\":\"https:\/\/www.chocolatesmachine.com\/es\/producto\/\"},{\"@type\":\"ListItem\",\"position\":3,\"name\":\"Large Chocolate Belt Coating Machine PLC Control Panel\"}]},{\"@type\":\"WebSite\",\"@id\":\"https:\/\/www.chocolatesmachine.com\/ar\/#website\",\"url\":\"https:\/\/www.chocolatesmachine.com\/ar\/\",\"name\":\"Chocolate Making Machine\",\"description\":\"Solution Provider\",\"publisher\":{\"@id\":\"https:\/\/www.chocolatesmachine.com\/ar\/#organization\"},\"potentialAction\":[{\"@type\":\"SearchAction\",\"target\":{\"@type\":\"EntryPoint\",\"urlTemplate\":\"https:\/\/www.chocolatesmachine.com\/ar\/?s={search_term_string}\"},\"query-input\":{\"@type\":\"PropertyValueSpecification\",\"valueRequired\":true,\"valueName\":\"search_term_string\"}}],\"inLanguage\":\"es\"},{\"@type\":\"Organization\",\"@id\":\"https:\/\/www.chocolatesmachine.com\/ar\/#organization\",\"name\":\"Longer Food Machinery\",\"url\":\"https:\/\/www.chocolatesmachine.com\/ar\/\",\"logo\":{\"@type\":\"ImageObject\",\"inLanguage\":\"es\",\"@id\":\"https:\/\/www.chocolatesmachine.com\/ar\/#\/schema\/logo\/image\/\",\"url\":\"https:\/\/www.chocolatesmachine.com\/wp-content\/uploads\/2024\/03\/300-60.png\",\"contentUrl\":\"https:\/\/www.chocolatesmachine.com\/wp-content\/uploads\/2024\/03\/300-60.png\",\"width\":300,\"height\":60,\"caption\":\"Longer Food Machinery\"},\"image\":{\"@id\":\"https:\/\/www.chocolatesmachine.com\/ar\/#\/schema\/logo\/image\/\"},\"sameAs\":[\"https:\/\/www.facebook.com\/longernutsmachinery\/\",\"https:\/\/x.com\/nutsmachinery\",\"https:\/\/www.pinterest.com\/nutsmachinery\/\",\"https:\/\/www.linkedin.com\/company\/longer-nuts-machinery\/\",\"https:\/\/www.youtube.com\/c\/NutsMachinery\"]}]}<\/script>\n<!-- \/ Yoast SEO plugin. -->","yoast_head_json":{"title":"Large Chocolate Belt Coating Machine PLC Control Panel","description":"This chocolate belt coating machine uses PLC automatic control and has a large capacity. It is suitable for coating nuts, dried fruits, candies, etc.","robots":{"index":"index","follow":"follow","max-snippet":"max-snippet:-1","max-image-preview":"max-image-preview:large","max-video-preview":"max-video-preview:-1"},"canonical":"https:\/\/www.chocolatesmachine.com\/es\/chocolate-belt-coating-machine\/","og_locale":"es_ES","og_type":"article","og_title":"Large Chocolate Belt Coating Machine PLC Control Panel","og_description":"This chocolate belt coating machine uses PLC automatic control and has a large capacity. It is suitable for coating nuts, dried fruits, candies, etc.","og_url":"https:\/\/www.chocolatesmachine.com\/es\/chocolate-belt-coating-machine\/","og_site_name":"Chocolate Making Machine","article_publisher":"https:\/\/www.facebook.com\/longernutsmachinery\/","article_modified_time":"2025-10-28T11:37:39+00:00","og_image":[{"width":600,"height":600,"url":"https:\/\/www.chocolatesmachine.com\/wp-content\/uploads\/2025\/10\/bet-coating.jpg","type":"image\/jpeg"}],"twitter_card":"summary_large_image","twitter_site":"@nutsmachinery","twitter_misc":{"Tiempo de lectura":"2 minutos"},"schema":{"@context":"https:\/\/schema.org","@graph":[{"@type":"WebPage","@id":"https:\/\/www.chocolatesmachine.com\/chocolate-belt-coating-machine\/","url":"https:\/\/www.chocolatesmachine.com\/chocolate-belt-coating-machine\/","name":"Large Chocolate Belt Coating Machine PLC Control Panel","isPartOf":{"@id":"https:\/\/www.chocolatesmachine.com\/ar\/#website"},"primaryImageOfPage":{"@id":"https:\/\/www.chocolatesmachine.com\/chocolate-belt-coating-machine\/#primaryimage"},"image":{"@id":"https:\/\/www.chocolatesmachine.com\/chocolate-belt-coating-machine\/#primaryimage"},"thumbnailUrl":"https:\/\/www.chocolatesmachine.com\/wp-content\/uploads\/2025\/10\/bet-coating.jpg","datePublished":"2025-10-28T11:34:38+00:00","dateModified":"2025-10-28T11:37:39+00:00","description":"This chocolate belt coating machine uses PLC automatic control and has a large capacity. It is suitable for coating nuts, dried fruits, candies, etc.","breadcrumb":{"@id":"https:\/\/www.chocolatesmachine.com\/chocolate-belt-coating-machine\/#breadcrumb"},"inLanguage":"es","potentialAction":[{"@type":"ReadAction","target":["https:\/\/www.chocolatesmachine.com\/chocolate-belt-coating-machine\/"]}]},{"@type":"ImageObject","inLanguage":"es","@id":"https:\/\/www.chocolatesmachine.com\/chocolate-belt-coating-machine\/#primaryimage","url":"https:\/\/www.chocolatesmachine.com\/wp-content\/uploads\/2025\/10\/bet-coating.jpg","contentUrl":"https:\/\/www.chocolatesmachine.com\/wp-content\/uploads\/2025\/10\/bet-coating.jpg","width":600,"height":600,"caption":"PLC Chocolate Belt Coating Machine"},{"@type":"BreadcrumbList","@id":"https:\/\/www.chocolatesmachine.com\/chocolate-belt-coating-machine\/#breadcrumb","itemListElement":[{"@type":"ListItem","position":1,"name":"\u9996\u9875","item":"https:\/\/www.chocolatesmachine.com\/"},{"@type":"ListItem","position":2,"name":"Chocolate Machine","item":"https:\/\/www.chocolatesmachine.com\/es\/producto\/"},{"@type":"ListItem","position":3,"name":"Large Chocolate Belt Coating Machine PLC Control Panel"}]},{"@type":"WebSite","@id":"https:\/\/www.chocolatesmachine.com\/ar\/#website","url":"https:\/\/www.chocolatesmachine.com\/ar\/","name":"Chocolate Making Machine","description":"Solution Provider","publisher":{"@id":"https:\/\/www.chocolatesmachine.com\/ar\/#organization"},"potentialAction":[{"@type":"SearchAction","target":{"@type":"EntryPoint","urlTemplate":"https:\/\/www.chocolatesmachine.com\/ar\/?s={search_term_string}"},"query-input":{"@type":"PropertyValueSpecification","valueRequired":true,"valueName":"search_term_string"}}],"inLanguage":"es"},{"@type":"Organization","@id":"https:\/\/www.chocolatesmachine.com\/ar\/#organization","name":"Longer Food Machinery","url":"https:\/\/www.chocolatesmachine.com\/ar\/","logo":{"@type":"ImageObject","inLanguage":"es","@id":"https:\/\/www.chocolatesmachine.com\/ar\/#\/schema\/logo\/image\/","url":"https:\/\/www.chocolatesmachine.com\/wp-content\/uploads\/2024\/03\/300-60.png","contentUrl":"https:\/\/www.chocolatesmachine.com\/wp-content\/uploads\/2024\/03\/300-60.png","width":300,"height":60,"caption":"Longer Food Machinery"},"image":{"@id":"https:\/\/www.chocolatesmachine.com\/ar\/#\/schema\/logo\/image\/"},"sameAs":["https:\/\/www.facebook.com\/longernutsmachinery\/","https:\/\/x.com\/nutsmachinery","https:\/\/www.pinterest.com\/nutsmachinery\/","https:\/\/www.linkedin.com\/company\/longer-nuts-machinery\/","https:\/\/www.youtube.com\/c\/NutsMachinery"]}]}},"_links":{"self":[{"href":"https:\/\/www.chocolatesmachine.com\/es\/wp-json\/wp\/v2\/product\/1653","targetHints":{"allow":["GET"]}}],"collection":[{"href":"https:\/\/www.chocolatesmachine.com\/es\/wp-json\/wp\/v2\/product"}],"about":[{"href":"https:\/\/www.chocolatesmachine.com\/es\/wp-json\/wp\/v2\/types\/product"}],"replies":[{"embeddable":true,"href":"https:\/\/www.chocolatesmachine.com\/es\/wp-json\/wp\/v2\/comments?post=1653"}],"wp:featuredmedia":[{"embeddable":true,"href":"https:\/\/www.chocolatesmachine.com\/es\/wp-json\/wp\/v2\/media\/1654"}],"wp:attachment":[{"href":"https:\/\/www.chocolatesmachine.com\/es\/wp-json\/wp\/v2\/media?parent=1653"}],"wp:term":[{"taxonomy":"product_cat","embeddable":true,"href":"https:\/\/www.chocolatesmachine.com\/es\/wp-json\/wp\/v2\/product_cat?post=1653"},{"taxonomy":"product_tag","embeddable":true,"href":"https:\/\/www.chocolatesmachine.com\/es\/wp-json\/wp\/v2\/product_tag?post=1653"}],"curies":[{"name":"wp","href":"https:\/\/api.w.org\/{rel}","templated":true}]}}