{"id":1529,"date":"2024-01-19T19:46:35","date_gmt":"2024-01-19T11:46:35","guid":{"rendered":"https:\/\/www.chocolatesmachine.com\/?post_type=product&#038;p=1529"},"modified":"2025-02-11T10:14:37","modified_gmt":"2025-02-11T02:14:37","slug":"chocolate-peanut-butter-cups-machine","status":"publish","type":"product","link":"https:\/\/www.chocolatesmachine.com\/es\/chocolate-peanut-butter-cups-machine\/","title":{"rendered":"Precio de la m\u00e1quina para hacer tazas de chocolate y mantequilla de cacahuete"},"content":{"rendered":"<p>Nuestra <strong>M\u00e1quina para hacer copas de chocolate y mantequilla de cacahuete<\/strong> es un dispositivo especializado dise\u00f1ado para el vertido preciso de chocolate de forma controlada y eficaz. La m\u00e1quina de moldeo cuenta con un bastidor duradero que garantiza la estabilidad y la longevidad, y ofrecer\u00e1 un proceso de producci\u00f3n sin fisuras y delicioso para los fabricantes de chocolate.<\/p>\n<h2><strong>Estructura principal:<\/strong><\/h2>\n<p>El coraz\u00f3n de esta excepcional m\u00e1quina reside en su avanzada estructura. Utilizando un interruptor de proximidad para controlar el arranque y la parada del motor para el posicionamiento de la plantilla, el motor de frecuencia variable (servo) se encarga del proceso de vertido. Otro motor de frecuencia variable (servo) gobierna la carrera de vertido, garantizando un control meticuloso de la cantidad de chocolate vertido.<br \/>\nEl sistema de moldeado de precisi\u00f3n garantiza formas y tama\u00f1os uniformes, lo que permite una producci\u00f3n impecable de tentadores vasitos de chocolate y mantequilla de cacahuete.<\/p>\n<figure id=\"attachment_1531\" aria-describedby=\"caption-attachment-1531\" style=\"width: 600px\" class=\"wp-caption alignnone\"><img loading=\"lazy\" decoding=\"async\" class=\"size-full wp-image-1531\" src=\"https:\/\/www.chocolatesmachine.com\/wp-content\/uploads\/2024\/01\/cups2.jpg\" alt=\"Buena Calidad Chocolate Peanut Butter Cups Making Machine\" width=\"600\" height=\"600\" srcset=\"https:\/\/www.chocolatesmachine.com\/wp-content\/uploads\/2024\/01\/cups2.jpg 600w, https:\/\/www.chocolatesmachine.com\/wp-content\/uploads\/2024\/01\/cups2-300x300.jpg 300w, https:\/\/www.chocolatesmachine.com\/wp-content\/uploads\/2024\/01\/cups2-150x150.jpg 150w, https:\/\/www.chocolatesmachine.com\/wp-content\/uploads\/2024\/01\/cups2-100x100.jpg 100w\" sizes=\"auto, (max-width: 600px) 100vw, 600px\" \/><figcaption id=\"caption-attachment-1531\" class=\"wp-caption-text\">Buena Calidad Chocolate Peanut Butter Cups Making Machine<\/figcaption><\/figure>\n<h2><strong>Ventajas de la m\u00e1quina para hacer copas de chocolate y mantequilla de man\u00ed:<\/strong><\/h2>\n<p>1. <strong>Moldeo de precisi\u00f3n<\/strong>: Nuestra m\u00e1quina garantiza un moldeado preciso y uniforme, produciendo copas de chocolate y mantequilla de cacahuete de calidad constante.<br \/>\n2. <strong>Eficiencia redefinida<\/strong>: La m\u00e1quina dispone de funciones autom\u00e1ticas de horneado de moldes, vertido autom\u00e1tico y vibraci\u00f3n total. Experimente un impulso significativo en la eficiencia de la producci\u00f3n con nuestro proceso automatizado, reduciendo el trabajo manual y maximizando la producci\u00f3n.<br \/>\n3. <strong>Versatilidad<\/strong>: Ad\u00e1ptese a las diversas preferencias de los consumidores con moldes personalizables, que le permiten crear una variedad de formas y tama\u00f1os para satisfacer las demandas del mercado.<br \/>\n4. <strong>Dise\u00f1o higi\u00e9nico<\/strong>: El dise\u00f1o f\u00e1cil de limpiar de la m\u00e1quina y los materiales aptos para uso alimentario mantienen los m\u00e1s altos est\u00e1ndares de higiene, garantizando la producci\u00f3n de deliciosas y seguras golosinas.<br \/>\n5. <strong>Con encofrado de amplia aplicaci\u00f3n, baja intensidad de mano de obra<\/strong>, y un funcionamiento y mantenimiento c\u00f3modos, esta m\u00e1quina est\u00e1 dise\u00f1ada para elevar la eficiencia de su producci\u00f3n.<\/p>\n<h2><strong>Par\u00e1metro<\/strong><\/h2>\n<table>\n<tbody>\n<tr>\n<td width=\"89\">Modelo<\/td>\n<td width=\"95\">LG-CJZ175<\/td>\n<td width=\"95\">LG-CJZ175 (Dos cabezales)<\/td>\n<td width=\"95\">LG-CJZ510<\/td>\n<td width=\"95\">LG-CJZ510 (Dos cabezales)<\/td>\n<\/tr>\n<tr>\n<td width=\"89\">Capacidad (moldes\/min)<\/td>\n<td width=\"95\">6-15<\/td>\n<td width=\"95\">6-15<\/td>\n<td width=\"95\">6-15<\/td>\n<td width=\"95\">6-15<\/td>\n<\/tr>\n<tr>\n<td width=\"89\">Potencia (KW)<\/td>\n<td width=\"95\">19<\/td>\n<td width=\"95\">23<\/td>\n<td width=\"95\">21<\/td>\n<td width=\"95\">25<\/td>\n<\/tr>\n<tr>\n<td width=\"89\">Cantidad de moldes (piezas)<\/td>\n<td width=\"95\">280<\/td>\n<td width=\"95\">330<\/td>\n<td width=\"95\">280<\/td>\n<td width=\"95\">330<\/td>\n<\/tr>\n<tr>\n<td width=\"89\">Tama\u00f1o del molde (mm)<\/td>\n<td width=\"95\">330*200*30<\/td>\n<td width=\"95\">330*200*30<\/td>\n<td width=\"95\">510*200*30<\/td>\n<td width=\"95\">510*200*30<\/td>\n<\/tr>\n<tr>\n<td width=\"89\">Peso (KG)<\/td>\n<td width=\"95\">3500<\/td>\n<td width=\"95\">4500<\/td>\n<td width=\"95\">4000<\/td>\n<td width=\"95\">5000<\/td>\n<\/tr>\n<tr>\n<td width=\"89\">Tama\u00f1o de la m\u00e1quina (mm)<\/td>\n<td width=\"95\">16000*1000*1600<\/td>\n<td width=\"95\">16000*1000*1800<\/td>\n<td width=\"95\">16000*2000*1600<\/td>\n<td width=\"95\">16000*2000*1800<\/td>\n<\/tr>\n<\/tbody>\n<\/table>\n<h2><strong>\u00c1mbito de aplicaci\u00f3n de la m\u00e1quina para hacer tazas de chocolate:<\/strong><\/h2>\n<p>Nuestras m\u00e1quinas vertedoras son vers\u00e1tiles. Est\u00e1 especialmente dise\u00f1ada para satisfacer las diversas necesidades de los fabricantes de chocolate y se puede utilizar para producir bombones s\u00e1ndwich, incluyendo copas de chocolate con mantequilla de cacahuete, copas de chocolate con cereales, vertido de chocolate monocolor y bicolor, etc. Este equipo es la soluci\u00f3n ideal para la industria de confiter\u00eda de chocolate.<\/p>\n<hr \/>\n<p>Env\u00edenos su solicitud y le proporcionaremos una soluci\u00f3n de chocolate completa y un presupuesto.<\/p>\n<p><strong>Correo electr\u00f3nico: serena@machinehall.com WhatsApp\/M\u00f3vil: +8615515597212<\/strong><\/p>\n<div role=\"form\" class=\"wpcf7\" id=\"wpcf7-f575-o1\" lang=\"zh-CN\" dir=\"ltr\">\n<div class=\"screen-reader-response\"><p role=\"status\" aria-live=\"polite\" aria-atomic=\"true\"><\/p> <ul><\/ul><\/div>\n<form action=\"\/es\/wp-json\/wp\/v2\/product\/1529#wpcf7-f575-o1\" method=\"post\" class=\"wpcf7-form init\" novalidate=\"novalidate\" data-status=\"init\" data-trp-original-action=\"\/es\/wp-json\/wp\/v2\/product\/1529#wpcf7-f575-o1\">\n<div style=\"display: none;\">\n<input type=\"hidden\" name=\"_wpcf7\" value=\"575\" \/>\n<input type=\"hidden\" name=\"_wpcf7_version\" value=\"5.5.2\" \/>\n<input type=\"hidden\" name=\"_wpcf7_locale\" value=\"zh_CN\" \/>\n<input type=\"hidden\" name=\"_wpcf7_unit_tag\" value=\"wpcf7-f575-o1\" \/>\n<input type=\"hidden\" name=\"_wpcf7_container_post\" value=\"0\" \/>\n<input type=\"hidden\" name=\"_wpcf7_posted_data_hash\" value=\"\" \/>\n<\/div>\n<div style='display:block;text-align:center;font-size:20px;font-weight:bold;margin-bottom:20px'>Enviar solicitud <span style='display:block;width:30px;height:2px;background:#99502c;margin:10px auto;'><\/span><\/div>\n<p><label> Nombre<br \/>\n    <span class=\"wpcf7-form-control-wrap your-name\"><input type=\"text\" name=\"your-name\" value=\"\" size=\"40\" class=\"wpcf7-form-control wpcf7-text wpcf7-validates-as-required\" aria-required=\"true\" aria-invalid=\"false\" \/><\/span> <\/label><\/p>\n<p><label> Correo electr\u00f3nico<br \/>\n    <span class=\"wpcf7-form-control-wrap your-email\"><input type=\"email\" name=\"your-email\" value=\"\" size=\"40\" class=\"wpcf7-form-control wpcf7-text wpcf7-email wpcf7-validates-as-required wpcf7-validates-as-email\" aria-required=\"true\" aria-invalid=\"false\" \/><\/span> <\/label><\/p>\n<p><label> Pa\u00eds<br \/>\n    <span class=\"wpcf7-form-control-wrap your-country\"><input type=\"text\" name=\"your-country\" value=\"\" size=\"40\" class=\"wpcf7-form-control wpcf7-text\" aria-invalid=\"false\" \/><\/span> <\/label><\/p>\n<p><label> Tel\u00e9fono<br \/>\n    <span class=\"wpcf7-form-control-wrap tel-901\"><input type=\"tel\" name=\"tel-901\" value=\"\" size=\"40\" class=\"wpcf7-form-control wpcf7-text wpcf7-tel wpcf7-validates-as-tel\" aria-invalid=\"false\" \/><\/span> <\/label><\/p>\n<p><label> Nombre de la empresa<br \/>\n    <span class=\"wpcf7-form-control-wrap company-name\"><input type=\"text\" name=\"company-name\" value=\"\" size=\"40\" class=\"wpcf7-form-control wpcf7-text\" aria-invalid=\"false\" \/><\/span> <\/label><\/p>\n<p><label> Sitio web de la empresa<br \/>\n    <span class=\"wpcf7-form-control-wrap company-website\"><input type=\"text\" name=\"company-website\" value=\"\" size=\"40\" class=\"wpcf7-form-control wpcf7-text\" aria-invalid=\"false\" \/><\/span> <\/label><\/p>\n<p><label> Mensaje<br \/>\n    <span class=\"wpcf7-form-control-wrap your-message\"><textarea name=\"your-message\" cols=\"40\" rows=\"10\" class=\"wpcf7-form-control wpcf7-textarea wpcf7-validates-as-required\" aria-required=\"true\" aria-invalid=\"false\"><\/textarea><\/span> <\/label><\/p>\n<p><input type=\"submit\" value=\"Enviar\" class=\"wpcf7-form-control has-spinner wpcf7-submit\" \/><\/p>\n<p style=\"display: none !important;\"><label>&#916;<textarea name=\"_wpcf7_ak_hp_textarea\" cols=\"45\" rows=\"8\" maxlength=\"100\"><\/textarea><\/label><input type=\"hidden\" id=\"ak_js\" name=\"_wpcf7_ak_js\" value=\"42\"\/><script>document.getElementById( \"ak_js\" ).setAttribute( \"value\", ( new Date() ).getTime() );<\/script><\/p><div class=\"wpcf7-response-output\" aria-hidden=\"true\"><\/div><input type=\"hidden\" name=\"trp-form-language\" value=\"es\"\/><\/form><\/div>","protected":false},"excerpt":{"rendered":"<p>Nuestra m\u00e1quina para hacer copas de chocolate y mantequilla de cacahuete es un dispositivo especializado dise\u00f1ado para verter chocolate con precisi\u00f3n de forma controlada y eficiente. La m\u00e1quina de moldeo cuenta con un marco duradero que garantiza la estabilidad y la longevidad, y ofrecer\u00e1 un proceso de producci\u00f3n sin fisuras y delicioso para los fabricantes de chocolate. Estructura principal: El coraz\u00f3n de esta excepcional m\u00e1quina reside [...]<\/p>","protected":false},"featured_media":1530,"comment_status":"open","ping_status":"closed","template":"","meta":[],"product_cat":[26,27],"product_tag":[],"class_list":["post-1529","product","type-product","status-publish","has-post-thumbnail","hentry","product_cat-single-machine","product_cat-product"],"yoast_head":"<!-- This site is optimized with the Yoast SEO plugin v25.6 - https:\/\/yoast.com\/wordpress\/plugins\/seo\/ -->\n<title>Chocolate Peanut Butter Cups Making Machine Price<\/title>\n<meta name=\"description\" content=\"This peanut butter cups making machine can ensure accurate and uniform molding, and produce various chocolate cups with stable quality. Fully automatic production, customizable.\" \/>\n<meta name=\"robots\" content=\"index, follow, max-snippet:-1, max-image-preview:large, max-video-preview:-1\" \/>\n<link rel=\"canonical\" href=\"https:\/\/www.chocolatesmachine.com\/es\/chocolate-peanut-butter-cups-machine\/\" \/>\n<meta property=\"og:locale\" content=\"es_ES\" \/>\n<meta property=\"og:type\" content=\"article\" \/>\n<meta property=\"og:title\" content=\"Chocolate Peanut Butter Cups Making Machine Price\" \/>\n<meta property=\"og:description\" content=\"This peanut butter cups making machine can ensure accurate and uniform molding, and produce various chocolate cups with stable quality. Fully automatic production, customizable.\" \/>\n<meta property=\"og:url\" content=\"https:\/\/www.chocolatesmachine.com\/es\/chocolate-peanut-butter-cups-machine\/\" \/>\n<meta property=\"og:site_name\" content=\"Chocolate Making Machine\" \/>\n<meta property=\"article:publisher\" content=\"https:\/\/www.facebook.com\/longernutsmachinery\/\" \/>\n<meta property=\"article:modified_time\" content=\"2025-02-11T02:14:37+00:00\" \/>\n<meta property=\"og:image\" content=\"https:\/\/www.chocolatesmachine.com\/wp-content\/uploads\/2024\/01\/cup1.jpg\" \/>\n\t<meta property=\"og:image:width\" content=\"600\" \/>\n\t<meta property=\"og:image:height\" content=\"600\" \/>\n\t<meta property=\"og:image:type\" content=\"image\/jpeg\" \/>\n<meta name=\"twitter:card\" content=\"summary_large_image\" \/>\n<meta name=\"twitter:site\" content=\"@nutsmachinery\" \/>\n<meta name=\"twitter:label1\" content=\"Tiempo de lectura\" \/>\n\t<meta name=\"twitter:data1\" content=\"2 minutos\" \/>\n<script type=\"application\/ld+json\" class=\"yoast-schema-graph\">{\"@context\":\"https:\/\/schema.org\",\"@graph\":[{\"@type\":\"WebPage\",\"@id\":\"https:\/\/www.chocolatesmachine.com\/ar\/chocolate-peanut-butter-cups-machine\/\",\"url\":\"https:\/\/www.chocolatesmachine.com\/ar\/chocolate-peanut-butter-cups-machine\/\",\"name\":\"Chocolate Peanut Butter Cups Making Machine Price\",\"isPartOf\":{\"@id\":\"https:\/\/www.chocolatesmachine.com\/ar\/#website\"},\"primaryImageOfPage\":{\"@id\":\"https:\/\/www.chocolatesmachine.com\/ar\/chocolate-peanut-butter-cups-machine\/#primaryimage\"},\"image\":{\"@id\":\"https:\/\/www.chocolatesmachine.com\/ar\/chocolate-peanut-butter-cups-machine\/#primaryimage\"},\"thumbnailUrl\":\"https:\/\/www.chocolatesmachine.com\/wp-content\/uploads\/2024\/01\/cup1.jpg\",\"datePublished\":\"2024-01-19T11:46:35+00:00\",\"dateModified\":\"2025-02-11T02:14:37+00:00\",\"description\":\"This peanut butter cups making machine can ensure accurate and uniform molding, and produce various chocolate cups with stable quality. Fully automatic production, customizable.\",\"breadcrumb\":{\"@id\":\"https:\/\/www.chocolatesmachine.com\/ar\/chocolate-peanut-butter-cups-machine\/#breadcrumb\"},\"inLanguage\":\"es\",\"potentialAction\":[{\"@type\":\"ReadAction\",\"target\":[\"https:\/\/www.chocolatesmachine.com\/ar\/chocolate-peanut-butter-cups-machine\/\"]}]},{\"@type\":\"ImageObject\",\"inLanguage\":\"es\",\"@id\":\"https:\/\/www.chocolatesmachine.com\/ar\/chocolate-peanut-butter-cups-machine\/#primaryimage\",\"url\":\"https:\/\/www.chocolatesmachine.com\/wp-content\/uploads\/2024\/01\/cup1.jpg\",\"contentUrl\":\"https:\/\/www.chocolatesmachine.com\/wp-content\/uploads\/2024\/01\/cup1.jpg\",\"width\":600,\"height\":600,\"caption\":\"Chocolate Peanut Butter Cups Making Machine\"},{\"@type\":\"BreadcrumbList\",\"@id\":\"https:\/\/www.chocolatesmachine.com\/ar\/chocolate-peanut-butter-cups-machine\/#breadcrumb\",\"itemListElement\":[{\"@type\":\"ListItem\",\"position\":1,\"name\":\"\u9996\u9875\",\"item\":\"https:\/\/www.chocolatesmachine.com\/\"},{\"@type\":\"ListItem\",\"position\":2,\"name\":\"Chocolate Machine\",\"item\":\"https:\/\/www.chocolatesmachine.com\/es\/producto\/\"},{\"@type\":\"ListItem\",\"position\":3,\"name\":\"Chocolate Peanut Butter Cups Making Machine Price\"}]},{\"@type\":\"WebSite\",\"@id\":\"https:\/\/www.chocolatesmachine.com\/ar\/#website\",\"url\":\"https:\/\/www.chocolatesmachine.com\/ar\/\",\"name\":\"Chocolate Making Machine\",\"description\":\"Solution Provider\",\"publisher\":{\"@id\":\"https:\/\/www.chocolatesmachine.com\/ar\/#organization\"},\"potentialAction\":[{\"@type\":\"SearchAction\",\"target\":{\"@type\":\"EntryPoint\",\"urlTemplate\":\"https:\/\/www.chocolatesmachine.com\/ar\/?s={search_term_string}\"},\"query-input\":{\"@type\":\"PropertyValueSpecification\",\"valueRequired\":true,\"valueName\":\"search_term_string\"}}],\"inLanguage\":\"es\"},{\"@type\":\"Organization\",\"@id\":\"https:\/\/www.chocolatesmachine.com\/ar\/#organization\",\"name\":\"Longer Food Machinery\",\"url\":\"https:\/\/www.chocolatesmachine.com\/ar\/\",\"logo\":{\"@type\":\"ImageObject\",\"inLanguage\":\"es\",\"@id\":\"https:\/\/www.chocolatesmachine.com\/ar\/#\/schema\/logo\/image\/\",\"url\":\"https:\/\/www.chocolatesmachine.com\/wp-content\/uploads\/2024\/03\/300-60.png\",\"contentUrl\":\"https:\/\/www.chocolatesmachine.com\/wp-content\/uploads\/2024\/03\/300-60.png\",\"width\":300,\"height\":60,\"caption\":\"Longer Food Machinery\"},\"image\":{\"@id\":\"https:\/\/www.chocolatesmachine.com\/ar\/#\/schema\/logo\/image\/\"},\"sameAs\":[\"https:\/\/www.facebook.com\/longernutsmachinery\/\",\"https:\/\/x.com\/nutsmachinery\",\"https:\/\/www.pinterest.com\/nutsmachinery\/\",\"https:\/\/www.linkedin.com\/company\/longer-nuts-machinery\/\",\"https:\/\/www.youtube.com\/c\/NutsMachinery\"]}]}<\/script>\n<!-- \/ Yoast SEO plugin. -->","yoast_head_json":{"title":"Chocolate Peanut Butter Cups Making Machine Price","description":"This peanut butter cups making machine can ensure accurate and uniform molding, and produce various chocolate cups with stable quality. Fully automatic production, customizable.","robots":{"index":"index","follow":"follow","max-snippet":"max-snippet:-1","max-image-preview":"max-image-preview:large","max-video-preview":"max-video-preview:-1"},"canonical":"https:\/\/www.chocolatesmachine.com\/es\/chocolate-peanut-butter-cups-machine\/","og_locale":"es_ES","og_type":"article","og_title":"Chocolate Peanut Butter Cups Making Machine Price","og_description":"This peanut butter cups making machine can ensure accurate and uniform molding, and produce various chocolate cups with stable quality. Fully automatic production, customizable.","og_url":"https:\/\/www.chocolatesmachine.com\/es\/chocolate-peanut-butter-cups-machine\/","og_site_name":"Chocolate Making Machine","article_publisher":"https:\/\/www.facebook.com\/longernutsmachinery\/","article_modified_time":"2025-02-11T02:14:37+00:00","og_image":[{"width":600,"height":600,"url":"https:\/\/www.chocolatesmachine.com\/wp-content\/uploads\/2024\/01\/cup1.jpg","type":"image\/jpeg"}],"twitter_card":"summary_large_image","twitter_site":"@nutsmachinery","twitter_misc":{"Tiempo de lectura":"2 minutos"},"schema":{"@context":"https:\/\/schema.org","@graph":[{"@type":"WebPage","@id":"https:\/\/www.chocolatesmachine.com\/ar\/chocolate-peanut-butter-cups-machine\/","url":"https:\/\/www.chocolatesmachine.com\/ar\/chocolate-peanut-butter-cups-machine\/","name":"Chocolate Peanut Butter Cups Making Machine Price","isPartOf":{"@id":"https:\/\/www.chocolatesmachine.com\/ar\/#website"},"primaryImageOfPage":{"@id":"https:\/\/www.chocolatesmachine.com\/ar\/chocolate-peanut-butter-cups-machine\/#primaryimage"},"image":{"@id":"https:\/\/www.chocolatesmachine.com\/ar\/chocolate-peanut-butter-cups-machine\/#primaryimage"},"thumbnailUrl":"https:\/\/www.chocolatesmachine.com\/wp-content\/uploads\/2024\/01\/cup1.jpg","datePublished":"2024-01-19T11:46:35+00:00","dateModified":"2025-02-11T02:14:37+00:00","description":"This peanut butter cups making machine can ensure accurate and uniform molding, and produce various chocolate cups with stable quality. Fully automatic production, customizable.","breadcrumb":{"@id":"https:\/\/www.chocolatesmachine.com\/ar\/chocolate-peanut-butter-cups-machine\/#breadcrumb"},"inLanguage":"es","potentialAction":[{"@type":"ReadAction","target":["https:\/\/www.chocolatesmachine.com\/ar\/chocolate-peanut-butter-cups-machine\/"]}]},{"@type":"ImageObject","inLanguage":"es","@id":"https:\/\/www.chocolatesmachine.com\/ar\/chocolate-peanut-butter-cups-machine\/#primaryimage","url":"https:\/\/www.chocolatesmachine.com\/wp-content\/uploads\/2024\/01\/cup1.jpg","contentUrl":"https:\/\/www.chocolatesmachine.com\/wp-content\/uploads\/2024\/01\/cup1.jpg","width":600,"height":600,"caption":"Chocolate Peanut Butter Cups Making Machine"},{"@type":"BreadcrumbList","@id":"https:\/\/www.chocolatesmachine.com\/ar\/chocolate-peanut-butter-cups-machine\/#breadcrumb","itemListElement":[{"@type":"ListItem","position":1,"name":"\u9996\u9875","item":"https:\/\/www.chocolatesmachine.com\/"},{"@type":"ListItem","position":2,"name":"Chocolate Machine","item":"https:\/\/www.chocolatesmachine.com\/es\/producto\/"},{"@type":"ListItem","position":3,"name":"Chocolate Peanut Butter Cups Making Machine Price"}]},{"@type":"WebSite","@id":"https:\/\/www.chocolatesmachine.com\/ar\/#website","url":"https:\/\/www.chocolatesmachine.com\/ar\/","name":"Chocolate Making Machine","description":"Solution Provider","publisher":{"@id":"https:\/\/www.chocolatesmachine.com\/ar\/#organization"},"potentialAction":[{"@type":"SearchAction","target":{"@type":"EntryPoint","urlTemplate":"https:\/\/www.chocolatesmachine.com\/ar\/?s={search_term_string}"},"query-input":{"@type":"PropertyValueSpecification","valueRequired":true,"valueName":"search_term_string"}}],"inLanguage":"es"},{"@type":"Organization","@id":"https:\/\/www.chocolatesmachine.com\/ar\/#organization","name":"Longer Food Machinery","url":"https:\/\/www.chocolatesmachine.com\/ar\/","logo":{"@type":"ImageObject","inLanguage":"es","@id":"https:\/\/www.chocolatesmachine.com\/ar\/#\/schema\/logo\/image\/","url":"https:\/\/www.chocolatesmachine.com\/wp-content\/uploads\/2024\/03\/300-60.png","contentUrl":"https:\/\/www.chocolatesmachine.com\/wp-content\/uploads\/2024\/03\/300-60.png","width":300,"height":60,"caption":"Longer Food Machinery"},"image":{"@id":"https:\/\/www.chocolatesmachine.com\/ar\/#\/schema\/logo\/image\/"},"sameAs":["https:\/\/www.facebook.com\/longernutsmachinery\/","https:\/\/x.com\/nutsmachinery","https:\/\/www.pinterest.com\/nutsmachinery\/","https:\/\/www.linkedin.com\/company\/longer-nuts-machinery\/","https:\/\/www.youtube.com\/c\/NutsMachinery"]}]}},"_links":{"self":[{"href":"https:\/\/www.chocolatesmachine.com\/es\/wp-json\/wp\/v2\/product\/1529","targetHints":{"allow":["GET"]}}],"collection":[{"href":"https:\/\/www.chocolatesmachine.com\/es\/wp-json\/wp\/v2\/product"}],"about":[{"href":"https:\/\/www.chocolatesmachine.com\/es\/wp-json\/wp\/v2\/types\/product"}],"replies":[{"embeddable":true,"href":"https:\/\/www.chocolatesmachine.com\/es\/wp-json\/wp\/v2\/comments?post=1529"}],"wp:featuredmedia":[{"embeddable":true,"href":"https:\/\/www.chocolatesmachine.com\/es\/wp-json\/wp\/v2\/media\/1530"}],"wp:attachment":[{"href":"https:\/\/www.chocolatesmachine.com\/es\/wp-json\/wp\/v2\/media?parent=1529"}],"wp:term":[{"taxonomy":"product_cat","embeddable":true,"href":"https:\/\/www.chocolatesmachine.com\/es\/wp-json\/wp\/v2\/product_cat?post=1529"},{"taxonomy":"product_tag","embeddable":true,"href":"https:\/\/www.chocolatesmachine.com\/es\/wp-json\/wp\/v2\/product_tag?post=1529"}],"curies":[{"name":"wp","href":"https:\/\/api.w.org\/{rel}","templated":true}]}}