{"id":1462,"date":"2023-06-27T17:27:42","date_gmt":"2023-06-27T09:27:42","guid":{"rendered":"https:\/\/www.chocolatesmachine.com\/?post_type=product&#038;p=1462"},"modified":"2025-11-20T03:33:42","modified_gmt":"2025-11-19T19:33:42","slug":"chocolate-bar-production-line","status":"publish","type":"product","link":"https:\/\/www.chocolatesmachine.com\/es\/chocolate-bar-production-line\/","title":{"rendered":"Soluci\u00f3n global de la l\u00ednea de producci\u00f3n de barras de chocolate de 200-500 KG\/H"},"content":{"rendered":"<p>Este <strong>L\u00ednea de producci\u00f3n de tabletas de chocolate<\/strong> cuenta con una serie de m\u00e1quinas avanzadas, como el crisol de chocolate, la concha, el tanque de almacenamiento, la atemperadora (opcional), la depositadora y la envasadora, que constituyen la soluci\u00f3n definitiva para producir exquisitas tabletas de chocolate. Tanto si desea bombones monocolores, bicolores o incluso en s\u00e1ndwich, nuestra l\u00ednea puede encargarse de todo con facilidad.<\/p>\n<h2><strong>Eficacia del proceso de producci\u00f3n de tabletas de chocolate:<\/strong><\/h2>\n<p>El coraz\u00f3n de nuestra l\u00ednea de producci\u00f3n de tabletas de chocolate reside en su flujo de trabajo continuo, que garantiza una eficacia \u00f3ptima en todas las fases. Le guiaremos a trav\u00e9s de la magia mec\u00e1nica:<\/p>\n<figure id=\"attachment_1465\" aria-describedby=\"caption-attachment-1465\" style=\"width: 600px\" class=\"wp-caption alignnone\"><img loading=\"lazy\" decoding=\"async\" class=\"size-full wp-image-1465\" src=\"https:\/\/www.chocolatesmachine.com\/wp-content\/uploads\/2023\/06\/bar-line2.jpg\" alt=\"M\u00e1quina para fundir y conchar chocolate\" width=\"600\" height=\"600\" srcset=\"https:\/\/www.chocolatesmachine.com\/wp-content\/uploads\/2023\/06\/bar-line2.jpg 600w, https:\/\/www.chocolatesmachine.com\/wp-content\/uploads\/2023\/06\/bar-line2-300x300.jpg 300w, https:\/\/www.chocolatesmachine.com\/wp-content\/uploads\/2023\/06\/bar-line2-150x150.jpg 150w, https:\/\/www.chocolatesmachine.com\/wp-content\/uploads\/2023\/06\/bar-line2-100x100.jpg 100w\" sizes=\"auto, (max-width: 600px) 100vw, 600px\" \/><figcaption id=\"caption-attachment-1465\" class=\"wp-caption-text\">M\u00e1quina para fundir y conchar chocolate<\/figcaption><\/figure>\n<ol>\n<li><strong>Fundidor de chocolate<\/strong>: Comience su creaci\u00f3n de tabletas de chocolate fundiendo los ingredientes del chocolate (licor de cacao, manteca de cacao, etc.) en nuestra m\u00e1quina fundidora. Con su control preciso de la temperatura y su distribuci\u00f3n uniforme del calor, garantiza una fusi\u00f3n suave y uniforme, preservando la integridad de sus ingredientes.<\/li>\n<li><a href=\"https:\/\/www.chocolatesmachine.com\/es\/chocolate-conche-machine\/\"><strong>M\u00e1quina de conchado<\/strong><\/a>: Una vez que el chocolate est\u00e1 perfectamente fundido, nuestra m\u00e1quina de conchado toma el relevo. Este componente esencial muele y mezcla el chocolate, creando una textura suave como la seda e intensificando los sabores. El avanzado dise\u00f1o de nuestra m\u00e1quina de conchado garantiza unos resultados de conchado impecables, lo que le permite conseguir el perfil de sabor y textura deseado para sus tabletas de chocolate.<\/li>\n<li><strong>Tanque de almacenamiento<\/strong>: Mantener la calidad y consistencia del chocolate fundido es fundamental para producir tabletas de chocolate excepcionales. Nuestro tanque de almacenamiento proporciona un entorno ideal, manteniendo su chocolate a la temperatura perfecta y salvaguardando su suavidad y sabor hasta que est\u00e9 listo para el siguiente paso.<\/li>\n<li><strong>Temperadora (opcional)<\/strong>: Para aquellos que buscan un toque extra de perfecci\u00f3n, nuestra atemperadora opcional es un complemento inestimable. Esta m\u00e1quina controla de forma experta la temperatura y la cristalizaci\u00f3n del chocolate, lo que se traduce en un acabado brillante, un chasquido satisfactorio y una mayor vida \u00fatil de sus tabletas de chocolate.<\/li>\n<li><a href=\"https:\/\/www.chocolatesmachine.com\/es\/chocolate-depositor-machine\/\"><strong>M\u00e1quina de dep\u00f3sito<\/strong><\/a>: Una vez que su chocolate est\u00e1 exquisitamente preparado, es hora de darle vida en forma de deliciosas tabletas. Nuestra m\u00e1quina depositadora de chocolate moldea el chocolate atemperado en las formas, tama\u00f1os y patrones deseados, garantizando precisi\u00f3n y consistencia en todo el lote. Experimente la alegr\u00eda de crear f\u00e1cilmente tabletas de chocolate de forma impecable.<\/li>\n<li><strong>M\u00e1quinas de embalaje<\/strong>: El \u00faltimo paso en nuestra l\u00ednea de producci\u00f3n es el envasado, donde sus tabletas de chocolate meticulosamente elaboradas se preparan para su distribuci\u00f3n. Nuestra m\u00e1quina de envasado se encarga de esta tarea con delicadeza, ofreciendo opciones personalizables que se adaptan a sus necesidades de marca y garantizando la protecci\u00f3n y presentaci\u00f3n de sus deliciosas creaciones.<\/li>\n<\/ol>\n<p><iframe loading=\"lazy\" title=\"L\u00ednea de producci\u00f3n de chocolate - M\u00e1quina de fabricaci\u00f3n y envasado\" width=\"800\" height=\"450\" src=\"https:\/\/www.youtube.com\/embed\/ibOr6ZVQpDA?feature=oembed\" frameborder=\"0\" allow=\"accelerometer; autoplay; clipboard-write; encrypted-media; gyroscope; picture-in-picture; web-share\" allowfullscreen><\/iframe><\/p>\n<h2><strong>Ventajas de nuestra l\u00ednea de producci\u00f3n de barras de chocolate:<\/strong><\/h2>\n<ul>\n<li><strong>Capacidad de procesamiento totalmente autom\u00e1tico<\/strong>: Diga adi\u00f3s a las tareas manuales que requieren mucho trabajo y adopte la eficacia de la automatizaci\u00f3n. Esto no solo agiliza el proceso de producci\u00f3n, sino que tambi\u00e9n minimiza el riesgo de errores, garantizando siempre resultados uniformes e impecables.<\/li>\n<li><strong>Fiabilidad y estabilidad<\/strong>: Hemos dise\u00f1ado nuestra l\u00ednea de producci\u00f3n de tabletas de chocolate para que resista los rigores del funcionamiento continuo, ofreciendo un rendimiento inquebrantable d\u00eda tras d\u00eda. Puede confiar en nuestra l\u00ednea para satisfacer sus demandas de producci\u00f3n sin comprometer la calidad ni la eficiencia.<\/li>\n<li><strong>Versatilidad y personalizaci\u00f3n<\/strong>: Nuestra l\u00ednea de producci\u00f3n ofrece versatilidad, lo que le permite experimentar con diferentes formulaciones, sabores y dise\u00f1os de chocolate. Tanto si crea tabletas de chocolate con leche cl\u00e1sicas como si explora combinaciones \u00fanicas, nuestro equipo potencia su creatividad.<\/li>\n<li><strong>Interfaz de funcionamiento del PLC, f\u00e1cil de usar<\/strong>: Damos prioridad a la facilidad de uso y a una interfaz sencilla, por lo que nuestras l\u00edneas de producci\u00f3n son accesibles tanto para los chocolateros experimentados como para los reci\u00e9n llegados al sector.<\/li>\n<li><strong>Calidad constante<\/strong>: Todas las m\u00e1quinas de nuestra l\u00ednea de producci\u00f3n est\u00e1n dise\u00f1adas con precisi\u00f3n para garantizar una calidad constante durante todo el proceso de fabricaci\u00f3n. Desde la fusi\u00f3n hasta el envasado, puede confiar en que nuestros equipos ofrecer\u00e1n el mismo sabor, textura y aspecto superiores en cada tableta de chocolate.<\/li>\n<\/ul>\n<figure id=\"attachment_1464\" aria-describedby=\"caption-attachment-1464\" style=\"width: 600px\" class=\"wp-caption alignnone\"><img loading=\"lazy\" decoding=\"async\" class=\"size-full wp-image-1464\" src=\"https:\/\/www.chocolatesmachine.com\/wp-content\/uploads\/2023\/06\/bar-line3.jpg\" alt=\"L\u00ednea de producci\u00f3n de barras de chocolate de 200-500 KG\/H\" width=\"600\" height=\"600\" srcset=\"https:\/\/www.chocolatesmachine.com\/wp-content\/uploads\/2023\/06\/bar-line3.jpg 600w, https:\/\/www.chocolatesmachine.com\/wp-content\/uploads\/2023\/06\/bar-line3-300x300.jpg 300w, https:\/\/www.chocolatesmachine.com\/wp-content\/uploads\/2023\/06\/bar-line3-150x150.jpg 150w, https:\/\/www.chocolatesmachine.com\/wp-content\/uploads\/2023\/06\/bar-line3-100x100.jpg 100w\" sizes=\"auto, (max-width: 600px) 100vw, 600px\" \/><figcaption id=\"caption-attachment-1464\" class=\"wp-caption-text\">L\u00ednea de producci\u00f3n de barras de chocolate de 200-500 KG\/H<\/figcaption><\/figure>\n<p>En conclusi\u00f3n, nuestra l\u00ednea de producci\u00f3n de barras de chocolate es la soluci\u00f3n definitiva para todas sus necesidades de producci\u00f3n de chocolate. Gracias a su completo conjunto de componentes, su versatilidad, su procesamiento automatizado y su fiabilidad inquebrantable, es un aut\u00e9ntico revulsivo en el sector.<\/p>\n<p><strong>No pierda esta oportunidad de elevar su producci\u00f3n de chocolate a nuevas cotas. P\u00f3ngase en contacto con nosotros hoy mismo para obtener m\u00e1s informaci\u00f3n.<\/strong><\/p>\n<p>Correo electr\u00f3nico: <a href=\"mailto:serena@machinehall.com\">serena@machinehall.com<\/a><br \/>\nWhatsApp\/M\u00f3vil: +8615515597212<\/p>","protected":false},"excerpt":{"rendered":"<ul>\n<li>Soluci\u00f3n global de chocolate, dise\u00f1o personalizado.<\/li>\n<li>Eficaz proceso de producci\u00f3n de tabletas de chocolate con una capacidad de 200-500 kg\/h.<\/li>\n<li>Amplia gama de productos de chocolate: monocolores, bicolores o incluso bombones s\u00e1ndwich.<\/li>\n<li>Interfaz de operaci\u00f3n PLC f\u00e1cil de usar, funcionamiento estable.<\/li>\n<\/ul>","protected":false},"featured_media":1463,"comment_status":"open","ping_status":"closed","template":"","meta":[],"product_cat":[29],"product_tag":[],"class_list":["post-1462","product","type-product","status-publish","has-post-thumbnail","hentry","product_cat-solution"],"yoast_head":"<!-- This site is optimized with the Yoast SEO plugin v25.6 - https:\/\/yoast.com\/wordpress\/plugins\/seo\/ -->\n<title>200-500 KG\/H Chocolate Bar Production Line Overall Solution<\/title>\n<meta name=\"description\" content=\"This chocolate bar production line is a overall solution for your chocolate manufacturing needs. Efficient production and stable operation.\" \/>\n<meta name=\"robots\" content=\"index, follow, max-snippet:-1, max-image-preview:large, max-video-preview:-1\" \/>\n<link rel=\"canonical\" href=\"https:\/\/www.chocolatesmachine.com\/es\/chocolate-bar-production-line\/\" \/>\n<meta property=\"og:locale\" content=\"es_ES\" \/>\n<meta property=\"og:type\" content=\"article\" \/>\n<meta property=\"og:title\" content=\"200-500 KG\/H Chocolate Bar Production Line Overall Solution\" \/>\n<meta property=\"og:description\" content=\"This chocolate bar production line is a overall solution for your chocolate manufacturing needs. Efficient production and stable operation.\" \/>\n<meta property=\"og:url\" content=\"https:\/\/www.chocolatesmachine.com\/es\/chocolate-bar-production-line\/\" \/>\n<meta property=\"og:site_name\" content=\"Chocolate Making Machine\" \/>\n<meta property=\"article:publisher\" content=\"https:\/\/www.facebook.com\/longernutsmachinery\/\" \/>\n<meta property=\"article:modified_time\" content=\"2025-11-19T19:33:42+00:00\" \/>\n<meta property=\"og:image\" content=\"https:\/\/www.chocolatesmachine.com\/wp-content\/uploads\/2023\/06\/bar-line1.jpg\" \/>\n\t<meta property=\"og:image:width\" content=\"600\" \/>\n\t<meta property=\"og:image:height\" content=\"600\" \/>\n\t<meta property=\"og:image:type\" content=\"image\/jpeg\" \/>\n<meta name=\"twitter:card\" content=\"summary_large_image\" \/>\n<meta name=\"twitter:site\" content=\"@nutsmachinery\" \/>\n<meta name=\"twitter:label1\" content=\"Tiempo de lectura\" \/>\n\t<meta name=\"twitter:data1\" content=\"4 minutos\" \/>\n<script type=\"application\/ld+json\" class=\"yoast-schema-graph\">{\"@context\":\"https:\/\/schema.org\",\"@graph\":[{\"@type\":\"WebPage\",\"@id\":\"https:\/\/www.chocolatesmachine.com\/ru\/chocolate-bar-production-line\/\",\"url\":\"https:\/\/www.chocolatesmachine.com\/ru\/chocolate-bar-production-line\/\",\"name\":\"200-500 KG\/H Chocolate Bar Production Line Overall Solution\",\"isPartOf\":{\"@id\":\"https:\/\/www.chocolatesmachine.com\/ar\/#website\"},\"primaryImageOfPage\":{\"@id\":\"https:\/\/www.chocolatesmachine.com\/ru\/chocolate-bar-production-line\/#primaryimage\"},\"image\":{\"@id\":\"https:\/\/www.chocolatesmachine.com\/ru\/chocolate-bar-production-line\/#primaryimage\"},\"thumbnailUrl\":\"https:\/\/www.chocolatesmachine.com\/wp-content\/uploads\/2023\/06\/bar-line1.jpg\",\"datePublished\":\"2023-06-27T09:27:42+00:00\",\"dateModified\":\"2025-11-19T19:33:42+00:00\",\"description\":\"This chocolate bar production line is a overall solution for your chocolate manufacturing needs. Efficient production and stable operation.\",\"breadcrumb\":{\"@id\":\"https:\/\/www.chocolatesmachine.com\/ru\/chocolate-bar-production-line\/#breadcrumb\"},\"inLanguage\":\"es\",\"potentialAction\":[{\"@type\":\"ReadAction\",\"target\":[\"https:\/\/www.chocolatesmachine.com\/ru\/chocolate-bar-production-line\/\"]}]},{\"@type\":\"ImageObject\",\"inLanguage\":\"es\",\"@id\":\"https:\/\/www.chocolatesmachine.com\/ru\/chocolate-bar-production-line\/#primaryimage\",\"url\":\"https:\/\/www.chocolatesmachine.com\/wp-content\/uploads\/2023\/06\/bar-line1.jpg\",\"contentUrl\":\"https:\/\/www.chocolatesmachine.com\/wp-content\/uploads\/2023\/06\/bar-line1.jpg\",\"width\":600,\"height\":600,\"caption\":\"Chooolate Bar Production Line Large Factory\"},{\"@type\":\"BreadcrumbList\",\"@id\":\"https:\/\/www.chocolatesmachine.com\/ru\/chocolate-bar-production-line\/#breadcrumb\",\"itemListElement\":[{\"@type\":\"ListItem\",\"position\":1,\"name\":\"\u9996\u9875\",\"item\":\"https:\/\/www.chocolatesmachine.com\/\"},{\"@type\":\"ListItem\",\"position\":2,\"name\":\"Chocolate Machine\",\"item\":\"https:\/\/www.chocolatesmachine.com\/es\/producto\/\"},{\"@type\":\"ListItem\",\"position\":3,\"name\":\"200-500 KG\/H Chocolate Bar Production Line Overall Solution\"}]},{\"@type\":\"WebSite\",\"@id\":\"https:\/\/www.chocolatesmachine.com\/ar\/#website\",\"url\":\"https:\/\/www.chocolatesmachine.com\/ar\/\",\"name\":\"Chocolate Making Machine\",\"description\":\"Solution Provider\",\"publisher\":{\"@id\":\"https:\/\/www.chocolatesmachine.com\/ar\/#organization\"},\"potentialAction\":[{\"@type\":\"SearchAction\",\"target\":{\"@type\":\"EntryPoint\",\"urlTemplate\":\"https:\/\/www.chocolatesmachine.com\/ar\/?s={search_term_string}\"},\"query-input\":{\"@type\":\"PropertyValueSpecification\",\"valueRequired\":true,\"valueName\":\"search_term_string\"}}],\"inLanguage\":\"es\"},{\"@type\":\"Organization\",\"@id\":\"https:\/\/www.chocolatesmachine.com\/ar\/#organization\",\"name\":\"Longer Food Machinery\",\"url\":\"https:\/\/www.chocolatesmachine.com\/ar\/\",\"logo\":{\"@type\":\"ImageObject\",\"inLanguage\":\"es\",\"@id\":\"https:\/\/www.chocolatesmachine.com\/ar\/#\/schema\/logo\/image\/\",\"url\":\"https:\/\/www.chocolatesmachine.com\/wp-content\/uploads\/2024\/03\/300-60.png\",\"contentUrl\":\"https:\/\/www.chocolatesmachine.com\/wp-content\/uploads\/2024\/03\/300-60.png\",\"width\":300,\"height\":60,\"caption\":\"Longer Food Machinery\"},\"image\":{\"@id\":\"https:\/\/www.chocolatesmachine.com\/ar\/#\/schema\/logo\/image\/\"},\"sameAs\":[\"https:\/\/www.facebook.com\/longernutsmachinery\/\",\"https:\/\/x.com\/nutsmachinery\",\"https:\/\/www.pinterest.com\/nutsmachinery\/\",\"https:\/\/www.linkedin.com\/company\/longer-nuts-machinery\/\",\"https:\/\/www.youtube.com\/c\/NutsMachinery\"]}]}<\/script>\n<!-- \/ Yoast SEO plugin. -->","yoast_head_json":{"title":"200-500 KG\/H Chocolate Bar Production Line Overall Solution","description":"This chocolate bar production line is a overall solution for your chocolate manufacturing needs. Efficient production and stable operation.","robots":{"index":"index","follow":"follow","max-snippet":"max-snippet:-1","max-image-preview":"max-image-preview:large","max-video-preview":"max-video-preview:-1"},"canonical":"https:\/\/www.chocolatesmachine.com\/es\/chocolate-bar-production-line\/","og_locale":"es_ES","og_type":"article","og_title":"200-500 KG\/H Chocolate Bar Production Line Overall Solution","og_description":"This chocolate bar production line is a overall solution for your chocolate manufacturing needs. Efficient production and stable operation.","og_url":"https:\/\/www.chocolatesmachine.com\/es\/chocolate-bar-production-line\/","og_site_name":"Chocolate Making Machine","article_publisher":"https:\/\/www.facebook.com\/longernutsmachinery\/","article_modified_time":"2025-11-19T19:33:42+00:00","og_image":[{"width":600,"height":600,"url":"https:\/\/www.chocolatesmachine.com\/wp-content\/uploads\/2023\/06\/bar-line1.jpg","type":"image\/jpeg"}],"twitter_card":"summary_large_image","twitter_site":"@nutsmachinery","twitter_misc":{"Tiempo de lectura":"4 minutos"},"schema":{"@context":"https:\/\/schema.org","@graph":[{"@type":"WebPage","@id":"https:\/\/www.chocolatesmachine.com\/ru\/chocolate-bar-production-line\/","url":"https:\/\/www.chocolatesmachine.com\/ru\/chocolate-bar-production-line\/","name":"200-500 KG\/H Chocolate Bar Production Line Overall Solution","isPartOf":{"@id":"https:\/\/www.chocolatesmachine.com\/ar\/#website"},"primaryImageOfPage":{"@id":"https:\/\/www.chocolatesmachine.com\/ru\/chocolate-bar-production-line\/#primaryimage"},"image":{"@id":"https:\/\/www.chocolatesmachine.com\/ru\/chocolate-bar-production-line\/#primaryimage"},"thumbnailUrl":"https:\/\/www.chocolatesmachine.com\/wp-content\/uploads\/2023\/06\/bar-line1.jpg","datePublished":"2023-06-27T09:27:42+00:00","dateModified":"2025-11-19T19:33:42+00:00","description":"This chocolate bar production line is a overall solution for your chocolate manufacturing needs. Efficient production and stable operation.","breadcrumb":{"@id":"https:\/\/www.chocolatesmachine.com\/ru\/chocolate-bar-production-line\/#breadcrumb"},"inLanguage":"es","potentialAction":[{"@type":"ReadAction","target":["https:\/\/www.chocolatesmachine.com\/ru\/chocolate-bar-production-line\/"]}]},{"@type":"ImageObject","inLanguage":"es","@id":"https:\/\/www.chocolatesmachine.com\/ru\/chocolate-bar-production-line\/#primaryimage","url":"https:\/\/www.chocolatesmachine.com\/wp-content\/uploads\/2023\/06\/bar-line1.jpg","contentUrl":"https:\/\/www.chocolatesmachine.com\/wp-content\/uploads\/2023\/06\/bar-line1.jpg","width":600,"height":600,"caption":"Chooolate Bar Production Line Large Factory"},{"@type":"BreadcrumbList","@id":"https:\/\/www.chocolatesmachine.com\/ru\/chocolate-bar-production-line\/#breadcrumb","itemListElement":[{"@type":"ListItem","position":1,"name":"\u9996\u9875","item":"https:\/\/www.chocolatesmachine.com\/"},{"@type":"ListItem","position":2,"name":"Chocolate Machine","item":"https:\/\/www.chocolatesmachine.com\/es\/producto\/"},{"@type":"ListItem","position":3,"name":"200-500 KG\/H Chocolate Bar Production Line Overall Solution"}]},{"@type":"WebSite","@id":"https:\/\/www.chocolatesmachine.com\/ar\/#website","url":"https:\/\/www.chocolatesmachine.com\/ar\/","name":"Chocolate Making Machine","description":"Solution Provider","publisher":{"@id":"https:\/\/www.chocolatesmachine.com\/ar\/#organization"},"potentialAction":[{"@type":"SearchAction","target":{"@type":"EntryPoint","urlTemplate":"https:\/\/www.chocolatesmachine.com\/ar\/?s={search_term_string}"},"query-input":{"@type":"PropertyValueSpecification","valueRequired":true,"valueName":"search_term_string"}}],"inLanguage":"es"},{"@type":"Organization","@id":"https:\/\/www.chocolatesmachine.com\/ar\/#organization","name":"Longer Food Machinery","url":"https:\/\/www.chocolatesmachine.com\/ar\/","logo":{"@type":"ImageObject","inLanguage":"es","@id":"https:\/\/www.chocolatesmachine.com\/ar\/#\/schema\/logo\/image\/","url":"https:\/\/www.chocolatesmachine.com\/wp-content\/uploads\/2024\/03\/300-60.png","contentUrl":"https:\/\/www.chocolatesmachine.com\/wp-content\/uploads\/2024\/03\/300-60.png","width":300,"height":60,"caption":"Longer Food Machinery"},"image":{"@id":"https:\/\/www.chocolatesmachine.com\/ar\/#\/schema\/logo\/image\/"},"sameAs":["https:\/\/www.facebook.com\/longernutsmachinery\/","https:\/\/x.com\/nutsmachinery","https:\/\/www.pinterest.com\/nutsmachinery\/","https:\/\/www.linkedin.com\/company\/longer-nuts-machinery\/","https:\/\/www.youtube.com\/c\/NutsMachinery"]}]}},"_links":{"self":[{"href":"https:\/\/www.chocolatesmachine.com\/es\/wp-json\/wp\/v2\/product\/1462","targetHints":{"allow":["GET"]}}],"collection":[{"href":"https:\/\/www.chocolatesmachine.com\/es\/wp-json\/wp\/v2\/product"}],"about":[{"href":"https:\/\/www.chocolatesmachine.com\/es\/wp-json\/wp\/v2\/types\/product"}],"replies":[{"embeddable":true,"href":"https:\/\/www.chocolatesmachine.com\/es\/wp-json\/wp\/v2\/comments?post=1462"}],"wp:featuredmedia":[{"embeddable":true,"href":"https:\/\/www.chocolatesmachine.com\/es\/wp-json\/wp\/v2\/media\/1463"}],"wp:attachment":[{"href":"https:\/\/www.chocolatesmachine.com\/es\/wp-json\/wp\/v2\/media?parent=1462"}],"wp:term":[{"taxonomy":"product_cat","embeddable":true,"href":"https:\/\/www.chocolatesmachine.com\/es\/wp-json\/wp\/v2\/product_cat?post=1462"},{"taxonomy":"product_tag","embeddable":true,"href":"https:\/\/www.chocolatesmachine.com\/es\/wp-json\/wp\/v2\/product_tag?post=1462"}],"curies":[{"name":"wp","href":"https:\/\/api.w.org\/{rel}","templated":true}]}}