{"id":1400,"date":"2023-02-20T20:00:50","date_gmt":"2023-02-20T12:00:50","guid":{"rendered":"https:\/\/www.chocolatesmachine.com\/?post_type=product&#038;p=1400"},"modified":"2025-02-11T10:21:25","modified_gmt":"2025-02-11T02:21:25","slug":"chocolate-depositing-production-line","status":"publish","type":"product","link":"https:\/\/www.chocolatesmachine.com\/es\/chocolate-depositing-production-line\/","title":{"rendered":"L\u00ednea de producci\u00f3n de dep\u00f3sito de chocolate controlada por PLC"},"content":{"rendered":"<p>En <strong>l\u00ednea de producci\u00f3n de deposici\u00f3n de chocolate<\/strong> puede completar todo el proceso, desde el dep\u00f3sito y el moldeado hasta la descarga. Este conjunto de equipos puede utilizarse para fabricar una gran variedad de formas diferentes de chocolate puro, tabletas de chocolate, chocolate mezclado con frutos secos y chocolate con rellenos. El chocolate tiene una cuantificaci\u00f3n precisa, superficie lisa y alta calidad.<\/p>\n<p><img loading=\"lazy\" decoding=\"async\" class=\"alignnone size-full wp-image-1403\" src=\"https:\/\/www.chocolatesmachine.com\/wp-content\/uploads\/2023\/02\/line-3.jpg\" alt=\"Productos de chocolate\" width=\"600\" height=\"600\" srcset=\"https:\/\/www.chocolatesmachine.com\/wp-content\/uploads\/2023\/02\/line-3.jpg 600w, https:\/\/www.chocolatesmachine.com\/wp-content\/uploads\/2023\/02\/line-3-300x300.jpg 300w, https:\/\/www.chocolatesmachine.com\/wp-content\/uploads\/2023\/02\/line-3-150x150.jpg 150w, https:\/\/www.chocolatesmachine.com\/wp-content\/uploads\/2023\/02\/line-3-100x100.jpg 100w\" sizes=\"auto, (max-width: 600px) 100vw, 600px\" \/><\/p>\n<h3>Estructura de PLC <a href=\"https:\/\/www.chocolatesmachine.com\/es\/chocolate-depositor-machine\/\">M\u00e1quina depositadora de chocolate<\/a><\/h3>\n<p>Esta m\u00e1quina se compone principalmente de: piezas principales de transmisi\u00f3n, piezas de secado de moldes, cabezales de dep\u00f3sito (tres, el primero de los cuales es de dep\u00f3sito servo, y el resto son de dep\u00f3sito neum\u00e1tico), mecanismo de vibraci\u00f3n, mecanismo de adici\u00f3n de tuercas trituradas, piezas de bucle de plantilla, conducto de aire de refrigeraci\u00f3n Se compone de componentes, mecanismo de desmoldeo, sistema de preservaci\u00f3n del calor, sistema de control el\u00e9ctrico, etc.<\/p>\n<h3>Principio de funcionamiento principal de la l\u00ednea de producci\u00f3n de chocolate depositado<\/h3>\n<p>Cuando se produce chocolate, el cabezal de dep\u00f3sito inyecta la pasta de chocolate en la cavidad del molde fijada en la cadena, luego la env\u00eda a la secci\u00f3n vibratoria para vibraci\u00f3n, y luego entra en la secci\u00f3n de enfriamiento para enfriamiento; entra en la estaci\u00f3n de dep\u00f3sito secundaria, y a\u00f1ade fruta triturada despu\u00e9s de depositar Despu\u00e9s de que el molde se hornea, entra en la tercera estaci\u00f3n de dep\u00f3sito, depositando, vibrando, y luego enfriando.<\/p>\n<p>La plantilla de chocolate enfriada entra en la secci\u00f3n de pelado, y el chocolate pelado es enviado por la cinta transportadora.<\/p>\n<p><iframe loading=\"lazy\" title=\"CE Chocolate Depositor Machine\/Chocolate Casting Machine\/Chocolate Making Machine\" width=\"800\" height=\"450\" src=\"https:\/\/www.youtube.com\/embed\/2lvNqwJgA0o?feature=oembed\" frameborder=\"0\" allow=\"accelerometer; autoplay; clipboard-write; encrypted-media; gyroscope; picture-in-picture; web-share\" allowfullscreen><\/iframe><\/p>\n<h3>Caracter\u00edsticas de la l\u00ednea de dep\u00f3sito de chocolate de control PLC<\/h3>\n<ul>\n<li>Se utiliza ampliamente y puede verter una gran variedad de chocolate puro y chocolate en s\u00e1ndwich de diferentes formas.<\/li>\n<li>El dep\u00f3sito, el moldeado, el desmoldeo, la congelaci\u00f3n y otros procesos se realizan autom\u00e1ticamente, lo que reduce la mano de obra.<\/li>\n<li>Transmisi\u00f3n mec\u00e1nica, posicionamiento exacto, dep\u00f3sito y dosificaci\u00f3n precisos.<\/li>\n<li>El PLC y la pantalla t\u00e1ctil adoptan Siemens, que es m\u00e1s f\u00e1cil de manejar y requiere menos mano de obra.<\/li>\n<li>El PLC y la pantalla t\u00e1ctil controlan toda la l\u00ednea de procesamiento, y la pantalla t\u00e1ctil muestra los fallos para facilitar la resoluci\u00f3n de problemas;<\/li>\n<li>El cuerpo de la cubierta, la cinta de malla y las piezas en contacto con materiales o productos acabados son de acero inoxidable 304.<\/li>\n<li>Los equipos de alta calidad con un rendimiento estable pueden realizar una producci\u00f3n continua de 24 horas.<\/li>\n<\/ul>\n<figure id=\"attachment_1402\" aria-describedby=\"caption-attachment-1402\" style=\"width: 600px\" class=\"wp-caption alignnone\"><img loading=\"lazy\" decoding=\"async\" class=\"size-full wp-image-1402\" src=\"https:\/\/www.chocolatesmachine.com\/wp-content\/uploads\/2023\/02\/line-2.jpg\" alt=\"L\u00ednea de producci\u00f3n autom\u00e1tica de dep\u00f3sito de chocolate \" width=\"600\" height=\"600\" srcset=\"https:\/\/www.chocolatesmachine.com\/wp-content\/uploads\/2023\/02\/line-2.jpg 600w, https:\/\/www.chocolatesmachine.com\/wp-content\/uploads\/2023\/02\/line-2-300x300.jpg 300w, https:\/\/www.chocolatesmachine.com\/wp-content\/uploads\/2023\/02\/line-2-150x150.jpg 150w, https:\/\/www.chocolatesmachine.com\/wp-content\/uploads\/2023\/02\/line-2-100x100.jpg 100w\" sizes=\"auto, (max-width: 600px) 100vw, 600px\" \/><figcaption id=\"caption-attachment-1402\" class=\"wp-caption-text\">L\u00ednea de producci\u00f3n autom\u00e1tica de dep\u00f3sito de chocolate<\/figcaption><\/figure>\n<h3>\u00bfC\u00f3mo ajustar el importe del dep\u00f3sito de chocolate?<\/h3>\n<ol>\n<li>El cabezal de dep\u00f3sito servo ajusta la cantidad total de dep\u00f3sito en cada punto de dep\u00f3sito ajustando la longitud de la carrera de dep\u00f3sito en la pantalla de funcionamiento, de modo que la cantidad de dep\u00f3sito alcance la cantidad de dep\u00f3sito de chocolate requerida.<\/li>\n<li>El cabezal de dep\u00f3sito neum\u00e1tico puede ajustar la cantidad total de dep\u00f3sito en cada punto de dep\u00f3sito ajustando la carrera del cilindro de dep\u00f3sito, de modo que la cantidad de dep\u00f3sito pueda alcanzar la cantidad de dep\u00f3sito de chocolate requerida.<\/li>\n<\/ol>\n<h3>Par\u00e1metros de la mejor l\u00ednea de producci\u00f3n de dep\u00f3sito de chocolate<\/h3>\n<table>\n<tbody>\n<tr>\n<td width=\"89\">Modelo<\/td>\n<td width=\"95\">LG-CJZ175<\/td>\n<td width=\"95\">LG-CJZ175 (Dos cabezales)<\/td>\n<td width=\"95\">LG-CJZ510<\/td>\n<td width=\"95\">LG-CJZ510 (Dos cabezales)<\/td>\n<\/tr>\n<tr>\n<td width=\"89\">Capacidad (moldes\/min)<\/td>\n<td width=\"95\">6-15<\/td>\n<td width=\"95\">6-15<\/td>\n<td width=\"95\">6-15<\/td>\n<td width=\"95\">6-15<\/td>\n<\/tr>\n<tr>\n<td width=\"89\">Potencia (KW)<\/td>\n<td width=\"95\">19<\/td>\n<td width=\"95\">23<\/td>\n<td width=\"95\">21<\/td>\n<td width=\"95\">25<\/td>\n<\/tr>\n<tr>\n<td width=\"89\">Cantidad de moldes (piezas)<\/td>\n<td width=\"95\">280<\/td>\n<td width=\"95\">330<\/td>\n<td width=\"95\">280<\/td>\n<td width=\"95\">330<\/td>\n<\/tr>\n<tr>\n<td width=\"89\">Tama\u00f1o del molde (mm)<\/td>\n<td width=\"95\">330*200*30<\/td>\n<td width=\"95\">330*200*30<\/td>\n<td width=\"95\">510*200*30<\/td>\n<td width=\"95\">510*200*30<\/td>\n<\/tr>\n<tr>\n<td width=\"89\">Peso (KG)<\/td>\n<td width=\"95\">3500<\/td>\n<td width=\"95\">4500<\/td>\n<td width=\"95\">4000<\/td>\n<td width=\"95\">5000<\/td>\n<\/tr>\n<tr>\n<td width=\"89\">Tama\u00f1o de la m\u00e1quina (mm)<\/td>\n<td width=\"95\">16000*1000*1600<\/td>\n<td width=\"95\">16000*1000*1800<\/td>\n<td width=\"95\">16000*2000*1600<\/td>\n<td width=\"95\">16000*2000*1800<\/td>\n<\/tr>\n<\/tbody>\n<\/table>\n<hr \/>\n<p>Env\u00edenos su solicitud y le proporcionaremos una soluci\u00f3n de chocolate completa y un presupuesto.<\/p>\n<p><strong>Correo electr\u00f3nico: serena@machinehall.com WhatsApp\/M\u00f3vil: +8615515597212<\/strong><\/p>\n<div role=\"form\" class=\"wpcf7\" id=\"wpcf7-f575-o1\" lang=\"zh-CN\" dir=\"ltr\">\n<div class=\"screen-reader-response\"><p role=\"status\" aria-live=\"polite\" aria-atomic=\"true\"><\/p> <ul><\/ul><\/div>\n<form action=\"\/es\/wp-json\/wp\/v2\/product\/1400#wpcf7-f575-o1\" method=\"post\" class=\"wpcf7-form init\" novalidate=\"novalidate\" data-status=\"init\" data-trp-original-action=\"\/es\/wp-json\/wp\/v2\/product\/1400#wpcf7-f575-o1\">\n<div style=\"display: none;\">\n<input type=\"hidden\" name=\"_wpcf7\" value=\"575\" \/>\n<input type=\"hidden\" name=\"_wpcf7_version\" value=\"5.5.2\" \/>\n<input type=\"hidden\" name=\"_wpcf7_locale\" value=\"zh_CN\" \/>\n<input type=\"hidden\" name=\"_wpcf7_unit_tag\" value=\"wpcf7-f575-o1\" \/>\n<input type=\"hidden\" name=\"_wpcf7_container_post\" value=\"0\" \/>\n<input type=\"hidden\" name=\"_wpcf7_posted_data_hash\" value=\"\" \/>\n<\/div>\n<div style='display:block;text-align:center;font-size:20px;font-weight:bold;margin-bottom:20px'>Enviar solicitud <span style='display:block;width:30px;height:2px;background:#99502c;margin:10px auto;'><\/span><\/div>\n<p><label> Nombre<br \/>\n    <span class=\"wpcf7-form-control-wrap your-name\"><input type=\"text\" name=\"your-name\" value=\"\" size=\"40\" class=\"wpcf7-form-control wpcf7-text wpcf7-validates-as-required\" aria-required=\"true\" aria-invalid=\"false\" \/><\/span> <\/label><\/p>\n<p><label> Correo electr\u00f3nico<br \/>\n    <span class=\"wpcf7-form-control-wrap your-email\"><input type=\"email\" name=\"your-email\" value=\"\" size=\"40\" class=\"wpcf7-form-control wpcf7-text wpcf7-email wpcf7-validates-as-required wpcf7-validates-as-email\" aria-required=\"true\" aria-invalid=\"false\" \/><\/span> <\/label><\/p>\n<p><label> Pa\u00eds<br \/>\n    <span class=\"wpcf7-form-control-wrap your-country\"><input type=\"text\" name=\"your-country\" value=\"\" size=\"40\" class=\"wpcf7-form-control wpcf7-text\" aria-invalid=\"false\" \/><\/span> <\/label><\/p>\n<p><label> Tel\u00e9fono<br \/>\n    <span class=\"wpcf7-form-control-wrap tel-901\"><input type=\"tel\" name=\"tel-901\" value=\"\" size=\"40\" class=\"wpcf7-form-control wpcf7-text wpcf7-tel wpcf7-validates-as-tel\" aria-invalid=\"false\" \/><\/span> <\/label><\/p>\n<p><label> Nombre de la empresa<br \/>\n    <span class=\"wpcf7-form-control-wrap company-name\"><input type=\"text\" name=\"company-name\" value=\"\" size=\"40\" class=\"wpcf7-form-control wpcf7-text\" aria-invalid=\"false\" \/><\/span> <\/label><\/p>\n<p><label> Sitio web de la empresa<br \/>\n    <span class=\"wpcf7-form-control-wrap company-website\"><input type=\"text\" name=\"company-website\" value=\"\" size=\"40\" class=\"wpcf7-form-control wpcf7-text\" aria-invalid=\"false\" \/><\/span> <\/label><\/p>\n<p><label> Mensaje<br \/>\n    <span class=\"wpcf7-form-control-wrap your-message\"><textarea name=\"your-message\" cols=\"40\" rows=\"10\" class=\"wpcf7-form-control wpcf7-textarea wpcf7-validates-as-required\" aria-required=\"true\" aria-invalid=\"false\"><\/textarea><\/span> <\/label><\/p>\n<p><input type=\"submit\" value=\"Enviar\" class=\"wpcf7-form-control has-spinner wpcf7-submit\" \/><\/p>\n<p style=\"display: none !important;\"><label>&#916;<textarea name=\"_wpcf7_ak_hp_textarea\" cols=\"45\" rows=\"8\" maxlength=\"100\"><\/textarea><\/label><input type=\"hidden\" id=\"ak_js\" name=\"_wpcf7_ak_js\" value=\"69\"\/><script>document.getElementById( \"ak_js\" ).setAttribute( \"value\", ( new Date() ).getTime() );<\/script><\/p><div class=\"wpcf7-response-output\" aria-hidden=\"true\"><\/div><input type=\"hidden\" name=\"trp-form-language\" value=\"es\"\/><\/form><\/div>","protected":false},"excerpt":{"rendered":"<ul>\n<li>El PLC controla toda la l\u00ednea de producci\u00f3n, totalmente automatizada.<\/li>\n<li>Puede producir chocolate puro, chocolate de frutos secos, chocolate para bocadillos, etc.<\/li>\n<li>El chocolate producido es cuantitativamente exacto y de gran calidad.<\/li>\n<\/ul>","protected":false},"featured_media":1401,"comment_status":"open","ping_status":"closed","template":"","meta":[],"product_cat":[26,27],"product_tag":[],"class_list":["post-1400","product","type-product","status-publish","has-post-thumbnail","hentry","product_cat-single-machine","product_cat-product"],"yoast_head":"<!-- This site is optimized with the Yoast SEO plugin v25.6 - https:\/\/yoast.com\/wordpress\/plugins\/seo\/ -->\n<title>PLC Control Chocolate Depositing Production Line<\/title>\n<meta name=\"description\" content=\"The chocolate depositing production line can produce a variety of different shapes of pure chocolate, nut chocolate, and sandwich chocolate.\" \/>\n<meta name=\"robots\" content=\"index, follow, max-snippet:-1, max-image-preview:large, max-video-preview:-1\" \/>\n<link rel=\"canonical\" href=\"https:\/\/www.chocolatesmachine.com\/es\/chocolate-depositing-production-line\/\" \/>\n<meta property=\"og:locale\" content=\"es_ES\" \/>\n<meta property=\"og:type\" content=\"article\" \/>\n<meta property=\"og:title\" content=\"PLC Control Chocolate Depositing Production Line\" \/>\n<meta property=\"og:description\" content=\"The chocolate depositing production line can produce a variety of different shapes of pure chocolate, nut chocolate, and sandwich chocolate.\" \/>\n<meta property=\"og:url\" content=\"https:\/\/www.chocolatesmachine.com\/es\/chocolate-depositing-production-line\/\" \/>\n<meta property=\"og:site_name\" content=\"Chocolate Making Machine\" \/>\n<meta property=\"article:publisher\" content=\"https:\/\/www.facebook.com\/longernutsmachinery\/\" \/>\n<meta property=\"article:modified_time\" content=\"2025-02-11T02:21:25+00:00\" \/>\n<meta property=\"og:image\" content=\"https:\/\/www.chocolatesmachine.com\/wp-content\/uploads\/2023\/02\/line-1.jpg\" \/>\n\t<meta property=\"og:image:width\" content=\"600\" \/>\n\t<meta property=\"og:image:height\" content=\"600\" \/>\n\t<meta property=\"og:image:type\" content=\"image\/jpeg\" \/>\n<meta name=\"twitter:card\" content=\"summary_large_image\" \/>\n<meta name=\"twitter:site\" content=\"@nutsmachinery\" \/>\n<meta name=\"twitter:label1\" content=\"Tiempo de lectura\" \/>\n\t<meta name=\"twitter:data1\" content=\"3 minutos\" \/>\n<script type=\"application\/ld+json\" class=\"yoast-schema-graph\">{\"@context\":\"https:\/\/schema.org\",\"@graph\":[{\"@type\":\"WebPage\",\"@id\":\"https:\/\/www.chocolatesmachine.com\/ar\/chocolate-depositing-production-line\/\",\"url\":\"https:\/\/www.chocolatesmachine.com\/ar\/chocolate-depositing-production-line\/\",\"name\":\"PLC Control Chocolate Depositing Production Line\",\"isPartOf\":{\"@id\":\"https:\/\/www.chocolatesmachine.com\/ar\/#website\"},\"primaryImageOfPage\":{\"@id\":\"https:\/\/www.chocolatesmachine.com\/ar\/chocolate-depositing-production-line\/#primaryimage\"},\"image\":{\"@id\":\"https:\/\/www.chocolatesmachine.com\/ar\/chocolate-depositing-production-line\/#primaryimage\"},\"thumbnailUrl\":\"https:\/\/www.chocolatesmachine.com\/wp-content\/uploads\/2023\/02\/line-1.jpg\",\"datePublished\":\"2023-02-20T12:00:50+00:00\",\"dateModified\":\"2025-02-11T02:21:25+00:00\",\"description\":\"The chocolate depositing production line can produce a variety of different shapes of pure chocolate, nut chocolate, and sandwich chocolate.\",\"breadcrumb\":{\"@id\":\"https:\/\/www.chocolatesmachine.com\/ar\/chocolate-depositing-production-line\/#breadcrumb\"},\"inLanguage\":\"es\",\"potentialAction\":[{\"@type\":\"ReadAction\",\"target\":[\"https:\/\/www.chocolatesmachine.com\/ar\/chocolate-depositing-production-line\/\"]}]},{\"@type\":\"ImageObject\",\"inLanguage\":\"es\",\"@id\":\"https:\/\/www.chocolatesmachine.com\/ar\/chocolate-depositing-production-line\/#primaryimage\",\"url\":\"https:\/\/www.chocolatesmachine.com\/wp-content\/uploads\/2023\/02\/line-1.jpg\",\"contentUrl\":\"https:\/\/www.chocolatesmachine.com\/wp-content\/uploads\/2023\/02\/line-1.jpg\",\"width\":600,\"height\":600,\"caption\":\"PLC Chocolate Depositing Production Line\"},{\"@type\":\"BreadcrumbList\",\"@id\":\"https:\/\/www.chocolatesmachine.com\/ar\/chocolate-depositing-production-line\/#breadcrumb\",\"itemListElement\":[{\"@type\":\"ListItem\",\"position\":1,\"name\":\"\u9996\u9875\",\"item\":\"https:\/\/www.chocolatesmachine.com\/\"},{\"@type\":\"ListItem\",\"position\":2,\"name\":\"Chocolate Machine\",\"item\":\"https:\/\/www.chocolatesmachine.com\/es\/producto\/\"},{\"@type\":\"ListItem\",\"position\":3,\"name\":\"PLC Control Chocolate Depositing Production Line\"}]},{\"@type\":\"WebSite\",\"@id\":\"https:\/\/www.chocolatesmachine.com\/ar\/#website\",\"url\":\"https:\/\/www.chocolatesmachine.com\/ar\/\",\"name\":\"Chocolate Making Machine\",\"description\":\"Solution Provider\",\"publisher\":{\"@id\":\"https:\/\/www.chocolatesmachine.com\/ar\/#organization\"},\"potentialAction\":[{\"@type\":\"SearchAction\",\"target\":{\"@type\":\"EntryPoint\",\"urlTemplate\":\"https:\/\/www.chocolatesmachine.com\/ar\/?s={search_term_string}\"},\"query-input\":{\"@type\":\"PropertyValueSpecification\",\"valueRequired\":true,\"valueName\":\"search_term_string\"}}],\"inLanguage\":\"es\"},{\"@type\":\"Organization\",\"@id\":\"https:\/\/www.chocolatesmachine.com\/ar\/#organization\",\"name\":\"Longer Food Machinery\",\"url\":\"https:\/\/www.chocolatesmachine.com\/ar\/\",\"logo\":{\"@type\":\"ImageObject\",\"inLanguage\":\"es\",\"@id\":\"https:\/\/www.chocolatesmachine.com\/ar\/#\/schema\/logo\/image\/\",\"url\":\"https:\/\/www.chocolatesmachine.com\/wp-content\/uploads\/2024\/03\/300-60.png\",\"contentUrl\":\"https:\/\/www.chocolatesmachine.com\/wp-content\/uploads\/2024\/03\/300-60.png\",\"width\":300,\"height\":60,\"caption\":\"Longer Food Machinery\"},\"image\":{\"@id\":\"https:\/\/www.chocolatesmachine.com\/ar\/#\/schema\/logo\/image\/\"},\"sameAs\":[\"https:\/\/www.facebook.com\/longernutsmachinery\/\",\"https:\/\/x.com\/nutsmachinery\",\"https:\/\/www.pinterest.com\/nutsmachinery\/\",\"https:\/\/www.linkedin.com\/company\/longer-nuts-machinery\/\",\"https:\/\/www.youtube.com\/c\/NutsMachinery\"]}]}<\/script>\n<!-- \/ Yoast SEO plugin. -->","yoast_head_json":{"title":"PLC Control Chocolate Depositing Production Line","description":"The chocolate depositing production line can produce a variety of different shapes of pure chocolate, nut chocolate, and sandwich chocolate.","robots":{"index":"index","follow":"follow","max-snippet":"max-snippet:-1","max-image-preview":"max-image-preview:large","max-video-preview":"max-video-preview:-1"},"canonical":"https:\/\/www.chocolatesmachine.com\/es\/chocolate-depositing-production-line\/","og_locale":"es_ES","og_type":"article","og_title":"PLC Control Chocolate Depositing Production Line","og_description":"The chocolate depositing production line can produce a variety of different shapes of pure chocolate, nut chocolate, and sandwich chocolate.","og_url":"https:\/\/www.chocolatesmachine.com\/es\/chocolate-depositing-production-line\/","og_site_name":"Chocolate Making Machine","article_publisher":"https:\/\/www.facebook.com\/longernutsmachinery\/","article_modified_time":"2025-02-11T02:21:25+00:00","og_image":[{"width":600,"height":600,"url":"https:\/\/www.chocolatesmachine.com\/wp-content\/uploads\/2023\/02\/line-1.jpg","type":"image\/jpeg"}],"twitter_card":"summary_large_image","twitter_site":"@nutsmachinery","twitter_misc":{"Tiempo de lectura":"3 minutos"},"schema":{"@context":"https:\/\/schema.org","@graph":[{"@type":"WebPage","@id":"https:\/\/www.chocolatesmachine.com\/ar\/chocolate-depositing-production-line\/","url":"https:\/\/www.chocolatesmachine.com\/ar\/chocolate-depositing-production-line\/","name":"PLC Control Chocolate Depositing Production Line","isPartOf":{"@id":"https:\/\/www.chocolatesmachine.com\/ar\/#website"},"primaryImageOfPage":{"@id":"https:\/\/www.chocolatesmachine.com\/ar\/chocolate-depositing-production-line\/#primaryimage"},"image":{"@id":"https:\/\/www.chocolatesmachine.com\/ar\/chocolate-depositing-production-line\/#primaryimage"},"thumbnailUrl":"https:\/\/www.chocolatesmachine.com\/wp-content\/uploads\/2023\/02\/line-1.jpg","datePublished":"2023-02-20T12:00:50+00:00","dateModified":"2025-02-11T02:21:25+00:00","description":"The chocolate depositing production line can produce a variety of different shapes of pure chocolate, nut chocolate, and sandwich chocolate.","breadcrumb":{"@id":"https:\/\/www.chocolatesmachine.com\/ar\/chocolate-depositing-production-line\/#breadcrumb"},"inLanguage":"es","potentialAction":[{"@type":"ReadAction","target":["https:\/\/www.chocolatesmachine.com\/ar\/chocolate-depositing-production-line\/"]}]},{"@type":"ImageObject","inLanguage":"es","@id":"https:\/\/www.chocolatesmachine.com\/ar\/chocolate-depositing-production-line\/#primaryimage","url":"https:\/\/www.chocolatesmachine.com\/wp-content\/uploads\/2023\/02\/line-1.jpg","contentUrl":"https:\/\/www.chocolatesmachine.com\/wp-content\/uploads\/2023\/02\/line-1.jpg","width":600,"height":600,"caption":"PLC Chocolate Depositing Production Line"},{"@type":"BreadcrumbList","@id":"https:\/\/www.chocolatesmachine.com\/ar\/chocolate-depositing-production-line\/#breadcrumb","itemListElement":[{"@type":"ListItem","position":1,"name":"\u9996\u9875","item":"https:\/\/www.chocolatesmachine.com\/"},{"@type":"ListItem","position":2,"name":"Chocolate Machine","item":"https:\/\/www.chocolatesmachine.com\/es\/producto\/"},{"@type":"ListItem","position":3,"name":"PLC Control Chocolate Depositing Production Line"}]},{"@type":"WebSite","@id":"https:\/\/www.chocolatesmachine.com\/ar\/#website","url":"https:\/\/www.chocolatesmachine.com\/ar\/","name":"Chocolate Making Machine","description":"Solution Provider","publisher":{"@id":"https:\/\/www.chocolatesmachine.com\/ar\/#organization"},"potentialAction":[{"@type":"SearchAction","target":{"@type":"EntryPoint","urlTemplate":"https:\/\/www.chocolatesmachine.com\/ar\/?s={search_term_string}"},"query-input":{"@type":"PropertyValueSpecification","valueRequired":true,"valueName":"search_term_string"}}],"inLanguage":"es"},{"@type":"Organization","@id":"https:\/\/www.chocolatesmachine.com\/ar\/#organization","name":"Longer Food Machinery","url":"https:\/\/www.chocolatesmachine.com\/ar\/","logo":{"@type":"ImageObject","inLanguage":"es","@id":"https:\/\/www.chocolatesmachine.com\/ar\/#\/schema\/logo\/image\/","url":"https:\/\/www.chocolatesmachine.com\/wp-content\/uploads\/2024\/03\/300-60.png","contentUrl":"https:\/\/www.chocolatesmachine.com\/wp-content\/uploads\/2024\/03\/300-60.png","width":300,"height":60,"caption":"Longer Food Machinery"},"image":{"@id":"https:\/\/www.chocolatesmachine.com\/ar\/#\/schema\/logo\/image\/"},"sameAs":["https:\/\/www.facebook.com\/longernutsmachinery\/","https:\/\/x.com\/nutsmachinery","https:\/\/www.pinterest.com\/nutsmachinery\/","https:\/\/www.linkedin.com\/company\/longer-nuts-machinery\/","https:\/\/www.youtube.com\/c\/NutsMachinery"]}]}},"_links":{"self":[{"href":"https:\/\/www.chocolatesmachine.com\/es\/wp-json\/wp\/v2\/product\/1400","targetHints":{"allow":["GET"]}}],"collection":[{"href":"https:\/\/www.chocolatesmachine.com\/es\/wp-json\/wp\/v2\/product"}],"about":[{"href":"https:\/\/www.chocolatesmachine.com\/es\/wp-json\/wp\/v2\/types\/product"}],"replies":[{"embeddable":true,"href":"https:\/\/www.chocolatesmachine.com\/es\/wp-json\/wp\/v2\/comments?post=1400"}],"wp:featuredmedia":[{"embeddable":true,"href":"https:\/\/www.chocolatesmachine.com\/es\/wp-json\/wp\/v2\/media\/1401"}],"wp:attachment":[{"href":"https:\/\/www.chocolatesmachine.com\/es\/wp-json\/wp\/v2\/media?parent=1400"}],"wp:term":[{"taxonomy":"product_cat","embeddable":true,"href":"https:\/\/www.chocolatesmachine.com\/es\/wp-json\/wp\/v2\/product_cat?post=1400"},{"taxonomy":"product_tag","embeddable":true,"href":"https:\/\/www.chocolatesmachine.com\/es\/wp-json\/wp\/v2\/product_tag?post=1400"}],"curies":[{"name":"wp","href":"https:\/\/api.w.org\/{rel}","templated":true}]}}