{"id":1366,"date":"2022-11-26T18:18:40","date_gmt":"2022-11-26T10:18:40","guid":{"rendered":"https:\/\/www.chocolatesmachine.com\/?post_type=product&#038;p=1366"},"modified":"2025-02-11T10:15:23","modified_gmt":"2025-02-11T02:15:23","slug":"chocolate-paste-filling-machine","status":"publish","type":"product","link":"https:\/\/www.chocolatesmachine.com\/es\/chocolate-paste-filling-machine\/","title":{"rendered":"M\u00e1quina llenadora lineal de tarros de pasta de chocolate de 6 cabezales"},"content":{"rendered":"<p>Este <strong>m\u00e1quina rellenadora de pasta de chocolate<\/strong> es una l\u00ednea de llenado lineal, compuesta principalmente por una m\u00e1quina llenadora, una m\u00e1quina tapadora y una m\u00e1quina etiquetadora. Control de programa PLC importado, interfaz de operaci\u00f3n manual t\u00e1ctil, material de acero inoxidable 304.<\/p>\n<p>Esta m\u00e1quina llenadora se utiliza principalmente para el llenado de salsas alimenticias como salsa de chocolate, mantequilla de man\u00ed, pasta de s\u00e9samo, salsa de chile, salsa de tomate, etc., para aumentar la velocidad de llenado.<\/p>\n<figure id=\"attachment_1370\" aria-describedby=\"caption-attachment-1370\" style=\"width: 600px\" class=\"wp-caption alignnone\"><img loading=\"lazy\" decoding=\"async\" class=\"size-full wp-image-1370\" src=\"https:\/\/www.chocolatesmachine.com\/wp-content\/uploads\/2022\/11\/fill2.jpg\" alt=\"M\u00e1quina llenadora lineal de pasta de chocolate\" width=\"600\" height=\"600\" srcset=\"https:\/\/www.chocolatesmachine.com\/wp-content\/uploads\/2022\/11\/fill2.jpg 600w, https:\/\/www.chocolatesmachine.com\/wp-content\/uploads\/2022\/11\/fill2-300x300.jpg 300w, https:\/\/www.chocolatesmachine.com\/wp-content\/uploads\/2022\/11\/fill2-150x150.jpg 150w, https:\/\/www.chocolatesmachine.com\/wp-content\/uploads\/2022\/11\/fill2-100x100.jpg 100w\" sizes=\"auto, (max-width: 600px) 100vw, 600px\" \/><figcaption id=\"caption-attachment-1370\" class=\"wp-caption-text\">M\u00e1quina llenadora lineal de pasta de chocolate<\/figcaption><\/figure>\n<h3><strong>Caracter\u00edsticas de la m\u00e1quina llenadora autom\u00e1tica de frascos de chocolate:<\/strong><\/h3>\n<ul>\n<li>Utilizando tecnolog\u00eda avanzada, utilizando PLC y control electr\u00f3nico de sensores de fibra \u00f3ptica.<\/li>\n<li>Los seis cabezales de llenado est\u00e1n accionados y controlados por seis cilindros, lo que hace que el llenado sea m\u00e1s r\u00e1pido y preciso.<\/li>\n<li>Con una funci\u00f3n de recuento, puede registrar la capacidad de producci\u00f3n del d\u00eda o del mes.<\/li>\n<li>Las piezas en contacto con el l\u00edquido, como la boquilla de llenado y el material de la artesa, son todas de acero inoxidable 304.<\/li>\n<li>Productos de integraci\u00f3n mec\u00e1nica y el\u00e9ctrica, alta intensidad de automatizaci\u00f3n, movimientos suaves y precisos.<\/li>\n<li>La limpieza y el mantenimiento de los equipos son m\u00e1s sencillos y c\u00f3modos.<\/li>\n<\/ul>\n<h3><strong>Ajuste de la precisi\u00f3n de llenado de la m\u00e1quina llenadora lineal de pasta de chocolate:<\/strong><\/h3>\n<ol>\n<li>El error de llenado de la m\u00e1quina llenadora de pasta est\u00e1 determinado principalmente por el volumen de llenado, la velocidad de llenado y la velocidad de las v\u00e1lvulas superior e inferior. La velocidad de conmutaci\u00f3n de las v\u00e1lvulas superior e inferior est\u00e1 relacionada con la viscosidad del producto, cuanto mayor sea la viscosidad, m\u00e1s lenta ser\u00e1 la velocidad de conmutaci\u00f3n de la v\u00e1lvula.<\/li>\n<li>La velocidad de conmutaci\u00f3n de la v\u00e1lvula de la m\u00e1quina de llenado ajusta principalmente la presi\u00f3n del muelle de la v\u00e1lvula, y la presi\u00f3n del muelle aumenta, y la velocidad de conmutaci\u00f3n de la v\u00e1lvula aumenta.<\/li>\n<li>La presi\u00f3n del muelle de la v\u00e1lvula de la m\u00e1quina llenadora debe determinarse mediante la medici\u00f3n de llenado de prueba y la experiencia del operario.<\/li>\n<\/ol>\n<figure id=\"attachment_1371\" aria-describedby=\"caption-attachment-1371\" style=\"width: 600px\" class=\"wp-caption alignnone\"><img loading=\"lazy\" decoding=\"async\" class=\"size-full wp-image-1371\" src=\"https:\/\/www.chocolatesmachine.com\/wp-content\/uploads\/2022\/11\/fill3.jpg\" alt=\"Precio de la m\u00e1quina llenadora autom\u00e1tica de tarros de chocolate\" width=\"600\" height=\"600\" srcset=\"https:\/\/www.chocolatesmachine.com\/wp-content\/uploads\/2022\/11\/fill3.jpg 600w, https:\/\/www.chocolatesmachine.com\/wp-content\/uploads\/2022\/11\/fill3-300x300.jpg 300w, https:\/\/www.chocolatesmachine.com\/wp-content\/uploads\/2022\/11\/fill3-150x150.jpg 150w, https:\/\/www.chocolatesmachine.com\/wp-content\/uploads\/2022\/11\/fill3-100x100.jpg 100w\" sizes=\"auto, (max-width: 600px) 100vw, 600px\" \/><figcaption id=\"caption-attachment-1371\" class=\"wp-caption-text\">Precio de la m\u00e1quina llenadora autom\u00e1tica de tarros de chocolate<\/figcaption><\/figure>\n<h3><strong>Par\u00e1metros de la m\u00e1quina llenadora de frascos de pasta de chocolate<\/strong><\/h3>\n<table>\n<tbody>\n<tr>\n<td>Modelo<\/td>\n<td>GT6T-6G<\/td>\n<\/tr>\n<tr>\n<td>Tensi\u00f3n<\/td>\n<td>220 V 50\/60 Hz<\/td>\n<\/tr>\n<tr>\n<td>Presi\u00f3n atmosf\u00e9rica<\/td>\n<td>0,6-0,8Mpa<\/td>\n<\/tr>\n<tr>\n<td>Material SS<\/td>\n<td>SUS304<\/td>\n<\/tr>\n<tr>\n<td>Cilindro principal<\/td>\n<td>SMC(Jap\u00f3n)<\/td>\n<\/tr>\n<tr>\n<td>PLC&amp;Pantalla<\/td>\n<td>Delta<\/td>\n<\/tr>\n<tr>\n<td>Rango de volumen de llenado<\/td>\n<td>100-1000 ml<\/td>\n<\/tr>\n<tr>\n<td>Cabezales de llenado<\/td>\n<td>6<\/td>\n<\/tr>\n<tr>\n<td>Velocidad de llenado<\/td>\n<td>12-60 botellas\/min<\/td>\n<\/tr>\n<tr>\n<td>Tama\u00f1o de la m\u00e1quina (L*A*A)<\/td>\n<td>\u00a03000*1000*1800 mm<\/td>\n<\/tr>\n<tr>\n<td>Peso<\/td>\n<td>450Kg<\/td>\n<\/tr>\n<\/tbody>\n<\/table>\n<p>_________________________________________________________________<\/p>\n<p>Env\u00edenos su solicitud y le proporcionaremos una soluci\u00f3n de chocolate completa y un presupuesto.<\/p>\n<p><strong>Correo electr\u00f3nico: serena@machinehall.com WhatsApp\/M\u00f3vil: +8615515597212<\/strong><\/p>\n<div role=\"form\" class=\"wpcf7\" id=\"wpcf7-f575-o1\" lang=\"zh-CN\" dir=\"ltr\">\n<div class=\"screen-reader-response\"><p role=\"status\" aria-live=\"polite\" aria-atomic=\"true\"><\/p> <ul><\/ul><\/div>\n<form action=\"\/es\/wp-json\/wp\/v2\/product\/1366#wpcf7-f575-o1\" method=\"post\" class=\"wpcf7-form init\" novalidate=\"novalidate\" data-status=\"init\" data-trp-original-action=\"\/es\/wp-json\/wp\/v2\/product\/1366#wpcf7-f575-o1\">\n<div style=\"display: none;\">\n<input type=\"hidden\" name=\"_wpcf7\" value=\"575\" \/>\n<input type=\"hidden\" name=\"_wpcf7_version\" value=\"5.5.2\" \/>\n<input type=\"hidden\" name=\"_wpcf7_locale\" value=\"zh_CN\" \/>\n<input type=\"hidden\" name=\"_wpcf7_unit_tag\" value=\"wpcf7-f575-o1\" \/>\n<input type=\"hidden\" name=\"_wpcf7_container_post\" value=\"0\" \/>\n<input type=\"hidden\" name=\"_wpcf7_posted_data_hash\" value=\"\" \/>\n<\/div>\n<div style='display:block;text-align:center;font-size:20px;font-weight:bold;margin-bottom:20px'>Enviar solicitud <span style='display:block;width:30px;height:2px;background:#99502c;margin:10px auto;'><\/span><\/div>\n<p><label> Nombre<br \/>\n    <span class=\"wpcf7-form-control-wrap your-name\"><input type=\"text\" name=\"your-name\" value=\"\" size=\"40\" class=\"wpcf7-form-control wpcf7-text wpcf7-validates-as-required\" aria-required=\"true\" aria-invalid=\"false\" \/><\/span> <\/label><\/p>\n<p><label> Correo electr\u00f3nico<br \/>\n    <span class=\"wpcf7-form-control-wrap your-email\"><input type=\"email\" name=\"your-email\" value=\"\" size=\"40\" class=\"wpcf7-form-control wpcf7-text wpcf7-email wpcf7-validates-as-required wpcf7-validates-as-email\" aria-required=\"true\" aria-invalid=\"false\" \/><\/span> <\/label><\/p>\n<p><label> Pa\u00eds<br \/>\n    <span class=\"wpcf7-form-control-wrap your-country\"><input type=\"text\" name=\"your-country\" value=\"\" size=\"40\" class=\"wpcf7-form-control wpcf7-text\" aria-invalid=\"false\" \/><\/span> <\/label><\/p>\n<p><label> Tel\u00e9fono<br \/>\n    <span class=\"wpcf7-form-control-wrap tel-901\"><input type=\"tel\" name=\"tel-901\" value=\"\" size=\"40\" class=\"wpcf7-form-control wpcf7-text wpcf7-tel wpcf7-validates-as-tel\" aria-invalid=\"false\" \/><\/span> <\/label><\/p>\n<p><label> Nombre de la empresa<br \/>\n    <span class=\"wpcf7-form-control-wrap company-name\"><input type=\"text\" name=\"company-name\" value=\"\" size=\"40\" class=\"wpcf7-form-control wpcf7-text\" aria-invalid=\"false\" \/><\/span> <\/label><\/p>\n<p><label> Sitio web de la empresa<br \/>\n    <span class=\"wpcf7-form-control-wrap company-website\"><input type=\"text\" name=\"company-website\" value=\"\" size=\"40\" class=\"wpcf7-form-control wpcf7-text\" aria-invalid=\"false\" \/><\/span> <\/label><\/p>\n<p><label> Mensaje<br \/>\n    <span class=\"wpcf7-form-control-wrap your-message\"><textarea name=\"your-message\" cols=\"40\" rows=\"10\" class=\"wpcf7-form-control wpcf7-textarea wpcf7-validates-as-required\" aria-required=\"true\" aria-invalid=\"false\"><\/textarea><\/span> <\/label><\/p>\n<p><input type=\"submit\" value=\"Enviar\" class=\"wpcf7-form-control has-spinner wpcf7-submit\" \/><\/p>\n<p style=\"display: none !important;\"><label>&#916;<textarea name=\"_wpcf7_ak_hp_textarea\" cols=\"45\" rows=\"8\" maxlength=\"100\"><\/textarea><\/label><input type=\"hidden\" id=\"ak_js\" name=\"_wpcf7_ak_js\" value=\"201\"\/><script>document.getElementById( \"ak_js\" ).setAttribute( \"value\", ( new Date() ).getTime() );<\/script><\/p><div class=\"wpcf7-response-output\" aria-hidden=\"true\"><\/div><input type=\"hidden\" name=\"trp-form-language\" value=\"es\"\/><\/form><\/div>","protected":false},"excerpt":{"rendered":"<p>La l\u00ednea de producci\u00f3n lineal de llenado de pasta de chocolate tambi\u00e9n puede llenar mantequilla de man\u00ed, salsa de chile, salsa de tomate, etc. Control PLC, interfaz hombre-m\u00e1quina, operaci\u00f3n.<\/p>","protected":false},"featured_media":1367,"comment_status":"open","ping_status":"closed","template":"","meta":[],"product_cat":[26,27],"product_tag":[],"class_list":["post-1366","product","type-product","status-publish","has-post-thumbnail","hentry","product_cat-single-machine","product_cat-product"],"yoast_head":"<!-- This site is optimized with the Yoast SEO plugin v25.6 - https:\/\/yoast.com\/wordpress\/plugins\/seo\/ -->\n<title>Linear Chocolate Paste Jar Filling Machine 6 Heads<\/title>\n<meta name=\"description\" content=\"The chocolate paste filling machine also includes a capping machine and a labeling machine. Full automation and PLC control.\" \/>\n<meta name=\"robots\" content=\"index, follow, max-snippet:-1, max-image-preview:large, max-video-preview:-1\" \/>\n<link rel=\"canonical\" href=\"https:\/\/www.chocolatesmachine.com\/es\/chocolate-paste-filling-machine\/\" \/>\n<meta property=\"og:locale\" content=\"es_ES\" \/>\n<meta property=\"og:type\" content=\"article\" \/>\n<meta property=\"og:title\" content=\"Linear Chocolate Paste Jar Filling Machine 6 Heads\" \/>\n<meta property=\"og:description\" content=\"The chocolate paste filling machine also includes a capping machine and a labeling machine. Full automation and PLC control.\" \/>\n<meta property=\"og:url\" content=\"https:\/\/www.chocolatesmachine.com\/es\/chocolate-paste-filling-machine\/\" \/>\n<meta property=\"og:site_name\" content=\"Chocolate Making Machine\" \/>\n<meta property=\"article:publisher\" content=\"https:\/\/www.facebook.com\/longernutsmachinery\/\" \/>\n<meta property=\"article:modified_time\" content=\"2025-02-11T02:15:23+00:00\" \/>\n<meta property=\"og:image\" content=\"https:\/\/www.chocolatesmachine.com\/wp-content\/uploads\/2022\/11\/fill1.jpg\" \/>\n\t<meta property=\"og:image:width\" content=\"600\" \/>\n\t<meta property=\"og:image:height\" content=\"600\" \/>\n\t<meta property=\"og:image:type\" content=\"image\/jpeg\" \/>\n<meta name=\"twitter:card\" content=\"summary_large_image\" \/>\n<meta name=\"twitter:site\" content=\"@nutsmachinery\" \/>\n<meta name=\"twitter:label1\" content=\"Tiempo de lectura\" \/>\n\t<meta name=\"twitter:data1\" content=\"2 minutos\" \/>\n<script type=\"application\/ld+json\" class=\"yoast-schema-graph\">{\"@context\":\"https:\/\/schema.org\",\"@graph\":[{\"@type\":\"WebPage\",\"@id\":\"https:\/\/www.chocolatesmachine.com\/ar\/chocolate-paste-filling-machine\/\",\"url\":\"https:\/\/www.chocolatesmachine.com\/ar\/chocolate-paste-filling-machine\/\",\"name\":\"Linear Chocolate Paste Jar Filling Machine 6 Heads\",\"isPartOf\":{\"@id\":\"https:\/\/www.chocolatesmachine.com\/ar\/#website\"},\"primaryImageOfPage\":{\"@id\":\"https:\/\/www.chocolatesmachine.com\/ar\/chocolate-paste-filling-machine\/#primaryimage\"},\"image\":{\"@id\":\"https:\/\/www.chocolatesmachine.com\/ar\/chocolate-paste-filling-machine\/#primaryimage\"},\"thumbnailUrl\":\"https:\/\/www.chocolatesmachine.com\/wp-content\/uploads\/2022\/11\/fill1.jpg\",\"datePublished\":\"2022-11-26T10:18:40+00:00\",\"dateModified\":\"2025-02-11T02:15:23+00:00\",\"description\":\"The chocolate paste filling machine also includes a capping machine and a labeling machine. Full automation and PLC control.\",\"breadcrumb\":{\"@id\":\"https:\/\/www.chocolatesmachine.com\/ar\/chocolate-paste-filling-machine\/#breadcrumb\"},\"inLanguage\":\"es\",\"potentialAction\":[{\"@type\":\"ReadAction\",\"target\":[\"https:\/\/www.chocolatesmachine.com\/ar\/chocolate-paste-filling-machine\/\"]}]},{\"@type\":\"ImageObject\",\"inLanguage\":\"es\",\"@id\":\"https:\/\/www.chocolatesmachine.com\/ar\/chocolate-paste-filling-machine\/#primaryimage\",\"url\":\"https:\/\/www.chocolatesmachine.com\/wp-content\/uploads\/2022\/11\/fill1.jpg\",\"contentUrl\":\"https:\/\/www.chocolatesmachine.com\/wp-content\/uploads\/2022\/11\/fill1.jpg\",\"width\":600,\"height\":600,\"caption\":\"6 Heads Chocolate Paste Filling Machine for Sale\"},{\"@type\":\"BreadcrumbList\",\"@id\":\"https:\/\/www.chocolatesmachine.com\/ar\/chocolate-paste-filling-machine\/#breadcrumb\",\"itemListElement\":[{\"@type\":\"ListItem\",\"position\":1,\"name\":\"\u9996\u9875\",\"item\":\"https:\/\/www.chocolatesmachine.com\/\"},{\"@type\":\"ListItem\",\"position\":2,\"name\":\"Chocolate Machine\",\"item\":\"https:\/\/www.chocolatesmachine.com\/es\/producto\/\"},{\"@type\":\"ListItem\",\"position\":3,\"name\":\"Linear Chocolate Paste Jar Filling Machine 6 Heads\"}]},{\"@type\":\"WebSite\",\"@id\":\"https:\/\/www.chocolatesmachine.com\/ar\/#website\",\"url\":\"https:\/\/www.chocolatesmachine.com\/ar\/\",\"name\":\"Chocolate Making Machine\",\"description\":\"Solution Provider\",\"publisher\":{\"@id\":\"https:\/\/www.chocolatesmachine.com\/ar\/#organization\"},\"potentialAction\":[{\"@type\":\"SearchAction\",\"target\":{\"@type\":\"EntryPoint\",\"urlTemplate\":\"https:\/\/www.chocolatesmachine.com\/ar\/?s={search_term_string}\"},\"query-input\":{\"@type\":\"PropertyValueSpecification\",\"valueRequired\":true,\"valueName\":\"search_term_string\"}}],\"inLanguage\":\"es\"},{\"@type\":\"Organization\",\"@id\":\"https:\/\/www.chocolatesmachine.com\/ar\/#organization\",\"name\":\"Longer Food Machinery\",\"url\":\"https:\/\/www.chocolatesmachine.com\/ar\/\",\"logo\":{\"@type\":\"ImageObject\",\"inLanguage\":\"es\",\"@id\":\"https:\/\/www.chocolatesmachine.com\/ar\/#\/schema\/logo\/image\/\",\"url\":\"https:\/\/www.chocolatesmachine.com\/wp-content\/uploads\/2024\/03\/300-60.png\",\"contentUrl\":\"https:\/\/www.chocolatesmachine.com\/wp-content\/uploads\/2024\/03\/300-60.png\",\"width\":300,\"height\":60,\"caption\":\"Longer Food Machinery\"},\"image\":{\"@id\":\"https:\/\/www.chocolatesmachine.com\/ar\/#\/schema\/logo\/image\/\"},\"sameAs\":[\"https:\/\/www.facebook.com\/longernutsmachinery\/\",\"https:\/\/x.com\/nutsmachinery\",\"https:\/\/www.pinterest.com\/nutsmachinery\/\",\"https:\/\/www.linkedin.com\/company\/longer-nuts-machinery\/\",\"https:\/\/www.youtube.com\/c\/NutsMachinery\"]}]}<\/script>\n<!-- \/ Yoast SEO plugin. -->","yoast_head_json":{"title":"Linear Chocolate Paste Jar Filling Machine 6 Heads","description":"The chocolate paste filling machine also includes a capping machine and a labeling machine. Full automation and PLC control.","robots":{"index":"index","follow":"follow","max-snippet":"max-snippet:-1","max-image-preview":"max-image-preview:large","max-video-preview":"max-video-preview:-1"},"canonical":"https:\/\/www.chocolatesmachine.com\/es\/chocolate-paste-filling-machine\/","og_locale":"es_ES","og_type":"article","og_title":"Linear Chocolate Paste Jar Filling Machine 6 Heads","og_description":"The chocolate paste filling machine also includes a capping machine and a labeling machine. Full automation and PLC control.","og_url":"https:\/\/www.chocolatesmachine.com\/es\/chocolate-paste-filling-machine\/","og_site_name":"Chocolate Making Machine","article_publisher":"https:\/\/www.facebook.com\/longernutsmachinery\/","article_modified_time":"2025-02-11T02:15:23+00:00","og_image":[{"width":600,"height":600,"url":"https:\/\/www.chocolatesmachine.com\/wp-content\/uploads\/2022\/11\/fill1.jpg","type":"image\/jpeg"}],"twitter_card":"summary_large_image","twitter_site":"@nutsmachinery","twitter_misc":{"Tiempo de lectura":"2 minutos"},"schema":{"@context":"https:\/\/schema.org","@graph":[{"@type":"WebPage","@id":"https:\/\/www.chocolatesmachine.com\/ar\/chocolate-paste-filling-machine\/","url":"https:\/\/www.chocolatesmachine.com\/ar\/chocolate-paste-filling-machine\/","name":"Linear Chocolate Paste Jar Filling Machine 6 Heads","isPartOf":{"@id":"https:\/\/www.chocolatesmachine.com\/ar\/#website"},"primaryImageOfPage":{"@id":"https:\/\/www.chocolatesmachine.com\/ar\/chocolate-paste-filling-machine\/#primaryimage"},"image":{"@id":"https:\/\/www.chocolatesmachine.com\/ar\/chocolate-paste-filling-machine\/#primaryimage"},"thumbnailUrl":"https:\/\/www.chocolatesmachine.com\/wp-content\/uploads\/2022\/11\/fill1.jpg","datePublished":"2022-11-26T10:18:40+00:00","dateModified":"2025-02-11T02:15:23+00:00","description":"The chocolate paste filling machine also includes a capping machine and a labeling machine. Full automation and PLC control.","breadcrumb":{"@id":"https:\/\/www.chocolatesmachine.com\/ar\/chocolate-paste-filling-machine\/#breadcrumb"},"inLanguage":"es","potentialAction":[{"@type":"ReadAction","target":["https:\/\/www.chocolatesmachine.com\/ar\/chocolate-paste-filling-machine\/"]}]},{"@type":"ImageObject","inLanguage":"es","@id":"https:\/\/www.chocolatesmachine.com\/ar\/chocolate-paste-filling-machine\/#primaryimage","url":"https:\/\/www.chocolatesmachine.com\/wp-content\/uploads\/2022\/11\/fill1.jpg","contentUrl":"https:\/\/www.chocolatesmachine.com\/wp-content\/uploads\/2022\/11\/fill1.jpg","width":600,"height":600,"caption":"6 Heads Chocolate Paste Filling Machine for Sale"},{"@type":"BreadcrumbList","@id":"https:\/\/www.chocolatesmachine.com\/ar\/chocolate-paste-filling-machine\/#breadcrumb","itemListElement":[{"@type":"ListItem","position":1,"name":"\u9996\u9875","item":"https:\/\/www.chocolatesmachine.com\/"},{"@type":"ListItem","position":2,"name":"Chocolate Machine","item":"https:\/\/www.chocolatesmachine.com\/es\/producto\/"},{"@type":"ListItem","position":3,"name":"Linear Chocolate Paste Jar Filling Machine 6 Heads"}]},{"@type":"WebSite","@id":"https:\/\/www.chocolatesmachine.com\/ar\/#website","url":"https:\/\/www.chocolatesmachine.com\/ar\/","name":"Chocolate Making Machine","description":"Solution Provider","publisher":{"@id":"https:\/\/www.chocolatesmachine.com\/ar\/#organization"},"potentialAction":[{"@type":"SearchAction","target":{"@type":"EntryPoint","urlTemplate":"https:\/\/www.chocolatesmachine.com\/ar\/?s={search_term_string}"},"query-input":{"@type":"PropertyValueSpecification","valueRequired":true,"valueName":"search_term_string"}}],"inLanguage":"es"},{"@type":"Organization","@id":"https:\/\/www.chocolatesmachine.com\/ar\/#organization","name":"Longer Food Machinery","url":"https:\/\/www.chocolatesmachine.com\/ar\/","logo":{"@type":"ImageObject","inLanguage":"es","@id":"https:\/\/www.chocolatesmachine.com\/ar\/#\/schema\/logo\/image\/","url":"https:\/\/www.chocolatesmachine.com\/wp-content\/uploads\/2024\/03\/300-60.png","contentUrl":"https:\/\/www.chocolatesmachine.com\/wp-content\/uploads\/2024\/03\/300-60.png","width":300,"height":60,"caption":"Longer Food Machinery"},"image":{"@id":"https:\/\/www.chocolatesmachine.com\/ar\/#\/schema\/logo\/image\/"},"sameAs":["https:\/\/www.facebook.com\/longernutsmachinery\/","https:\/\/x.com\/nutsmachinery","https:\/\/www.pinterest.com\/nutsmachinery\/","https:\/\/www.linkedin.com\/company\/longer-nuts-machinery\/","https:\/\/www.youtube.com\/c\/NutsMachinery"]}]}},"_links":{"self":[{"href":"https:\/\/www.chocolatesmachine.com\/es\/wp-json\/wp\/v2\/product\/1366","targetHints":{"allow":["GET"]}}],"collection":[{"href":"https:\/\/www.chocolatesmachine.com\/es\/wp-json\/wp\/v2\/product"}],"about":[{"href":"https:\/\/www.chocolatesmachine.com\/es\/wp-json\/wp\/v2\/types\/product"}],"replies":[{"embeddable":true,"href":"https:\/\/www.chocolatesmachine.com\/es\/wp-json\/wp\/v2\/comments?post=1366"}],"wp:featuredmedia":[{"embeddable":true,"href":"https:\/\/www.chocolatesmachine.com\/es\/wp-json\/wp\/v2\/media\/1367"}],"wp:attachment":[{"href":"https:\/\/www.chocolatesmachine.com\/es\/wp-json\/wp\/v2\/media?parent=1366"}],"wp:term":[{"taxonomy":"product_cat","embeddable":true,"href":"https:\/\/www.chocolatesmachine.com\/es\/wp-json\/wp\/v2\/product_cat?post=1366"},{"taxonomy":"product_tag","embeddable":true,"href":"https:\/\/www.chocolatesmachine.com\/es\/wp-json\/wp\/v2\/product_tag?post=1366"}],"curies":[{"name":"wp","href":"https:\/\/api.w.org\/{rel}","templated":true}]}}