{"id":1358,"date":"2022-11-14T21:30:37","date_gmt":"2022-11-14T13:30:37","guid":{"rendered":"https:\/\/www.chocolatesmachine.com\/?post_type=product&#038;p=1358"},"modified":"2025-02-11T10:15:31","modified_gmt":"2025-02-11T02:15:31","slug":"automatic-chocolate-tempering-machine","status":"publish","type":"product","link":"https:\/\/www.chocolatesmachine.com\/es\/automatic-chocolate-tempering-machine\/","title":{"rendered":"Temperadora de chocolate autom\u00e1tica 250-2000L"},"content":{"rendered":"<p>En <strong>atemperadora autom\u00e1tica de chocolate<\/strong> adopta un m\u00e9todo especial de atemperado, que puede controlar estricta y autom\u00e1ticamente las diferentes temperaturas requeridas por la pasta de chocolate en cada etapa del proceso, con una precisi\u00f3n de \u00b11 \u00b0C, a fin de garantizar la calidad de los productos de chocolate. Por lo tanto, la atemperadora es un equipo importante en la l\u00ednea de producci\u00f3n de chocolate.<\/p>\n<figure id=\"attachment_1360\" aria-describedby=\"caption-attachment-1360\" style=\"width: 600px\" class=\"wp-caption alignnone\"><img loading=\"lazy\" decoding=\"async\" class=\"size-full wp-image-1360\" src=\"https:\/\/www.chocolatesmachine.com\/wp-content\/uploads\/2022\/11\/2.jpg\" alt=\"Temperadora de chocolate 500L\" width=\"600\" height=\"600\" srcset=\"https:\/\/www.chocolatesmachine.com\/wp-content\/uploads\/2022\/11\/2.jpg 600w, https:\/\/www.chocolatesmachine.com\/wp-content\/uploads\/2022\/11\/2-300x300.jpg 300w, https:\/\/www.chocolatesmachine.com\/wp-content\/uploads\/2022\/11\/2-150x150.jpg 150w, https:\/\/www.chocolatesmachine.com\/wp-content\/uploads\/2022\/11\/2-100x100.jpg 100w\" sizes=\"auto, (max-width: 600px) 100vw, 600px\" \/><figcaption id=\"caption-attachment-1360\" class=\"wp-caption-text\">Temperadora de chocolate 500L<\/figcaption><\/figure>\n<h3>Estructura principal<\/h3>\n<p>Esta m\u00e1quina tiene una estructura compacta y una configuraci\u00f3n atractiva. Consiste principalmente en el centro de termorregulaci\u00f3n, el sistema de tuber\u00edas de circulaci\u00f3n de agua fr\u00eda y caliente, el sistema el\u00e9ctrico que incluye la sonda de temperatura, la v\u00e1lvula electromagn\u00e9tica, la unidad de calefacci\u00f3n, la unidad de refrigeraci\u00f3n y la caja, etc. (El sistema de refrigeraci\u00f3n es una parte opcional, el usuario puede decidir si elegirlo para su uso o no).<\/p>\n<h3>Principio de funcionamiento de la m\u00e1quina templadora de chocolate<\/h3>\n<p>La central de atemperado consta de un tanque con deflector y un sistema de mezcla. Seg\u00fan los requisitos de temperatura del chocolate natural, primero se enfr\u00eda y luego se calienta para conseguir el objetivo de atemperado. El sensor de temperatura controla la bomba de agua, el calentador y el interruptor del refrigerador para que cada parte act\u00fae autom\u00e1ticamente. La precisi\u00f3n del control de temperatura puede ser de \u00b11\u2103. Hay paletas de mezcla dentro del tanque, lo que podr\u00eda hacer que la uniformidad de la temperatura del chocolate.<\/p>\n<p><iframe loading=\"lazy\" title=\"V\u00eddeo de introducci\u00f3n de la m\u00e1quina atemperadora continua de chocolate\" width=\"800\" height=\"450\" src=\"https:\/\/www.youtube.com\/embed\/H7OkrUZdQ4s?feature=oembed\" frameborder=\"0\" allow=\"accelerometer; autoplay; clipboard-write; encrypted-media; gyroscope; picture-in-picture; web-share\" allowfullscreen><\/iframe><\/p>\n<p>&nbsp;<\/p>\n<h3>Ventajas de la m\u00e1quina autom\u00e1tica para templar chocolate<\/h3>\n<ul>\n<li>Gracias a sus avanzadas funciones, esta m\u00e1quina puede atemperar el chocolate con rapidez y precisi\u00f3n.<\/li>\n<li>Sistema de control de temperatura totalmente autom\u00e1tico que mantiene la temperatura requerida en cada fase del templado.<\/li>\n<li>Panel de control f\u00e1cil de usar que permite ajustar la temperatura y otros par\u00e1metros f\u00e1cilmente.<\/li>\n<li>Fabricada en acero inoxidable de alta calidad, est\u00e1 hecha para durar. Es f\u00e1cil de limpiar y mantener, lo que la convierte en la opci\u00f3n perfecta para chocolater\u00edas y pasteler\u00edas con mucho trabajo.<\/li>\n<li>Gran eficacia. La atemperadora puede atemperar grandes cantidades de chocolate en poco tiempo, lo que reduce el tiempo de producci\u00f3n y aumenta la productividad.<\/li>\n<\/ul>\n<figure id=\"attachment_1361\" aria-describedby=\"caption-attachment-1361\" style=\"width: 600px\" class=\"wp-caption alignnone\"><img loading=\"lazy\" decoding=\"async\" class=\"size-full wp-image-1361\" src=\"https:\/\/www.chocolatesmachine.com\/wp-content\/uploads\/2022\/11\/3.jpg\" alt=\"Temperadora de chocolate autom\u00e1tica Precio\" width=\"600\" height=\"600\" srcset=\"https:\/\/www.chocolatesmachine.com\/wp-content\/uploads\/2022\/11\/3.jpg 600w, https:\/\/www.chocolatesmachine.com\/wp-content\/uploads\/2022\/11\/3-300x300.jpg 300w, https:\/\/www.chocolatesmachine.com\/wp-content\/uploads\/2022\/11\/3-150x150.jpg 150w, https:\/\/www.chocolatesmachine.com\/wp-content\/uploads\/2022\/11\/3-100x100.jpg 100w\" sizes=\"auto, (max-width: 600px) 100vw, 600px\" \/><figcaption id=\"caption-attachment-1361\" class=\"wp-caption-text\">Temperadora de chocolate 500L<\/figcaption><\/figure>\n<h3>Par\u00e1metros de la m\u00e1quina templadora de chocolate<\/h3>\n<table style=\"border-collapse: collapse; width: 270.02pt;\" border=\"0\" width=\"360\" cellspacing=\"0\" cellpadding=\"0\">\n<colgroup>\n<col style=\"width: 54.00pt;\" span=\"5\" width=\"72\" \/> <\/colgroup>\n<tbody>\n<tr style=\"height: 14.25pt;\">\n<td class=\"et2\" style=\"height: 14.25pt; width: 54.00pt;\" width=\"72\" height=\"19\">Modelo<\/td>\n<td class=\"et2\" style=\"width: 54.00pt;\" width=\"72\">LG-CT250<\/td>\n<td class=\"et2\" style=\"width: 54.00pt;\" width=\"72\">LG-CT500<\/td>\n<td class=\"et2\" style=\"width: 54.00pt;\" width=\"72\">LG-CT1000<\/td>\n<td class=\"et2\" style=\"width: 54.00pt;\" width=\"72\">LG-CT2000<\/td>\n<\/tr>\n<tr style=\"height: 14.25pt;\">\n<td class=\"et2\" style=\"height: 14.25pt;\" height=\"19\">Capacidad (kg\/h)<\/td>\n<td class=\"et2\" align=\"right\">250<\/td>\n<td class=\"et2\" align=\"right\">500<\/td>\n<td class=\"et2\" align=\"right\">1000<\/td>\n<td class=\"et2\" align=\"right\">2000<\/td>\n<\/tr>\n<tr style=\"height: 14.25pt;\">\n<td class=\"et2\" style=\"height: 14.25pt;\" height=\"19\">Potencia (kw)<\/td>\n<td class=\"et2\" align=\"right\">8.3<\/td>\n<td class=\"et2\" align=\"right\">10.57<\/td>\n<td class=\"et2\" align=\"right\">15<\/td>\n<td class=\"et2\" align=\"right\">18.5<\/td>\n<\/tr>\n<tr style=\"height: 14.25pt;\">\n<td class=\"et2\" style=\"height: 14.25pt;\" height=\"19\">Peso (kg)<\/td>\n<td class=\"et2\" align=\"right\">580<\/td>\n<td class=\"et2\" align=\"right\">880<\/td>\n<td class=\"et2\" align=\"right\">1200<\/td>\n<td class=\"et2\" align=\"right\">1500<\/td>\n<\/tr>\n<tr style=\"height: 14.25pt;\">\n<td class=\"et2\" style=\"height: 14.25pt;\" height=\"19\">Dimensiones (mm)<\/td>\n<td class=\"et2\">1100*800*1900<\/td>\n<td class=\"et2\">1200*1000*1900<\/td>\n<td class=\"et2\">1400*1200*1900<\/td>\n<td class=\"et2\">1700*1300*2500<\/td>\n<\/tr>\n<\/tbody>\n<\/table>\n<p>_________________________________________________________________<\/p>\n<p>Env\u00edenos su solicitud y le proporcionaremos una soluci\u00f3n de chocolate completa y un presupuesto.<\/p>\n<p><strong>Correo electr\u00f3nico: serena@machinehall.com WhatsApp\/M\u00f3vil: +8615515597212<\/strong><\/p>\n<div role=\"form\" class=\"wpcf7\" id=\"wpcf7-f575-o1\" lang=\"zh-CN\" dir=\"ltr\">\n<div class=\"screen-reader-response\"><p role=\"status\" aria-live=\"polite\" aria-atomic=\"true\"><\/p> <ul><\/ul><\/div>\n<form action=\"\/es\/wp-json\/wp\/v2\/product\/1358#wpcf7-f575-o1\" method=\"post\" class=\"wpcf7-form init\" novalidate=\"novalidate\" data-status=\"init\" data-trp-original-action=\"\/es\/wp-json\/wp\/v2\/product\/1358#wpcf7-f575-o1\">\n<div style=\"display: none;\">\n<input type=\"hidden\" name=\"_wpcf7\" value=\"575\" \/>\n<input type=\"hidden\" name=\"_wpcf7_version\" value=\"5.5.2\" \/>\n<input type=\"hidden\" name=\"_wpcf7_locale\" value=\"zh_CN\" \/>\n<input type=\"hidden\" name=\"_wpcf7_unit_tag\" value=\"wpcf7-f575-o1\" \/>\n<input type=\"hidden\" name=\"_wpcf7_container_post\" value=\"0\" \/>\n<input type=\"hidden\" name=\"_wpcf7_posted_data_hash\" value=\"\" \/>\n<\/div>\n<div style='display:block;text-align:center;font-size:20px;font-weight:bold;margin-bottom:20px'>Enviar solicitud <span style='display:block;width:30px;height:2px;background:#99502c;margin:10px auto;'><\/span><\/div>\n<p><label> Nombre<br \/>\n    <span class=\"wpcf7-form-control-wrap your-name\"><input type=\"text\" name=\"your-name\" value=\"\" size=\"40\" class=\"wpcf7-form-control wpcf7-text wpcf7-validates-as-required\" aria-required=\"true\" aria-invalid=\"false\" \/><\/span> <\/label><\/p>\n<p><label> Correo electr\u00f3nico<br \/>\n    <span class=\"wpcf7-form-control-wrap your-email\"><input type=\"email\" name=\"your-email\" value=\"\" size=\"40\" class=\"wpcf7-form-control wpcf7-text wpcf7-email wpcf7-validates-as-required wpcf7-validates-as-email\" aria-required=\"true\" aria-invalid=\"false\" \/><\/span> <\/label><\/p>\n<p><label> Pa\u00eds<br \/>\n    <span class=\"wpcf7-form-control-wrap your-country\"><input type=\"text\" name=\"your-country\" value=\"\" size=\"40\" class=\"wpcf7-form-control wpcf7-text\" aria-invalid=\"false\" \/><\/span> <\/label><\/p>\n<p><label> Tel\u00e9fono<br \/>\n    <span class=\"wpcf7-form-control-wrap tel-901\"><input type=\"tel\" name=\"tel-901\" value=\"\" size=\"40\" class=\"wpcf7-form-control wpcf7-text wpcf7-tel wpcf7-validates-as-tel\" aria-invalid=\"false\" \/><\/span> <\/label><\/p>\n<p><label> Nombre de la empresa<br \/>\n    <span class=\"wpcf7-form-control-wrap company-name\"><input type=\"text\" name=\"company-name\" value=\"\" size=\"40\" class=\"wpcf7-form-control wpcf7-text\" aria-invalid=\"false\" \/><\/span> <\/label><\/p>\n<p><label> Sitio web de la empresa<br \/>\n    <span class=\"wpcf7-form-control-wrap company-website\"><input type=\"text\" name=\"company-website\" value=\"\" size=\"40\" class=\"wpcf7-form-control wpcf7-text\" aria-invalid=\"false\" \/><\/span> <\/label><\/p>\n<p><label> Mensaje<br \/>\n    <span class=\"wpcf7-form-control-wrap your-message\"><textarea name=\"your-message\" cols=\"40\" rows=\"10\" class=\"wpcf7-form-control wpcf7-textarea wpcf7-validates-as-required\" aria-required=\"true\" aria-invalid=\"false\"><\/textarea><\/span> <\/label><\/p>\n<p><input type=\"submit\" value=\"Enviar\" class=\"wpcf7-form-control has-spinner wpcf7-submit\" \/><\/p>\n<p style=\"display: none !important;\"><label>&#916;<textarea name=\"_wpcf7_ak_hp_textarea\" cols=\"45\" rows=\"8\" maxlength=\"100\"><\/textarea><\/label><input type=\"hidden\" id=\"ak_js\" name=\"_wpcf7_ak_js\" value=\"149\"\/><script>document.getElementById( \"ak_js\" ).setAttribute( \"value\", ( new Date() ).getTime() );<\/script><\/p><div class=\"wpcf7-response-output\" aria-hidden=\"true\"><\/div><input type=\"hidden\" name=\"trp-form-language\" value=\"es\"\/><\/form><\/div>","protected":false},"excerpt":{"rendered":"<p>La atemperadora autom\u00e1tica de chocolate puede controlar estricta y autom\u00e1ticamente las diferentes temperaturas de la pasta de chocolate en cada etapa del proceso, a fin de garantizar la calidad del chocolate.<\/p>","protected":false},"featured_media":1359,"comment_status":"open","ping_status":"closed","template":"","meta":[],"product_cat":[26,27],"product_tag":[],"class_list":["post-1358","product","type-product","status-publish","has-post-thumbnail","hentry","product_cat-single-machine","product_cat-product"],"yoast_head":"<!-- This site is optimized with the Yoast SEO plugin v25.6 - https:\/\/yoast.com\/wordpress\/plugins\/seo\/ -->\n<title>Automatic Chocolate Tempering Machine 250-2000L<\/title>\n<meta name=\"description\" content=\"The automatic chocolate tempering machine can quickly and accurately temper chocolate and improve the quality of chocolate.\" \/>\n<meta name=\"robots\" content=\"index, follow, max-snippet:-1, max-image-preview:large, max-video-preview:-1\" \/>\n<link rel=\"canonical\" href=\"https:\/\/www.chocolatesmachine.com\/es\/automatic-chocolate-tempering-machine\/\" \/>\n<meta property=\"og:locale\" content=\"es_ES\" \/>\n<meta property=\"og:type\" content=\"article\" \/>\n<meta property=\"og:title\" content=\"Automatic Chocolate Tempering Machine 250-2000L\" \/>\n<meta property=\"og:description\" content=\"The automatic chocolate tempering machine can quickly and accurately temper chocolate and improve the quality of chocolate.\" \/>\n<meta property=\"og:url\" content=\"https:\/\/www.chocolatesmachine.com\/es\/automatic-chocolate-tempering-machine\/\" \/>\n<meta property=\"og:site_name\" content=\"Chocolate Making Machine\" \/>\n<meta property=\"article:publisher\" content=\"https:\/\/www.facebook.com\/longernutsmachinery\/\" \/>\n<meta property=\"article:modified_time\" content=\"2025-02-11T02:15:31+00:00\" \/>\n<meta property=\"og:image\" content=\"https:\/\/www.chocolatesmachine.com\/wp-content\/uploads\/2022\/11\/1.jpg\" \/>\n\t<meta property=\"og:image:width\" content=\"600\" \/>\n\t<meta property=\"og:image:height\" content=\"600\" \/>\n\t<meta property=\"og:image:type\" content=\"image\/jpeg\" \/>\n<meta name=\"twitter:card\" content=\"summary_large_image\" \/>\n<meta name=\"twitter:site\" content=\"@nutsmachinery\" \/>\n<meta name=\"twitter:label1\" content=\"Tiempo de lectura\" \/>\n\t<meta name=\"twitter:data1\" content=\"2 minutos\" \/>\n<script type=\"application\/ld+json\" class=\"yoast-schema-graph\">{\"@context\":\"https:\/\/schema.org\",\"@graph\":[{\"@type\":\"WebPage\",\"@id\":\"https:\/\/www.chocolatesmachine.com\/ar\/automatic-chocolate-tempering-machine\/\",\"url\":\"https:\/\/www.chocolatesmachine.com\/ar\/automatic-chocolate-tempering-machine\/\",\"name\":\"Automatic Chocolate Tempering Machine 250-2000L\",\"isPartOf\":{\"@id\":\"https:\/\/www.chocolatesmachine.com\/ar\/#website\"},\"primaryImageOfPage\":{\"@id\":\"https:\/\/www.chocolatesmachine.com\/ar\/automatic-chocolate-tempering-machine\/#primaryimage\"},\"image\":{\"@id\":\"https:\/\/www.chocolatesmachine.com\/ar\/automatic-chocolate-tempering-machine\/#primaryimage\"},\"thumbnailUrl\":\"https:\/\/www.chocolatesmachine.com\/wp-content\/uploads\/2022\/11\/1.jpg\",\"datePublished\":\"2022-11-14T13:30:37+00:00\",\"dateModified\":\"2025-02-11T02:15:31+00:00\",\"description\":\"The automatic chocolate tempering machine can quickly and accurately temper chocolate and improve the quality of chocolate.\",\"breadcrumb\":{\"@id\":\"https:\/\/www.chocolatesmachine.com\/ar\/automatic-chocolate-tempering-machine\/#breadcrumb\"},\"inLanguage\":\"es\",\"potentialAction\":[{\"@type\":\"ReadAction\",\"target\":[\"https:\/\/www.chocolatesmachine.com\/ar\/automatic-chocolate-tempering-machine\/\"]}]},{\"@type\":\"ImageObject\",\"inLanguage\":\"es\",\"@id\":\"https:\/\/www.chocolatesmachine.com\/ar\/automatic-chocolate-tempering-machine\/#primaryimage\",\"url\":\"https:\/\/www.chocolatesmachine.com\/wp-content\/uploads\/2022\/11\/1.jpg\",\"contentUrl\":\"https:\/\/www.chocolatesmachine.com\/wp-content\/uploads\/2022\/11\/1.jpg\",\"width\":600,\"height\":600,\"caption\":\"2000L Automatic Chocolate Tempering Machine\"},{\"@type\":\"BreadcrumbList\",\"@id\":\"https:\/\/www.chocolatesmachine.com\/ar\/automatic-chocolate-tempering-machine\/#breadcrumb\",\"itemListElement\":[{\"@type\":\"ListItem\",\"position\":1,\"name\":\"\u9996\u9875\",\"item\":\"https:\/\/www.chocolatesmachine.com\/\"},{\"@type\":\"ListItem\",\"position\":2,\"name\":\"Chocolate Machine\",\"item\":\"https:\/\/www.chocolatesmachine.com\/es\/producto\/\"},{\"@type\":\"ListItem\",\"position\":3,\"name\":\"Automatic Chocolate Tempering Machine 250-2000L\"}]},{\"@type\":\"WebSite\",\"@id\":\"https:\/\/www.chocolatesmachine.com\/ar\/#website\",\"url\":\"https:\/\/www.chocolatesmachine.com\/ar\/\",\"name\":\"Chocolate Making Machine\",\"description\":\"Solution Provider\",\"publisher\":{\"@id\":\"https:\/\/www.chocolatesmachine.com\/ar\/#organization\"},\"potentialAction\":[{\"@type\":\"SearchAction\",\"target\":{\"@type\":\"EntryPoint\",\"urlTemplate\":\"https:\/\/www.chocolatesmachine.com\/ar\/?s={search_term_string}\"},\"query-input\":{\"@type\":\"PropertyValueSpecification\",\"valueRequired\":true,\"valueName\":\"search_term_string\"}}],\"inLanguage\":\"es\"},{\"@type\":\"Organization\",\"@id\":\"https:\/\/www.chocolatesmachine.com\/ar\/#organization\",\"name\":\"Longer Food Machinery\",\"url\":\"https:\/\/www.chocolatesmachine.com\/ar\/\",\"logo\":{\"@type\":\"ImageObject\",\"inLanguage\":\"es\",\"@id\":\"https:\/\/www.chocolatesmachine.com\/ar\/#\/schema\/logo\/image\/\",\"url\":\"https:\/\/www.chocolatesmachine.com\/wp-content\/uploads\/2024\/03\/300-60.png\",\"contentUrl\":\"https:\/\/www.chocolatesmachine.com\/wp-content\/uploads\/2024\/03\/300-60.png\",\"width\":300,\"height\":60,\"caption\":\"Longer Food Machinery\"},\"image\":{\"@id\":\"https:\/\/www.chocolatesmachine.com\/ar\/#\/schema\/logo\/image\/\"},\"sameAs\":[\"https:\/\/www.facebook.com\/longernutsmachinery\/\",\"https:\/\/x.com\/nutsmachinery\",\"https:\/\/www.pinterest.com\/nutsmachinery\/\",\"https:\/\/www.linkedin.com\/company\/longer-nuts-machinery\/\",\"https:\/\/www.youtube.com\/c\/NutsMachinery\"]}]}<\/script>\n<!-- \/ Yoast SEO plugin. -->","yoast_head_json":{"title":"Automatic Chocolate Tempering Machine 250-2000L","description":"The automatic chocolate tempering machine can quickly and accurately temper chocolate and improve the quality of chocolate.","robots":{"index":"index","follow":"follow","max-snippet":"max-snippet:-1","max-image-preview":"max-image-preview:large","max-video-preview":"max-video-preview:-1"},"canonical":"https:\/\/www.chocolatesmachine.com\/es\/automatic-chocolate-tempering-machine\/","og_locale":"es_ES","og_type":"article","og_title":"Automatic Chocolate Tempering Machine 250-2000L","og_description":"The automatic chocolate tempering machine can quickly and accurately temper chocolate and improve the quality of chocolate.","og_url":"https:\/\/www.chocolatesmachine.com\/es\/automatic-chocolate-tempering-machine\/","og_site_name":"Chocolate Making Machine","article_publisher":"https:\/\/www.facebook.com\/longernutsmachinery\/","article_modified_time":"2025-02-11T02:15:31+00:00","og_image":[{"width":600,"height":600,"url":"https:\/\/www.chocolatesmachine.com\/wp-content\/uploads\/2022\/11\/1.jpg","type":"image\/jpeg"}],"twitter_card":"summary_large_image","twitter_site":"@nutsmachinery","twitter_misc":{"Tiempo de lectura":"2 minutos"},"schema":{"@context":"https:\/\/schema.org","@graph":[{"@type":"WebPage","@id":"https:\/\/www.chocolatesmachine.com\/ar\/automatic-chocolate-tempering-machine\/","url":"https:\/\/www.chocolatesmachine.com\/ar\/automatic-chocolate-tempering-machine\/","name":"Automatic Chocolate Tempering Machine 250-2000L","isPartOf":{"@id":"https:\/\/www.chocolatesmachine.com\/ar\/#website"},"primaryImageOfPage":{"@id":"https:\/\/www.chocolatesmachine.com\/ar\/automatic-chocolate-tempering-machine\/#primaryimage"},"image":{"@id":"https:\/\/www.chocolatesmachine.com\/ar\/automatic-chocolate-tempering-machine\/#primaryimage"},"thumbnailUrl":"https:\/\/www.chocolatesmachine.com\/wp-content\/uploads\/2022\/11\/1.jpg","datePublished":"2022-11-14T13:30:37+00:00","dateModified":"2025-02-11T02:15:31+00:00","description":"The automatic chocolate tempering machine can quickly and accurately temper chocolate and improve the quality of chocolate.","breadcrumb":{"@id":"https:\/\/www.chocolatesmachine.com\/ar\/automatic-chocolate-tempering-machine\/#breadcrumb"},"inLanguage":"es","potentialAction":[{"@type":"ReadAction","target":["https:\/\/www.chocolatesmachine.com\/ar\/automatic-chocolate-tempering-machine\/"]}]},{"@type":"ImageObject","inLanguage":"es","@id":"https:\/\/www.chocolatesmachine.com\/ar\/automatic-chocolate-tempering-machine\/#primaryimage","url":"https:\/\/www.chocolatesmachine.com\/wp-content\/uploads\/2022\/11\/1.jpg","contentUrl":"https:\/\/www.chocolatesmachine.com\/wp-content\/uploads\/2022\/11\/1.jpg","width":600,"height":600,"caption":"2000L Automatic Chocolate Tempering Machine"},{"@type":"BreadcrumbList","@id":"https:\/\/www.chocolatesmachine.com\/ar\/automatic-chocolate-tempering-machine\/#breadcrumb","itemListElement":[{"@type":"ListItem","position":1,"name":"\u9996\u9875","item":"https:\/\/www.chocolatesmachine.com\/"},{"@type":"ListItem","position":2,"name":"Chocolate Machine","item":"https:\/\/www.chocolatesmachine.com\/es\/producto\/"},{"@type":"ListItem","position":3,"name":"Automatic Chocolate Tempering Machine 250-2000L"}]},{"@type":"WebSite","@id":"https:\/\/www.chocolatesmachine.com\/ar\/#website","url":"https:\/\/www.chocolatesmachine.com\/ar\/","name":"Chocolate Making Machine","description":"Solution Provider","publisher":{"@id":"https:\/\/www.chocolatesmachine.com\/ar\/#organization"},"potentialAction":[{"@type":"SearchAction","target":{"@type":"EntryPoint","urlTemplate":"https:\/\/www.chocolatesmachine.com\/ar\/?s={search_term_string}"},"query-input":{"@type":"PropertyValueSpecification","valueRequired":true,"valueName":"search_term_string"}}],"inLanguage":"es"},{"@type":"Organization","@id":"https:\/\/www.chocolatesmachine.com\/ar\/#organization","name":"Longer Food Machinery","url":"https:\/\/www.chocolatesmachine.com\/ar\/","logo":{"@type":"ImageObject","inLanguage":"es","@id":"https:\/\/www.chocolatesmachine.com\/ar\/#\/schema\/logo\/image\/","url":"https:\/\/www.chocolatesmachine.com\/wp-content\/uploads\/2024\/03\/300-60.png","contentUrl":"https:\/\/www.chocolatesmachine.com\/wp-content\/uploads\/2024\/03\/300-60.png","width":300,"height":60,"caption":"Longer Food Machinery"},"image":{"@id":"https:\/\/www.chocolatesmachine.com\/ar\/#\/schema\/logo\/image\/"},"sameAs":["https:\/\/www.facebook.com\/longernutsmachinery\/","https:\/\/x.com\/nutsmachinery","https:\/\/www.pinterest.com\/nutsmachinery\/","https:\/\/www.linkedin.com\/company\/longer-nuts-machinery\/","https:\/\/www.youtube.com\/c\/NutsMachinery"]}]}},"_links":{"self":[{"href":"https:\/\/www.chocolatesmachine.com\/es\/wp-json\/wp\/v2\/product\/1358","targetHints":{"allow":["GET"]}}],"collection":[{"href":"https:\/\/www.chocolatesmachine.com\/es\/wp-json\/wp\/v2\/product"}],"about":[{"href":"https:\/\/www.chocolatesmachine.com\/es\/wp-json\/wp\/v2\/types\/product"}],"replies":[{"embeddable":true,"href":"https:\/\/www.chocolatesmachine.com\/es\/wp-json\/wp\/v2\/comments?post=1358"}],"wp:featuredmedia":[{"embeddable":true,"href":"https:\/\/www.chocolatesmachine.com\/es\/wp-json\/wp\/v2\/media\/1359"}],"wp:attachment":[{"href":"https:\/\/www.chocolatesmachine.com\/es\/wp-json\/wp\/v2\/media?parent=1358"}],"wp:term":[{"taxonomy":"product_cat","embeddable":true,"href":"https:\/\/www.chocolatesmachine.com\/es\/wp-json\/wp\/v2\/product_cat?post=1358"},{"taxonomy":"product_tag","embeddable":true,"href":"https:\/\/www.chocolatesmachine.com\/es\/wp-json\/wp\/v2\/product_tag?post=1358"}],"curies":[{"name":"wp","href":"https:\/\/api.w.org\/{rel}","templated":true}]}}