{"id":1342,"date":"2022-09-22T17:06:00","date_gmt":"2022-09-22T09:06:00","guid":{"rendered":"https:\/\/www.chocolatesmachine.com\/?post_type=product&#038;p=1342"},"modified":"2025-02-11T10:15:41","modified_gmt":"2025-02-11T02:15:41","slug":"chocolate-bar-making-machine","status":"publish","type":"product","link":"https:\/\/www.chocolatesmachine.com\/es\/chocolate-bar-making-machine\/","title":{"rendered":"LG-CJZ330-510 M\u00e1quina de moldeo para la fabricaci\u00f3n de tabletas de chocolate"},"content":{"rendered":"<p>En <strong>m\u00e1quina para fabricar tabletas de chocolate<\/strong> es una m\u00e1quina depositadora totalmente autom\u00e1tica con tecnolog\u00eda avanzada. La m\u00e1quina de fabricaci\u00f3n de barras de chocolate LG-CJZ330-510 adopta el dep\u00f3sito de tres veces y la adici\u00f3n de dos veces (nueces trituradas, nueces enteras), e integra el molde de cocci\u00f3n, el vertido, el giro del molde, el raspado del molde, la vibraci\u00f3n y el enfriamiento.<\/p>\n<p>Adem\u00e1s de tabletas de chocolate de color s\u00f3lido, esta m\u00e1quina tambi\u00e9n puede fabricar diversos tama\u00f1os, tipos de s\u00e1ndwich, tabletas de chocolate de varios colores y sabores y otros productos.<\/p>\n<figure id=\"attachment_1345\" aria-describedby=\"caption-attachment-1345\" style=\"width: 600px\" class=\"wp-caption alignnone\"><img loading=\"lazy\" decoding=\"async\" class=\"size-full wp-image-1345\" src=\"https:\/\/www.chocolatesmachine.com\/wp-content\/uploads\/2022\/09\/bar3.jpg\" alt=\"M\u00e1quina autom\u00e1tica PLC para fabricar tabletas de chocolate \" width=\"600\" height=\"600\" srcset=\"https:\/\/www.chocolatesmachine.com\/wp-content\/uploads\/2022\/09\/bar3.jpg 600w, https:\/\/www.chocolatesmachine.com\/wp-content\/uploads\/2022\/09\/bar3-300x300.jpg 300w, https:\/\/www.chocolatesmachine.com\/wp-content\/uploads\/2022\/09\/bar3-150x150.jpg 150w, https:\/\/www.chocolatesmachine.com\/wp-content\/uploads\/2022\/09\/bar3-100x100.jpg 100w\" sizes=\"auto, (max-width: 600px) 100vw, 600px\" \/><figcaption id=\"caption-attachment-1345\" class=\"wp-caption-text\">M\u00e1quina autom\u00e1tica PLC para fabricar tabletas de chocolate<\/figcaption><\/figure>\n<h2><strong>Estructura de la m\u00e1quina de moldeo de barras de chocolate:<\/strong><\/h2>\n<p>Incluye: cavidad de precalentamiento, cavidad de cocci\u00f3n, cavidad de vertido, cavidad de vibraci\u00f3n, cavidad de enfriamiento, cavidad de desmoldeo en secuencia, cinta transportadora que conecta y controla cada cavidad, y sistema de control PLC para el funcionamiento de la cinta transportadora.<\/p>\n<p>Esta m\u00e1quina para hacer tabletas de chocolate est\u00e1 equipada con 280-320 piezas de moldes de chocolate de policarbonato est\u00e1ndar de 330 * 200 mm o 510 * 200 mm, que se utilizan para dar forma a diversas formas de chocolate. Para la m\u00e1quina de chocolate con un solo cabezal de vertido, el molde puede ser integrado y conectado a la l\u00ednea de moldeo de chocolate totalmente autom\u00e1tica. Tambi\u00e9n se pueden fabricar con un molde magn\u00e9tico de dos piezas para hacer chocolate s\u00f3lido o hueco.<\/p>\n<p>El t\u00fanel de enfriamiento de chocolate multicapa permite que el chocolate permanezca en el t\u00fanel entre 10 y 40 minutos. El sistema de refrigeraci\u00f3n 20HP Emerson Colepand conectado a la l\u00ednea de producci\u00f3n puede garantizar un efecto de enfriamiento r\u00e1pido.<\/p>\n<p>La m\u00e1quina de moldeo de barras de chocolate puede equiparse con muchos equipos adicionales para formar una l\u00ednea de producci\u00f3n completa, como un <a href=\"https:\/\/www.chocolatesmachine.com\/es\/chocolate-refiner-melanger\/\"><strong>chocolate<\/strong> <strong>refinador<\/strong><\/a>una atemperadora, un esparcidor de flores, etc. Cuando es necesario fabricar un nuevo producto, los clientes pueden optar por a\u00f1adir o cambiar equipos adicionales seg\u00fan sus necesidades.<\/p>\n<figure id=\"attachment_1344\" aria-describedby=\"caption-attachment-1344\" style=\"width: 600px\" class=\"wp-caption alignnone\"><img loading=\"lazy\" decoding=\"async\" class=\"size-full wp-image-1344\" src=\"https:\/\/www.chocolatesmachine.com\/wp-content\/uploads\/2022\/09\/bar2.jpg\" alt=\"2022 M\u00e1quina de moldeo de tabletas de chocolate en venta\" width=\"600\" height=\"600\" srcset=\"https:\/\/www.chocolatesmachine.com\/wp-content\/uploads\/2022\/09\/bar2.jpg 600w, https:\/\/www.chocolatesmachine.com\/wp-content\/uploads\/2022\/09\/bar2-300x300.jpg 300w, https:\/\/www.chocolatesmachine.com\/wp-content\/uploads\/2022\/09\/bar2-150x150.jpg 150w, https:\/\/www.chocolatesmachine.com\/wp-content\/uploads\/2022\/09\/bar2-100x100.jpg 100w\" sizes=\"auto, (max-width: 600px) 100vw, 600px\" \/><figcaption id=\"caption-attachment-1344\" class=\"wp-caption-text\">2022 M\u00e1quina de moldeo de tabletas de chocolate en venta<\/figcaption><\/figure>\n<h2><strong>Ventajas de la m\u00e1quina para hacer barras de chocolate :<\/strong><\/h2>\n<ul>\n<li>Se utiliza para producir todo tipo de chocolate, y tiene las funciones de calentamiento del molde, vertido, vibraci\u00f3n, enfriamiento, desmoldeo, transporte, etc.<\/li>\n<li>Los productos de chocolate producidos tienen un aspecto hermoso, una superficie lisa y una gran calidad.<\/li>\n<li>Las ventajas de la producci\u00f3n continua totalmente autom\u00e1tica, la alta capacidad de producci\u00f3n y la tecnolog\u00eda avanzada.<\/li>\n<li>El avanzado equipo de deposici\u00f3n y moldeado de chocolate integra control mec\u00e1nico y control el\u00e9ctrico.<\/li>\n<li>Tambi\u00e9n disponemos de servoaccionamiento con controlador de movimiento o PLC. Estables y fiables.<\/li>\n<li>Estructura lineal, instalaci\u00f3n sencilla y f\u00e1cil mantenimiento.<\/li>\n<li>El sistema de control remoto nos permite modificar los par\u00e1metros del sistema, diagnosticar y solucionar problemas en l\u00ednea, lo que no s\u00f3lo es r\u00e1pido y f\u00e1cil, sino que tambi\u00e9n ahorra costes.<\/li>\n<\/ul>\n<p><iframe loading=\"lazy\" title=\"M\u00e1quina para fabricar tabletas de chocolate \/ L\u00ednea de producci\u00f3n de chocolate\" width=\"800\" height=\"450\" src=\"https:\/\/www.youtube.com\/embed\/ZAulpoGnl2I?feature=oembed\" frameborder=\"0\" allow=\"accelerometer; autoplay; clipboard-write; encrypted-media; gyroscope; picture-in-picture\" allowfullscreen><\/iframe><\/p>\n<p>Tambi\u00e9n proporcionamos un sistema de alineaci\u00f3n de chocolate y una envolvedora flow pack, o una envolvedora de plegado r\u00e1pido para acoplarse a la cinta transportadora de descarga frontal de chocolate, de modo que el chocolate pueda envolverse directamente.<\/p>\n<div role=\"form\" class=\"wpcf7\" id=\"wpcf7-f575-o1\" lang=\"zh-CN\" dir=\"ltr\">\n<div class=\"screen-reader-response\"><p role=\"status\" aria-live=\"polite\" aria-atomic=\"true\"><\/p> <ul><\/ul><\/div>\n<form action=\"\/es\/wp-json\/wp\/v2\/product\/1342#wpcf7-f575-o1\" method=\"post\" class=\"wpcf7-form init\" novalidate=\"novalidate\" data-status=\"init\" data-trp-original-action=\"\/es\/wp-json\/wp\/v2\/product\/1342#wpcf7-f575-o1\">\n<div style=\"display: none;\">\n<input type=\"hidden\" name=\"_wpcf7\" value=\"575\" \/>\n<input type=\"hidden\" name=\"_wpcf7_version\" value=\"5.5.2\" \/>\n<input type=\"hidden\" name=\"_wpcf7_locale\" value=\"zh_CN\" \/>\n<input type=\"hidden\" name=\"_wpcf7_unit_tag\" value=\"wpcf7-f575-o1\" \/>\n<input type=\"hidden\" name=\"_wpcf7_container_post\" value=\"0\" \/>\n<input type=\"hidden\" name=\"_wpcf7_posted_data_hash\" value=\"\" \/>\n<\/div>\n<div style='display:block;text-align:center;font-size:20px;font-weight:bold;margin-bottom:20px'>Enviar solicitud <span style='display:block;width:30px;height:2px;background:#99502c;margin:10px auto;'><\/span><\/div>\n<p><label> Nombre<br \/>\n    <span class=\"wpcf7-form-control-wrap your-name\"><input type=\"text\" name=\"your-name\" value=\"\" size=\"40\" class=\"wpcf7-form-control wpcf7-text wpcf7-validates-as-required\" aria-required=\"true\" aria-invalid=\"false\" \/><\/span> <\/label><\/p>\n<p><label> Correo electr\u00f3nico<br \/>\n    <span class=\"wpcf7-form-control-wrap your-email\"><input type=\"email\" name=\"your-email\" value=\"\" size=\"40\" class=\"wpcf7-form-control wpcf7-text wpcf7-email wpcf7-validates-as-required wpcf7-validates-as-email\" aria-required=\"true\" aria-invalid=\"false\" \/><\/span> <\/label><\/p>\n<p><label> Pa\u00eds<br \/>\n    <span class=\"wpcf7-form-control-wrap your-country\"><input type=\"text\" name=\"your-country\" value=\"\" size=\"40\" class=\"wpcf7-form-control wpcf7-text\" aria-invalid=\"false\" \/><\/span> <\/label><\/p>\n<p><label> Tel\u00e9fono<br \/>\n    <span class=\"wpcf7-form-control-wrap tel-901\"><input type=\"tel\" name=\"tel-901\" value=\"\" size=\"40\" class=\"wpcf7-form-control wpcf7-text wpcf7-tel wpcf7-validates-as-tel\" aria-invalid=\"false\" \/><\/span> <\/label><\/p>\n<p><label> Nombre de la empresa<br \/>\n    <span class=\"wpcf7-form-control-wrap company-name\"><input type=\"text\" name=\"company-name\" value=\"\" size=\"40\" class=\"wpcf7-form-control wpcf7-text\" aria-invalid=\"false\" \/><\/span> <\/label><\/p>\n<p><label> Sitio web de la empresa<br \/>\n    <span class=\"wpcf7-form-control-wrap company-website\"><input type=\"text\" name=\"company-website\" value=\"\" size=\"40\" class=\"wpcf7-form-control wpcf7-text\" aria-invalid=\"false\" \/><\/span> <\/label><\/p>\n<p><label> Mensaje<br \/>\n    <span class=\"wpcf7-form-control-wrap your-message\"><textarea name=\"your-message\" cols=\"40\" rows=\"10\" class=\"wpcf7-form-control wpcf7-textarea wpcf7-validates-as-required\" aria-required=\"true\" aria-invalid=\"false\"><\/textarea><\/span> <\/label><\/p>\n<p><input type=\"submit\" value=\"Enviar\" class=\"wpcf7-form-control has-spinner wpcf7-submit\" \/><\/p>\n<p style=\"display: none !important;\"><label>&#916;<textarea name=\"_wpcf7_ak_hp_textarea\" cols=\"45\" rows=\"8\" maxlength=\"100\"><\/textarea><\/label><input type=\"hidden\" id=\"ak_js\" name=\"_wpcf7_ak_js\" value=\"11\"\/><script>document.getElementById( \"ak_js\" ).setAttribute( \"value\", ( new Date() ).getTime() );<\/script><\/p><div class=\"wpcf7-response-output\" aria-hidden=\"true\"><\/div><input type=\"hidden\" name=\"trp-form-language\" value=\"es\"\/><\/form><\/div>","protected":false},"excerpt":{"rendered":"<p>La m\u00e1quina para hacer tabletas de chocolate tambi\u00e9n puede hacer chocolates de varios tama\u00f1os, tipos de s\u00e1ndwich, y de varios colores y sabores.<\/p>\n<p>Control PLC, dep\u00f3sito autom\u00e1tico, moldeo, gran capacidad.<\/p>","protected":false},"featured_media":1343,"comment_status":"open","ping_status":"closed","template":"","meta":[],"product_cat":[26,27],"product_tag":[],"class_list":["post-1342","product","type-product","status-publish","has-post-thumbnail","hentry","product_cat-single-machine","product_cat-product"],"yoast_head":"<!-- This site is optimized with the Yoast SEO plugin v25.6 - https:\/\/yoast.com\/wordpress\/plugins\/seo\/ -->\n<title>LG-CJZ330-510 Chocolate Bar Making Molding Machine<\/title>\n<meta name=\"description\" content=\"This chocolate bar making machine can also be used to make various shapes of chocolate. Automatic depositing, molding, large capacity.\" \/>\n<meta name=\"robots\" content=\"index, follow, max-snippet:-1, max-image-preview:large, max-video-preview:-1\" \/>\n<link rel=\"canonical\" href=\"https:\/\/www.chocolatesmachine.com\/es\/chocolate-bar-making-machine\/\" \/>\n<meta property=\"og:locale\" content=\"es_ES\" \/>\n<meta property=\"og:type\" content=\"article\" \/>\n<meta property=\"og:title\" content=\"LG-CJZ330-510 Chocolate Bar Making Molding Machine\" \/>\n<meta property=\"og:description\" content=\"This chocolate bar making machine can also be used to make various shapes of chocolate. Automatic depositing, molding, large capacity.\" \/>\n<meta property=\"og:url\" content=\"https:\/\/www.chocolatesmachine.com\/es\/chocolate-bar-making-machine\/\" \/>\n<meta property=\"og:site_name\" content=\"Chocolate Making Machine\" \/>\n<meta property=\"article:publisher\" content=\"https:\/\/www.facebook.com\/longernutsmachinery\/\" \/>\n<meta property=\"article:modified_time\" content=\"2025-02-11T02:15:41+00:00\" \/>\n<meta property=\"og:image\" content=\"https:\/\/www.chocolatesmachine.com\/wp-content\/uploads\/2022\/09\/bar1.jpg\" \/>\n\t<meta property=\"og:image:width\" content=\"600\" \/>\n\t<meta property=\"og:image:height\" content=\"600\" \/>\n\t<meta property=\"og:image:type\" content=\"image\/jpeg\" \/>\n<meta name=\"twitter:card\" content=\"summary_large_image\" \/>\n<meta name=\"twitter:site\" content=\"@nutsmachinery\" \/>\n<meta name=\"twitter:label1\" content=\"Tiempo de lectura\" \/>\n\t<meta name=\"twitter:data1\" content=\"3 minutos\" \/>\n<script type=\"application\/ld+json\" class=\"yoast-schema-graph\">{\"@context\":\"https:\/\/schema.org\",\"@graph\":[{\"@type\":\"WebPage\",\"@id\":\"https:\/\/www.chocolatesmachine.com\/ar\/chocolate-bar-making-machine\/\",\"url\":\"https:\/\/www.chocolatesmachine.com\/ar\/chocolate-bar-making-machine\/\",\"name\":\"LG-CJZ330-510 Chocolate Bar Making Molding Machine\",\"isPartOf\":{\"@id\":\"https:\/\/www.chocolatesmachine.com\/ar\/#website\"},\"primaryImageOfPage\":{\"@id\":\"https:\/\/www.chocolatesmachine.com\/ar\/chocolate-bar-making-machine\/#primaryimage\"},\"image\":{\"@id\":\"https:\/\/www.chocolatesmachine.com\/ar\/chocolate-bar-making-machine\/#primaryimage\"},\"thumbnailUrl\":\"https:\/\/www.chocolatesmachine.com\/wp-content\/uploads\/2022\/09\/bar1.jpg\",\"datePublished\":\"2022-09-22T09:06:00+00:00\",\"dateModified\":\"2025-02-11T02:15:41+00:00\",\"description\":\"This chocolate bar making machine can also be used to make various shapes of chocolate. Automatic depositing, molding, large capacity.\",\"breadcrumb\":{\"@id\":\"https:\/\/www.chocolatesmachine.com\/ar\/chocolate-bar-making-machine\/#breadcrumb\"},\"inLanguage\":\"es\",\"potentialAction\":[{\"@type\":\"ReadAction\",\"target\":[\"https:\/\/www.chocolatesmachine.com\/ar\/chocolate-bar-making-machine\/\"]}]},{\"@type\":\"ImageObject\",\"inLanguage\":\"es\",\"@id\":\"https:\/\/www.chocolatesmachine.com\/ar\/chocolate-bar-making-machine\/#primaryimage\",\"url\":\"https:\/\/www.chocolatesmachine.com\/wp-content\/uploads\/2022\/09\/bar1.jpg\",\"contentUrl\":\"https:\/\/www.chocolatesmachine.com\/wp-content\/uploads\/2022\/09\/bar1.jpg\",\"width\":600,\"height\":600,\"caption\":\"Chocolate Bar Making Machine Fully Automatic\"},{\"@type\":\"BreadcrumbList\",\"@id\":\"https:\/\/www.chocolatesmachine.com\/ar\/chocolate-bar-making-machine\/#breadcrumb\",\"itemListElement\":[{\"@type\":\"ListItem\",\"position\":1,\"name\":\"\u9996\u9875\",\"item\":\"https:\/\/www.chocolatesmachine.com\/\"},{\"@type\":\"ListItem\",\"position\":2,\"name\":\"Chocolate Machine\",\"item\":\"https:\/\/www.chocolatesmachine.com\/es\/producto\/\"},{\"@type\":\"ListItem\",\"position\":3,\"name\":\"LG-CJZ330-510 Chocolate Bar Making Molding Machine\"}]},{\"@type\":\"WebSite\",\"@id\":\"https:\/\/www.chocolatesmachine.com\/ar\/#website\",\"url\":\"https:\/\/www.chocolatesmachine.com\/ar\/\",\"name\":\"Chocolate Making Machine\",\"description\":\"Solution Provider\",\"publisher\":{\"@id\":\"https:\/\/www.chocolatesmachine.com\/ar\/#organization\"},\"potentialAction\":[{\"@type\":\"SearchAction\",\"target\":{\"@type\":\"EntryPoint\",\"urlTemplate\":\"https:\/\/www.chocolatesmachine.com\/ar\/?s={search_term_string}\"},\"query-input\":{\"@type\":\"PropertyValueSpecification\",\"valueRequired\":true,\"valueName\":\"search_term_string\"}}],\"inLanguage\":\"es\"},{\"@type\":\"Organization\",\"@id\":\"https:\/\/www.chocolatesmachine.com\/ar\/#organization\",\"name\":\"Longer Food Machinery\",\"url\":\"https:\/\/www.chocolatesmachine.com\/ar\/\",\"logo\":{\"@type\":\"ImageObject\",\"inLanguage\":\"es\",\"@id\":\"https:\/\/www.chocolatesmachine.com\/ar\/#\/schema\/logo\/image\/\",\"url\":\"https:\/\/www.chocolatesmachine.com\/wp-content\/uploads\/2024\/03\/300-60.png\",\"contentUrl\":\"https:\/\/www.chocolatesmachine.com\/wp-content\/uploads\/2024\/03\/300-60.png\",\"width\":300,\"height\":60,\"caption\":\"Longer Food Machinery\"},\"image\":{\"@id\":\"https:\/\/www.chocolatesmachine.com\/ar\/#\/schema\/logo\/image\/\"},\"sameAs\":[\"https:\/\/www.facebook.com\/longernutsmachinery\/\",\"https:\/\/x.com\/nutsmachinery\",\"https:\/\/www.pinterest.com\/nutsmachinery\/\",\"https:\/\/www.linkedin.com\/company\/longer-nuts-machinery\/\",\"https:\/\/www.youtube.com\/c\/NutsMachinery\"]}]}<\/script>\n<!-- \/ Yoast SEO plugin. -->","yoast_head_json":{"title":"LG-CJZ330-510 Chocolate Bar Making Molding Machine","description":"This chocolate bar making machine can also be used to make various shapes of chocolate. Automatic depositing, molding, large capacity.","robots":{"index":"index","follow":"follow","max-snippet":"max-snippet:-1","max-image-preview":"max-image-preview:large","max-video-preview":"max-video-preview:-1"},"canonical":"https:\/\/www.chocolatesmachine.com\/es\/chocolate-bar-making-machine\/","og_locale":"es_ES","og_type":"article","og_title":"LG-CJZ330-510 Chocolate Bar Making Molding Machine","og_description":"This chocolate bar making machine can also be used to make various shapes of chocolate. Automatic depositing, molding, large capacity.","og_url":"https:\/\/www.chocolatesmachine.com\/es\/chocolate-bar-making-machine\/","og_site_name":"Chocolate Making Machine","article_publisher":"https:\/\/www.facebook.com\/longernutsmachinery\/","article_modified_time":"2025-02-11T02:15:41+00:00","og_image":[{"width":600,"height":600,"url":"https:\/\/www.chocolatesmachine.com\/wp-content\/uploads\/2022\/09\/bar1.jpg","type":"image\/jpeg"}],"twitter_card":"summary_large_image","twitter_site":"@nutsmachinery","twitter_misc":{"Tiempo de lectura":"3 minutos"},"schema":{"@context":"https:\/\/schema.org","@graph":[{"@type":"WebPage","@id":"https:\/\/www.chocolatesmachine.com\/ar\/chocolate-bar-making-machine\/","url":"https:\/\/www.chocolatesmachine.com\/ar\/chocolate-bar-making-machine\/","name":"LG-CJZ330-510 Chocolate Bar Making Molding Machine","isPartOf":{"@id":"https:\/\/www.chocolatesmachine.com\/ar\/#website"},"primaryImageOfPage":{"@id":"https:\/\/www.chocolatesmachine.com\/ar\/chocolate-bar-making-machine\/#primaryimage"},"image":{"@id":"https:\/\/www.chocolatesmachine.com\/ar\/chocolate-bar-making-machine\/#primaryimage"},"thumbnailUrl":"https:\/\/www.chocolatesmachine.com\/wp-content\/uploads\/2022\/09\/bar1.jpg","datePublished":"2022-09-22T09:06:00+00:00","dateModified":"2025-02-11T02:15:41+00:00","description":"This chocolate bar making machine can also be used to make various shapes of chocolate. Automatic depositing, molding, large capacity.","breadcrumb":{"@id":"https:\/\/www.chocolatesmachine.com\/ar\/chocolate-bar-making-machine\/#breadcrumb"},"inLanguage":"es","potentialAction":[{"@type":"ReadAction","target":["https:\/\/www.chocolatesmachine.com\/ar\/chocolate-bar-making-machine\/"]}]},{"@type":"ImageObject","inLanguage":"es","@id":"https:\/\/www.chocolatesmachine.com\/ar\/chocolate-bar-making-machine\/#primaryimage","url":"https:\/\/www.chocolatesmachine.com\/wp-content\/uploads\/2022\/09\/bar1.jpg","contentUrl":"https:\/\/www.chocolatesmachine.com\/wp-content\/uploads\/2022\/09\/bar1.jpg","width":600,"height":600,"caption":"Chocolate Bar Making Machine Fully Automatic"},{"@type":"BreadcrumbList","@id":"https:\/\/www.chocolatesmachine.com\/ar\/chocolate-bar-making-machine\/#breadcrumb","itemListElement":[{"@type":"ListItem","position":1,"name":"\u9996\u9875","item":"https:\/\/www.chocolatesmachine.com\/"},{"@type":"ListItem","position":2,"name":"Chocolate Machine","item":"https:\/\/www.chocolatesmachine.com\/es\/producto\/"},{"@type":"ListItem","position":3,"name":"LG-CJZ330-510 Chocolate Bar Making Molding Machine"}]},{"@type":"WebSite","@id":"https:\/\/www.chocolatesmachine.com\/ar\/#website","url":"https:\/\/www.chocolatesmachine.com\/ar\/","name":"Chocolate Making Machine","description":"Solution Provider","publisher":{"@id":"https:\/\/www.chocolatesmachine.com\/ar\/#organization"},"potentialAction":[{"@type":"SearchAction","target":{"@type":"EntryPoint","urlTemplate":"https:\/\/www.chocolatesmachine.com\/ar\/?s={search_term_string}"},"query-input":{"@type":"PropertyValueSpecification","valueRequired":true,"valueName":"search_term_string"}}],"inLanguage":"es"},{"@type":"Organization","@id":"https:\/\/www.chocolatesmachine.com\/ar\/#organization","name":"Longer Food Machinery","url":"https:\/\/www.chocolatesmachine.com\/ar\/","logo":{"@type":"ImageObject","inLanguage":"es","@id":"https:\/\/www.chocolatesmachine.com\/ar\/#\/schema\/logo\/image\/","url":"https:\/\/www.chocolatesmachine.com\/wp-content\/uploads\/2024\/03\/300-60.png","contentUrl":"https:\/\/www.chocolatesmachine.com\/wp-content\/uploads\/2024\/03\/300-60.png","width":300,"height":60,"caption":"Longer Food Machinery"},"image":{"@id":"https:\/\/www.chocolatesmachine.com\/ar\/#\/schema\/logo\/image\/"},"sameAs":["https:\/\/www.facebook.com\/longernutsmachinery\/","https:\/\/x.com\/nutsmachinery","https:\/\/www.pinterest.com\/nutsmachinery\/","https:\/\/www.linkedin.com\/company\/longer-nuts-machinery\/","https:\/\/www.youtube.com\/c\/NutsMachinery"]}]}},"_links":{"self":[{"href":"https:\/\/www.chocolatesmachine.com\/es\/wp-json\/wp\/v2\/product\/1342","targetHints":{"allow":["GET"]}}],"collection":[{"href":"https:\/\/www.chocolatesmachine.com\/es\/wp-json\/wp\/v2\/product"}],"about":[{"href":"https:\/\/www.chocolatesmachine.com\/es\/wp-json\/wp\/v2\/types\/product"}],"replies":[{"embeddable":true,"href":"https:\/\/www.chocolatesmachine.com\/es\/wp-json\/wp\/v2\/comments?post=1342"}],"wp:featuredmedia":[{"embeddable":true,"href":"https:\/\/www.chocolatesmachine.com\/es\/wp-json\/wp\/v2\/media\/1343"}],"wp:attachment":[{"href":"https:\/\/www.chocolatesmachine.com\/es\/wp-json\/wp\/v2\/media?parent=1342"}],"wp:term":[{"taxonomy":"product_cat","embeddable":true,"href":"https:\/\/www.chocolatesmachine.com\/es\/wp-json\/wp\/v2\/product_cat?post=1342"},{"taxonomy":"product_tag","embeddable":true,"href":"https:\/\/www.chocolatesmachine.com\/es\/wp-json\/wp\/v2\/product_tag?post=1342"}],"curies":[{"name":"wp","href":"https:\/\/api.w.org\/{rel}","templated":true}]}}