{"id":1336,"date":"2022-08-18T14:39:27","date_gmt":"2022-08-18T06:39:27","guid":{"rendered":"https:\/\/www.chocolatesmachine.com\/?post_type=product&#038;p=1336"},"modified":"2025-02-11T10:15:49","modified_gmt":"2025-02-11T02:15:49","slug":"chocolate-grinding-machine","status":"publish","type":"product","link":"https:\/\/www.chocolatesmachine.com\/es\/chocolate-grinding-machine\/","title":{"rendered":"M\u00e1quina industrial para moler chocolate 20-25\u03bcm"},"content":{"rendered":"<p>Este <strong>trituradora industrial de chocolate<\/strong> se utiliza para la molienda fina y el refinado de pasta de chocolate, que incluye principalmente licor de cacao, manteca de cacao, az\u00facar, leche en polvo, etc. La trituradora de chocolate tiene suficiente molienda y fuerte estabilidad, y puede satisfacer los requisitos de diversos productos de chocolate. Hay una variedad de modelos disponibles para satisfacer las necesidades de diferentes escalas de producci\u00f3n de chocolate.<\/p>\n<h2><strong>Estructura de la m\u00e1quina trituradora de chocolate:<\/strong><\/h2>\n<p>La m\u00e1quina rectificadora se compone principalmente de un cuerpo, un portacuchillas, una parte de transmisi\u00f3n y una puerta de descarga, y es accionada por una muela abrasiva y un tornillo sin fin.<\/p>\n<ul>\n<li>La parte del cuerpo se compone de un cuerpo cil\u00edndrico y una camisa de doble capa, y a trav\u00e9s de la camisa puede pasar agua de refrigeraci\u00f3n, agua caliente o vapor.<\/li>\n<li>La combinaci\u00f3n de la cuchilla y la placa de refuerzo adopta el punto de apoyo \u00fanico central, y la conexi\u00f3n flexible est\u00e1 sujeta, y la parte inferior de la placa de refuerzo y dos deflectores est\u00e1n soldados en ambos lados.<\/li>\n<li>La pared interior del cuerpo de la m\u00e1quina est\u00e1 dispuesta en forma de engranaje recto interior en direcci\u00f3n circunferencial y axial.<\/li>\n<li>Se puede ajustar la estanqueidad del contacto entre el rascador y la pared interior del cilindro.<\/li>\n<\/ul>\n<figure id=\"attachment_1339\" aria-describedby=\"caption-attachment-1339\" style=\"width: 600px\" class=\"wp-caption alignnone\"><img loading=\"lazy\" decoding=\"async\" class=\"size-full wp-image-1339\" src=\"https:\/\/www.chocolatesmachine.com\/wp-content\/uploads\/2022\/08\/grind3.jpg\" alt=\"Precio de la m\u00e1quina trituradora de chocolate de 25 micras\" width=\"600\" height=\"600\" srcset=\"https:\/\/www.chocolatesmachine.com\/wp-content\/uploads\/2022\/08\/grind3.jpg 600w, https:\/\/www.chocolatesmachine.com\/wp-content\/uploads\/2022\/08\/grind3-300x300.jpg 300w, https:\/\/www.chocolatesmachine.com\/wp-content\/uploads\/2022\/08\/grind3-150x150.jpg 150w, https:\/\/www.chocolatesmachine.com\/wp-content\/uploads\/2022\/08\/grind3-100x100.jpg 100w\" sizes=\"auto, (max-width: 600px) 100vw, 600px\" \/><figcaption id=\"caption-attachment-1339\" class=\"wp-caption-text\">Precio de la m\u00e1quina trituradora de chocolate de 25 micras<\/figcaption><\/figure>\n<h2><strong>Caracter\u00edsticas de la m\u00e1quina trituradora industrial de chocolate:<\/strong><\/h2>\n<ul>\n<li>Esta m\u00e1quina trituradora tiene varias funciones como trituraci\u00f3n, desodorizaci\u00f3n, deshidrataci\u00f3n, diluci\u00f3n, emulsificaci\u00f3n, etc. Es un equipo ideal para la producci\u00f3n de chocolate.<\/li>\n<li>Se utiliza un sistema de circulaci\u00f3n de agua caliente para mantener la salsa a una temperatura constante.<\/li>\n<li>Adopta PLC y sistema de servo control para realizar la producci\u00f3n integrada totalmente autom\u00e1tica, operaci\u00f3n simple y producci\u00f3n estable.<\/li>\n<li>El contacto con los alimentos y la carcasa son de acero aleado de alta calidad y acero inoxidable resistente a los \u00e1cidos y \u00e1lcalis.<\/li>\n<li>Existe una gran variedad de modelos, desde 40L, 500L hasta 3000L, para satisfacer las necesidades de plantas de procesamiento de chocolate de diferentes tama\u00f1os.<\/li>\n<li>La m\u00e1quina trituradora de chocolate tiene un dise\u00f1o razonable, una bella apariencia y una molienda suficiente.<\/li>\n<li>Bajo consumo de energ\u00eda, alta eficiencia y larga vida \u00fatil.<\/li>\n<\/ul>\n<figure id=\"attachment_1338\" aria-describedby=\"caption-attachment-1338\" style=\"width: 600px\" class=\"wp-caption alignnone\"><img loading=\"lazy\" decoding=\"async\" class=\"size-full wp-image-1338\" src=\"https:\/\/www.chocolatesmachine.com\/wp-content\/uploads\/2022\/08\/grind2.jpg\" alt=\"Venta de trituradoras industriales de chocolate\" width=\"600\" height=\"600\" srcset=\"https:\/\/www.chocolatesmachine.com\/wp-content\/uploads\/2022\/08\/grind2.jpg 600w, https:\/\/www.chocolatesmachine.com\/wp-content\/uploads\/2022\/08\/grind2-300x300.jpg 300w, https:\/\/www.chocolatesmachine.com\/wp-content\/uploads\/2022\/08\/grind2-150x150.jpg 150w, https:\/\/www.chocolatesmachine.com\/wp-content\/uploads\/2022\/08\/grind2-100x100.jpg 100w\" sizes=\"auto, (max-width: 600px) 100vw, 600px\" \/><figcaption id=\"caption-attachment-1338\" class=\"wp-caption-text\">Venta de trituradoras industriales de chocolate<\/figcaption><\/figure>\n<h2><strong>Proceso de molturaci\u00f3n del chocolate<\/strong><\/h2>\n<p>Las part\u00edculas de pasta de cacao o az\u00facar en polvo que s\u00f3lo se han molido inicialmente son relativamente grandes, y tienen una sensaci\u00f3n \u00e1spera al entrar en la boca. Deben molerse finamente para reducir a\u00fan m\u00e1s las part\u00edculas. La mayor\u00eda de las part\u00edculas del material tras la molienda son menores de 25 micras o de entre 18 y 23 micras, que es el requisito para la molienda. Porque de esta manera, el chocolate no tendr\u00e1 una sensaci\u00f3n granulosa despu\u00e9s de entrar en la boca humana.<\/p>\n<p>Durante el proceso de refinado, mantenga la temperatura a una temperatura determinada, cuanto m\u00e1s fino sea el refinado, m\u00e1s espesa ser\u00e1 la salsa de chocolate, mayor ser\u00e1 la viscosidad y menor la fluidez. La salsa de chocolate molida entra en el <a href=\"https:\/\/www.chocolatesmachine.com\/es\/chocolate-moulding-machine-line\/\">m\u00e1quina de moldeo<\/a> y se elabora en diversos tipos de chocolate.<\/p>\n<h2><strong>Par\u00e1metros de la m\u00e1quina trituradora de chocolate Precio<\/strong><\/h2>\n<table>\n<tbody>\n<tr>\n<td>Modelo<\/td>\n<td>LG-CJM40<\/td>\n<td>LG-CJM500<\/td>\n<td>LG-CJM1000<\/td>\n<td>LG-CJM2000<\/td>\n<td>LG-CJM3000<\/td>\n<\/tr>\n<tr>\n<td>Capacidad m\u00e1xima (L)<\/td>\n<td>40<\/td>\n<td>500<\/td>\n<td>1000<\/td>\n<td>2000<\/td>\n<td>3000<\/td>\n<\/tr>\n<tr>\n<td>Tama\u00f1o de molienda fina(\u03bcm)<\/td>\n<td>20-25<\/td>\n<td>20-25<\/td>\n<td>20-25<\/td>\n<td>20-25<\/td>\n<td>20-25<\/td>\n<\/tr>\n<tr>\n<td>Tiempo de molienda fina(h)<\/td>\n<td>7-9<\/td>\n<td>12-18<\/td>\n<td>14-20<\/td>\n<td>18-22<\/td>\n<td>18-22<\/td>\n<\/tr>\n<tr>\n<td>Potencia del motor (kw)<\/td>\n<td>2.2<\/td>\n<td>15<\/td>\n<td>22<\/td>\n<td>37<\/td>\n<td>37<\/td>\n<\/tr>\n<tr>\n<td>Potencia del calentador el\u00e9ctrico (kw)<\/td>\n<td>2<\/td>\n<td>7.5<\/td>\n<td>7.5<\/td>\n<td>9<\/td>\n<td>9<\/td>\n<\/tr>\n<tr>\n<td>Peso (kg)<\/td>\n<td>350<\/td>\n<td>3000<\/td>\n<td>4250<\/td>\n<td>5100<\/td>\n<td>7000<\/td>\n<\/tr>\n<tr>\n<td>Dimensiones (mm)<\/td>\n<td>1100*800*1100<\/td>\n<td>2500*1080*1370<\/td>\n<td>2780*1330*1800<\/td>\n<td>3320*2000*1950<\/td>\n<td>4200*2000*1950<\/td>\n<\/tr>\n<\/tbody>\n<\/table>\n<div role=\"form\" class=\"wpcf7\" id=\"wpcf7-f575-o1\" lang=\"zh-CN\" dir=\"ltr\">\n<div class=\"screen-reader-response\"><p role=\"status\" aria-live=\"polite\" aria-atomic=\"true\"><\/p> <ul><\/ul><\/div>\n<form action=\"\/es\/wp-json\/wp\/v2\/product\/1336#wpcf7-f575-o1\" method=\"post\" class=\"wpcf7-form init\" novalidate=\"novalidate\" data-status=\"init\" data-trp-original-action=\"\/es\/wp-json\/wp\/v2\/product\/1336#wpcf7-f575-o1\">\n<div style=\"display: none;\">\n<input type=\"hidden\" name=\"_wpcf7\" value=\"575\" \/>\n<input type=\"hidden\" name=\"_wpcf7_version\" value=\"5.5.2\" \/>\n<input type=\"hidden\" name=\"_wpcf7_locale\" value=\"zh_CN\" \/>\n<input type=\"hidden\" name=\"_wpcf7_unit_tag\" value=\"wpcf7-f575-o1\" \/>\n<input type=\"hidden\" name=\"_wpcf7_container_post\" value=\"0\" \/>\n<input type=\"hidden\" name=\"_wpcf7_posted_data_hash\" value=\"\" \/>\n<\/div>\n<div style='display:block;text-align:center;font-size:20px;font-weight:bold;margin-bottom:20px'>Enviar solicitud <span style='display:block;width:30px;height:2px;background:#99502c;margin:10px auto;'><\/span><\/div>\n<p><label> Nombre<br \/>\n    <span class=\"wpcf7-form-control-wrap your-name\"><input type=\"text\" name=\"your-name\" value=\"\" size=\"40\" class=\"wpcf7-form-control wpcf7-text wpcf7-validates-as-required\" aria-required=\"true\" aria-invalid=\"false\" \/><\/span> <\/label><\/p>\n<p><label> Correo electr\u00f3nico<br \/>\n    <span class=\"wpcf7-form-control-wrap your-email\"><input type=\"email\" name=\"your-email\" value=\"\" size=\"40\" class=\"wpcf7-form-control wpcf7-text wpcf7-email wpcf7-validates-as-required wpcf7-validates-as-email\" aria-required=\"true\" aria-invalid=\"false\" \/><\/span> <\/label><\/p>\n<p><label> Pa\u00eds<br \/>\n    <span class=\"wpcf7-form-control-wrap your-country\"><input type=\"text\" name=\"your-country\" value=\"\" size=\"40\" class=\"wpcf7-form-control wpcf7-text\" aria-invalid=\"false\" \/><\/span> <\/label><\/p>\n<p><label> Tel\u00e9fono<br \/>\n    <span class=\"wpcf7-form-control-wrap tel-901\"><input type=\"tel\" name=\"tel-901\" value=\"\" size=\"40\" class=\"wpcf7-form-control wpcf7-text wpcf7-tel wpcf7-validates-as-tel\" aria-invalid=\"false\" \/><\/span> <\/label><\/p>\n<p><label> Nombre de la empresa<br \/>\n    <span class=\"wpcf7-form-control-wrap company-name\"><input type=\"text\" name=\"company-name\" value=\"\" size=\"40\" class=\"wpcf7-form-control wpcf7-text\" aria-invalid=\"false\" \/><\/span> <\/label><\/p>\n<p><label> Sitio web de la empresa<br \/>\n    <span class=\"wpcf7-form-control-wrap company-website\"><input type=\"text\" name=\"company-website\" value=\"\" size=\"40\" class=\"wpcf7-form-control wpcf7-text\" aria-invalid=\"false\" \/><\/span> <\/label><\/p>\n<p><label> Mensaje<br \/>\n    <span class=\"wpcf7-form-control-wrap your-message\"><textarea name=\"your-message\" cols=\"40\" rows=\"10\" class=\"wpcf7-form-control wpcf7-textarea wpcf7-validates-as-required\" aria-required=\"true\" aria-invalid=\"false\"><\/textarea><\/span> <\/label><\/p>\n<p><input type=\"submit\" value=\"Enviar\" class=\"wpcf7-form-control has-spinner wpcf7-submit\" \/><\/p>\n<p style=\"display: none !important;\"><label>&#916;<textarea name=\"_wpcf7_ak_hp_textarea\" cols=\"45\" rows=\"8\" maxlength=\"100\"><\/textarea><\/label><input type=\"hidden\" id=\"ak_js\" name=\"_wpcf7_ak_js\" value=\"173\"\/><script>document.getElementById( \"ak_js\" ).setAttribute( \"value\", ( new Date() ).getTime() );<\/script><\/p><div class=\"wpcf7-response-output\" aria-hidden=\"true\"><\/div><input type=\"hidden\" name=\"trp-form-language\" value=\"es\"\/><\/form><\/div>","protected":false},"excerpt":{"rendered":"<p>Esta m\u00e1quina trituradora de chocolate se utiliza para conchar y refinar la pasta de chocolate, con control de temperatura constante, a fin de satisfacer los requisitos de producci\u00f3n de diversos chocolates industriales.<\/p>","protected":false},"featured_media":1337,"comment_status":"open","ping_status":"closed","template":"","meta":[],"product_cat":[26,27],"product_tag":[],"class_list":["post-1336","product","type-product","status-publish","has-post-thumbnail","hentry","product_cat-single-machine","product_cat-product"],"yoast_head":"<!-- This site is optimized with the Yoast SEO plugin v25.6 - https:\/\/yoast.com\/wordpress\/plugins\/seo\/ -->\n<title>Industrial Chocolate Grinding Machine 20-25\u03bcm<\/title>\n<meta name=\"description\" content=\"This chocolate grinding machine is used for conching chocolate paste, including cocoa liquor, cocoa powder, powdered sugar, milk powder, etc.\" \/>\n<meta name=\"robots\" content=\"index, follow, max-snippet:-1, max-image-preview:large, max-video-preview:-1\" \/>\n<link rel=\"canonical\" href=\"https:\/\/www.chocolatesmachine.com\/es\/chocolate-grinding-machine\/\" \/>\n<meta property=\"og:locale\" content=\"es_ES\" \/>\n<meta property=\"og:type\" content=\"article\" \/>\n<meta property=\"og:title\" content=\"Industrial Chocolate Grinding Machine 20-25\u03bcm\" \/>\n<meta property=\"og:description\" content=\"This chocolate grinding machine is used for conching chocolate paste, including cocoa liquor, cocoa powder, powdered sugar, milk powder, etc.\" \/>\n<meta property=\"og:url\" content=\"https:\/\/www.chocolatesmachine.com\/es\/chocolate-grinding-machine\/\" \/>\n<meta property=\"og:site_name\" content=\"Chocolate Making Machine\" \/>\n<meta property=\"article:publisher\" content=\"https:\/\/www.facebook.com\/longernutsmachinery\/\" \/>\n<meta property=\"article:modified_time\" content=\"2025-02-11T02:15:49+00:00\" \/>\n<meta property=\"og:image\" content=\"https:\/\/www.chocolatesmachine.com\/wp-content\/uploads\/2022\/08\/grind1.jpg\" \/>\n\t<meta property=\"og:image:width\" content=\"600\" \/>\n\t<meta property=\"og:image:height\" content=\"600\" \/>\n\t<meta property=\"og:image:type\" content=\"image\/jpeg\" \/>\n<meta name=\"twitter:card\" content=\"summary_large_image\" \/>\n<meta name=\"twitter:site\" content=\"@nutsmachinery\" \/>\n<meta name=\"twitter:label1\" content=\"Tiempo de lectura\" \/>\n\t<meta name=\"twitter:data1\" content=\"3 minutos\" \/>\n<script type=\"application\/ld+json\" class=\"yoast-schema-graph\">{\"@context\":\"https:\/\/schema.org\",\"@graph\":[{\"@type\":\"WebPage\",\"@id\":\"https:\/\/www.chocolatesmachine.com\/ar\/chocolate-grinding-machine\/\",\"url\":\"https:\/\/www.chocolatesmachine.com\/ar\/chocolate-grinding-machine\/\",\"name\":\"Industrial Chocolate Grinding Machine 20-25\u03bcm\",\"isPartOf\":{\"@id\":\"https:\/\/www.chocolatesmachine.com\/ar\/#website\"},\"primaryImageOfPage\":{\"@id\":\"https:\/\/www.chocolatesmachine.com\/ar\/chocolate-grinding-machine\/#primaryimage\"},\"image\":{\"@id\":\"https:\/\/www.chocolatesmachine.com\/ar\/chocolate-grinding-machine\/#primaryimage\"},\"thumbnailUrl\":\"https:\/\/www.chocolatesmachine.com\/wp-content\/uploads\/2022\/08\/grind1.jpg\",\"datePublished\":\"2022-08-18T06:39:27+00:00\",\"dateModified\":\"2025-02-11T02:15:49+00:00\",\"description\":\"This chocolate grinding machine is used for conching chocolate paste, including cocoa liquor, cocoa powder, powdered sugar, milk powder, etc.\",\"breadcrumb\":{\"@id\":\"https:\/\/www.chocolatesmachine.com\/ar\/chocolate-grinding-machine\/#breadcrumb\"},\"inLanguage\":\"es\",\"potentialAction\":[{\"@type\":\"ReadAction\",\"target\":[\"https:\/\/www.chocolatesmachine.com\/ar\/chocolate-grinding-machine\/\"]}]},{\"@type\":\"ImageObject\",\"inLanguage\":\"es\",\"@id\":\"https:\/\/www.chocolatesmachine.com\/ar\/chocolate-grinding-machine\/#primaryimage\",\"url\":\"https:\/\/www.chocolatesmachine.com\/wp-content\/uploads\/2022\/08\/grind1.jpg\",\"contentUrl\":\"https:\/\/www.chocolatesmachine.com\/wp-content\/uploads\/2022\/08\/grind1.jpg\",\"width\":600,\"height\":600,\"caption\":\"40L Chocolate Grinding Machine\"},{\"@type\":\"BreadcrumbList\",\"@id\":\"https:\/\/www.chocolatesmachine.com\/ar\/chocolate-grinding-machine\/#breadcrumb\",\"itemListElement\":[{\"@type\":\"ListItem\",\"position\":1,\"name\":\"\u9996\u9875\",\"item\":\"https:\/\/www.chocolatesmachine.com\/\"},{\"@type\":\"ListItem\",\"position\":2,\"name\":\"Chocolate Machine\",\"item\":\"https:\/\/www.chocolatesmachine.com\/es\/producto\/\"},{\"@type\":\"ListItem\",\"position\":3,\"name\":\"Industrial Chocolate Grinding Machine 20-25\u03bcm\"}]},{\"@type\":\"WebSite\",\"@id\":\"https:\/\/www.chocolatesmachine.com\/ar\/#website\",\"url\":\"https:\/\/www.chocolatesmachine.com\/ar\/\",\"name\":\"Chocolate Making Machine\",\"description\":\"Solution Provider\",\"publisher\":{\"@id\":\"https:\/\/www.chocolatesmachine.com\/ar\/#organization\"},\"potentialAction\":[{\"@type\":\"SearchAction\",\"target\":{\"@type\":\"EntryPoint\",\"urlTemplate\":\"https:\/\/www.chocolatesmachine.com\/ar\/?s={search_term_string}\"},\"query-input\":{\"@type\":\"PropertyValueSpecification\",\"valueRequired\":true,\"valueName\":\"search_term_string\"}}],\"inLanguage\":\"es\"},{\"@type\":\"Organization\",\"@id\":\"https:\/\/www.chocolatesmachine.com\/ar\/#organization\",\"name\":\"Longer Food Machinery\",\"url\":\"https:\/\/www.chocolatesmachine.com\/ar\/\",\"logo\":{\"@type\":\"ImageObject\",\"inLanguage\":\"es\",\"@id\":\"https:\/\/www.chocolatesmachine.com\/ar\/#\/schema\/logo\/image\/\",\"url\":\"https:\/\/www.chocolatesmachine.com\/wp-content\/uploads\/2024\/03\/300-60.png\",\"contentUrl\":\"https:\/\/www.chocolatesmachine.com\/wp-content\/uploads\/2024\/03\/300-60.png\",\"width\":300,\"height\":60,\"caption\":\"Longer Food Machinery\"},\"image\":{\"@id\":\"https:\/\/www.chocolatesmachine.com\/ar\/#\/schema\/logo\/image\/\"},\"sameAs\":[\"https:\/\/www.facebook.com\/longernutsmachinery\/\",\"https:\/\/x.com\/nutsmachinery\",\"https:\/\/www.pinterest.com\/nutsmachinery\/\",\"https:\/\/www.linkedin.com\/company\/longer-nuts-machinery\/\",\"https:\/\/www.youtube.com\/c\/NutsMachinery\"]}]}<\/script>\n<!-- \/ Yoast SEO plugin. -->","yoast_head_json":{"title":"Industrial Chocolate Grinding Machine 20-25\u03bcm","description":"This chocolate grinding machine is used for conching chocolate paste, including cocoa liquor, cocoa powder, powdered sugar, milk powder, etc.","robots":{"index":"index","follow":"follow","max-snippet":"max-snippet:-1","max-image-preview":"max-image-preview:large","max-video-preview":"max-video-preview:-1"},"canonical":"https:\/\/www.chocolatesmachine.com\/es\/chocolate-grinding-machine\/","og_locale":"es_ES","og_type":"article","og_title":"Industrial Chocolate Grinding Machine 20-25\u03bcm","og_description":"This chocolate grinding machine is used for conching chocolate paste, including cocoa liquor, cocoa powder, powdered sugar, milk powder, etc.","og_url":"https:\/\/www.chocolatesmachine.com\/es\/chocolate-grinding-machine\/","og_site_name":"Chocolate Making Machine","article_publisher":"https:\/\/www.facebook.com\/longernutsmachinery\/","article_modified_time":"2025-02-11T02:15:49+00:00","og_image":[{"width":600,"height":600,"url":"https:\/\/www.chocolatesmachine.com\/wp-content\/uploads\/2022\/08\/grind1.jpg","type":"image\/jpeg"}],"twitter_card":"summary_large_image","twitter_site":"@nutsmachinery","twitter_misc":{"Tiempo de lectura":"3 minutos"},"schema":{"@context":"https:\/\/schema.org","@graph":[{"@type":"WebPage","@id":"https:\/\/www.chocolatesmachine.com\/ar\/chocolate-grinding-machine\/","url":"https:\/\/www.chocolatesmachine.com\/ar\/chocolate-grinding-machine\/","name":"Industrial Chocolate Grinding Machine 20-25\u03bcm","isPartOf":{"@id":"https:\/\/www.chocolatesmachine.com\/ar\/#website"},"primaryImageOfPage":{"@id":"https:\/\/www.chocolatesmachine.com\/ar\/chocolate-grinding-machine\/#primaryimage"},"image":{"@id":"https:\/\/www.chocolatesmachine.com\/ar\/chocolate-grinding-machine\/#primaryimage"},"thumbnailUrl":"https:\/\/www.chocolatesmachine.com\/wp-content\/uploads\/2022\/08\/grind1.jpg","datePublished":"2022-08-18T06:39:27+00:00","dateModified":"2025-02-11T02:15:49+00:00","description":"This chocolate grinding machine is used for conching chocolate paste, including cocoa liquor, cocoa powder, powdered sugar, milk powder, etc.","breadcrumb":{"@id":"https:\/\/www.chocolatesmachine.com\/ar\/chocolate-grinding-machine\/#breadcrumb"},"inLanguage":"es","potentialAction":[{"@type":"ReadAction","target":["https:\/\/www.chocolatesmachine.com\/ar\/chocolate-grinding-machine\/"]}]},{"@type":"ImageObject","inLanguage":"es","@id":"https:\/\/www.chocolatesmachine.com\/ar\/chocolate-grinding-machine\/#primaryimage","url":"https:\/\/www.chocolatesmachine.com\/wp-content\/uploads\/2022\/08\/grind1.jpg","contentUrl":"https:\/\/www.chocolatesmachine.com\/wp-content\/uploads\/2022\/08\/grind1.jpg","width":600,"height":600,"caption":"40L Chocolate Grinding Machine"},{"@type":"BreadcrumbList","@id":"https:\/\/www.chocolatesmachine.com\/ar\/chocolate-grinding-machine\/#breadcrumb","itemListElement":[{"@type":"ListItem","position":1,"name":"\u9996\u9875","item":"https:\/\/www.chocolatesmachine.com\/"},{"@type":"ListItem","position":2,"name":"Chocolate Machine","item":"https:\/\/www.chocolatesmachine.com\/es\/producto\/"},{"@type":"ListItem","position":3,"name":"Industrial Chocolate Grinding Machine 20-25\u03bcm"}]},{"@type":"WebSite","@id":"https:\/\/www.chocolatesmachine.com\/ar\/#website","url":"https:\/\/www.chocolatesmachine.com\/ar\/","name":"Chocolate Making Machine","description":"Solution Provider","publisher":{"@id":"https:\/\/www.chocolatesmachine.com\/ar\/#organization"},"potentialAction":[{"@type":"SearchAction","target":{"@type":"EntryPoint","urlTemplate":"https:\/\/www.chocolatesmachine.com\/ar\/?s={search_term_string}"},"query-input":{"@type":"PropertyValueSpecification","valueRequired":true,"valueName":"search_term_string"}}],"inLanguage":"es"},{"@type":"Organization","@id":"https:\/\/www.chocolatesmachine.com\/ar\/#organization","name":"Longer Food Machinery","url":"https:\/\/www.chocolatesmachine.com\/ar\/","logo":{"@type":"ImageObject","inLanguage":"es","@id":"https:\/\/www.chocolatesmachine.com\/ar\/#\/schema\/logo\/image\/","url":"https:\/\/www.chocolatesmachine.com\/wp-content\/uploads\/2024\/03\/300-60.png","contentUrl":"https:\/\/www.chocolatesmachine.com\/wp-content\/uploads\/2024\/03\/300-60.png","width":300,"height":60,"caption":"Longer Food Machinery"},"image":{"@id":"https:\/\/www.chocolatesmachine.com\/ar\/#\/schema\/logo\/image\/"},"sameAs":["https:\/\/www.facebook.com\/longernutsmachinery\/","https:\/\/x.com\/nutsmachinery","https:\/\/www.pinterest.com\/nutsmachinery\/","https:\/\/www.linkedin.com\/company\/longer-nuts-machinery\/","https:\/\/www.youtube.com\/c\/NutsMachinery"]}]}},"_links":{"self":[{"href":"https:\/\/www.chocolatesmachine.com\/es\/wp-json\/wp\/v2\/product\/1336","targetHints":{"allow":["GET"]}}],"collection":[{"href":"https:\/\/www.chocolatesmachine.com\/es\/wp-json\/wp\/v2\/product"}],"about":[{"href":"https:\/\/www.chocolatesmachine.com\/es\/wp-json\/wp\/v2\/types\/product"}],"replies":[{"embeddable":true,"href":"https:\/\/www.chocolatesmachine.com\/es\/wp-json\/wp\/v2\/comments?post=1336"}],"wp:featuredmedia":[{"embeddable":true,"href":"https:\/\/www.chocolatesmachine.com\/es\/wp-json\/wp\/v2\/media\/1337"}],"wp:attachment":[{"href":"https:\/\/www.chocolatesmachine.com\/es\/wp-json\/wp\/v2\/media?parent=1336"}],"wp:term":[{"taxonomy":"product_cat","embeddable":true,"href":"https:\/\/www.chocolatesmachine.com\/es\/wp-json\/wp\/v2\/product_cat?post=1336"},{"taxonomy":"product_tag","embeddable":true,"href":"https:\/\/www.chocolatesmachine.com\/es\/wp-json\/wp\/v2\/product_tag?post=1336"}],"curies":[{"name":"wp","href":"https:\/\/api.w.org\/{rel}","templated":true}]}}