{"id":1290,"date":"2022-04-18T20:14:00","date_gmt":"2022-04-18T12:14:00","guid":{"rendered":"https:\/\/www.chocolatesmachine.com\/?post_type=product&#038;p=1290"},"modified":"2026-02-06T11:19:50","modified_gmt":"2026-02-06T03:19:50","slug":"chocolate-bar-packaging-machine","status":"publish","type":"product","link":"https:\/\/www.chocolatesmachine.com\/es\/chocolate-bar-packaging-machine\/","title":{"rendered":"Envasadora de tabletas de chocolate Envolvedora tipo almohada"},"content":{"rendered":"<p>En <strong>envasadora de tabletas de chocolate<\/strong> adopta la forma de envasado en almohadilla, que puede completar autom\u00e1ticamente todo el proceso de alimentaci\u00f3n - confecci\u00f3n de la bolsa - sellado - impresi\u00f3n del n\u00famero de lote - salida del producto acabado - recuento.<\/p>\n<p>En <strong>envolvedora de tabletas de chocolate<\/strong> adopta el control de motor original de servo \u00fanico o servo doble, que es m\u00e1s inteligente, tiene una mayor precisi\u00f3n de empaquetado, un rango ajustable m\u00e1s amplio, un control m\u00e1s preciso y una mejor estabilidad.<\/p>\n<h3><strong>Rendimiento principal de la m\u00e1quina empacadora de barras de chocolate:<\/strong><\/h3>\n<ul>\n<li>Control de doble convertidor de frecuencia. La longitud de la bolsa se puede ajustar y cortar inmediatamente, sin necesidad de ajustar el ralent\u00ed, un solo paso, ahorrando tiempo y pel\u00edcula.<\/li>\n<li>Interfaz hombre-m\u00e1quina, la parametrizaci\u00f3n es c\u00f3moda y r\u00e1pida.<\/li>\n<li>Seguimiento fotoel\u00e9ctrico de alta sensibilidad de la marca de color del ojo. Y entrada digital de posici\u00f3n de sellado y corte, para que la posici\u00f3n de sellado y corte sea m\u00e1s precisa.<\/li>\n<li>Control independiente de la visualizaci\u00f3n de la temperatura de cada zona de sellado, adecuado para una variedad de materiales de envasado diferentes.<\/li>\n<li>Funci\u00f3n de tope de posicionamiento, no se pega a la cuchilla, no se desperdicia pel\u00edcula.<\/li>\n<li>El sistema de transmisi\u00f3n de la m\u00e1quina envolvedora de tabletas de chocolate es sencillo, el trabajo es m\u00e1s fiable y el mantenimiento es m\u00e1s c\u00f3modo.<\/li>\n<li>Funci\u00f3n de autodiagn\u00f3stico de fallos, visualizaci\u00f3n clara de los fallos de un vistazo.<\/li>\n<li>Todos los controles se realizan mediante software, lo que resulta c\u00f3modo para el ajuste de funciones y la actualizaci\u00f3n t\u00e9cnica.<\/li>\n<li>Todas las piezas en contacto con los materiales est\u00e1n fabricadas con paneles de acero inoxidable, que cumplen las normas de procesamiento de alimentos.<\/li>\n<li>La confeccionadora de bolsas es ajustable, con ajustes de paso largo y corto, adecuados para envases de distintos tama\u00f1os.<\/li>\n<\/ul>\n<figure id=\"attachment_1292\" aria-describedby=\"caption-attachment-1292\" style=\"width: 600px\" class=\"wp-caption alignnone\"><img loading=\"lazy\" decoding=\"async\" class=\"size-full wp-image-1292\" src=\"https:\/\/www.chocolatesmachine.com\/wp-content\/uploads\/2022\/04\/2.jpg\" alt=\"Precio de la envolvedora de tabletas de chocolate\" width=\"600\" height=\"600\" srcset=\"https:\/\/www.chocolatesmachine.com\/wp-content\/uploads\/2022\/04\/2.jpg 600w, https:\/\/www.chocolatesmachine.com\/wp-content\/uploads\/2022\/04\/2-300x300.jpg 300w, https:\/\/www.chocolatesmachine.com\/wp-content\/uploads\/2022\/04\/2-150x150.jpg 150w, https:\/\/www.chocolatesmachine.com\/wp-content\/uploads\/2022\/04\/2-100x100.jpg 100w\" sizes=\"auto, (max-width: 600px) 100vw, 600px\" \/><figcaption id=\"caption-attachment-1292\" class=\"wp-caption-text\">Precio de la envolvedora de tabletas de chocolate<\/figcaption><\/figure>\n<h3><strong>\u00c1mbito de aplicaci\u00f3n de la m\u00e1quina envolvedora de tabletas de chocolate:<\/strong><\/h3>\n<p>Es adecuado para envasar objetos blandos, largos y sueltos. Como toallas, papel de cocina, fideos, rollitos de huevo, salchichas, calamares, polos, caramelos, galletas, chocolate, etc.<\/p>\n<h3><strong>Mantenimiento de la m\u00e1quina envasadora de tabletas de chocolate:<\/strong><\/h3>\n<ul>\n<li>Despu\u00e9s de que la m\u00e1quina nueva funcione durante un mes, el operador debe ajustar la cadena de transmisi\u00f3n y la correa de transmisi\u00f3n cada dos meses despu\u00e9s del funcionamiento;<\/li>\n<li>Los engranajes principal y conducido del cierre horizontal deben engrasarse cada dos meses aproximadamente;<\/li>\n<li>Limpie el interior de la placa de cubierta de sellado vertical dos veces por semana y a\u00f1ada aceite lubricante al asiento deslizante de sellado vertical al mismo tiempo;<\/li>\n<li>El operador debe comprobar peri\u00f3dicamente si las piezas de fijaci\u00f3n est\u00e1n sueltas. Compruebe y lubrique piezas como engranajes, cremalleras, pi\u00f1ones, cadenas y varillas roscadas;<\/li>\n<li>Limpie y enjugue siempre la cubierta de la envasadora, la superficie de trabajo y otras superficies exteriores para mantener la m\u00e1quina limpia.<\/li>\n<\/ul>\n<p><iframe loading=\"lazy\" title=\"Reproductor de v\u00eddeo YouTube\" src=\"https:\/\/www.youtube.com\/embed\/Ngi_sqffY7M\" width=\"560\" height=\"315\" frameborder=\"0\" allowfullscreen=\"allowfullscreen\"><\/iframe><\/p>\n<div role=\"form\" class=\"wpcf7\" id=\"wpcf7-f575-o1\" lang=\"zh-CN\" dir=\"ltr\">\n<div class=\"screen-reader-response\"><p role=\"status\" aria-live=\"polite\" aria-atomic=\"true\"><\/p> <ul><\/ul><\/div>\n<form action=\"\/es\/wp-json\/wp\/v2\/product\/1290#wpcf7-f575-o1\" method=\"post\" class=\"wpcf7-form init\" novalidate=\"novalidate\" data-status=\"init\" data-trp-original-action=\"\/es\/wp-json\/wp\/v2\/product\/1290#wpcf7-f575-o1\">\n<div style=\"display: none;\">\n<input type=\"hidden\" name=\"_wpcf7\" value=\"575\" \/>\n<input type=\"hidden\" name=\"_wpcf7_version\" value=\"5.5.2\" \/>\n<input type=\"hidden\" name=\"_wpcf7_locale\" value=\"zh_CN\" \/>\n<input type=\"hidden\" name=\"_wpcf7_unit_tag\" value=\"wpcf7-f575-o1\" \/>\n<input type=\"hidden\" name=\"_wpcf7_container_post\" value=\"0\" \/>\n<input type=\"hidden\" name=\"_wpcf7_posted_data_hash\" value=\"\" \/>\n<\/div>\n<div style='display:block;text-align:center;font-size:20px;font-weight:bold;margin-bottom:20px'>Enviar solicitud <span style='display:block;width:30px;height:2px;background:#99502c;margin:10px auto;'><\/span><\/div>\n<p><label> Nombre<br \/>\n    <span class=\"wpcf7-form-control-wrap your-name\"><input type=\"text\" name=\"your-name\" value=\"\" size=\"40\" class=\"wpcf7-form-control wpcf7-text wpcf7-validates-as-required\" aria-required=\"true\" aria-invalid=\"false\" \/><\/span> <\/label><\/p>\n<p><label> Correo electr\u00f3nico<br \/>\n    <span class=\"wpcf7-form-control-wrap your-email\"><input type=\"email\" name=\"your-email\" value=\"\" size=\"40\" class=\"wpcf7-form-control wpcf7-text wpcf7-email wpcf7-validates-as-required wpcf7-validates-as-email\" aria-required=\"true\" aria-invalid=\"false\" \/><\/span> <\/label><\/p>\n<p><label> Pa\u00eds<br \/>\n    <span class=\"wpcf7-form-control-wrap your-country\"><input type=\"text\" name=\"your-country\" value=\"\" size=\"40\" class=\"wpcf7-form-control wpcf7-text\" aria-invalid=\"false\" \/><\/span> <\/label><\/p>\n<p><label> Tel\u00e9fono<br \/>\n    <span class=\"wpcf7-form-control-wrap tel-901\"><input type=\"tel\" name=\"tel-901\" value=\"\" size=\"40\" class=\"wpcf7-form-control wpcf7-text wpcf7-tel wpcf7-validates-as-tel\" aria-invalid=\"false\" \/><\/span> <\/label><\/p>\n<p><label> Nombre de la empresa<br \/>\n    <span class=\"wpcf7-form-control-wrap company-name\"><input type=\"text\" name=\"company-name\" value=\"\" size=\"40\" class=\"wpcf7-form-control wpcf7-text\" aria-invalid=\"false\" \/><\/span> <\/label><\/p>\n<p><label> Sitio web de la empresa<br \/>\n    <span class=\"wpcf7-form-control-wrap company-website\"><input type=\"text\" name=\"company-website\" value=\"\" size=\"40\" class=\"wpcf7-form-control wpcf7-text\" aria-invalid=\"false\" \/><\/span> <\/label><\/p>\n<p><label> Mensaje<br \/>\n    <span class=\"wpcf7-form-control-wrap your-message\"><textarea name=\"your-message\" cols=\"40\" rows=\"10\" class=\"wpcf7-form-control wpcf7-textarea wpcf7-validates-as-required\" aria-required=\"true\" aria-invalid=\"false\"><\/textarea><\/span> <\/label><\/p>\n<p><input type=\"submit\" value=\"Enviar\" class=\"wpcf7-form-control has-spinner wpcf7-submit\" \/><\/p>\n<p style=\"display: none !important;\"><label>&#916;<textarea name=\"_wpcf7_ak_hp_textarea\" cols=\"45\" rows=\"8\" maxlength=\"100\"><\/textarea><\/label><input type=\"hidden\" id=\"ak_js\" name=\"_wpcf7_ak_js\" value=\"72\"\/><script>document.getElementById( \"ak_js\" ).setAttribute( \"value\", ( new Date() ).getTime() );<\/script><\/p><div class=\"wpcf7-response-output\" aria-hidden=\"true\"><\/div><input type=\"hidden\" name=\"trp-form-language\" value=\"es\"\/><\/form><\/div>","protected":false},"excerpt":{"rendered":"<p>La envasadora de tabletas de chocolate adopta la forma de envasado de almohadilla, que puede completar autom\u00e1ticamente todo el proceso de alimentaci\u00f3n - fabricaci\u00f3n de la bolsa - sellado - impresi\u00f3n del n\u00famero de lote - salida del producto acabado - recuento. La m\u00e1quina envasadora de tabletas de chocolate adopta el control de motor original de servo \u00fanico o servo doble, que es m\u00e1s inteligente, tiene mayor embalaje [...].<\/p>","protected":false},"featured_media":1291,"comment_status":"open","ping_status":"closed","template":"","meta":[],"product_cat":[26,27],"product_tag":[],"class_list":["post-1290","product","type-product","status-publish","has-post-thumbnail","hentry","product_cat-single-machine","product_cat-product"],"yoast_head":"<!-- This site is optimized with the Yoast SEO plugin v25.6 - https:\/\/yoast.com\/wordpress\/plugins\/seo\/ -->\n<title>Chocolate Bar Packaging Machine Pillow Type Wrapping<\/title>\n<meta name=\"description\" content=\"The chocolate bar packaging machine adopts pillow wrapping form, which has high packaging precision, precise control and good stability.\" \/>\n<meta name=\"robots\" content=\"index, follow, max-snippet:-1, max-image-preview:large, max-video-preview:-1\" \/>\n<link rel=\"canonical\" href=\"https:\/\/www.chocolatesmachine.com\/es\/chocolate-bar-packaging-machine\/\" \/>\n<meta property=\"og:locale\" content=\"es_ES\" \/>\n<meta property=\"og:type\" content=\"article\" \/>\n<meta property=\"og:title\" content=\"Chocolate Bar Packaging Machine Pillow Type Wrapping\" \/>\n<meta property=\"og:description\" content=\"The chocolate bar packaging machine adopts pillow wrapping form, which has high packaging precision, precise control and good stability.\" \/>\n<meta property=\"og:url\" content=\"https:\/\/www.chocolatesmachine.com\/es\/chocolate-bar-packaging-machine\/\" \/>\n<meta property=\"og:site_name\" content=\"Chocolate Making Machine\" \/>\n<meta property=\"article:publisher\" content=\"https:\/\/www.facebook.com\/longernutsmachinery\/\" \/>\n<meta property=\"article:modified_time\" content=\"2026-02-06T03:19:50+00:00\" \/>\n<meta property=\"og:image\" content=\"https:\/\/www.chocolatesmachine.com\/wp-content\/uploads\/2022\/04\/bar-pack1.jpg\" \/>\n\t<meta property=\"og:image:width\" content=\"600\" \/>\n\t<meta property=\"og:image:height\" content=\"600\" \/>\n\t<meta property=\"og:image:type\" content=\"image\/jpeg\" \/>\n<meta name=\"twitter:card\" content=\"summary_large_image\" \/>\n<meta name=\"twitter:site\" content=\"@nutsmachinery\" \/>\n<meta name=\"twitter:label1\" content=\"Tiempo de lectura\" \/>\n\t<meta name=\"twitter:data1\" content=\"2 minutos\" \/>\n<script type=\"application\/ld+json\" class=\"yoast-schema-graph\">{\"@context\":\"https:\/\/schema.org\",\"@graph\":[{\"@type\":\"WebPage\",\"@id\":\"https:\/\/www.chocolatesmachine.com\/ar\/chocolate-bar-packaging-machine\/\",\"url\":\"https:\/\/www.chocolatesmachine.com\/ar\/chocolate-bar-packaging-machine\/\",\"name\":\"Chocolate Bar Packaging Machine Pillow Type Wrapping\",\"isPartOf\":{\"@id\":\"https:\/\/www.chocolatesmachine.com\/ar\/#website\"},\"primaryImageOfPage\":{\"@id\":\"https:\/\/www.chocolatesmachine.com\/ar\/chocolate-bar-packaging-machine\/#primaryimage\"},\"image\":{\"@id\":\"https:\/\/www.chocolatesmachine.com\/ar\/chocolate-bar-packaging-machine\/#primaryimage\"},\"thumbnailUrl\":\"https:\/\/www.chocolatesmachine.com\/wp-content\/uploads\/2022\/04\/bar-pack1.jpg\",\"datePublished\":\"2022-04-18T12:14:00+00:00\",\"dateModified\":\"2026-02-06T03:19:50+00:00\",\"description\":\"The chocolate bar packaging machine adopts pillow wrapping form, which has high packaging precision, precise control and good stability.\",\"breadcrumb\":{\"@id\":\"https:\/\/www.chocolatesmachine.com\/ar\/chocolate-bar-packaging-machine\/#breadcrumb\"},\"inLanguage\":\"es\",\"potentialAction\":[{\"@type\":\"ReadAction\",\"target\":[\"https:\/\/www.chocolatesmachine.com\/ar\/chocolate-bar-packaging-machine\/\"]}]},{\"@type\":\"ImageObject\",\"inLanguage\":\"es\",\"@id\":\"https:\/\/www.chocolatesmachine.com\/ar\/chocolate-bar-packaging-machine\/#primaryimage\",\"url\":\"https:\/\/www.chocolatesmachine.com\/wp-content\/uploads\/2022\/04\/bar-pack1.jpg\",\"contentUrl\":\"https:\/\/www.chocolatesmachine.com\/wp-content\/uploads\/2022\/04\/bar-pack1.jpg\",\"width\":600,\"height\":600,\"caption\":\"Chocolate Bar Packaging Machine Pillow Type\"},{\"@type\":\"BreadcrumbList\",\"@id\":\"https:\/\/www.chocolatesmachine.com\/ar\/chocolate-bar-packaging-machine\/#breadcrumb\",\"itemListElement\":[{\"@type\":\"ListItem\",\"position\":1,\"name\":\"\u9996\u9875\",\"item\":\"https:\/\/www.chocolatesmachine.com\/\"},{\"@type\":\"ListItem\",\"position\":2,\"name\":\"Chocolate Machine\",\"item\":\"https:\/\/www.chocolatesmachine.com\/es\/producto\/\"},{\"@type\":\"ListItem\",\"position\":3,\"name\":\"Chocolate Bar Packaging Machine Pillow Type Wrapping\"}]},{\"@type\":\"WebSite\",\"@id\":\"https:\/\/www.chocolatesmachine.com\/ar\/#website\",\"url\":\"https:\/\/www.chocolatesmachine.com\/ar\/\",\"name\":\"Chocolate Making Machine\",\"description\":\"Solution Provider\",\"publisher\":{\"@id\":\"https:\/\/www.chocolatesmachine.com\/ar\/#organization\"},\"potentialAction\":[{\"@type\":\"SearchAction\",\"target\":{\"@type\":\"EntryPoint\",\"urlTemplate\":\"https:\/\/www.chocolatesmachine.com\/ar\/?s={search_term_string}\"},\"query-input\":{\"@type\":\"PropertyValueSpecification\",\"valueRequired\":true,\"valueName\":\"search_term_string\"}}],\"inLanguage\":\"es\"},{\"@type\":\"Organization\",\"@id\":\"https:\/\/www.chocolatesmachine.com\/ar\/#organization\",\"name\":\"Longer Food Machinery\",\"url\":\"https:\/\/www.chocolatesmachine.com\/ar\/\",\"logo\":{\"@type\":\"ImageObject\",\"inLanguage\":\"es\",\"@id\":\"https:\/\/www.chocolatesmachine.com\/ar\/#\/schema\/logo\/image\/\",\"url\":\"https:\/\/www.chocolatesmachine.com\/wp-content\/uploads\/2024\/03\/300-60.png\",\"contentUrl\":\"https:\/\/www.chocolatesmachine.com\/wp-content\/uploads\/2024\/03\/300-60.png\",\"width\":300,\"height\":60,\"caption\":\"Longer Food Machinery\"},\"image\":{\"@id\":\"https:\/\/www.chocolatesmachine.com\/ar\/#\/schema\/logo\/image\/\"},\"sameAs\":[\"https:\/\/www.facebook.com\/longernutsmachinery\/\",\"https:\/\/x.com\/nutsmachinery\",\"https:\/\/www.pinterest.com\/nutsmachinery\/\",\"https:\/\/www.linkedin.com\/company\/longer-nuts-machinery\/\",\"https:\/\/www.youtube.com\/c\/NutsMachinery\"]}]}<\/script>\n<!-- \/ Yoast SEO plugin. -->","yoast_head_json":{"title":"Chocolate Bar Packaging Machine Pillow Type Wrapping","description":"The chocolate bar packaging machine adopts pillow wrapping form, which has high packaging precision, precise control and good stability.","robots":{"index":"index","follow":"follow","max-snippet":"max-snippet:-1","max-image-preview":"max-image-preview:large","max-video-preview":"max-video-preview:-1"},"canonical":"https:\/\/www.chocolatesmachine.com\/es\/chocolate-bar-packaging-machine\/","og_locale":"es_ES","og_type":"article","og_title":"Chocolate Bar Packaging Machine Pillow Type Wrapping","og_description":"The chocolate bar packaging machine adopts pillow wrapping form, which has high packaging precision, precise control and good stability.","og_url":"https:\/\/www.chocolatesmachine.com\/es\/chocolate-bar-packaging-machine\/","og_site_name":"Chocolate Making Machine","article_publisher":"https:\/\/www.facebook.com\/longernutsmachinery\/","article_modified_time":"2026-02-06T03:19:50+00:00","og_image":[{"width":600,"height":600,"url":"https:\/\/www.chocolatesmachine.com\/wp-content\/uploads\/2022\/04\/bar-pack1.jpg","type":"image\/jpeg"}],"twitter_card":"summary_large_image","twitter_site":"@nutsmachinery","twitter_misc":{"Tiempo de lectura":"2 minutos"},"schema":{"@context":"https:\/\/schema.org","@graph":[{"@type":"WebPage","@id":"https:\/\/www.chocolatesmachine.com\/ar\/chocolate-bar-packaging-machine\/","url":"https:\/\/www.chocolatesmachine.com\/ar\/chocolate-bar-packaging-machine\/","name":"Chocolate Bar Packaging Machine Pillow Type Wrapping","isPartOf":{"@id":"https:\/\/www.chocolatesmachine.com\/ar\/#website"},"primaryImageOfPage":{"@id":"https:\/\/www.chocolatesmachine.com\/ar\/chocolate-bar-packaging-machine\/#primaryimage"},"image":{"@id":"https:\/\/www.chocolatesmachine.com\/ar\/chocolate-bar-packaging-machine\/#primaryimage"},"thumbnailUrl":"https:\/\/www.chocolatesmachine.com\/wp-content\/uploads\/2022\/04\/bar-pack1.jpg","datePublished":"2022-04-18T12:14:00+00:00","dateModified":"2026-02-06T03:19:50+00:00","description":"The chocolate bar packaging machine adopts pillow wrapping form, which has high packaging precision, precise control and good stability.","breadcrumb":{"@id":"https:\/\/www.chocolatesmachine.com\/ar\/chocolate-bar-packaging-machine\/#breadcrumb"},"inLanguage":"es","potentialAction":[{"@type":"ReadAction","target":["https:\/\/www.chocolatesmachine.com\/ar\/chocolate-bar-packaging-machine\/"]}]},{"@type":"ImageObject","inLanguage":"es","@id":"https:\/\/www.chocolatesmachine.com\/ar\/chocolate-bar-packaging-machine\/#primaryimage","url":"https:\/\/www.chocolatesmachine.com\/wp-content\/uploads\/2022\/04\/bar-pack1.jpg","contentUrl":"https:\/\/www.chocolatesmachine.com\/wp-content\/uploads\/2022\/04\/bar-pack1.jpg","width":600,"height":600,"caption":"Chocolate Bar Packaging Machine Pillow Type"},{"@type":"BreadcrumbList","@id":"https:\/\/www.chocolatesmachine.com\/ar\/chocolate-bar-packaging-machine\/#breadcrumb","itemListElement":[{"@type":"ListItem","position":1,"name":"\u9996\u9875","item":"https:\/\/www.chocolatesmachine.com\/"},{"@type":"ListItem","position":2,"name":"Chocolate Machine","item":"https:\/\/www.chocolatesmachine.com\/es\/producto\/"},{"@type":"ListItem","position":3,"name":"Chocolate Bar Packaging Machine Pillow Type Wrapping"}]},{"@type":"WebSite","@id":"https:\/\/www.chocolatesmachine.com\/ar\/#website","url":"https:\/\/www.chocolatesmachine.com\/ar\/","name":"Chocolate Making Machine","description":"Solution Provider","publisher":{"@id":"https:\/\/www.chocolatesmachine.com\/ar\/#organization"},"potentialAction":[{"@type":"SearchAction","target":{"@type":"EntryPoint","urlTemplate":"https:\/\/www.chocolatesmachine.com\/ar\/?s={search_term_string}"},"query-input":{"@type":"PropertyValueSpecification","valueRequired":true,"valueName":"search_term_string"}}],"inLanguage":"es"},{"@type":"Organization","@id":"https:\/\/www.chocolatesmachine.com\/ar\/#organization","name":"Longer Food Machinery","url":"https:\/\/www.chocolatesmachine.com\/ar\/","logo":{"@type":"ImageObject","inLanguage":"es","@id":"https:\/\/www.chocolatesmachine.com\/ar\/#\/schema\/logo\/image\/","url":"https:\/\/www.chocolatesmachine.com\/wp-content\/uploads\/2024\/03\/300-60.png","contentUrl":"https:\/\/www.chocolatesmachine.com\/wp-content\/uploads\/2024\/03\/300-60.png","width":300,"height":60,"caption":"Longer Food Machinery"},"image":{"@id":"https:\/\/www.chocolatesmachine.com\/ar\/#\/schema\/logo\/image\/"},"sameAs":["https:\/\/www.facebook.com\/longernutsmachinery\/","https:\/\/x.com\/nutsmachinery","https:\/\/www.pinterest.com\/nutsmachinery\/","https:\/\/www.linkedin.com\/company\/longer-nuts-machinery\/","https:\/\/www.youtube.com\/c\/NutsMachinery"]}]}},"_links":{"self":[{"href":"https:\/\/www.chocolatesmachine.com\/es\/wp-json\/wp\/v2\/product\/1290","targetHints":{"allow":["GET"]}}],"collection":[{"href":"https:\/\/www.chocolatesmachine.com\/es\/wp-json\/wp\/v2\/product"}],"about":[{"href":"https:\/\/www.chocolatesmachine.com\/es\/wp-json\/wp\/v2\/types\/product"}],"replies":[{"embeddable":true,"href":"https:\/\/www.chocolatesmachine.com\/es\/wp-json\/wp\/v2\/comments?post=1290"}],"wp:featuredmedia":[{"embeddable":true,"href":"https:\/\/www.chocolatesmachine.com\/es\/wp-json\/wp\/v2\/media\/1291"}],"wp:attachment":[{"href":"https:\/\/www.chocolatesmachine.com\/es\/wp-json\/wp\/v2\/media?parent=1290"}],"wp:term":[{"taxonomy":"product_cat","embeddable":true,"href":"https:\/\/www.chocolatesmachine.com\/es\/wp-json\/wp\/v2\/product_cat?post=1290"},{"taxonomy":"product_tag","embeddable":true,"href":"https:\/\/www.chocolatesmachine.com\/es\/wp-json\/wp\/v2\/product_tag?post=1290"}],"curies":[{"name":"wp","href":"https:\/\/api.w.org\/{rel}","templated":true}]}}