{"id":1200,"date":"2021-07-02T22:47:39","date_gmt":"2021-07-02T14:47:39","guid":{"rendered":"https:\/\/www.chocolatesmachine.com\/?post_type=product&#038;p=1200"},"modified":"2026-03-04T00:23:07","modified_gmt":"2026-03-03T16:23:07","slug":"chocolate-moulding-machine-line","status":"publish","type":"product","link":"https:\/\/www.chocolatesmachine.com\/es\/chocolate-moulding-machine-line\/","title":{"rendered":"L\u00ednea autom\u00e1tica de moldeo de chocolate de doble cabezal"},"content":{"rendered":"<p>Este <strong>moldeadora de chocolate<\/strong> es una l\u00ednea de deposici\u00f3n totalmente autom\u00e1tica y moderna. Puede completar el proceso de producci\u00f3n de chocolate: secado del molde, vertido, molde de vibraci\u00f3n, enfriamiento, desmoldeo y transporte. Esta l\u00ednea de moldeo de chocolate puede ser ampliamente utilizada para producir chocolate de un solo color, de doble color izquierda-derecha, de doble color arriba-abajo y relleno de pasta.<\/p>\n<figure id=\"attachment_1202\" aria-describedby=\"caption-attachment-1202\" style=\"width: 600px\" class=\"wp-caption alignnone\"><img loading=\"lazy\" decoding=\"async\" class=\"size-full wp-image-1202\" src=\"https:\/\/www.chocolatesmachine.com\/wp-content\/uploads\/2021\/07\/moulding-2.jpg\" alt=\"L\u00ednea de moldeo de chocolate totalmente autom\u00e1tica\" width=\"600\" height=\"600\" srcset=\"https:\/\/www.chocolatesmachine.com\/wp-content\/uploads\/2021\/07\/moulding-2.jpg 600w, https:\/\/www.chocolatesmachine.com\/wp-content\/uploads\/2021\/07\/moulding-2-300x300.jpg 300w, https:\/\/www.chocolatesmachine.com\/wp-content\/uploads\/2021\/07\/moulding-2-150x150.jpg 150w, https:\/\/www.chocolatesmachine.com\/wp-content\/uploads\/2021\/07\/moulding-2-100x100.jpg 100w\" sizes=\"auto, (max-width: 600px) 100vw, 600px\" \/><figcaption id=\"caption-attachment-1202\" class=\"wp-caption-text\">L\u00ednea de moldeo de chocolate totalmente autom\u00e1tica<\/figcaption><\/figure>\n<h3>Caracter\u00edsticas y ventajas de la l\u00ednea de moldeo de chocolate<\/h3>\n<ul>\n<li>Control PLC totalmente autom\u00e1tico, funcionamiento sencillo y c\u00f3modo.<\/li>\n<li>Supervisi\u00f3n y depuraci\u00f3n remotas. A trav\u00e9s de la conexi\u00f3n de red, se pueden llevar a cabo la resoluci\u00f3n de problemas y el diagn\u00f3stico remotos en Internet.<\/li>\n<li>El programa remoto puede modificarse seg\u00fan las necesidades de los usuarios, lo que resulta sencillo y r\u00e1pido.<\/li>\n<li>La m\u00e1quina de vertido de moldeo utiliza la carrera del motor de conversi\u00f3n de frecuencia (servo) para controlar el volumen de vertido. El control cuantitativo de vertido es preciso, el error no supera 2G, y no hay plantilla sin vertido.<\/li>\n<li>Est\u00e1 fabricado en acero inoxidable SUS304 y cumple las normas de seguridad para la producci\u00f3n de alimentos.<\/li>\n<li>Moldes personalizados. Puede producir bombones de distintos tama\u00f1os y bombones con distintos dise\u00f1os.<\/li>\n<li>Produce diferentes tipos de productos de chocolate. Solo tiene que sustituir el cabezal vertedor o la placa de distribuci\u00f3n de salsa de chocolate.<\/li>\n<\/ul>\n<h3>Molde de chocolate<\/h3>\n<p>El material de la placa del molde es policarbonato, que tiene buena plasticidad, buena resistencia y rugosidad, y su capacidad calor\u00edfica espec\u00edfica y conductividad t\u00e9rmica son similares a las del chocolate, y tiene mejor rendimiento de desmoldeo.<\/p>\n<p>Tama\u00f1o de la plantilla: 330*200*30 mm, 280 plantillas<\/p>\n<figure id=\"attachment_1205\" aria-describedby=\"caption-attachment-1205\" style=\"width: 600px\" class=\"wp-caption alignnone\"><img loading=\"lazy\" decoding=\"async\" class=\"wp-image-1205 size-full\" src=\"https:\/\/www.chocolatesmachine.com\/wp-content\/uploads\/2021\/07\/moulding-3.jpg\" alt=\"M\u00e1quina de moldeo de chocolate de doble cabezal \" width=\"600\" height=\"600\" srcset=\"https:\/\/www.chocolatesmachine.com\/wp-content\/uploads\/2021\/07\/moulding-3.jpg 600w, https:\/\/www.chocolatesmachine.com\/wp-content\/uploads\/2021\/07\/moulding-3-300x300.jpg 300w, https:\/\/www.chocolatesmachine.com\/wp-content\/uploads\/2021\/07\/moulding-3-150x150.jpg 150w, https:\/\/www.chocolatesmachine.com\/wp-content\/uploads\/2021\/07\/moulding-3-100x100.jpg 100w\" sizes=\"auto, (max-width: 600px) 100vw, 600px\" \/><figcaption id=\"caption-attachment-1205\" class=\"wp-caption-text\">M\u00e1quina de moldeo de chocolate de doble cabezal<\/figcaption><\/figure>\n<h3>Aplicaci\u00f3n de la m\u00e1quina autom\u00e1tica de moldeo de chocolate<\/h3>\n<p>Puede elegir una m\u00e1quina depositadora de chocolate de un cabezal, de dos cabezales o de tres cabezales para producir diferentes chocolates, como chocolate de color s\u00f3lido, chocolates dobles a izquierda y derecha, chocolates dobles de color superior e inferior, nueces de chocolate, chocolates rellenos de coraz\u00f3n, etc.<\/p>\n<p>Tambi\u00e9n puede optar por a\u00f1adir un crisol, una refinadora, una atemperadora, etc. para formar un equipo completo. <a href=\"https:\/\/www.chocolatesmachine.com\/es\/chocolate-production-line\/\">l\u00ednea de producci\u00f3n de chocolate<\/a>. Tambi\u00e9n puede a\u00f1adir un esparcidor, un decorador, un alimentador de galletas, etc. para aumentar la producci\u00f3n de chocolate.<\/p>\n<h3>Par\u00e1metros de la m\u00e1quina de moldeo de chocolate<\/h3>\n<table>\n<tbody>\n<tr>\n<td width=\"89\">Modelo<\/td>\n<td width=\"83\">LG-CJZ150<\/td>\n<td width=\"95\">LG-CJZ175<\/td>\n<td width=\"95\">LG-CJZ175 (Dos disparos)<\/td>\n<td width=\"95\">LG-CJZ510<\/td>\n<td width=\"95\">LG-CJZ510 (Dos disparos)<\/td>\n<\/tr>\n<tr>\n<td width=\"89\">Capacidad (moldes\/min)<\/td>\n<td width=\"83\">6-15<\/td>\n<td width=\"95\">6-15<\/td>\n<td width=\"95\">6-15<\/td>\n<td width=\"95\">6-15<\/td>\n<td width=\"95\">6-15<\/td>\n<\/tr>\n<tr>\n<td width=\"89\">Potencia (KW)<\/td>\n<td width=\"83\">6<\/td>\n<td width=\"95\">19<\/td>\n<td width=\"95\">23<\/td>\n<td width=\"95\">21<\/td>\n<td width=\"95\">25<\/td>\n<\/tr>\n<tr>\n<td width=\"89\">Cantidad de moldes (piezas)<\/td>\n<td width=\"83\">200<\/td>\n<td width=\"95\">280<\/td>\n<td width=\"95\">330<\/td>\n<td width=\"95\">280<\/td>\n<td width=\"95\">330<\/td>\n<\/tr>\n<tr>\n<td width=\"89\">Tama\u00f1o del molde (mm)<\/td>\n<td width=\"83\">275*175*30<\/td>\n<td width=\"95\">330*200*30<\/td>\n<td width=\"95\">330*200*30<\/td>\n<td width=\"95\">510*200*30<\/td>\n<td width=\"95\">510*200*30<\/td>\n<\/tr>\n<tr>\n<td width=\"89\">Peso (KG)<\/td>\n<td width=\"83\">500<\/td>\n<td width=\"95\">3500<\/td>\n<td width=\"95\">4500<\/td>\n<td width=\"95\">4000<\/td>\n<td width=\"95\">5000<\/td>\n<\/tr>\n<tr>\n<td width=\"89\">Tama\u00f1o de la m\u00e1quina (mm)<\/td>\n<td width=\"83\">4000*520*1500<\/td>\n<td width=\"95\">16000*1000*1600<\/td>\n<td width=\"95\">16000*1000*1800<\/td>\n<td width=\"95\">16000*2000*1600<\/td>\n<td width=\"95\">16000*2000*1800<\/td>\n<\/tr>\n<\/tbody>\n<\/table>\n<h3>Proceso de moldeado del chocolate:<\/h3>\n<ol>\n<li>El material de chocolate a temperatura regulada se env\u00eda a la tolva de la m\u00e1quina de moldeo, y el dispositivo de calentamiento de la camisa mantiene la temperatura del material. A continuaci\u00f3n, se inyecta el material de forma precisa y cuantitativa en la placa inferior del molde;<\/li>\n<li>La placa perforada entra en la zona de vibraci\u00f3n. Eliminar las burbujas de aire en el material en el vibrador, y hacer que el material distribuido uniformemente en la placa de molde;<\/li>\n<li>La placa del molde entra en el t\u00fanel de refrigeraci\u00f3n con funcionamiento multinivel. Una unidad de refrigeraci\u00f3n y un soplador est\u00e1n instalados encima del t\u00fanel, y el aire fr\u00edo circula por el t\u00fanel para reducir la temperatura del material. La temperatura del aire fr\u00edo puede ajustarse para mantener diferentes temperaturas de refrigeraci\u00f3n en cada secci\u00f3n;<\/li>\n<li>Despu\u00e9s de que el chocolate se solidifique y se encoja, la placa del molde entra en la zona de desmoldeo. Antes del desmoldeo, se somete a otra vibraci\u00f3n, se da la vuelta a la placa del molde y se separan el chocolate y el molde. A continuaci\u00f3n, la cinta transportadora lleva el chocolate al sistema de envasado.<\/li>\n<\/ol>\n<p><iframe loading=\"lazy\" title=\"Reproductor de v\u00eddeo YouTube\" src=\"https:\/\/www.youtube.com\/embed\/ibOr6ZVQpDA\" width=\"700\" height=\"394\" frameborder=\"0\" allowfullscreen=\"allowfullscreen\"><span data-mce-type=\"bookmark\" style=\"display: inline-block; width: 0px; overflow: hidden; line-height: 0;\" class=\"mce_SELRES_start\"><\/span><\/iframe><\/p>\n<div role=\"form\" class=\"wpcf7\" id=\"wpcf7-f575-o1\" lang=\"zh-CN\" dir=\"ltr\">\n<div class=\"screen-reader-response\"><p role=\"status\" aria-live=\"polite\" aria-atomic=\"true\"><\/p> <ul><\/ul><\/div>\n<form action=\"\/es\/wp-json\/wp\/v2\/product\/1200#wpcf7-f575-o1\" method=\"post\" class=\"wpcf7-form init\" novalidate=\"novalidate\" data-status=\"init\" data-trp-original-action=\"\/es\/wp-json\/wp\/v2\/product\/1200#wpcf7-f575-o1\">\n<div style=\"display: none;\">\n<input type=\"hidden\" name=\"_wpcf7\" value=\"575\" \/>\n<input type=\"hidden\" name=\"_wpcf7_version\" value=\"5.5.2\" \/>\n<input type=\"hidden\" name=\"_wpcf7_locale\" value=\"zh_CN\" \/>\n<input type=\"hidden\" name=\"_wpcf7_unit_tag\" value=\"wpcf7-f575-o1\" \/>\n<input type=\"hidden\" name=\"_wpcf7_container_post\" value=\"0\" \/>\n<input type=\"hidden\" name=\"_wpcf7_posted_data_hash\" value=\"\" \/>\n<\/div>\n<div style='display:block;text-align:center;font-size:20px;font-weight:bold;margin-bottom:20px'>Enviar solicitud <span style='display:block;width:30px;height:2px;background:#99502c;margin:10px auto;'><\/span><\/div>\n<p><label> Nombre<br \/>\n    <span class=\"wpcf7-form-control-wrap your-name\"><input type=\"text\" name=\"your-name\" value=\"\" size=\"40\" class=\"wpcf7-form-control wpcf7-text wpcf7-validates-as-required\" aria-required=\"true\" aria-invalid=\"false\" \/><\/span> <\/label><\/p>\n<p><label> Correo electr\u00f3nico<br \/>\n    <span class=\"wpcf7-form-control-wrap your-email\"><input type=\"email\" name=\"your-email\" value=\"\" size=\"40\" class=\"wpcf7-form-control wpcf7-text wpcf7-email wpcf7-validates-as-required wpcf7-validates-as-email\" aria-required=\"true\" aria-invalid=\"false\" \/><\/span> <\/label><\/p>\n<p><label> Pa\u00eds<br \/>\n    <span class=\"wpcf7-form-control-wrap your-country\"><input type=\"text\" name=\"your-country\" value=\"\" size=\"40\" class=\"wpcf7-form-control wpcf7-text\" aria-invalid=\"false\" \/><\/span> <\/label><\/p>\n<p><label> Tel\u00e9fono<br \/>\n    <span class=\"wpcf7-form-control-wrap tel-901\"><input type=\"tel\" name=\"tel-901\" value=\"\" size=\"40\" class=\"wpcf7-form-control wpcf7-text wpcf7-tel wpcf7-validates-as-tel\" aria-invalid=\"false\" \/><\/span> <\/label><\/p>\n<p><label> Nombre de la empresa<br \/>\n    <span class=\"wpcf7-form-control-wrap company-name\"><input type=\"text\" name=\"company-name\" value=\"\" size=\"40\" class=\"wpcf7-form-control wpcf7-text\" aria-invalid=\"false\" \/><\/span> <\/label><\/p>\n<p><label> Sitio web de la empresa<br \/>\n    <span class=\"wpcf7-form-control-wrap company-website\"><input type=\"text\" name=\"company-website\" value=\"\" size=\"40\" class=\"wpcf7-form-control wpcf7-text\" aria-invalid=\"false\" \/><\/span> <\/label><\/p>\n<p><label> Mensaje<br \/>\n    <span class=\"wpcf7-form-control-wrap your-message\"><textarea name=\"your-message\" cols=\"40\" rows=\"10\" class=\"wpcf7-form-control wpcf7-textarea wpcf7-validates-as-required\" aria-required=\"true\" aria-invalid=\"false\"><\/textarea><\/span> <\/label><\/p>\n<p><input type=\"submit\" value=\"Enviar\" class=\"wpcf7-form-control has-spinner wpcf7-submit\" \/><\/p>\n<p style=\"display: none !important;\"><label>&#916;<textarea name=\"_wpcf7_ak_hp_textarea\" cols=\"45\" rows=\"8\" maxlength=\"100\"><\/textarea><\/label><input type=\"hidden\" id=\"ak_js\" name=\"_wpcf7_ak_js\" value=\"27\"\/><script>document.getElementById( \"ak_js\" ).setAttribute( \"value\", ( new Date() ).getTime() );<\/script><\/p><div class=\"wpcf7-response-output\" aria-hidden=\"true\"><\/div><input type=\"hidden\" name=\"trp-form-language\" value=\"es\"\/><\/form><\/div>","protected":false},"excerpt":{"rendered":"<p>Esta m\u00e1quina de moldeo de chocolate es una l\u00ednea de moldeo totalmente autom\u00e1tica. Puede completar los procesos de calentamiento del molde, vertido, vibraci\u00f3n del molde, enfriamiento, desmoldeo y transporte.<\/p>","protected":false},"featured_media":1201,"comment_status":"open","ping_status":"closed","template":"","meta":[],"product_cat":[26,27],"product_tag":[],"class_list":["post-1200","product","type-product","status-publish","has-post-thumbnail","hentry","product_cat-single-machine","product_cat-product"],"yoast_head":"<!-- This site is optimized with the Yoast SEO plugin v25.6 - https:\/\/yoast.com\/wordpress\/plugins\/seo\/ -->\n<title>Automatic Chocolate Moulding Machine Line Double Head<\/title>\n<meta name=\"description\" content=\"The chocolate moulding machine can produce single-color, double-color and paste-filled chocolates. Fully automatic PLC control, mold customization.\" \/>\n<meta name=\"robots\" content=\"index, follow, max-snippet:-1, max-image-preview:large, max-video-preview:-1\" \/>\n<link rel=\"canonical\" href=\"https:\/\/www.chocolatesmachine.com\/es\/chocolate-moulding-machine-line\/\" \/>\n<meta property=\"og:locale\" content=\"es_ES\" \/>\n<meta property=\"og:type\" content=\"article\" \/>\n<meta property=\"og:title\" content=\"Automatic Chocolate Moulding Machine Line Double Head\" \/>\n<meta property=\"og:description\" content=\"The chocolate moulding machine can produce single-color, double-color and paste-filled chocolates. Fully automatic PLC control, mold customization.\" \/>\n<meta property=\"og:url\" content=\"https:\/\/www.chocolatesmachine.com\/es\/chocolate-moulding-machine-line\/\" \/>\n<meta property=\"og:site_name\" content=\"Chocolate Making Machine\" \/>\n<meta property=\"article:publisher\" content=\"https:\/\/www.facebook.com\/longernutsmachinery\/\" \/>\n<meta property=\"article:modified_time\" content=\"2026-03-03T16:23:07+00:00\" \/>\n<meta property=\"og:image\" content=\"https:\/\/www.chocolatesmachine.com\/wp-content\/uploads\/2021\/07\/moulding-1.jpg\" \/>\n\t<meta property=\"og:image:width\" content=\"600\" \/>\n\t<meta property=\"og:image:height\" content=\"600\" \/>\n\t<meta property=\"og:image:type\" content=\"image\/jpeg\" \/>\n<meta name=\"twitter:card\" content=\"summary_large_image\" \/>\n<meta name=\"twitter:site\" content=\"@nutsmachinery\" \/>\n<meta name=\"twitter:label1\" content=\"Tiempo de lectura\" \/>\n\t<meta name=\"twitter:data1\" content=\"3 minutos\" \/>\n<script type=\"application\/ld+json\" class=\"yoast-schema-graph\">{\"@context\":\"https:\/\/schema.org\",\"@graph\":[{\"@type\":\"WebPage\",\"@id\":\"https:\/\/www.chocolatesmachine.com\/ar\/chocolate-moulding-machine-line\/\",\"url\":\"https:\/\/www.chocolatesmachine.com\/ar\/chocolate-moulding-machine-line\/\",\"name\":\"Automatic Chocolate Moulding Machine Line Double Head\",\"isPartOf\":{\"@id\":\"https:\/\/www.chocolatesmachine.com\/ar\/#website\"},\"primaryImageOfPage\":{\"@id\":\"https:\/\/www.chocolatesmachine.com\/ar\/chocolate-moulding-machine-line\/#primaryimage\"},\"image\":{\"@id\":\"https:\/\/www.chocolatesmachine.com\/ar\/chocolate-moulding-machine-line\/#primaryimage\"},\"thumbnailUrl\":\"https:\/\/www.chocolatesmachine.com\/wp-content\/uploads\/2021\/07\/moulding-1.jpg\",\"datePublished\":\"2021-07-02T14:47:39+00:00\",\"dateModified\":\"2026-03-03T16:23:07+00:00\",\"description\":\"The chocolate moulding machine can produce single-color, double-color and paste-filled chocolates. Fully automatic PLC control, mold customization.\",\"breadcrumb\":{\"@id\":\"https:\/\/www.chocolatesmachine.com\/ar\/chocolate-moulding-machine-line\/#breadcrumb\"},\"inLanguage\":\"es\",\"potentialAction\":[{\"@type\":\"ReadAction\",\"target\":[\"https:\/\/www.chocolatesmachine.com\/ar\/chocolate-moulding-machine-line\/\"]}]},{\"@type\":\"ImageObject\",\"inLanguage\":\"es\",\"@id\":\"https:\/\/www.chocolatesmachine.com\/ar\/chocolate-moulding-machine-line\/#primaryimage\",\"url\":\"https:\/\/www.chocolatesmachine.com\/wp-content\/uploads\/2021\/07\/moulding-1.jpg\",\"contentUrl\":\"https:\/\/www.chocolatesmachine.com\/wp-content\/uploads\/2021\/07\/moulding-1.jpg\",\"width\":600,\"height\":600,\"caption\":\"Automatic Chocolate Moulding Machine LG-CJZ175\"},{\"@type\":\"BreadcrumbList\",\"@id\":\"https:\/\/www.chocolatesmachine.com\/ar\/chocolate-moulding-machine-line\/#breadcrumb\",\"itemListElement\":[{\"@type\":\"ListItem\",\"position\":1,\"name\":\"\u9996\u9875\",\"item\":\"https:\/\/www.chocolatesmachine.com\/\"},{\"@type\":\"ListItem\",\"position\":2,\"name\":\"Chocolate Machine\",\"item\":\"https:\/\/www.chocolatesmachine.com\/es\/producto\/\"},{\"@type\":\"ListItem\",\"position\":3,\"name\":\"Automatic Chocolate Moulding Machine Line Double Head\"}]},{\"@type\":\"WebSite\",\"@id\":\"https:\/\/www.chocolatesmachine.com\/ar\/#website\",\"url\":\"https:\/\/www.chocolatesmachine.com\/ar\/\",\"name\":\"Chocolate Making Machine\",\"description\":\"Solution Provider\",\"publisher\":{\"@id\":\"https:\/\/www.chocolatesmachine.com\/ar\/#organization\"},\"potentialAction\":[{\"@type\":\"SearchAction\",\"target\":{\"@type\":\"EntryPoint\",\"urlTemplate\":\"https:\/\/www.chocolatesmachine.com\/ar\/?s={search_term_string}\"},\"query-input\":{\"@type\":\"PropertyValueSpecification\",\"valueRequired\":true,\"valueName\":\"search_term_string\"}}],\"inLanguage\":\"es\"},{\"@type\":\"Organization\",\"@id\":\"https:\/\/www.chocolatesmachine.com\/ar\/#organization\",\"name\":\"Longer Food Machinery\",\"url\":\"https:\/\/www.chocolatesmachine.com\/ar\/\",\"logo\":{\"@type\":\"ImageObject\",\"inLanguage\":\"es\",\"@id\":\"https:\/\/www.chocolatesmachine.com\/ar\/#\/schema\/logo\/image\/\",\"url\":\"https:\/\/www.chocolatesmachine.com\/wp-content\/uploads\/2024\/03\/300-60.png\",\"contentUrl\":\"https:\/\/www.chocolatesmachine.com\/wp-content\/uploads\/2024\/03\/300-60.png\",\"width\":300,\"height\":60,\"caption\":\"Longer Food Machinery\"},\"image\":{\"@id\":\"https:\/\/www.chocolatesmachine.com\/ar\/#\/schema\/logo\/image\/\"},\"sameAs\":[\"https:\/\/www.facebook.com\/longernutsmachinery\/\",\"https:\/\/x.com\/nutsmachinery\",\"https:\/\/www.pinterest.com\/nutsmachinery\/\",\"https:\/\/www.linkedin.com\/company\/longer-nuts-machinery\/\",\"https:\/\/www.youtube.com\/c\/NutsMachinery\"]}]}<\/script>\n<!-- \/ Yoast SEO plugin. -->","yoast_head_json":{"title":"Automatic Chocolate Moulding Machine Line Double Head","description":"The chocolate moulding machine can produce single-color, double-color and paste-filled chocolates. Fully automatic PLC control, mold customization.","robots":{"index":"index","follow":"follow","max-snippet":"max-snippet:-1","max-image-preview":"max-image-preview:large","max-video-preview":"max-video-preview:-1"},"canonical":"https:\/\/www.chocolatesmachine.com\/es\/chocolate-moulding-machine-line\/","og_locale":"es_ES","og_type":"article","og_title":"Automatic Chocolate Moulding Machine Line Double Head","og_description":"The chocolate moulding machine can produce single-color, double-color and paste-filled chocolates. Fully automatic PLC control, mold customization.","og_url":"https:\/\/www.chocolatesmachine.com\/es\/chocolate-moulding-machine-line\/","og_site_name":"Chocolate Making Machine","article_publisher":"https:\/\/www.facebook.com\/longernutsmachinery\/","article_modified_time":"2026-03-03T16:23:07+00:00","og_image":[{"width":600,"height":600,"url":"https:\/\/www.chocolatesmachine.com\/wp-content\/uploads\/2021\/07\/moulding-1.jpg","type":"image\/jpeg"}],"twitter_card":"summary_large_image","twitter_site":"@nutsmachinery","twitter_misc":{"Tiempo de lectura":"3 minutos"},"schema":{"@context":"https:\/\/schema.org","@graph":[{"@type":"WebPage","@id":"https:\/\/www.chocolatesmachine.com\/ar\/chocolate-moulding-machine-line\/","url":"https:\/\/www.chocolatesmachine.com\/ar\/chocolate-moulding-machine-line\/","name":"Automatic Chocolate Moulding Machine Line Double Head","isPartOf":{"@id":"https:\/\/www.chocolatesmachine.com\/ar\/#website"},"primaryImageOfPage":{"@id":"https:\/\/www.chocolatesmachine.com\/ar\/chocolate-moulding-machine-line\/#primaryimage"},"image":{"@id":"https:\/\/www.chocolatesmachine.com\/ar\/chocolate-moulding-machine-line\/#primaryimage"},"thumbnailUrl":"https:\/\/www.chocolatesmachine.com\/wp-content\/uploads\/2021\/07\/moulding-1.jpg","datePublished":"2021-07-02T14:47:39+00:00","dateModified":"2026-03-03T16:23:07+00:00","description":"The chocolate moulding machine can produce single-color, double-color and paste-filled chocolates. Fully automatic PLC control, mold customization.","breadcrumb":{"@id":"https:\/\/www.chocolatesmachine.com\/ar\/chocolate-moulding-machine-line\/#breadcrumb"},"inLanguage":"es","potentialAction":[{"@type":"ReadAction","target":["https:\/\/www.chocolatesmachine.com\/ar\/chocolate-moulding-machine-line\/"]}]},{"@type":"ImageObject","inLanguage":"es","@id":"https:\/\/www.chocolatesmachine.com\/ar\/chocolate-moulding-machine-line\/#primaryimage","url":"https:\/\/www.chocolatesmachine.com\/wp-content\/uploads\/2021\/07\/moulding-1.jpg","contentUrl":"https:\/\/www.chocolatesmachine.com\/wp-content\/uploads\/2021\/07\/moulding-1.jpg","width":600,"height":600,"caption":"Automatic Chocolate Moulding Machine LG-CJZ175"},{"@type":"BreadcrumbList","@id":"https:\/\/www.chocolatesmachine.com\/ar\/chocolate-moulding-machine-line\/#breadcrumb","itemListElement":[{"@type":"ListItem","position":1,"name":"\u9996\u9875","item":"https:\/\/www.chocolatesmachine.com\/"},{"@type":"ListItem","position":2,"name":"Chocolate Machine","item":"https:\/\/www.chocolatesmachine.com\/es\/producto\/"},{"@type":"ListItem","position":3,"name":"Automatic Chocolate Moulding Machine Line Double Head"}]},{"@type":"WebSite","@id":"https:\/\/www.chocolatesmachine.com\/ar\/#website","url":"https:\/\/www.chocolatesmachine.com\/ar\/","name":"Chocolate Making Machine","description":"Solution Provider","publisher":{"@id":"https:\/\/www.chocolatesmachine.com\/ar\/#organization"},"potentialAction":[{"@type":"SearchAction","target":{"@type":"EntryPoint","urlTemplate":"https:\/\/www.chocolatesmachine.com\/ar\/?s={search_term_string}"},"query-input":{"@type":"PropertyValueSpecification","valueRequired":true,"valueName":"search_term_string"}}],"inLanguage":"es"},{"@type":"Organization","@id":"https:\/\/www.chocolatesmachine.com\/ar\/#organization","name":"Longer Food Machinery","url":"https:\/\/www.chocolatesmachine.com\/ar\/","logo":{"@type":"ImageObject","inLanguage":"es","@id":"https:\/\/www.chocolatesmachine.com\/ar\/#\/schema\/logo\/image\/","url":"https:\/\/www.chocolatesmachine.com\/wp-content\/uploads\/2024\/03\/300-60.png","contentUrl":"https:\/\/www.chocolatesmachine.com\/wp-content\/uploads\/2024\/03\/300-60.png","width":300,"height":60,"caption":"Longer Food Machinery"},"image":{"@id":"https:\/\/www.chocolatesmachine.com\/ar\/#\/schema\/logo\/image\/"},"sameAs":["https:\/\/www.facebook.com\/longernutsmachinery\/","https:\/\/x.com\/nutsmachinery","https:\/\/www.pinterest.com\/nutsmachinery\/","https:\/\/www.linkedin.com\/company\/longer-nuts-machinery\/","https:\/\/www.youtube.com\/c\/NutsMachinery"]}]}},"_links":{"self":[{"href":"https:\/\/www.chocolatesmachine.com\/es\/wp-json\/wp\/v2\/product\/1200","targetHints":{"allow":["GET"]}}],"collection":[{"href":"https:\/\/www.chocolatesmachine.com\/es\/wp-json\/wp\/v2\/product"}],"about":[{"href":"https:\/\/www.chocolatesmachine.com\/es\/wp-json\/wp\/v2\/types\/product"}],"replies":[{"embeddable":true,"href":"https:\/\/www.chocolatesmachine.com\/es\/wp-json\/wp\/v2\/comments?post=1200"}],"wp:featuredmedia":[{"embeddable":true,"href":"https:\/\/www.chocolatesmachine.com\/es\/wp-json\/wp\/v2\/media\/1201"}],"wp:attachment":[{"href":"https:\/\/www.chocolatesmachine.com\/es\/wp-json\/wp\/v2\/media?parent=1200"}],"wp:term":[{"taxonomy":"product_cat","embeddable":true,"href":"https:\/\/www.chocolatesmachine.com\/es\/wp-json\/wp\/v2\/product_cat?post=1200"},{"taxonomy":"product_tag","embeddable":true,"href":"https:\/\/www.chocolatesmachine.com\/es\/wp-json\/wp\/v2\/product_tag?post=1200"}],"curies":[{"name":"wp","href":"https:\/\/api.w.org\/{rel}","templated":true}]}}