{"id":1187,"date":"2021-06-18T15:45:31","date_gmt":"2021-06-18T07:45:31","guid":{"rendered":"https:\/\/www.chocolatesmachine.com\/?post_type=product&#038;p=1187"},"modified":"2026-01-13T18:36:21","modified_gmt":"2026-01-13T10:36:21","slug":"chocolate-refiner-melanger","status":"publish","type":"product","link":"https:\/\/www.chocolatesmachine.com\/es\/chocolate-refiner-melanger\/","title":{"rendered":"M\u00e1quina refinadora y mezcladora de chocolate industrial"},"content":{"rendered":"<p>En\u00a0<strong>m\u00e1quina refinadora de chocolate<\/strong> tiene las dos funciones de conchado y refinado. Se utiliza principalmente para moler finamente materias primas de chocolate, como cacao en polvo, manteca de cacao, az\u00facar en polvo, leche en polvo, etc. El refinado puede mejorar la textura final y el sabor del chocolate.<\/p>\n<p>El tiempo de refinado es de unas 20 horas, y el tama\u00f1o medio de las part\u00edculas puede alcanzar los 20\u03bcm.<\/p>\n<figure id=\"attachment_1190\" aria-describedby=\"caption-attachment-1190\" style=\"width: 600px\" class=\"wp-caption alignnone\"><img loading=\"lazy\" decoding=\"async\" class=\"wp-image-1190 size-full\" src=\"https:\/\/www.chocolatesmachine.com\/wp-content\/uploads\/2021\/06\/refiner-3.jpg\" alt=\"Buena Calidad Chocolate Refiner Machine\" width=\"600\" height=\"600\" srcset=\"https:\/\/www.chocolatesmachine.com\/wp-content\/uploads\/2021\/06\/refiner-3.jpg 600w, https:\/\/www.chocolatesmachine.com\/wp-content\/uploads\/2021\/06\/refiner-3-300x300.jpg 300w, https:\/\/www.chocolatesmachine.com\/wp-content\/uploads\/2021\/06\/refiner-3-150x150.jpg 150w, https:\/\/www.chocolatesmachine.com\/wp-content\/uploads\/2021\/06\/refiner-3-100x100.jpg 100w\" sizes=\"auto, (max-width: 600px) 100vw, 600px\" \/><figcaption id=\"caption-attachment-1190\" class=\"wp-caption-text\">Buena Calidad Chocolate Refiner Machine<\/figcaption><\/figure>\n<h3>Estructura de la m\u00e1quina mezcladora de chocolate<\/h3>\n<p>Se compone principalmente de un cuerpo de m\u00e1quina, un soporte de cuchilla, una parte de transmisi\u00f3n y una compuerta de descarga.<\/p>\n<p>El puerto de desgasificaci\u00f3n en el extremo del cuerpo es un puerto rectangular. La capa exterior de la m\u00e1quina es de acero inoxidable. Las tiras de vejiga del cuerpo de la m\u00e1quina est\u00e1n dispuestas circunferencial y axialmente en forma de engranaje recto interno.<\/p>\n<h3>Proceso de refinado de la m\u00e1quina refinadora de chocolate<\/h3>\n<p>Tras introducir las materias primas de chocolate en el tanque, los ingredientes se agitan uniformemente mediante rotaci\u00f3n; el rascador se adhiere al revestimiento de la pared del tanque y tritura repetidamente la papilla. Al final, la pasta se mezcla uniformemente, se emulsiona, se deshidrata y se desodoriza.<\/p>\n<p>Por lo general, el refinador debe utilizarse en combinaci\u00f3n con un <a href=\"https:\/\/www.chocolatesmachine.com\/es\/chocolate-melting-machine\/\">crisol de culturas<\/a>una m\u00e1quina de almacenamiento, etc. Como se muestra a continuaci\u00f3n, este equipo puede completar el procesamiento inicial de la salsa de chocolate.<\/p>\n<figure id=\"attachment_1189\" aria-describedby=\"caption-attachment-1189\" style=\"width: 600px\" class=\"wp-caption alignnone\"><img loading=\"lazy\" decoding=\"async\" class=\"size-full wp-image-1189\" src=\"https:\/\/www.chocolatesmachine.com\/wp-content\/uploads\/2021\/06\/refiner-2.jpg\" alt=\"Mejor m\u00e1quina refinadora de chocolate Melanger\" width=\"600\" height=\"600\" srcset=\"https:\/\/www.chocolatesmachine.com\/wp-content\/uploads\/2021\/06\/refiner-2.jpg 600w, https:\/\/www.chocolatesmachine.com\/wp-content\/uploads\/2021\/06\/refiner-2-300x300.jpg 300w, https:\/\/www.chocolatesmachine.com\/wp-content\/uploads\/2021\/06\/refiner-2-150x150.jpg 150w, https:\/\/www.chocolatesmachine.com\/wp-content\/uploads\/2021\/06\/refiner-2-100x100.jpg 100w\" sizes=\"auto, (max-width: 600px) 100vw, 600px\" \/><figcaption id=\"caption-attachment-1189\" class=\"wp-caption-text\">Mejor m\u00e1quina refinadora de chocolate Melanger<\/figcaption><\/figure>\n<h3>La funci\u00f3n del refinador de chocolate<\/h3>\n<ul>\n<li>Remover y mezclar uniformemente los materiales de la pasta de chocolate.<\/li>\n<li>Bajo la acci\u00f3n de la lecitina, el fundidor tiene un buen efecto en la diluci\u00f3n y emulsificaci\u00f3n de la pasta de chocolate.<\/li>\n<li>Deshidrataci\u00f3n y desodorizaci\u00f3n, y puede mantener el color natural y la fragancia del chocolate.<\/li>\n<li>La finura de la mayor\u00eda de los materiales alcanza las 15-20 micras, y el sabor es suave y terso.<\/li>\n<li>Reducir la humedad del material para que el contenido de humedad no supere 1%.<\/li>\n<li>Chaqueta de doble capa de conservaci\u00f3n del calor, temperatura regulable.<\/li>\n<\/ul>\n<h3>Par\u00e1metros de la m\u00e1quina mezcladora de chocolate<\/h3>\n<table width=\"716\">\n<tbody>\n<tr>\n<td>Modelo<\/td>\n<td>LG-CJM500<\/td>\n<td>LG-CJM1000<\/td>\n<td>LG-CJM2000<\/td>\n<td>LG-CJM3000<\/td>\n<\/tr>\n<tr>\n<td>Capacidad m\u00e1xima (L)<\/td>\n<td>500<\/td>\n<td>1000<\/td>\n<td>2000<\/td>\n<td>3000<\/td>\n<\/tr>\n<tr>\n<td>Tama\u00f1o de molienda fina(\u03bcm)<\/td>\n<td>20-25<\/td>\n<td>20-25<\/td>\n<td>20-25<\/td>\n<td>20-25<\/td>\n<\/tr>\n<tr>\n<td>Tiempo de molienda fina(h)<\/td>\n<td>12-18<\/td>\n<td>14-20<\/td>\n<td>18-22<\/td>\n<td>18-22<\/td>\n<\/tr>\n<tr>\n<td>Potencia del motor (kw)<\/td>\n<td>15<\/td>\n<td>22<\/td>\n<td>37<\/td>\n<td>37<\/td>\n<\/tr>\n<tr>\n<td>Potencia del calentador el\u00e9ctrico (kw)<\/td>\n<td>7.5<\/td>\n<td>7.5<\/td>\n<td>9<\/td>\n<td>9<\/td>\n<\/tr>\n<tr>\n<td>Peso (kg)<\/td>\n<td>3000<\/td>\n<td>4250<\/td>\n<td>5100<\/td>\n<td>7000<\/td>\n<\/tr>\n<tr>\n<td>Dimensiones (mm)<\/td>\n<td>2500*1080*1370<\/td>\n<td>2780*1330*1800<\/td>\n<td>3320*2000*1950<\/td>\n<td>4200*2000*1950<\/td>\n<\/tr>\n<\/tbody>\n<\/table>\n<div role=\"form\" class=\"wpcf7\" id=\"wpcf7-f575-o1\" lang=\"zh-CN\" dir=\"ltr\">\n<div class=\"screen-reader-response\"><p role=\"status\" aria-live=\"polite\" aria-atomic=\"true\"><\/p> <ul><\/ul><\/div>\n<form action=\"\/es\/wp-json\/wp\/v2\/product\/1187#wpcf7-f575-o1\" method=\"post\" class=\"wpcf7-form init\" novalidate=\"novalidate\" data-status=\"init\" data-trp-original-action=\"\/es\/wp-json\/wp\/v2\/product\/1187#wpcf7-f575-o1\">\n<div style=\"display: none;\">\n<input type=\"hidden\" name=\"_wpcf7\" value=\"575\" \/>\n<input type=\"hidden\" name=\"_wpcf7_version\" value=\"5.5.2\" \/>\n<input type=\"hidden\" name=\"_wpcf7_locale\" value=\"zh_CN\" \/>\n<input type=\"hidden\" name=\"_wpcf7_unit_tag\" value=\"wpcf7-f575-o1\" \/>\n<input type=\"hidden\" name=\"_wpcf7_container_post\" value=\"0\" \/>\n<input type=\"hidden\" name=\"_wpcf7_posted_data_hash\" value=\"\" \/>\n<\/div>\n<div style='display:block;text-align:center;font-size:20px;font-weight:bold;margin-bottom:20px'>Enviar solicitud <span style='display:block;width:30px;height:2px;background:#99502c;margin:10px auto;'><\/span><\/div>\n<p><label> Nombre<br \/>\n    <span class=\"wpcf7-form-control-wrap your-name\"><input type=\"text\" name=\"your-name\" value=\"\" size=\"40\" class=\"wpcf7-form-control wpcf7-text wpcf7-validates-as-required\" aria-required=\"true\" aria-invalid=\"false\" \/><\/span> <\/label><\/p>\n<p><label> Correo electr\u00f3nico<br \/>\n    <span class=\"wpcf7-form-control-wrap your-email\"><input type=\"email\" name=\"your-email\" value=\"\" size=\"40\" class=\"wpcf7-form-control wpcf7-text wpcf7-email wpcf7-validates-as-required wpcf7-validates-as-email\" aria-required=\"true\" aria-invalid=\"false\" \/><\/span> <\/label><\/p>\n<p><label> Pa\u00eds<br \/>\n    <span class=\"wpcf7-form-control-wrap your-country\"><input type=\"text\" name=\"your-country\" value=\"\" size=\"40\" class=\"wpcf7-form-control wpcf7-text\" aria-invalid=\"false\" \/><\/span> <\/label><\/p>\n<p><label> Tel\u00e9fono<br \/>\n    <span class=\"wpcf7-form-control-wrap tel-901\"><input type=\"tel\" name=\"tel-901\" value=\"\" size=\"40\" class=\"wpcf7-form-control wpcf7-text wpcf7-tel wpcf7-validates-as-tel\" aria-invalid=\"false\" \/><\/span> <\/label><\/p>\n<p><label> Nombre de la empresa<br \/>\n    <span class=\"wpcf7-form-control-wrap company-name\"><input type=\"text\" name=\"company-name\" value=\"\" size=\"40\" class=\"wpcf7-form-control wpcf7-text\" aria-invalid=\"false\" \/><\/span> <\/label><\/p>\n<p><label> Sitio web de la empresa<br \/>\n    <span class=\"wpcf7-form-control-wrap company-website\"><input type=\"text\" name=\"company-website\" value=\"\" size=\"40\" class=\"wpcf7-form-control wpcf7-text\" aria-invalid=\"false\" \/><\/span> <\/label><\/p>\n<p><label> Mensaje<br \/>\n    <span class=\"wpcf7-form-control-wrap your-message\"><textarea name=\"your-message\" cols=\"40\" rows=\"10\" class=\"wpcf7-form-control wpcf7-textarea wpcf7-validates-as-required\" aria-required=\"true\" aria-invalid=\"false\"><\/textarea><\/span> <\/label><\/p>\n<p><input type=\"submit\" value=\"Enviar\" class=\"wpcf7-form-control has-spinner wpcf7-submit\" \/><\/p>\n<p style=\"display: none !important;\"><label>&#916;<textarea name=\"_wpcf7_ak_hp_textarea\" cols=\"45\" rows=\"8\" maxlength=\"100\"><\/textarea><\/label><input type=\"hidden\" id=\"ak_js\" name=\"_wpcf7_ak_js\" value=\"84\"\/><script>document.getElementById( \"ak_js\" ).setAttribute( \"value\", ( new Date() ).getTime() );<\/script><\/p><div class=\"wpcf7-response-output\" aria-hidden=\"true\"><\/div><input type=\"hidden\" name=\"trp-form-language\" value=\"es\"\/><\/form><\/div>","protected":false},"excerpt":{"rendered":"<p>Esta m\u00e1quina refinadora de chocolate tambi\u00e9n se denomina fundidor de chocolate. Tiene m\u00faltiples funciones como mezclar, moler, deshidratar, desodorizar, emulsionar, etc. Es un equipo importante para la producci\u00f3n de chocolate.<\/p>","protected":false},"featured_media":1188,"comment_status":"open","ping_status":"closed","template":"","meta":[],"product_cat":[26,27],"product_tag":[],"class_list":["post-1187","product","type-product","status-publish","has-post-thumbnail","hentry","product_cat-single-machine","product_cat-product"],"yoast_head":"<!-- This site is optimized with the Yoast SEO plugin v25.6 - https:\/\/yoast.com\/wordpress\/plugins\/seo\/ -->\n<title>Industrial Chocolate Refiner Melanger Machine for Sale<\/title>\n<meta name=\"description\" content=\"The chocolate refiner machine has the functions of mixing, grinding, refining, dehydrating, and deodorizing. Ensure the quality and taste of chocolate.\" \/>\n<meta name=\"robots\" content=\"index, follow, max-snippet:-1, max-image-preview:large, max-video-preview:-1\" \/>\n<link rel=\"canonical\" href=\"https:\/\/www.chocolatesmachine.com\/es\/chocolate-refiner-melanger\/\" \/>\n<meta property=\"og:locale\" content=\"es_ES\" \/>\n<meta property=\"og:type\" content=\"article\" \/>\n<meta property=\"og:title\" content=\"Industrial Chocolate Refiner Melanger Machine for Sale\" \/>\n<meta property=\"og:description\" content=\"The chocolate refiner machine has the functions of mixing, grinding, refining, dehydrating, and deodorizing. Ensure the quality and taste of chocolate.\" \/>\n<meta property=\"og:url\" content=\"https:\/\/www.chocolatesmachine.com\/es\/chocolate-refiner-melanger\/\" \/>\n<meta property=\"og:site_name\" content=\"Chocolate Making Machine\" \/>\n<meta property=\"article:publisher\" content=\"https:\/\/www.facebook.com\/longernutsmachinery\/\" \/>\n<meta property=\"article:modified_time\" content=\"2026-01-13T10:36:21+00:00\" \/>\n<meta property=\"og:image\" content=\"https:\/\/www.chocolatesmachine.com\/wp-content\/uploads\/2021\/06\/refiner-1.jpg\" \/>\n\t<meta property=\"og:image:width\" content=\"600\" \/>\n\t<meta property=\"og:image:height\" content=\"600\" \/>\n\t<meta property=\"og:image:type\" content=\"image\/jpeg\" \/>\n<meta name=\"twitter:card\" content=\"summary_large_image\" \/>\n<meta name=\"twitter:site\" content=\"@nutsmachinery\" \/>\n<meta name=\"twitter:label1\" content=\"Tiempo de lectura\" \/>\n\t<meta name=\"twitter:data1\" content=\"3 minutos\" \/>\n<script type=\"application\/ld+json\" class=\"yoast-schema-graph\">{\"@context\":\"https:\/\/schema.org\",\"@graph\":[{\"@type\":\"WebPage\",\"@id\":\"https:\/\/www.chocolatesmachine.com\/ar\/chocolate-refiner-melanger\/\",\"url\":\"https:\/\/www.chocolatesmachine.com\/ar\/chocolate-refiner-melanger\/\",\"name\":\"Industrial Chocolate Refiner Melanger Machine for Sale\",\"isPartOf\":{\"@id\":\"https:\/\/www.chocolatesmachine.com\/ar\/#website\"},\"primaryImageOfPage\":{\"@id\":\"https:\/\/www.chocolatesmachine.com\/ar\/chocolate-refiner-melanger\/#primaryimage\"},\"image\":{\"@id\":\"https:\/\/www.chocolatesmachine.com\/ar\/chocolate-refiner-melanger\/#primaryimage\"},\"thumbnailUrl\":\"https:\/\/www.chocolatesmachine.com\/wp-content\/uploads\/2021\/06\/refiner-1.jpg\",\"datePublished\":\"2021-06-18T07:45:31+00:00\",\"dateModified\":\"2026-01-13T10:36:21+00:00\",\"description\":\"The chocolate refiner machine has the functions of mixing, grinding, refining, dehydrating, and deodorizing. Ensure the quality and taste of chocolate.\",\"breadcrumb\":{\"@id\":\"https:\/\/www.chocolatesmachine.com\/ar\/chocolate-refiner-melanger\/#breadcrumb\"},\"inLanguage\":\"es\",\"potentialAction\":[{\"@type\":\"ReadAction\",\"target\":[\"https:\/\/www.chocolatesmachine.com\/ar\/chocolate-refiner-melanger\/\"]}]},{\"@type\":\"ImageObject\",\"inLanguage\":\"es\",\"@id\":\"https:\/\/www.chocolatesmachine.com\/ar\/chocolate-refiner-melanger\/#primaryimage\",\"url\":\"https:\/\/www.chocolatesmachine.com\/wp-content\/uploads\/2021\/06\/refiner-1.jpg\",\"contentUrl\":\"https:\/\/www.chocolatesmachine.com\/wp-content\/uploads\/2021\/06\/refiner-1.jpg\",\"width\":600,\"height\":600,\"caption\":\"Small Chocolate Refiner Machine\"},{\"@type\":\"BreadcrumbList\",\"@id\":\"https:\/\/www.chocolatesmachine.com\/ar\/chocolate-refiner-melanger\/#breadcrumb\",\"itemListElement\":[{\"@type\":\"ListItem\",\"position\":1,\"name\":\"\u9996\u9875\",\"item\":\"https:\/\/www.chocolatesmachine.com\/\"},{\"@type\":\"ListItem\",\"position\":2,\"name\":\"Chocolate Machine\",\"item\":\"https:\/\/www.chocolatesmachine.com\/es\/producto\/\"},{\"@type\":\"ListItem\",\"position\":3,\"name\":\"Industrial Chocolate Refiner Melanger Machine for Sale\"}]},{\"@type\":\"WebSite\",\"@id\":\"https:\/\/www.chocolatesmachine.com\/ar\/#website\",\"url\":\"https:\/\/www.chocolatesmachine.com\/ar\/\",\"name\":\"Chocolate Making Machine\",\"description\":\"Solution Provider\",\"publisher\":{\"@id\":\"https:\/\/www.chocolatesmachine.com\/ar\/#organization\"},\"potentialAction\":[{\"@type\":\"SearchAction\",\"target\":{\"@type\":\"EntryPoint\",\"urlTemplate\":\"https:\/\/www.chocolatesmachine.com\/ar\/?s={search_term_string}\"},\"query-input\":{\"@type\":\"PropertyValueSpecification\",\"valueRequired\":true,\"valueName\":\"search_term_string\"}}],\"inLanguage\":\"es\"},{\"@type\":\"Organization\",\"@id\":\"https:\/\/www.chocolatesmachine.com\/ar\/#organization\",\"name\":\"Longer Food Machinery\",\"url\":\"https:\/\/www.chocolatesmachine.com\/ar\/\",\"logo\":{\"@type\":\"ImageObject\",\"inLanguage\":\"es\",\"@id\":\"https:\/\/www.chocolatesmachine.com\/ar\/#\/schema\/logo\/image\/\",\"url\":\"https:\/\/www.chocolatesmachine.com\/wp-content\/uploads\/2024\/03\/300-60.png\",\"contentUrl\":\"https:\/\/www.chocolatesmachine.com\/wp-content\/uploads\/2024\/03\/300-60.png\",\"width\":300,\"height\":60,\"caption\":\"Longer Food Machinery\"},\"image\":{\"@id\":\"https:\/\/www.chocolatesmachine.com\/ar\/#\/schema\/logo\/image\/\"},\"sameAs\":[\"https:\/\/www.facebook.com\/longernutsmachinery\/\",\"https:\/\/x.com\/nutsmachinery\",\"https:\/\/www.pinterest.com\/nutsmachinery\/\",\"https:\/\/www.linkedin.com\/company\/longer-nuts-machinery\/\",\"https:\/\/www.youtube.com\/c\/NutsMachinery\"]}]}<\/script>\n<!-- \/ Yoast SEO plugin. -->","yoast_head_json":{"title":"Industrial Chocolate Refiner Melanger Machine for Sale","description":"The chocolate refiner machine has the functions of mixing, grinding, refining, dehydrating, and deodorizing. Ensure the quality and taste of chocolate.","robots":{"index":"index","follow":"follow","max-snippet":"max-snippet:-1","max-image-preview":"max-image-preview:large","max-video-preview":"max-video-preview:-1"},"canonical":"https:\/\/www.chocolatesmachine.com\/es\/chocolate-refiner-melanger\/","og_locale":"es_ES","og_type":"article","og_title":"Industrial Chocolate Refiner Melanger Machine for Sale","og_description":"The chocolate refiner machine has the functions of mixing, grinding, refining, dehydrating, and deodorizing. Ensure the quality and taste of chocolate.","og_url":"https:\/\/www.chocolatesmachine.com\/es\/chocolate-refiner-melanger\/","og_site_name":"Chocolate Making Machine","article_publisher":"https:\/\/www.facebook.com\/longernutsmachinery\/","article_modified_time":"2026-01-13T10:36:21+00:00","og_image":[{"width":600,"height":600,"url":"https:\/\/www.chocolatesmachine.com\/wp-content\/uploads\/2021\/06\/refiner-1.jpg","type":"image\/jpeg"}],"twitter_card":"summary_large_image","twitter_site":"@nutsmachinery","twitter_misc":{"Tiempo de lectura":"3 minutos"},"schema":{"@context":"https:\/\/schema.org","@graph":[{"@type":"WebPage","@id":"https:\/\/www.chocolatesmachine.com\/ar\/chocolate-refiner-melanger\/","url":"https:\/\/www.chocolatesmachine.com\/ar\/chocolate-refiner-melanger\/","name":"Industrial Chocolate Refiner Melanger Machine for Sale","isPartOf":{"@id":"https:\/\/www.chocolatesmachine.com\/ar\/#website"},"primaryImageOfPage":{"@id":"https:\/\/www.chocolatesmachine.com\/ar\/chocolate-refiner-melanger\/#primaryimage"},"image":{"@id":"https:\/\/www.chocolatesmachine.com\/ar\/chocolate-refiner-melanger\/#primaryimage"},"thumbnailUrl":"https:\/\/www.chocolatesmachine.com\/wp-content\/uploads\/2021\/06\/refiner-1.jpg","datePublished":"2021-06-18T07:45:31+00:00","dateModified":"2026-01-13T10:36:21+00:00","description":"The chocolate refiner machine has the functions of mixing, grinding, refining, dehydrating, and deodorizing. Ensure the quality and taste of chocolate.","breadcrumb":{"@id":"https:\/\/www.chocolatesmachine.com\/ar\/chocolate-refiner-melanger\/#breadcrumb"},"inLanguage":"es","potentialAction":[{"@type":"ReadAction","target":["https:\/\/www.chocolatesmachine.com\/ar\/chocolate-refiner-melanger\/"]}]},{"@type":"ImageObject","inLanguage":"es","@id":"https:\/\/www.chocolatesmachine.com\/ar\/chocolate-refiner-melanger\/#primaryimage","url":"https:\/\/www.chocolatesmachine.com\/wp-content\/uploads\/2021\/06\/refiner-1.jpg","contentUrl":"https:\/\/www.chocolatesmachine.com\/wp-content\/uploads\/2021\/06\/refiner-1.jpg","width":600,"height":600,"caption":"Small Chocolate Refiner Machine"},{"@type":"BreadcrumbList","@id":"https:\/\/www.chocolatesmachine.com\/ar\/chocolate-refiner-melanger\/#breadcrumb","itemListElement":[{"@type":"ListItem","position":1,"name":"\u9996\u9875","item":"https:\/\/www.chocolatesmachine.com\/"},{"@type":"ListItem","position":2,"name":"Chocolate Machine","item":"https:\/\/www.chocolatesmachine.com\/es\/producto\/"},{"@type":"ListItem","position":3,"name":"Industrial Chocolate Refiner Melanger Machine for Sale"}]},{"@type":"WebSite","@id":"https:\/\/www.chocolatesmachine.com\/ar\/#website","url":"https:\/\/www.chocolatesmachine.com\/ar\/","name":"Chocolate Making Machine","description":"Solution Provider","publisher":{"@id":"https:\/\/www.chocolatesmachine.com\/ar\/#organization"},"potentialAction":[{"@type":"SearchAction","target":{"@type":"EntryPoint","urlTemplate":"https:\/\/www.chocolatesmachine.com\/ar\/?s={search_term_string}"},"query-input":{"@type":"PropertyValueSpecification","valueRequired":true,"valueName":"search_term_string"}}],"inLanguage":"es"},{"@type":"Organization","@id":"https:\/\/www.chocolatesmachine.com\/ar\/#organization","name":"Longer Food Machinery","url":"https:\/\/www.chocolatesmachine.com\/ar\/","logo":{"@type":"ImageObject","inLanguage":"es","@id":"https:\/\/www.chocolatesmachine.com\/ar\/#\/schema\/logo\/image\/","url":"https:\/\/www.chocolatesmachine.com\/wp-content\/uploads\/2024\/03\/300-60.png","contentUrl":"https:\/\/www.chocolatesmachine.com\/wp-content\/uploads\/2024\/03\/300-60.png","width":300,"height":60,"caption":"Longer Food Machinery"},"image":{"@id":"https:\/\/www.chocolatesmachine.com\/ar\/#\/schema\/logo\/image\/"},"sameAs":["https:\/\/www.facebook.com\/longernutsmachinery\/","https:\/\/x.com\/nutsmachinery","https:\/\/www.pinterest.com\/nutsmachinery\/","https:\/\/www.linkedin.com\/company\/longer-nuts-machinery\/","https:\/\/www.youtube.com\/c\/NutsMachinery"]}]}},"_links":{"self":[{"href":"https:\/\/www.chocolatesmachine.com\/es\/wp-json\/wp\/v2\/product\/1187","targetHints":{"allow":["GET"]}}],"collection":[{"href":"https:\/\/www.chocolatesmachine.com\/es\/wp-json\/wp\/v2\/product"}],"about":[{"href":"https:\/\/www.chocolatesmachine.com\/es\/wp-json\/wp\/v2\/types\/product"}],"replies":[{"embeddable":true,"href":"https:\/\/www.chocolatesmachine.com\/es\/wp-json\/wp\/v2\/comments?post=1187"}],"wp:featuredmedia":[{"embeddable":true,"href":"https:\/\/www.chocolatesmachine.com\/es\/wp-json\/wp\/v2\/media\/1188"}],"wp:attachment":[{"href":"https:\/\/www.chocolatesmachine.com\/es\/wp-json\/wp\/v2\/media?parent=1187"}],"wp:term":[{"taxonomy":"product_cat","embeddable":true,"href":"https:\/\/www.chocolatesmachine.com\/es\/wp-json\/wp\/v2\/product_cat?post=1187"},{"taxonomy":"product_tag","embeddable":true,"href":"https:\/\/www.chocolatesmachine.com\/es\/wp-json\/wp\/v2\/product_tag?post=1187"}],"curies":[{"name":"wp","href":"https:\/\/api.w.org\/{rel}","templated":true}]}}